{"id":2111,"date":"2019-03-22T08:25:14","date_gmt":"2019-03-22T06:25:14","guid":{"rendered":"https:\/\/www-devel.nextlog.fi\/contact\/"},"modified":"2024-12-16T12:53:35","modified_gmt":"2024-12-16T10:53:35","slug":"contact","status":"publish","type":"page","link":"https:\/\/www.nextlog.fi\/en\/contact\/","title":{"rendered":"Contact"},"content":{"rendered":"<div class=\"wpb-content-wrapper\"><p>[vc_row el_class=&#8221;wide-replot-bridge&#8221;][vc_column width=&#8221;2\/3&#8243;][vc_column_text]<\/p>\n<p>&nbsp;<\/p>\n<p>&nbsp;<\/p>\n<h1 style=\"color: white;\"><strong>Contact us<\/strong><\/h1>\n<p>Our goal is to offer qualitative, fast and helpful support to our customers. We care about solving your problems and want to always give competent answers to your questions. We are available by phone and e-mail, working days from 8.00 am to 4.00 pm.<\/p>\n<p><a class=\"special-link-large-icon\" href=\"https:\/\/connect.nextlog.fi\/apps\/teamviewer\/TeamViewerQS.exe\"><img loading=\"lazy\" decoding=\"async\" class=\"alignnone\" src=\"\/wp-content\/uploads\/icon-download-alternative-color.svg\" alt=\"icon-download\" width=\"80\" height=\"80\" \/><\/a><a class=\"special-link-large-icon\" href=\"https:\/\/connect.nextlog.fi\/apps\/teamviewer\/TeamViewerQS.exe\">Download TeamViewer<\/a>[\/vc_column_text][\/vc_column][vc_column width=&#8221;1\/3&#8243;][\/vc_column][\/vc_row][vc_row][vc_column][vc_column_text]<\/p>\n<p>[\/vc_column_text][\/vc_column][\/vc_row][vc_row][vc_column width=&#8221;1\/3&#8243;][vc_column_text]<\/p>\n<p style=\"text-align: center;\"><img loading=\"lazy\" decoding=\"async\" class=\"alignnone wp-image-4080\" role=\"img\" src=\"https:\/\/www.nextlog.fi\/wp-content\/uploads\/blue-black-workplace.svg\" alt=\"k\u00e4ytt\u00e4j\u00e4koulutus-palvelut\" width=\"80\" height=\"80\" \/><\/p>\n<h2 style=\"color: black; text-align: center;\"><strong>Office<\/strong><\/h2>\n<p style=\"text-align: center;\"><a href=\"tel:+35863226100\">+358(0)6 322 6100<\/a><\/p>\n<p style=\"text-align: center;\">Oy NextLog Ab<br \/>\nYritt\u00e4j\u00e4ntie 7<br \/>\nFI-65610 MUSTASAARI<br \/>\n<a href=\"&#109;&#x61;&#x69;l&#116;&#x6f;:&#99;&#x6f;&#x6e;&#116;&#x61;&#x63;t&#64;&#x6e;e&#120;&#x74;&#x6c;&#111;&#x67;&#x2e;f&#105;\">&#99;o&#x6e;t&#x61;c&#x74;&#64;&#x6e;&#101;&#x78;&#116;&#x6c;&#111;&#x67;&#46;f&#105;<\/a><\/p>\n<p>[\/vc_column_text][\/vc_column][vc_column width=&#8221;1\/3&#8243;][vc_column_text]<\/p>\n<p style=\"text-align: center;\"><img loading=\"lazy\" decoding=\"async\" class=\"alignnone wp-image-4074\" role=\"img\" src=\"\/wp-content\/uploads\/blue-black-user_headset.svg\" alt=\"ota-yhteytt\u00e4-k\u00e4ytt\u00e4j\u00e4tuki\" width=\"80\" height=\"80\" \/><\/p>\n<h2 style=\"text-align: center; color: black;\"><strong>Support<\/strong><\/h2>\n<p style=\"text-align: center;\">Working days (8.00 am &#8211; 4.00 pm)<br \/>\n<a href=\"tel:+35863226100\">+358(0)6 322 6100<\/a><br \/>\n<a href=\"&#x6d;&#x61;&#105;&#108;&#116;o&#x3a;&#x73;&#x75;&#112;&#112;or&#x74;&#x40;&#x6c;&#111;&#103;i&#x63;&#x6f;&#x6e;&#116;&#114;&#111;l&#x2e;&#x66;&#x69;\">&#x73;&#x75;&#x70;&#112;&#111;rt&#x40;&#x6c;&#x6f;&#x67;&#105;&#99;on&#x74;&#x72;&#x6f;&#108;&#46;&#102;i<\/a><\/p>\n<p>[\/vc_column_text][\/vc_column][vc_column width=&#8221;1\/3&#8243;][vc_column_text]<\/p>\n<p style=\"text-align: center;\"><img loading=\"lazy\" decoding=\"async\" class=\"alignnone wp-image-4077\" role=\"img\" src=\"\/wp-content\/uploads\/blue-black-chart_line.svg\" alt=\"konsultointi-palvelut\" width=\"80\" height=\"80\" \/><\/p>\n<h2 style=\"text-align: center; color: black;\"><strong>Sales<\/strong><\/h2>\n<p style=\"text-align: center;\">Stefan Nyholm<br \/>\n<a href=\"tel:+358505176272\">+358(0)50 517 6272<\/a><br \/>\n<a href=\"&#109;&#x61;i&#108;&#x74;&#111;&#x3a;s&#116;&#x65;f&#x61;&#x6e;&#46;&#x6e;y&#104;&#x6f;l&#x6d;&#x40;&#110;&#x65;x&#116;&#x6c;&#111;&#x67;&#46;&#102;&#x69;\">&#115;&#x74;&#101;&#x66;&#97;&#x6e;&#46;&#x6e;y&#104;&#x6f;&#108;&#x6d;&#64;&#x6e;e&#x78;t&#108;&#x6f;&#103;&#x2e;&#102;&#x69;<\/a><\/p>\n<p>[\/vc_column_text][\/vc_column][\/vc_row][vc_row][vc_column][vc_column_text]<\/p>\n<p>[\/vc_column_text][\/vc_column][\/vc_row][vc_row el_class=&#8221;wide-color wide-color-alternative3&#8243;][vc_column][vc_column_text]<\/p>\n<p>&nbsp;<\/p>\n<p>[\/vc_column_text][\/vc_column][\/vc_row][vc_row el_class=&#8221;wide-color wide-color-alternative3&#8243;][vc_column width=&#8221;1\/6&#8243;][\/vc_column][vc_column width=&#8221;2\/3&#8243;][vc_column_text]<\/p>\n<p style=\"text-align: center; color: black;\"><strong><img loading=\"lazy\" decoding=\"async\" class=\"alignnone wp-image-6904\" src=\"\/wp-content\/uploads\/quotation_mark_black.png\" alt=\"\" width=\"60\" height=\"40\" srcset=\"https:\/\/www.nextlog.fi\/wp-content\/uploads\/quotation_mark_black.png 1080w, https:\/\/www.nextlog.fi\/wp-content\/uploads\/quotation_mark_black-300x201.png 300w, https:\/\/www.nextlog.fi\/wp-content\/uploads\/quotation_mark_black-1024x686.png 1024w\" sizes=\"auto, (max-width: 60px) 100vw, 60px\" \/><\/strong><\/p>\n<p>&nbsp;<\/p>\n<p style=\"text-align: center;\">\u201dThe customer support is of a very high standard. Where all matters are taken equally seriously and the responses are incredibly fast.\u201d<\/p>\n<p>&nbsp;<\/p>\n<p style=\"text-align: center;\">&#8211; Jonas Hammarb\u00e4ck, \u00c5land Post<\/p>\n<p>[\/vc_column_text][\/vc_column][vc_column width=&#8221;1\/6&#8243;][\/vc_column][\/vc_row][vc_row el_class=&#8221;wide-color wide-color-alternative3&#8243;][vc_column][vc_column_text]<\/p>\n<p>&nbsp;<\/p>\n<p>[\/vc_column_text][\/vc_column][\/vc_row][vc_row][vc_column][vc_column_text]<\/p>\n<p>[\/vc_column_text][\/vc_column][\/vc_row][vc_row][vc_column width=&#8221;1\/2&#8243;][vc_column_text]<\/p>\n<p>&nbsp;<\/p>\n<p>[\/vc_column_text][vc_gmaps link=&#8221;#E-8_JTNDaWZyYW1lJTIwc3JjJTNEJTIyaHR0cHMlM0ElMkYlMkZ3d3cuZ29vZ2xlLmNvbSUyRm1hcHMlMkZlbWJlZCUzRnBiJTNEJTIxMW0xNCUyMTFtOCUyMTFtMyUyMTFkNDU1MC43Mjc2Mjg2Nzk2MzklMjEyZDIxLjcyOTg0MDg1NzY1NjAwOCUyMTNkNjMuMTI1MTUxMDIzMzk5NDk2JTIxM20yJTIxMWkxMDI0JTIxMmk3NjglMjE0ZjEzLjElMjEzbTMlMjExbTIlMjExczB4NDY4NzhhMGRjOGM5YmI1YiUyNTNBMHhiY2Y2MmI0ZGU3NTAwZjBmJTIxMnNGJTI1QzMlMjVCNnJldGFnYXJ2JTI1QzMlMjVBNGdlbiUyNTIwNyUyNTJDJTI1MjA2NTYxMCUyNTIwS29yc2hvbG0lMjE1ZTAlMjEzbTIlMjExc2VuJTIxMnNmaSUyMTR2MTcwNjA4NzcxMzc4NSUyMTVtMiUyMTFzZW4lMjEyc2ZpJTIyJTIwd2lkdGglM0QlMjI2MDAlMjIlMjBoZWlnaHQlM0QlMjI0NTAlMjIlMjBzdHlsZSUzRCUyMmJvcmRlciUzQTAlM0IlMjIlMjBhbGxvd2Z1bGxzY3JlZW4lM0QlMjIlMjIlMjBsb2FkaW5nJTNEJTIybGF6eSUyMiUyMHJlZmVycmVycG9saWN5JTNEJTIybm8tcmVmZXJyZXItd2hlbi1kb3duZ3JhZGUlMjIlM0UlM0MlMkZpZnJhbWUlM0U=&#8221; size=&#8221;800&#8243;][\/vc_column][vc_column width=&#8221;1\/2&#8243;][vc_column_text]<\/p>\n<p>&nbsp;<\/p>\n<h2 style=\"color: #82d2edff; text-align: left;\"><strong>Send a sales request<\/strong><\/h2>\n<p>[\/vc_column_text]<style id=\"wpforms-css-vars-4511\">\n\t\t\t\t#wpforms-4511 {\n\t\t\t\t\n\t\t\t}\n\t\t\t<\/style><div class=\"wpforms-container wpforms-container-full logicontrol_basic_form wpforms-render-modern\" id=\"wpforms-4511\"><form id=\"wpforms-form-4511\" class=\"wpforms-validate wpforms-form\" data-formid=\"4511\" method=\"post\" enctype=\"multipart\/form-data\" action=\"\/en\/wp-json\/wp\/v2\/pages\/2111\" data-token=\"86b5e86eb630d5bfdfc8d28b125e626a\" data-token-time=\"1775246646\"><noscript class=\"wpforms-error-noscript\">Please enable JavaScript in your browser to complete this form.<\/noscript><div id=\"wpforms-error-noscript\" style=\"display: none;\">Please enable JavaScript in your browser to complete this form.<\/div><div class=\"wpforms-field-container\"><div id=\"wpforms-4511-field_4-container\" class=\"wpforms-field wpforms-field-text wpforms-one-half wpforms-first\" data-field-id=\"4\"><label class=\"wpforms-field-label\" for=\"wpforms-4511-field_4\">Company <span class=\"wpforms-required-label\" aria-hidden=\"true\">*<\/span><\/label><input type=\"text\" id=\"wpforms-4511-field_4\" class=\"wpforms-field-large wpforms-field-required\" name=\"wpforms[fields][4]\" aria-errormessage=\"wpforms-4511-field_4-error\" required><\/div><div id=\"wpforms-4511-field_1-container\" class=\"wpforms-field wpforms-field-email wpforms-one-half\" data-field-id=\"1\"><label class=\"wpforms-field-label\" for=\"wpforms-4511-field_1\">Email <span class=\"wpforms-required-label\" aria-hidden=\"true\">*<\/span><\/label><input type=\"email\" id=\"wpforms-4511-field_1\" class=\"wpforms-field-large wpforms-field-required\" name=\"wpforms[fields][1]\" spellcheck=\"false\" aria-errormessage=\"wpforms-4511-field_1-error\" required><\/div><div id=\"wpforms-4511-field_0-container\" class=\"wpforms-field wpforms-field-name wpforms-one-half wpforms-first\" data-field-id=\"0\"><label class=\"wpforms-field-label\" for=\"wpforms-4511-field_0\">Name <span class=\"wpforms-required-label\" aria-hidden=\"true\">*<\/span><\/label><input type=\"text\" id=\"wpforms-4511-field_0\" class=\"wpforms-field-large wpforms-field-required\" name=\"wpforms[fields][0]\" aria-errormessage=\"wpforms-4511-field_0-error\" required><\/div><div id=\"wpforms-4511-field_11-container\" class=\"wpforms-field wpforms-field-text wpforms-one-half\" data-field-id=\"11\"><label class=\"wpforms-field-label\" for=\"wpforms-4511-field_11\">Phone number <span class=\"wpforms-required-label\" aria-hidden=\"true\">*<\/span><\/label><input type=\"text\" id=\"wpforms-4511-field_11\" class=\"wpforms-field-large wpforms-field-required\" name=\"wpforms[fields][11]\" aria-errormessage=\"wpforms-4511-field_11-error\" required><\/div><div id=\"wpforms-4511-field_8-container\" class=\"wpforms-field wpforms-field-text wpforms-one-half wpforms-first\" data-field-id=\"8\"><label class=\"wpforms-field-label\" for=\"wpforms-4511-field_8\">Company&#039;s turnover<\/label><input type=\"text\" id=\"wpforms-4511-field_8\" class=\"wpforms-field-medium\" name=\"wpforms[fields][8]\" aria-errormessage=\"wpforms-4511-field_8-error\" ><\/div><div id=\"wpforms-4511-field_6-container\" class=\"wpforms-field wpforms-field-checkbox wpforms-one-half\" data-field-id=\"6\"><fieldset><legend class=\"wpforms-field-label\">I prefer contact by<\/legend><ul id=\"wpforms-4511-field_6\" data-choice-limit=\"1\"><li class=\"choice-1 depth-1\"><input type=\"checkbox\" id=\"wpforms-4511-field_6_1\" data-rule-check-limit=\"true\" name=\"wpforms[fields][6][]\" value=\"Email\" aria-errormessage=\"wpforms-4511-field_6_1-error\"  ><label class=\"wpforms-field-label-inline\" for=\"wpforms-4511-field_6_1\">Email<\/label><\/li><li class=\"choice-2 depth-1\"><input type=\"checkbox\" id=\"wpforms-4511-field_6_2\" data-rule-check-limit=\"true\" name=\"wpforms[fields][6][]\" value=\"Phone\" aria-errormessage=\"wpforms-4511-field_6_2-error\"  ><label class=\"wpforms-field-label-inline\" for=\"wpforms-4511-field_6_2\">Phone<\/label><\/li><\/ul><\/fieldset><\/div><div id=\"wpforms-4511-field_9-container\" class=\"wpforms-field wpforms-field-text wpforms-one-half wpforms-first\" data-field-id=\"9\"><label class=\"wpforms-field-label\" for=\"wpforms-4511-field_9\">Number of vehicles<\/label><input type=\"text\" id=\"wpforms-4511-field_9\" class=\"wpforms-field-medium\" name=\"wpforms[fields][9]\" aria-errormessage=\"wpforms-4511-field_9-error\" ><\/div><div id=\"wpforms-4511-field_2-container\" class=\"wpforms-field wpforms-field-textarea\" data-field-id=\"2\"><label class=\"wpforms-field-label\" for=\"wpforms-4511-field_2\">Description of the company&#039;s needs<\/label><textarea id=\"wpforms-4511-field_2\" class=\"wpforms-field-large\" name=\"wpforms[fields][2]\" aria-errormessage=\"wpforms-4511-field_2-error\" ><\/textarea><\/div><\/div><!-- .wpforms-field-container --><div class=\"wpforms-submit-container\" ><input type=\"hidden\" name=\"wpforms[id]\" value=\"4511\"><input type=\"hidden\" name=\"page_title\" value=\"\"><input type=\"hidden\" name=\"page_url\" value=\"https:\/\/www.nextlog.fi\/en\/wp-json\/wp\/v2\/pages\/2111\"><input type=\"hidden\" name=\"url_referer\" value=\"\"><button type=\"submit\" name=\"wpforms[submit]\" id=\"wpforms-submit-4511\" class=\"wpforms-submit logicontrol_basic_form_button\" data-alt-text=\"Sending...\" data-submit-text=\"Send\" aria-live=\"assertive\" value=\"wpforms-submit\">Send<\/button><\/div><\/form><\/div>  <!-- .wpforms-container -->[\/vc_column][\/vc_row][vc_row][vc_column][vc_column_text]<\/p>\n<p>&nbsp;<\/p>\n<p>[\/vc_column_text][\/vc_column][\/vc_row][vc_row el_class=&#8221;wide-color&#8221;][vc_column width=&#8221;1\/4&#8243;][vc_column_text]<\/p>\n<p>&nbsp;<\/p>\n<p>[\/vc_column_text][vc_column_text]<strong>Visiting address<br \/>\n<\/strong><\/p>\n<table class=\"small\">\n<tbody>\n<tr>\n<th style=\"text-align: left;\">Yritt\u00e4j\u00e4ntie 7<\/th>\n<th><\/th>\n<\/tr>\n<tr>\n<td>65610 MUSTASAARI<br \/>\nFINLAND<br \/>\n<a href=\"tel:+35863226100\">+358 (0)6 322 6100<\/a><\/td>\n<td><\/td>\n<\/tr>\n<\/tbody>\n<\/table>\n<p>&nbsp;<\/p>\n<h4>Support<\/h4>\n<table class=\"small\">\n<tbody>\n<tr>\n<th>Working days (8.00 am &#8211; 4.00 pm)<\/th>\n<th><\/th>\n<\/tr>\n<tr>\n<td><a href=\"tel:+35863226100\">+358(0)6 322 6100<\/a><br \/>\n<a href=\"&#109;&#x61;&#105;&#x6c;&#116;&#x6f;:&#x73;u&#x70;p&#111;&#x72;&#116;&#x40;&#108;&#x6f;&#103;&#x69;c&#x6f;n&#x74;r&#111;&#x6c;&#46;&#x66;&#105;\">&#115;u&#x70;p&#x6f;r&#x74;&#64;&#x6c;&#111;&#x67;&#105;&#x63;&#111;&#x6e;&#116;r&#111;l&#x2e;f&#x69;<\/a><\/td>\n<td><\/td>\n<\/tr>\n<\/tbody>\n<\/table>\n<div class=\"credits\">Copyright \u00a9 Oy NextLog Ab<\/div>\n<p>[\/vc_column_text][\/vc_column][vc_column width=&#8221;1\/4&#8243;][vc_column_text]<\/p>\n<p>&nbsp;<\/p>\n<p>[\/vc_column_text][vc_column_text]<\/p>\n<h4>LogiControl offers many possibilities<\/h4>\n<table class=\"small\">\n<tbody>\n<tr>\n<th style=\"text-align: left;\"><\/th>\n<th><\/th>\n<\/tr>\n<tr>\n<td style=\"text-align: left;\"><a class=\"large-icon\" href=\"\/en\/logicontrol\/\"><img loading=\"lazy\" decoding=\"async\" class=\"animate-link wp-image-4889 alignleft\" role=\"img\" src=\"\/wp-content\/uploads\/blue-arrow-forward.svg\" alt=\"Arrow-lue-lis\u00e4\u00e4-basic\" width=\"35\" height=\"35\" \/><\/a><a href=\"\/en\/logicontrol\/\">Choose the most suitable features for you<\/a><\/td>\n<td><\/td>\n<\/tr>\n<\/tbody>\n<\/table>\n<p>[\/vc_column_text][\/vc_column][vc_column width=&#8221;1\/4&#8243;][vc_column_text]<\/p>\n<p>&nbsp;<\/p>\n<p>[\/vc_column_text][vc_column_text]<\/p>\n<h4><a href=\"\/en\/\">Home<\/a><\/h4>\n<table class=\"small\">\n<tbody>\n<tr>\n<th style=\"text-align: left;\"><\/th>\n<th><\/th>\n<\/tr>\n<tr>\n<td><a href=\"\/en\/contact\/\">Contact<\/a><br \/>\n<a href=\"\/en\/references\/\">References<\/a><br \/>\n<a href=\"\/en\/nextlog\/\">NextLog<\/a><br \/>\n<a href=\"\/en\/news\/\">News<\/a><br \/>\n<a href=\"\/en\/insights\/\">Insights<\/a><\/td>\n<td><\/td>\n<\/tr>\n<\/tbody>\n<\/table>\n<h4><\/h4>\n<p>[\/vc_column_text][\/vc_column][vc_column width=&#8221;1\/4&#8243;][vc_column_text]<\/p>\n<p>&nbsp;<\/p>\n<p>[\/vc_column_text][vc_column_text]<\/p>\n<h4>Follow us<\/h4>\n<h4><a href=\"https:\/\/www.linkedin.com\/company\/nextlog\" target=\"_blank\" rel=\"noopener noreferrer\"><img loading=\"lazy\" decoding=\"async\" class=\"alignnone wp-image-4002\" role=\"img\" src=\"https:\/\/www.nextlog.fi\/wp-content\/uploads\/Linkedin-fyrkant.svg\" alt=\"NextLog-LinkedIn-button\" width=\"66\" height=\"65\" \/><\/a> \u00a0<a href=\"https:\/\/www.instagram.com\/nextlog_fi\/\" target=\"_blank\" rel=\"noopener noreferrer\"><img loading=\"lazy\" decoding=\"async\" class=\"alignnone wp-image-3999\" role=\"img\" src=\"https:\/\/www.nextlog.fi\/wp-content\/uploads\/Instagram.svg\" alt=\"NextLog-Instagram-button\" width=\"66\" height=\"65\" \/><\/a><\/h4>\n<h4><a href=\"\/en\/subscription\/\"><img loading=\"lazy\" decoding=\"async\" class=\"alignnone wp-image-4105\" role=\"img\" src=\"https:\/\/www.nextlog.fi\/wp-content\/uploads\/Subscribe-to-our-newsletter.svg\" alt=\"Subscribe-to-our-newsletter-button\" width=\"208\" height=\"65\" \/><\/a><\/h4>\n<h4><a href=\"\/?page_id=1972\">Privacy Policy<\/a><\/h4>\n<p>[\/vc_column_text][vc_column_text]<\/p>\n<p>&nbsp;<\/p>\n<p>[\/vc_column_text][vc_column_text]<img loading=\"lazy\" decoding=\"async\" class=\"wp-image-7479 alignnone\" src=\"\/wp-content\/uploads\/AAA-logo-2024-ENG-transparent.png\" alt=\"\" width=\"290\" height=\"169\" srcset=\"https:\/\/www.nextlog.fi\/wp-content\/uploads\/AAA-logo-2024-ENG-transparent.png 971w, https:\/\/www.nextlog.fi\/wp-content\/uploads\/AAA-logo-2024-ENG-transparent-300x175.png 300w\" sizes=\"auto, (max-width: 290px) 100vw, 290px\" \/>[\/vc_column_text][\/vc_column][\/vc_row]<\/p>\n<\/div>","protected":false},"excerpt":{"rendered":"<p>[vc_row el_class=&#8221;wide-replot-bridge&#8221;][vc_column width=&#8221;2\/3&#8243;][vc_column_text] &nbsp; &nbsp; Contact us Our goal is to offer qualitative, fast and helpful support to our customers. We care about solving your problems and want to always give competent answers to your questions. We are available by phone and e-mail, working days from 8.00 am to 4.00 pm. Download TeamViewer[\/vc_column_text][\/vc_column][vc_column width=&#8221;1\/3&#8243;][\/vc_column][\/vc_row][vc_row][vc_column][vc_column_text] [\/vc_column_text][\/vc_column][\/vc_row][vc_row][vc_column [&hellip;]<\/p>\n","protected":false},"author":4,"featured_media":4205,"parent":0,"menu_order":0,"comment_status":"closed","ping_status":"open","template":"","meta":{"_exactmetrics_skip_tracking":false,"_exactmetrics_sitenote_active":false,"_exactmetrics_sitenote_note":"","_exactmetrics_sitenote_category":0,"footnotes":""},"class_list":["post-2111","page","type-page","status-publish","hentry"],"yoast_head":"<!-- This site is optimized with the Yoast SEO Premium plugin v25.7.1 (Yoast SEO v25.7) - https:\/\/yoast.com\/wordpress\/plugins\/seo\/ -->\n<title>Contact us -<\/title>\n<meta name=\"description\" content=\"Contact us. Yritt\u00e4j\u00e4ntie 7FI-65610 MUSTASAARI. +358(0)6 322 6100. contact@nextlog.fi. Support Working days (8.00 am \u2013 4.00 pm) support@logicontrol.fi\" \/>\n<meta name=\"robots\" content=\"index, follow, max-snippet:-1, max-image-preview:large, max-video-preview:-1\" \/>\n<link rel=\"canonical\" href=\"https:\/\/www-devel.nextlog.fi\/en\/contact\/\" \/>\n<meta property=\"og:locale\" content=\"en_US\" \/>\n<meta property=\"og:type\" content=\"article\" \/>\n<meta property=\"og:title\" content=\"Contact\" \/>\n<meta property=\"og:description\" content=\"Contact us. Yritt\u00e4j\u00e4ntie 7FI-65610 MUSTASAARI. +358(0)6 322 6100. contact@nextlog.fi. Support Working days (8.00 am \u2013 4.00 pm) support@logicontrol.fi\" \/>\n<meta property=\"og:url\" content=\"https:\/\/www-devel.nextlog.fi\/en\/contact\/\" \/>\n<meta property=\"og:site_name\" content=\"NextLog\" \/>\n<meta property=\"article:modified_time\" content=\"2024-12-16T10:53:35+00:00\" \/>\n<meta property=\"og:image\" content=\"https:\/\/www-devel.nextlog.fi\/wp-content\/uploads\/lastning-lossning-bwblue2.jpg\" \/>\n\t<meta property=\"og:image:width\" content=\"2560\" \/>\n\t<meta property=\"og:image:height\" content=\"1715\" \/>\n\t<meta property=\"og:image:type\" content=\"image\/jpeg\" \/>\n<meta name=\"twitter:card\" content=\"summary_large_image\" \/>\n<meta name=\"twitter:label1\" content=\"Est. reading time\" \/>\n\t<meta name=\"twitter:data1\" content=\"4 minutes\" \/>\n<script type=\"application\/ld+json\" class=\"yoast-schema-graph\">{\"@context\":\"https:\/\/schema.org\",\"@graph\":[{\"@type\":\"WebPage\",\"@id\":\"https:\/\/www-devel.nextlog.fi\/en\/contact\/\",\"url\":\"https:\/\/www-devel.nextlog.fi\/en\/contact\/\",\"name\":\"Contact us -\",\"isPartOf\":{\"@id\":\"https:\/\/www.nextlog.fi\/#website\"},\"primaryImageOfPage\":{\"@id\":\"https:\/\/www-devel.nextlog.fi\/en\/contact\/#primaryimage\"},\"image\":{\"@id\":\"https:\/\/www-devel.nextlog.fi\/en\/contact\/#primaryimage\"},\"thumbnailUrl\":\"https:\/\/www.nextlog.fi\/wp-content\/uploads\/lastning-lossning-bwblue2.jpg\",\"datePublished\":\"2019-03-22T06:25:14+00:00\",\"dateModified\":\"2024-12-16T10:53:35+00:00\",\"description\":\"Contact us. Yritt\u00e4j\u00e4ntie 7FI-65610 MUSTASAARI. +358(0)6 322 6100. contact@nextlog.fi. Support Working days (8.00 am \u2013 4.00 pm) support@logicontrol.fi\",\"breadcrumb\":{\"@id\":\"https:\/\/www-devel.nextlog.fi\/en\/contact\/#breadcrumb\"},\"inLanguage\":\"en-US\",\"potentialAction\":[{\"@type\":\"ReadAction\",\"target\":[\"https:\/\/www-devel.nextlog.fi\/en\/contact\/\"]}]},{\"@type\":\"ImageObject\",\"inLanguage\":\"en-US\",\"@id\":\"https:\/\/www-devel.nextlog.fi\/en\/contact\/#primaryimage\",\"url\":\"https:\/\/www.nextlog.fi\/wp-content\/uploads\/lastning-lossning-bwblue2.jpg\",\"contentUrl\":\"https:\/\/www.nextlog.fi\/wp-content\/uploads\/lastning-lossning-bwblue2.jpg\",\"width\":2560,\"height\":1715,\"caption\":\"target-group-nextlog-pic\"},{\"@type\":\"BreadcrumbList\",\"@id\":\"https:\/\/www-devel.nextlog.fi\/en\/contact\/#breadcrumb\",\"itemListElement\":[{\"@type\":\"ListItem\",\"position\":1,\"name\":\"Etusivu\",\"item\":\"https:\/\/www.nextlog.fi\/en\/\"},{\"@type\":\"ListItem\",\"position\":2,\"name\":\"Contact\"}]},{\"@type\":\"WebSite\",\"@id\":\"https:\/\/www.nextlog.fi\/#website\",\"url\":\"https:\/\/www.nextlog.fi\/\",\"name\":\"NextLog\",\"description\":\"NextLog\",\"potentialAction\":[{\"@type\":\"SearchAction\",\"target\":{\"@type\":\"EntryPoint\",\"urlTemplate\":\"https:\/\/www.nextlog.fi\/?s={search_term_string}\"},\"query-input\":{\"@type\":\"PropertyValueSpecification\",\"valueRequired\":true,\"valueName\":\"search_term_string\"}}],\"inLanguage\":\"en-US\"}]}<\/script>\n<!-- \/ Yoast SEO Premium plugin. -->","yoast_head_json":{"title":"Contact us -","description":"Contact us. Yritt\u00e4j\u00e4ntie 7FI-65610 MUSTASAARI. +358(0)6 322 6100. contact@nextlog.fi. Support Working days (8.00 am \u2013 4.00 pm) support@logicontrol.fi","robots":{"index":"index","follow":"follow","max-snippet":"max-snippet:-1","max-image-preview":"max-image-preview:large","max-video-preview":"max-video-preview:-1"},"canonical":"https:\/\/www-devel.nextlog.fi\/en\/contact\/","og_locale":"en_US","og_type":"article","og_title":"Contact","og_description":"Contact us. Yritt\u00e4j\u00e4ntie 7FI-65610 MUSTASAARI. +358(0)6 322 6100. contact@nextlog.fi. Support Working days (8.00 am \u2013 4.00 pm) support@logicontrol.fi","og_url":"https:\/\/www-devel.nextlog.fi\/en\/contact\/","og_site_name":"NextLog","article_modified_time":"2024-12-16T10:53:35+00:00","og_image":[{"width":2560,"height":1715,"url":"https:\/\/www-devel.nextlog.fi\/wp-content\/uploads\/lastning-lossning-bwblue2.jpg","type":"image\/jpeg"}],"twitter_card":"summary_large_image","twitter_misc":{"Est. reading time":"4 minutes"},"schema":{"@context":"https:\/\/schema.org","@graph":[{"@type":"WebPage","@id":"https:\/\/www-devel.nextlog.fi\/en\/contact\/","url":"https:\/\/www-devel.nextlog.fi\/en\/contact\/","name":"Contact us -","isPartOf":{"@id":"https:\/\/www.nextlog.fi\/#website"},"primaryImageOfPage":{"@id":"https:\/\/www-devel.nextlog.fi\/en\/contact\/#primaryimage"},"image":{"@id":"https:\/\/www-devel.nextlog.fi\/en\/contact\/#primaryimage"},"thumbnailUrl":"https:\/\/www.nextlog.fi\/wp-content\/uploads\/lastning-lossning-bwblue2.jpg","datePublished":"2019-03-22T06:25:14+00:00","dateModified":"2024-12-16T10:53:35+00:00","description":"Contact us. Yritt\u00e4j\u00e4ntie 7FI-65610 MUSTASAARI. +358(0)6 322 6100. contact@nextlog.fi. Support Working days (8.00 am \u2013 4.00 pm) support@logicontrol.fi","breadcrumb":{"@id":"https:\/\/www-devel.nextlog.fi\/en\/contact\/#breadcrumb"},"inLanguage":"en-US","potentialAction":[{"@type":"ReadAction","target":["https:\/\/www-devel.nextlog.fi\/en\/contact\/"]}]},{"@type":"ImageObject","inLanguage":"en-US","@id":"https:\/\/www-devel.nextlog.fi\/en\/contact\/#primaryimage","url":"https:\/\/www.nextlog.fi\/wp-content\/uploads\/lastning-lossning-bwblue2.jpg","contentUrl":"https:\/\/www.nextlog.fi\/wp-content\/uploads\/lastning-lossning-bwblue2.jpg","width":2560,"height":1715,"caption":"target-group-nextlog-pic"},{"@type":"BreadcrumbList","@id":"https:\/\/www-devel.nextlog.fi\/en\/contact\/#breadcrumb","itemListElement":[{"@type":"ListItem","position":1,"name":"Etusivu","item":"https:\/\/www.nextlog.fi\/en\/"},{"@type":"ListItem","position":2,"name":"Contact"}]},{"@type":"WebSite","@id":"https:\/\/www.nextlog.fi\/#website","url":"https:\/\/www.nextlog.fi\/","name":"NextLog","description":"NextLog","potentialAction":[{"@type":"SearchAction","target":{"@type":"EntryPoint","urlTemplate":"https:\/\/www.nextlog.fi\/?s={search_term_string}"},"query-input":{"@type":"PropertyValueSpecification","valueRequired":true,"valueName":"search_term_string"}}],"inLanguage":"en-US"}]}},"_links":{"self":[{"href":"https:\/\/www.nextlog.fi\/en\/wp-json\/wp\/v2\/pages\/2111","targetHints":{"allow":["GET"]}}],"collection":[{"href":"https:\/\/www.nextlog.fi\/en\/wp-json\/wp\/v2\/pages"}],"about":[{"href":"https:\/\/www.nextlog.fi\/en\/wp-json\/wp\/v2\/types\/page"}],"author":[{"embeddable":true,"href":"https:\/\/www.nextlog.fi\/en\/wp-json\/wp\/v2\/users\/4"}],"replies":[{"embeddable":true,"href":"https:\/\/www.nextlog.fi\/en\/wp-json\/wp\/v2\/comments?post=2111"}],"version-history":[{"count":0,"href":"https:\/\/www.nextlog.fi\/en\/wp-json\/wp\/v2\/pages\/2111\/revisions"}],"wp:featuredmedia":[{"embeddable":true,"href":"https:\/\/www.nextlog.fi\/en\/wp-json\/wp\/v2\/media\/4205"}],"wp:attachment":[{"href":"https:\/\/www.nextlog.fi\/en\/wp-json\/wp\/v2\/media?parent=2111"}],"curies":[{"name":"wp","href":"https:\/\/api.w.org\/{rel}","templated":true}]}}