{"id":5229,"date":"2021-08-04T12:24:02","date_gmt":"2021-08-04T09:24:02","guid":{"rendered":"https:\/\/www-devel.nextlog.fi\/uutiset-muutoksia-kayttoliittymassa\/"},"modified":"2025-04-29T13:44:24","modified_gmt":"2025-04-29T10:44:24","slug":"news-user-interface-changes","status":"publish","type":"page","link":"https:\/\/www.nextlog.fi\/en\/news-user-interface-changes\/","title":{"rendered":"News &#8211; Changes to the user interface"},"content":{"rendered":"<div class=\"wpb-content-wrapper\"><p>[vc_row][vc_column width=&#8221;1\/6&#8243;][\/vc_column][vc_column width=&#8221;2\/3&#8243;][vc_column_text]<\/p>\n<p style=\"color: black; text-align: center;\"><a class=\"special-link-large-icon\" href=\"\/en\/news\/\"><img loading=\"lazy\" decoding=\"async\" class=\"animate-link alignnone wp-image-4990\" role=\"img\" src=\"https:\/\/www.nextlog.fi\/wp-content\/uploads\/\/blue-arrow-backward.svg\" alt=\"Back-news\" width=\"60\" height=\"60\" \/><\/a><a href=\"\/en\/news\/\"> News<\/a><\/p>\n<p>[\/vc_column_text][vc_column_text]<\/p>\n<h2 style=\"text-align: center; color: black;\"><strong>Changes to the user interface<\/strong><\/h2>\n<p style=\"text-align: center; color: grey;\">12\/08\/2021<\/p>\n<p><img loading=\"lazy\" decoding=\"async\" class=\"wp-image-5209 aligncenter\" style=\"border-radius: 25px;\" src=\"https:\/\/www.nextlog.fi\/wp-content\/uploads\/\/Computer_coffee_hand-3-1024x717.jpg\" alt=\"uutiset-muutoksia-k\u00e4ytt\u00f6liittym\u00e4ss\u00e4\" width=\"780\" height=\"546\" srcset=\"https:\/\/www.nextlog.fi\/wp-content\/uploads\/Computer_coffee_hand-3-1024x717.jpg 1024w, https:\/\/www.nextlog.fi\/wp-content\/uploads\/Computer_coffee_hand-3-300x210.jpg 300w, https:\/\/www.nextlog.fi\/wp-content\/uploads\/Computer_coffee_hand-3-1536x1076.jpg 1536w, https:\/\/www.nextlog.fi\/wp-content\/uploads\/Computer_coffee_hand-3-2048x1435.jpg 2048w\" sizes=\"auto, (max-width: 780px) 100vw, 780px\" \/>[\/vc_column_text][\/vc_column][vc_column width=&#8221;1\/6&#8243;][\/vc_column][\/vc_row][vc_row][vc_column width=&#8221;1\/6&#8243;][\/vc_column][vc_column width=&#8221;2\/3&#8243;][vc_column_text]At NextLog we have updated the system&#8217;s user interface during the summer months. The update includes several visual enhancements in LogiControl, MobileLite, LogiDirect and LogiReports.<\/p>\n<p>Among other things, all icons as well as login and logout boxes are updated. MobileLite has larger buttons, updated colors and dialogues. The same applies to LogiReports and LogiDirect.<\/p>\n<p>We hope that the updated system feels fresh and modern and works at least as well as it has done in the past.<\/p>\n<p>[\/vc_column_text][\/vc_column][\/vc_row][vc_row][vc_column][vc_column_text]<\/p>\n<p>[\/vc_column_text][\/vc_column][\/vc_row][vc_row el_class=&#8221;wide-color&#8221;][vc_column width=&#8221;1\/4&#8243;][vc_column_text]<\/p>\n<p>&nbsp;<\/p>\n<p>[\/vc_column_text][vc_column_text]<strong>Visiting address<br \/>\n<\/strong><\/p>\n<table class=\"small\">\n<tbody>\n<tr>\n<th style=\"text-align: left;\">Yritt\u00e4j\u00e4ntie 7<\/th>\n<th><\/th>\n<\/tr>\n<tr>\n<td>65610 MUSTASAARI<br \/>\nFINLAND<br \/>\n<a href=\"tel:+35863226100\">+358 (0)6 322 6100<\/a><\/td>\n<td><\/td>\n<\/tr>\n<\/tbody>\n<\/table>\n<p>&nbsp;<\/p>\n<h4>Support<\/h4>\n<table class=\"small\">\n<tbody>\n<tr>\n<th>Working days (8.00 am &#8211; 4.00 pm)<\/th>\n<th><\/th>\n<\/tr>\n<tr>\n<td><a href=\"tel:+35863226100\">+358(0)6 322 6100<\/a><br \/>\n<a href=\"&#x6d;&#x61;&#x69;&#x6c;&#x74;&#x6f;&#x3a;&#x73;&#x75;&#x70;&#x70;&#x6f;&#x72;&#x74;&#x40;&#x6c;&#x6f;&#x67;&#x69;&#x63;&#x6f;&#x6e;&#x74;&#x72;&#x6f;&#x6c;&#x2e;&#x66;&#x69;\">&#x73;&#x75;&#x70;&#x70;&#x6f;&#114;&#116;&#64;&#108;ogi&#x63;&#x6f;&#x6e;&#x74;&#x72;&#x6f;&#108;&#46;&#102;i<\/a><\/td>\n<td><\/td>\n<\/tr>\n<\/tbody>\n<\/table>\n<div class=\"credits\">Copyright \u00a9 Oy NextLog Ab<\/div>\n<p>[\/vc_column_text][\/vc_column][vc_column width=&#8221;1\/4&#8243;][vc_column_text]<\/p>\n<p>&nbsp;<\/p>\n<p>[\/vc_column_text][vc_column_text]<\/p>\n<h4>LogiControl offers many possibilities<\/h4>\n<table class=\"small\">\n<tbody>\n<tr>\n<th style=\"text-align: left;\"><\/th>\n<th><\/th>\n<\/tr>\n<tr>\n<td style=\"text-align: left;\"><a class=\"large-icon\" href=\"\/en\/logicontrol\/\"><img loading=\"lazy\" decoding=\"async\" class=\"animate-link wp-image-4889 alignleft\" role=\"img\" src=\"\/wp-content\/uploads\/blue-arrow-forward.svg\" alt=\"Arrow-lue-lis\u00e4\u00e4-basic\" width=\"35\" height=\"35\" \/><\/a><a href=\"\/en\/logicontrol\/\">Choose the most suitable features for you<\/a><\/td>\n<td><\/td>\n<\/tr>\n<\/tbody>\n<\/table>\n<p>[\/vc_column_text][\/vc_column][vc_column width=&#8221;1\/4&#8243;][vc_column_text]<\/p>\n<p>&nbsp;<\/p>\n<p>[\/vc_column_text][vc_column_text]<\/p>\n<h4><a href=\"\/en\/\">Home<\/a><\/h4>\n<table class=\"small\">\n<tbody>\n<tr>\n<th style=\"text-align: left;\"><\/th>\n<th><\/th>\n<\/tr>\n<tr>\n<td><a href=\"\/en\/contact\/\">Contact<\/a><br \/>\n<a href=\"\/en\/references\/\">References<\/a><br \/>\n<a href=\"\/en\/nextlog\/\">NextLog<\/a><br \/>\n<a href=\"\/en\/news\/\">News<\/a><br \/>\n<a href=\"\/en\/insights\/\">Insights<\/a><\/td>\n<td><\/td>\n<\/tr>\n<\/tbody>\n<\/table>\n<h4><\/h4>\n<p>[\/vc_column_text][\/vc_column][vc_column width=&#8221;1\/4&#8243;][vc_column_text]<\/p>\n<p>&nbsp;<\/p>\n<p>[\/vc_column_text][vc_column_text]<\/p>\n<h4>Follow us<\/h4>\n<h4><a href=\"https:\/\/www.linkedin.com\/company\/nextlog\" target=\"_blank\" rel=\"noopener noreferrer\"><img loading=\"lazy\" decoding=\"async\" class=\"alignnone wp-image-4002\" role=\"img\" src=\"https:\/\/www.nextlog.fi\/wp-content\/uploads\/Linkedin-fyrkant.svg\" alt=\"NextLog-LinkedIn-button\" width=\"66\" height=\"65\" \/><\/a> \u00a0<a href=\"https:\/\/www.instagram.com\/nextlog_fi\/\" target=\"_blank\" rel=\"noopener noreferrer\"><img loading=\"lazy\" decoding=\"async\" class=\"alignnone wp-image-3999\" role=\"img\" src=\"https:\/\/www.nextlog.fi\/wp-content\/uploads\/Instagram.svg\" alt=\"NextLog-Instagram-button\" width=\"66\" height=\"65\" \/><\/a><\/h4>\n<h4><a href=\"\/en\/subscription\/\"><img loading=\"lazy\" decoding=\"async\" class=\"alignnone wp-image-4105\" role=\"img\" src=\"https:\/\/www.nextlog.fi\/wp-content\/uploads\/Subscribe-to-our-newsletter.svg\" alt=\"Subscribe-to-our-newsletter-button\" width=\"208\" height=\"65\" \/><\/a><\/h4>\n<h4><a href=\"\/?page_id=1972\">Privacy Policy<\/a><\/h4>\n<p>[\/vc_column_text][vc_column_text]<\/p>\n<p>&nbsp;<\/p>\n<p>[\/vc_column_text][vc_column_text]<img loading=\"lazy\" decoding=\"async\" class=\"wp-image-7479 alignnone\" src=\"\/wp-content\/uploads\/AAA-logo-2024-ENG-transparent.png\" alt=\"\" width=\"290\" height=\"169\" srcset=\"https:\/\/www.nextlog.fi\/wp-content\/uploads\/AAA-logo-2024-ENG-transparent.png 971w, https:\/\/www.nextlog.fi\/wp-content\/uploads\/AAA-logo-2024-ENG-transparent-300x175.png 300w\" sizes=\"auto, (max-width: 290px) 100vw, 290px\" \/>[\/vc_column_text][\/vc_column][\/vc_row]<\/p>\n<\/div>","protected":false},"excerpt":{"rendered":"<p>[vc_row][vc_column width=&#8221;1\/6&#8243;][\/vc_column][vc_column width=&#8221;2\/3&#8243;][vc_column_text] News [\/vc_column_text][vc_column_text] Changes to the user interface 12\/08\/2021 [\/vc_column_text][\/vc_column][vc_column width=&#8221;1\/6&#8243;][\/vc_column][\/vc_row][vc_row][vc_column width=&#8221;1\/6&#8243;][\/vc_column][vc_column width=&#8221;2\/3&#8243;][vc_column_text]At NextLog we have updated the system&#8217;s user interface during the summer months. The update includes several visual enhancements in LogiControl, MobileLite, LogiDirect and LogiReports. Among other things, all icons as well as login and logout boxes are updated. MobileLite has [&hellip;]<\/p>\n","protected":false},"author":4,"featured_media":5210,"parent":0,"menu_order":0,"comment_status":"closed","ping_status":"closed","template":"","meta":{"_exactmetrics_skip_tracking":false,"_exactmetrics_sitenote_active":false,"_exactmetrics_sitenote_note":"","_exactmetrics_sitenote_category":0,"footnotes":""},"class_list":["post-5229","page","type-page","status-publish","hentry"],"yoast_head":"<!-- This site is optimized with the Yoast SEO Premium plugin v25.7.1 (Yoast SEO v25.7) - https:\/\/yoast.com\/wordpress\/plugins\/seo\/ -->\n<title>News - Changes to the user interface - NextLog<\/title>\n<meta name=\"description\" content=\"We have updated the system\u2019s user interface. The update includes several enhancements in LogiControl, MobileLite, LogiDirect and LogiReports.\" \/>\n<meta name=\"robots\" content=\"index, follow, max-snippet:-1, max-image-preview:large, max-video-preview:-1\" \/>\n<link rel=\"canonical\" href=\"https:\/\/www-devel.nextlog.fi\/en\/news-user-interface-changes\/\" \/>\n<meta property=\"og:locale\" content=\"en_US\" \/>\n<meta property=\"og:type\" content=\"article\" \/>\n<meta property=\"og:title\" content=\"News - Changes to the user interface\" \/>\n<meta property=\"og:description\" content=\"We have updated the system\u2019s user interface. The update includes several enhancements in LogiControl, MobileLite, LogiDirect and LogiReports.\" \/>\n<meta property=\"og:url\" content=\"https:\/\/www-devel.nextlog.fi\/en\/news-user-interface-changes\/\" \/>\n<meta property=\"og:site_name\" content=\"NextLog\" \/>\n<meta property=\"article:modified_time\" content=\"2025-04-29T10:44:24+00:00\" \/>\n<meta property=\"og:image\" content=\"https:\/\/www-devel.nextlog.fi\/wp-content\/uploads\/Computer_coffee_hand-3.jpg\" \/>\n\t<meta property=\"og:image:width\" content=\"2560\" \/>\n\t<meta property=\"og:image:height\" content=\"1793\" \/>\n\t<meta property=\"og:image:type\" content=\"image\/jpeg\" \/>\n<meta name=\"twitter:card\" content=\"summary_large_image\" \/>\n<meta name=\"twitter:label1\" content=\"Est. reading time\" \/>\n\t<meta name=\"twitter:data1\" content=\"3 minutes\" \/>\n<script type=\"application\/ld+json\" class=\"yoast-schema-graph\">{\"@context\":\"https:\/\/schema.org\",\"@graph\":[{\"@type\":\"WebPage\",\"@id\":\"https:\/\/www-devel.nextlog.fi\/en\/news-user-interface-changes\/\",\"url\":\"https:\/\/www-devel.nextlog.fi\/en\/news-user-interface-changes\/\",\"name\":\"News - Changes to the user interface - NextLog\",\"isPartOf\":{\"@id\":\"https:\/\/www.nextlog.fi\/#website\"},\"primaryImageOfPage\":{\"@id\":\"https:\/\/www-devel.nextlog.fi\/en\/news-user-interface-changes\/#primaryimage\"},\"image\":{\"@id\":\"https:\/\/www-devel.nextlog.fi\/en\/news-user-interface-changes\/#primaryimage\"},\"thumbnailUrl\":\"https:\/\/www.nextlog.fi\/wp-content\/uploads\/Computer_coffee_hand-3.jpg\",\"datePublished\":\"2021-08-04T09:24:02+00:00\",\"dateModified\":\"2025-04-29T10:44:24+00:00\",\"description\":\"We have updated the system\u2019s user interface. The update includes several enhancements in LogiControl, MobileLite, LogiDirect and LogiReports.\",\"breadcrumb\":{\"@id\":\"https:\/\/www-devel.nextlog.fi\/en\/news-user-interface-changes\/#breadcrumb\"},\"inLanguage\":\"en-US\",\"potentialAction\":[{\"@type\":\"ReadAction\",\"target\":[\"https:\/\/www-devel.nextlog.fi\/en\/news-user-interface-changes\/\"]}]},{\"@type\":\"ImageObject\",\"inLanguage\":\"en-US\",\"@id\":\"https:\/\/www-devel.nextlog.fi\/en\/news-user-interface-changes\/#primaryimage\",\"url\":\"https:\/\/www.nextlog.fi\/wp-content\/uploads\/Computer_coffee_hand-3.jpg\",\"contentUrl\":\"https:\/\/www.nextlog.fi\/wp-content\/uploads\/Computer_coffee_hand-3.jpg\",\"width\":2560,\"height\":1793,\"caption\":\"news-user-interface-changes\"},{\"@type\":\"BreadcrumbList\",\"@id\":\"https:\/\/www-devel.nextlog.fi\/en\/news-user-interface-changes\/#breadcrumb\",\"itemListElement\":[{\"@type\":\"ListItem\",\"position\":1,\"name\":\"Etusivu\",\"item\":\"https:\/\/www.nextlog.fi\/en\/\"},{\"@type\":\"ListItem\",\"position\":2,\"name\":\"News &#8211; Changes to the user interface\"}]},{\"@type\":\"WebSite\",\"@id\":\"https:\/\/www.nextlog.fi\/#website\",\"url\":\"https:\/\/www.nextlog.fi\/\",\"name\":\"NextLog\",\"description\":\"NextLog\",\"potentialAction\":[{\"@type\":\"SearchAction\",\"target\":{\"@type\":\"EntryPoint\",\"urlTemplate\":\"https:\/\/www.nextlog.fi\/?s={search_term_string}\"},\"query-input\":{\"@type\":\"PropertyValueSpecification\",\"valueRequired\":true,\"valueName\":\"search_term_string\"}}],\"inLanguage\":\"en-US\"}]}<\/script>\n<!-- \/ Yoast SEO Premium plugin. -->","yoast_head_json":{"title":"News - Changes to the user interface - NextLog","description":"We have updated the system\u2019s user interface. The update includes several enhancements in LogiControl, MobileLite, LogiDirect and LogiReports.","robots":{"index":"index","follow":"follow","max-snippet":"max-snippet:-1","max-image-preview":"max-image-preview:large","max-video-preview":"max-video-preview:-1"},"canonical":"https:\/\/www-devel.nextlog.fi\/en\/news-user-interface-changes\/","og_locale":"en_US","og_type":"article","og_title":"News - Changes to the user interface","og_description":"We have updated the system\u2019s user interface. The update includes several enhancements in LogiControl, MobileLite, LogiDirect and LogiReports.","og_url":"https:\/\/www-devel.nextlog.fi\/en\/news-user-interface-changes\/","og_site_name":"NextLog","article_modified_time":"2025-04-29T10:44:24+00:00","og_image":[{"width":2560,"height":1793,"url":"https:\/\/www-devel.nextlog.fi\/wp-content\/uploads\/Computer_coffee_hand-3.jpg","type":"image\/jpeg"}],"twitter_card":"summary_large_image","twitter_misc":{"Est. reading time":"3 minutes"},"schema":{"@context":"https:\/\/schema.org","@graph":[{"@type":"WebPage","@id":"https:\/\/www-devel.nextlog.fi\/en\/news-user-interface-changes\/","url":"https:\/\/www-devel.nextlog.fi\/en\/news-user-interface-changes\/","name":"News - Changes to the user interface - NextLog","isPartOf":{"@id":"https:\/\/www.nextlog.fi\/#website"},"primaryImageOfPage":{"@id":"https:\/\/www-devel.nextlog.fi\/en\/news-user-interface-changes\/#primaryimage"},"image":{"@id":"https:\/\/www-devel.nextlog.fi\/en\/news-user-interface-changes\/#primaryimage"},"thumbnailUrl":"https:\/\/www.nextlog.fi\/wp-content\/uploads\/Computer_coffee_hand-3.jpg","datePublished":"2021-08-04T09:24:02+00:00","dateModified":"2025-04-29T10:44:24+00:00","description":"We have updated the system\u2019s user interface. The update includes several enhancements in LogiControl, MobileLite, LogiDirect and LogiReports.","breadcrumb":{"@id":"https:\/\/www-devel.nextlog.fi\/en\/news-user-interface-changes\/#breadcrumb"},"inLanguage":"en-US","potentialAction":[{"@type":"ReadAction","target":["https:\/\/www-devel.nextlog.fi\/en\/news-user-interface-changes\/"]}]},{"@type":"ImageObject","inLanguage":"en-US","@id":"https:\/\/www-devel.nextlog.fi\/en\/news-user-interface-changes\/#primaryimage","url":"https:\/\/www.nextlog.fi\/wp-content\/uploads\/Computer_coffee_hand-3.jpg","contentUrl":"https:\/\/www.nextlog.fi\/wp-content\/uploads\/Computer_coffee_hand-3.jpg","width":2560,"height":1793,"caption":"news-user-interface-changes"},{"@type":"BreadcrumbList","@id":"https:\/\/www-devel.nextlog.fi\/en\/news-user-interface-changes\/#breadcrumb","itemListElement":[{"@type":"ListItem","position":1,"name":"Etusivu","item":"https:\/\/www.nextlog.fi\/en\/"},{"@type":"ListItem","position":2,"name":"News &#8211; Changes to the user interface"}]},{"@type":"WebSite","@id":"https:\/\/www.nextlog.fi\/#website","url":"https:\/\/www.nextlog.fi\/","name":"NextLog","description":"NextLog","potentialAction":[{"@type":"SearchAction","target":{"@type":"EntryPoint","urlTemplate":"https:\/\/www.nextlog.fi\/?s={search_term_string}"},"query-input":{"@type":"PropertyValueSpecification","valueRequired":true,"valueName":"search_term_string"}}],"inLanguage":"en-US"}]}},"_links":{"self":[{"href":"https:\/\/www.nextlog.fi\/en\/wp-json\/wp\/v2\/pages\/5229","targetHints":{"allow":["GET"]}}],"collection":[{"href":"https:\/\/www.nextlog.fi\/en\/wp-json\/wp\/v2\/pages"}],"about":[{"href":"https:\/\/www.nextlog.fi\/en\/wp-json\/wp\/v2\/types\/page"}],"author":[{"embeddable":true,"href":"https:\/\/www.nextlog.fi\/en\/wp-json\/wp\/v2\/users\/4"}],"replies":[{"embeddable":true,"href":"https:\/\/www.nextlog.fi\/en\/wp-json\/wp\/v2\/comments?post=5229"}],"version-history":[{"count":0,"href":"https:\/\/www.nextlog.fi\/en\/wp-json\/wp\/v2\/pages\/5229\/revisions"}],"wp:featuredmedia":[{"embeddable":true,"href":"https:\/\/www.nextlog.fi\/en\/wp-json\/wp\/v2\/media\/5210"}],"wp:attachment":[{"href":"https:\/\/www.nextlog.fi\/en\/wp-json\/wp\/v2\/media?parent=5229"}],"curies":[{"name":"wp","href":"https:\/\/api.w.org\/{rel}","templated":true}]}}