{"id":2078,"date":"2019-03-22T08:05:00","date_gmt":"2019-03-22T06:05:00","guid":{"rendered":"https:\/\/www-devel.nextlog.fi\/logimaps\/"},"modified":"2024-12-16T10:10:56","modified_gmt":"2024-12-16T08:10:56","slug":"logimaps","status":"publish","type":"page","link":"https:\/\/www.nextlog.fi\/sv\/logimaps\/","title":{"rendered":"LogiMaps"},"content":{"rendered":"<div class=\"wpb-content-wrapper\"><p>[vc_row el_class=&#8221;wide-roads-crossing&#8221;][vc_column width=&#8221;9\/12&#8243;][vc_column_text]<\/p>\n<p>&nbsp;<\/p>\n<p>&nbsp;<\/p>\n<p>&nbsp;<\/p>\n<p>&nbsp;<\/p>\n<h1 style=\"color: white; text-align: left;\" title=\"Palvelut\"><strong>LogiMaps:<\/strong> Realtidsuppf\u00f6ljning av transporter<\/h1>\n<p style=\"color: white; text-align: left;\">LogiMaps \u00e4r ett kartprogram, som \u00e4r integrerat med LogiControl.<\/p>\n<div id=\"ts-body\">\n<div class=\"css-52 ts-pivot-container\">\n<div id=\"ContentContainer\">\n<div role=\"tabpanel\" aria-labelledby=\"Pivot1-Tab0\">\n<div class=\"ts-lookup-pivot\">\n<div id=\"Lookup\" class=\"ts-pivot-lookup-component\">\n<div class=\"ms-Grid ts-grid\">\n<div class=\"ms-Grid-row\">\n<div class=\"ts-textfield-container \" lang=\"fi\">\n<div class=\"ts-alignment-view-container\">\n<div id=\"ts-alignment-view-idtgt\" class=\"ts-alignment-view ms-font-m ts-alignment-view-tgt ts-ltr-left-zero\" tabindex=\"0\" aria-hidden=\"false\">\n<div role=\"label\"><\/div>\n<\/div>\n<\/div>\n<\/div>\n<\/div>\n<\/div>\n<\/div>\n<\/div>\n<\/div>\n<\/div>\n<\/div>\n<\/div>\n<p>[\/vc_column_text][\/vc_column][\/vc_row][vc_row][vc_column][vc_column_text]<\/p>\n<p>[\/vc_column_text][\/vc_column][\/vc_row][vc_row][vc_column width=&#8221;5\/12&#8243;][vc_column_text]<\/p>\n<p>&nbsp;<\/p>\n<p>&nbsp;<\/p>\n<h2 style=\"color: black;\"><strong>Karta och Positionering<\/strong><\/h2>\n<p>Programmet h\u00e4mtar och visar last- och orderuppgifter fr\u00e5n LogiControl. LogiControl kan \u00e4ven utnyttja data fr\u00e5n LogiMaps s\u00e5som att h\u00e4mta kartkilometrar till laster och fakturor.<\/p>\n<p>I LogiMaps kan man positionera fordonen samt h\u00e4mta in uppgifter p\u00e5 dessa s\u00e5som n\u00e4sta lastnings- eller lossningsplats och avst\u00e5nd samt tid till denna. Vid behov kan man spela upp historik p\u00e5 hur en viss bil k\u00f6rt under en given tidsperiod.[\/vc_column_text][\/vc_column][vc_column width=&#8221;7\/12&#8243;][vc_column_text]<img loading=\"lazy\" decoding=\"async\" class=\"alignnone wp-image-2189 size-full\" role=\"img\" src=\"https:\/\/www.nextlog.fi\/wp-content\/uploads\/chart-logicontrol-sv.svg\" alt=\"Chart-logimaps-karta-positionering-kartprogram\" width=\"612\" height=\"554\" \/>[\/vc_column_text][\/vc_column][\/vc_row][vc_row][vc_column][vc_column_text]<\/p>\n<p>[\/vc_column_text][\/vc_column][\/vc_row][vc_row][vc_column width=&#8221;1\/5&#8243; el_class=&#8221;application-module logicontrol inactive&#8221;][vc_column_text]<\/p>\n<div class=\"icon\"><a href=\"\/sv\/logicontrol\"><img loading=\"lazy\" decoding=\"async\" class=\"alignnone\" src=\"\/wp-content\/uploads\/\/icon-logicontrol.svg\" alt=\"icon-logicontrol-logimaps-karta-kartprogram\" width=\"80\" height=\"80\" \/><\/a><\/div>\n<div class=\"text\">\n<h4><a href=\"\/sv\/logicontrol\">LogiControl<\/a><\/h4>\n<h5><a href=\"\/sv\/logicontrol\">Transportsystem<\/a><\/h5>\n<\/div>\n<p>[\/vc_column_text][\/vc_column][vc_column width=&#8221;1\/5&#8243; el_class=&#8221;application-module mobile inactive&#8221;][vc_column_text]<\/p>\n<div class=\"icon\"><a href=\"\/sv\/mobile\"><img loading=\"lazy\" decoding=\"async\" class=\"alignnone\" src=\"\/wp-content\/uploads\/icon-mobile.svg\" alt=\"icon-mobile-positionering\" width=\"80\" height=\"80\" \/><\/a><\/div>\n<div class=\"text\">\n<h4><a href=\"\/sv\/mobile\">Mobile<\/a><\/h4>\n<h5><a href=\"\/sv\/mobile\">Applikation f\u00f6r realtidskommunikation<\/a><\/h5>\n<\/div>\n<p>[\/vc_column_text][\/vc_column][vc_column width=&#8221;1\/5&#8243; el_class=&#8221;application-module logiweb inactive&#8221;][vc_column_text]<\/p>\n<div class=\"icon\"><a href=\"\/sv\/logidirect\"><img loading=\"lazy\" decoding=\"async\" class=\"alignnone\" src=\"\/wp-content\/uploads\/icon-logiweb.svg\" alt=\"icon-logiweb\" width=\"80\" height=\"80\" \/><\/a><\/div>\n<div class=\"text\">\n<h4><a href=\"\/sv\/logidirect\">LogiDirect<\/a><\/h4>\n<h5><a href=\"\/sv\/logidirect\">Transportbokningsportal<\/a><\/h5>\n<\/div>\n<p>[\/vc_column_text][\/vc_column][vc_column width=&#8221;1\/5&#8243; el_class=&#8221;application-module logimaps&#8221;][vc_column_text]<\/p>\n<div class=\"icon\"><a href=\"\/sv\/logimaps\"><img loading=\"lazy\" decoding=\"async\" class=\"alignnone\" src=\"\/wp-content\/uploads\/icon-logimaps.svg\" alt=\"icon-logimaps-karta-positionering-kartprogram\" width=\"80\" height=\"80\" \/><\/a><\/div>\n<div class=\"text\">\n<h4><a href=\"\/sv\/logimaps\">LogiMaps<\/a><\/h4>\n<h5><a href=\"\/sv\/logimaps\">Karta och positionering<\/a><\/h5>\n<\/div>\n<p>[\/vc_column_text][\/vc_column][vc_column width=&#8221;1\/5&#8243; el_class=&#8221;application-module integration inactive&#8221;][vc_column_text]<\/p>\n<div class=\"icon\"><a href=\"\/sv\/integration\"><img loading=\"lazy\" decoding=\"async\" class=\"alignnone\" src=\"\/wp-content\/uploads\/icon-integration.svg\" alt=\"icon-integration\" width=\"80\" height=\"80\" \/><\/a><\/div>\n<div class=\"text\">\n<h4><a href=\"\/sv\/integration\">Integration<\/a><\/h4>\n<h5><a href=\"\/sv\/integration\">Integration mellan datasystem<\/a><\/h5>\n<\/div>\n<p>[\/vc_column_text][\/vc_column][\/vc_row][vc_row][vc_column][vc_column_text]<\/p>\n<p>[\/vc_column_text][\/vc_column][\/vc_row][vc_row][vc_column][vc_column_text]<\/p>\n<p>[\/vc_column_text][\/vc_column][\/vc_row][vc_row][vc_column][vc_column_text]<\/p>\n<p>[\/vc_column_text][\/vc_column][\/vc_row][vc_row el_class=&#8221;wide-color wide-color-alternative3&#8243;][vc_column][vc_column_text][\/vc_column_text][\/vc_column][\/vc_row][vc_row el_class=&#8221;wide-color wide-color-alternative3&#8243;][vc_column][vc_column_text]<\/p>\n<h2 style=\"color: #82d2ed; text-align: center;\"><strong>Skicka en f\u00f6rfr\u00e5gan till f\u00f6rs\u00e4ljningen<\/strong><\/h2>\n<p>[\/vc_column_text][\/vc_column][\/vc_row][vc_row el_class=&#8221;wide-color wide-color-alternative3&#8243;][vc_column width=&#8221;2\/12&#8243;][\/vc_column][vc_column width=&#8221;8\/12&#8243;]<style id=\"wpforms-css-vars-4479\">\n\t\t\t\t#wpforms-4479 {\n\t\t\t\t\n\t\t\t}\n\t\t\t<\/style><div class=\"wpforms-container wpforms-container-full logicontrol_basic_form wpforms-render-modern\" id=\"wpforms-4479\"><form id=\"wpforms-form-4479\" class=\"wpforms-validate wpforms-form\" data-formid=\"4479\" method=\"post\" enctype=\"multipart\/form-data\" action=\"\/sv\/wp-json\/wp\/v2\/pages\/2078\" data-token=\"6554435c005f14553e9d848208c414e2\" data-token-time=\"1777574258\"><noscript class=\"wpforms-error-noscript\">Aktivera JavaScript i din webbl\u00e4sare f\u00f6r att fylla i formul\u00e4ret.<\/noscript><div id=\"wpforms-error-noscript\" style=\"display: none;\">Aktivera JavaScript i din webbl\u00e4sare f\u00f6r att fylla i formul\u00e4ret.<\/div><div class=\"wpforms-field-container\"><div id=\"wpforms-4479-field_4-container\" class=\"wpforms-field wpforms-field-text wpforms-one-half wpforms-first\" data-field-id=\"4\"><label class=\"wpforms-field-label\" for=\"wpforms-4479-field_4\">F\u00f6retag <span class=\"wpforms-required-label\" aria-hidden=\"true\">*<\/span><\/label><input type=\"text\" id=\"wpforms-4479-field_4\" class=\"wpforms-field-large wpforms-field-required\" name=\"wpforms[fields][4]\" aria-errormessage=\"wpforms-4479-field_4-error\" required><\/div><div id=\"wpforms-4479-field_1-container\" class=\"wpforms-field wpforms-field-email wpforms-one-half\" data-field-id=\"1\"><label class=\"wpforms-field-label\" for=\"wpforms-4479-field_1\">Email <span class=\"wpforms-required-label\" aria-hidden=\"true\">*<\/span><\/label><input type=\"email\" id=\"wpforms-4479-field_1\" class=\"wpforms-field-large wpforms-field-required\" name=\"wpforms[fields][1]\" spellcheck=\"false\" aria-errormessage=\"wpforms-4479-field_1-error\" required><\/div><div id=\"wpforms-4479-field_0-container\" class=\"wpforms-field wpforms-field-name wpforms-one-half wpforms-first\" data-field-id=\"0\"><label class=\"wpforms-field-label\" for=\"wpforms-4479-field_0\">Namn <span class=\"wpforms-required-label\" aria-hidden=\"true\">*<\/span><\/label><input type=\"text\" id=\"wpforms-4479-field_0\" class=\"wpforms-field-large wpforms-field-required\" name=\"wpforms[fields][0]\" aria-errormessage=\"wpforms-4479-field_0-error\" required><\/div><div id=\"wpforms-4479-field_10-container\" class=\"wpforms-field wpforms-field-text wpforms-one-half\" data-field-id=\"10\"><label class=\"wpforms-field-label\" for=\"wpforms-4479-field_10\">Telefonnummer <span class=\"wpforms-required-label\" aria-hidden=\"true\">*<\/span><\/label><input type=\"text\" id=\"wpforms-4479-field_10\" class=\"wpforms-field-large wpforms-field-required\" name=\"wpforms[fields][10]\" aria-errormessage=\"wpforms-4479-field_10-error\" required><\/div><div id=\"wpforms-4479-field_8-container\" class=\"wpforms-field wpforms-field-text wpforms-one-half wpforms-first\" data-field-id=\"8\"><label class=\"wpforms-field-label\" for=\"wpforms-4479-field_8\">F\u00f6retagets oms\u00e4ttning<\/label><input type=\"text\" id=\"wpforms-4479-field_8\" class=\"wpforms-field-medium\" name=\"wpforms[fields][8]\" aria-errormessage=\"wpforms-4479-field_8-error\" ><\/div><div id=\"wpforms-4479-field_6-container\" class=\"wpforms-field wpforms-field-checkbox wpforms-one-half\" data-field-id=\"6\"><fieldset><legend class=\"wpforms-field-label\">Jag \u00f6nskar kontakt via<\/legend><ul id=\"wpforms-4479-field_6\" data-choice-limit=\"1\"><li class=\"choice-1 depth-1\"><input type=\"checkbox\" id=\"wpforms-4479-field_6_1\" data-rule-check-limit=\"true\" name=\"wpforms[fields][6][]\" value=\"Email\" aria-errormessage=\"wpforms-4479-field_6_1-error\"  ><label class=\"wpforms-field-label-inline\" for=\"wpforms-4479-field_6_1\">Email<\/label><\/li><li class=\"choice-2 depth-1\"><input type=\"checkbox\" id=\"wpforms-4479-field_6_2\" data-rule-check-limit=\"true\" name=\"wpforms[fields][6][]\" value=\"Telefon\" aria-errormessage=\"wpforms-4479-field_6_2-error\"  ><label class=\"wpforms-field-label-inline\" for=\"wpforms-4479-field_6_2\">Telefon<\/label><\/li><\/ul><\/fieldset><\/div><div id=\"wpforms-4479-field_9-container\" class=\"wpforms-field wpforms-field-text wpforms-one-half wpforms-first\" data-field-id=\"9\"><label class=\"wpforms-field-label\" for=\"wpforms-4479-field_9\">Antal fordon<\/label><input type=\"text\" id=\"wpforms-4479-field_9\" class=\"wpforms-field-medium\" name=\"wpforms[fields][9]\" aria-errormessage=\"wpforms-4479-field_9-error\" ><\/div><div id=\"wpforms-4479-field_2-container\" class=\"wpforms-field wpforms-field-textarea\" data-field-id=\"2\"><label class=\"wpforms-field-label\" for=\"wpforms-4479-field_2\">Beskrivning av f\u00f6retagets behov<\/label><textarea id=\"wpforms-4479-field_2\" class=\"wpforms-field-large\" name=\"wpforms[fields][2]\" aria-errormessage=\"wpforms-4479-field_2-error\" ><\/textarea><\/div><\/div><!-- .wpforms-field-container --><div class=\"wpforms-submit-container\" ><input type=\"hidden\" name=\"wpforms[id]\" value=\"4479\"><input type=\"hidden\" name=\"page_title\" value=\"\"><input type=\"hidden\" name=\"page_url\" value=\"https:\/\/www.nextlog.fi\/sv\/wp-json\/wp\/v2\/pages\/2078\"><input type=\"hidden\" name=\"url_referer\" value=\"\"><button type=\"submit\" name=\"wpforms[submit]\" id=\"wpforms-submit-4479\" class=\"wpforms-submit logicontrol_basic_form_button\" data-alt-text=\"Skickar...\" data-submit-text=\"Skicka\" aria-live=\"assertive\" value=\"wpforms-submit\">Skicka<\/button><\/div><\/form><\/div>  <!-- .wpforms-container -->[\/vc_column][vc_column width=&#8221;2\/12&#8243;][\/vc_column][\/vc_row][vc_row el_class=&#8221;wide-color wide-color-alternative3&#8243;][vc_column][vc_column_text][\/vc_column_text][\/vc_column][\/vc_row][vc_row el_class=&#8221;wide-color&#8221;][vc_column width=&#8221;1\/4&#8243;][vc_column_text]<\/p>\n<p>&nbsp;<\/p>\n<p>[\/vc_column_text][vc_column_text]<\/p>\n<h4><strong>Bes\u00f6ksadress<br \/>\n<\/strong><\/h4>\n<table class=\"small\">\n<tbody>\n<tr>\n<th style=\"text-align: left;\">F\u00f6retagarv\u00e4gen 7<\/th>\n<th><\/th>\n<\/tr>\n<tr>\n<td>65610 KORSHOLM<br \/>\nFINLAND<br \/>\n<a href=\"tel:+35863226100\">+358 (0)6 322 6100<\/a><\/td>\n<td><\/td>\n<\/tr>\n<\/tbody>\n<\/table>\n<p>&nbsp;<\/p>\n<h4><strong>V\u00e5r kundsupport betj\u00e4nar<\/strong><\/h4>\n<table class=\"small\">\n<tbody>\n<tr>\n<th>Vardagar (kl 8.00 &#8211; 16.00)<\/th>\n<th><\/th>\n<\/tr>\n<tr>\n<td><a href=\"tel:+35863226100\">+358(0)6 322 6100<\/a><br \/>\n<a href=\"m&#97;&#x69;&#x6c;t&#111;&#58;&#x73;&#x75;p&#112;&#111;&#x72;&#x74;&#64;&#108;&#x6f;&#x67;&#x69;c&#111;&#x6e;&#x74;r&#111;&#108;&#x2e;&#x66;i\">&#115;u&#x70;p&#x6f;r&#x74;&#64;&#x6c;&#111;&#x67;&#105;c&#x6f;n&#x74;r&#x6f;&#108;&#x2e;&#102;&#x69;<\/a><\/td>\n<td><\/td>\n<\/tr>\n<\/tbody>\n<\/table>\n<div class=\"credits\">Copyright \u00a9 Oy NextLog Ab<\/div>\n<p>[\/vc_column_text][\/vc_column][vc_column width=&#8221;1\/4&#8243;][vc_column_text]<\/p>\n<p>&nbsp;<\/p>\n<p>[\/vc_column_text][vc_column_text]<\/p>\n<h4><strong>LogiControl erbjuder anpassnings\u00adm\u00f6jligheter<\/strong><\/h4>\n<table class=\"small\">\n<tbody>\n<tr>\n<th style=\"text-align: left;\"><\/th>\n<th><\/th>\n<\/tr>\n<tr>\n<td style=\"text-align: left;\"><a class=\"large-icon\" href=\"\/sv\/logicontrol\/\"><img loading=\"lazy\" decoding=\"async\" class=\"animate-link alignleft wp-image-4889\" role=\"img\" src=\"\/wp-content\/uploads\/blue-arrow-forward.svg\" alt=\"Arrow-lue-lis\u00e4\u00e4-basic\" width=\"35\" height=\"35\" \/><\/a><a href=\"\/sv\/logicontrol\/\">V\u00e4lj de egenskaper<br \/>\nsom du beh\u00f6ver<\/a><\/td>\n<td><\/td>\n<\/tr>\n<\/tbody>\n<\/table>\n<p>[\/vc_column_text][\/vc_column][vc_column width=&#8221;1\/4&#8243;][vc_column_text]<\/p>\n<p>&nbsp;<\/p>\n<p>[\/vc_column_text][vc_column_text]<\/p>\n<h4><a href=\"\/sv\/\">Hem<\/a><\/h4>\n<table class=\"small\">\n<tbody>\n<tr>\n<th style=\"text-align: left;\"><\/th>\n<th><\/th>\n<\/tr>\n<tr>\n<td><a href=\"\/sv\/kontakta-oss\">Kontakta oss<\/a><br \/>\n<a href=\"\/sv\/referenser\/\">Referenser<\/a><br \/>\n<a href=\"\/sv\/nextlog\/\">NextLog<\/a><br \/>\n<a href=\"\/sv\/rekry\/\">Rekry<\/a><br \/>\n<a href=\"\/sv\/nyheter\">Nyheter<\/a><br \/>\n<a href=\"\/sv\/kunskapsbank\/\">Kunskapsbank<\/a><\/td>\n<td><\/td>\n<\/tr>\n<\/tbody>\n<\/table>\n<h4><\/h4>\n<p>[\/vc_column_text][\/vc_column][vc_column width=&#8221;1\/4&#8243;][vc_column_text]<\/p>\n<p>&nbsp;<\/p>\n<p>[\/vc_column_text][vc_column_text]<\/p>\n<h4><strong>F\u00f6lj oss<\/strong><\/h4>\n<h4><a href=\"https:\/\/www.linkedin.com\/company\/nextlog\" target=\"_blank\" rel=\"noopener noreferrer\"><img loading=\"lazy\" decoding=\"async\" class=\"alignnone wp-image-4002\" role=\"img\" src=\"https:\/\/www.nextlog.fi\/wp-content\/uploads\/Linkedin-fyrkant.svg\" alt=\"NextLog-LinkedIn-button\" width=\"66\" height=\"65\" \/><\/a> \u00a0<a href=\"https:\/\/www.instagram.com\/nextlog_fi\/\" target=\"_blank\" rel=\"noopener noreferrer\"><img loading=\"lazy\" decoding=\"async\" class=\"alignnone wp-image-3999\" role=\"img\" src=\"https:\/\/www.nextlog.fi\/wp-content\/uploads\/Instagram.svg\" alt=\"NextLog-Instagram-button\" width=\"66\" height=\"65\" \/><\/a><\/h4>\n<h4><a href=\"\/sv\/prenumeration\"><img loading=\"lazy\" decoding=\"async\" class=\"alignnone wp-image-4101\" role=\"img\" src=\"https:\/\/www.nextlog.fi\/wp-content\/uploads\/Prenumerera-pa-vart-nyhetsbrev.svg\" alt=\"Prenumerera-p\u00e5-v\u00e5rt-nyhetsbrev-knapp\" width=\"208\" height=\"65\" \/><\/a><\/h4>\n<h4><a href=\"\/sv\/dataskyddsbeskrivning\">Dataskyddsbeskrivning<\/a><\/h4>\n<p>[\/vc_column_text][vc_column_text]<\/p>\n<p>&nbsp;<\/p>\n<p>[\/vc_column_text][vc_column_text]<img loading=\"lazy\" decoding=\"async\" class=\"wp-image-7475 alignnone\" src=\"\/wp-content\/uploads\/AAA-logo-2024-SE-transparent.png\" alt=\"AAA\" width=\"270\" height=\"170\" srcset=\"https:\/\/www.nextlog.fi\/wp-content\/uploads\/AAA-logo-2024-SE-transparent.png 899w, https:\/\/www.nextlog.fi\/wp-content\/uploads\/AAA-logo-2024-SE-transparent-300x189.png 300w\" sizes=\"auto, (max-width: 270px) 100vw, 270px\" \/>[\/vc_column_text][\/vc_column][\/vc_row]<\/p>\n<\/div>","protected":false},"excerpt":{"rendered":"<p>[vc_row el_class=&#8221;wide-roads-crossing&#8221;][vc_column width=&#8221;9\/12&#8243;][vc_column_text] &nbsp; &nbsp; &nbsp; &nbsp; LogiMaps: Realtidsuppf\u00f6ljning av transporter LogiMaps \u00e4r ett kartprogram, som \u00e4r integrerat med LogiControl. [\/vc_column_text][\/vc_column][\/vc_row][vc_row][vc_column][vc_column_text] [\/vc_column_text][\/vc_column][\/vc_row][vc_row][vc_column width=&#8221;5\/12&#8243;][vc_column_text] &nbsp; &nbsp; Karta och Positionering Programmet h\u00e4mtar och visar last- och orderuppgifter fr\u00e5n LogiControl. LogiControl kan \u00e4ven utnyttja data fr\u00e5n LogiMaps s\u00e5som att h\u00e4mta kartkilometrar till laster och fakturor. I LogiMaps kan [&hellip;]<\/p>\n","protected":false},"author":2,"featured_media":7281,"parent":0,"menu_order":0,"comment_status":"closed","ping_status":"closed","template":"","meta":{"_exactmetrics_skip_tracking":false,"_exactmetrics_sitenote_active":false,"_exactmetrics_sitenote_note":"","_exactmetrics_sitenote_category":0,"footnotes":""},"class_list":["post-2078","page","type-page","status-publish","hentry"],"yoast_head":"<!-- This site is optimized with the Yoast SEO Premium plugin v25.7.1 (Yoast SEO v25.7) - https:\/\/yoast.com\/wordpress\/plugins\/seo\/ -->\n<title>LogiMaps: Realtidsuppf\u00f6ljning av transporter (Karta och Positionering) -<\/title>\n<meta name=\"description\" content=\"LogiMaps \u00e4r ett kartprogram (karta och positionering),\u00a0som \u00e4r integrerat med LogiControl och m\u00f6jligg\u00f6r realtidsuppf\u00f6ljning av transporter. Systemet h\u00e4mtar och visar\u00a0last- och orderuppgifter fr\u00e5n LogiControl.\" \/>\n<meta name=\"robots\" content=\"index, follow, max-snippet:-1, max-image-preview:large, max-video-preview:-1\" \/>\n<link rel=\"canonical\" href=\"https:\/\/www-devel.nextlog.fi\/sv\/logimaps\/\" \/>\n<meta property=\"og:locale\" content=\"sv_SE\" \/>\n<meta property=\"og:type\" content=\"article\" \/>\n<meta property=\"og:title\" content=\"LogiMaps\" \/>\n<meta property=\"og:description\" content=\"LogiMaps \u00e4r ett kartprogram (karta och positionering),\u00a0som \u00e4r integrerat med LogiControl och m\u00f6jligg\u00f6r realtidsuppf\u00f6ljning av transporter. Systemet h\u00e4mtar och visar\u00a0last- och orderuppgifter fr\u00e5n LogiControl.\" \/>\n<meta property=\"og:url\" content=\"https:\/\/www-devel.nextlog.fi\/sv\/logimaps\/\" \/>\n<meta property=\"og:site_name\" content=\"NextLog\" \/>\n<meta property=\"article:modified_time\" content=\"2024-12-16T08:10:56+00:00\" \/>\n<meta property=\"og:image\" content=\"https:\/\/www-devel.nextlog.fi\/wp-content\/uploads\/roads-crossing-lowres.jpg\" \/>\n\t<meta property=\"og:image:width\" content=\"2560\" \/>\n\t<meta property=\"og:image:height\" content=\"1706\" \/>\n\t<meta property=\"og:image:type\" content=\"image\/jpeg\" \/>\n<meta name=\"twitter:card\" content=\"summary_large_image\" \/>\n<meta name=\"twitter:label1\" content=\"Ber\u00e4knad l\u00e4stid\" \/>\n\t<meta name=\"twitter:data1\" content=\"4 minuter\" \/>\n<script type=\"application\/ld+json\" class=\"yoast-schema-graph\">{\"@context\":\"https:\/\/schema.org\",\"@graph\":[{\"@type\":\"WebPage\",\"@id\":\"https:\/\/www-devel.nextlog.fi\/sv\/logimaps\/\",\"url\":\"https:\/\/www-devel.nextlog.fi\/sv\/logimaps\/\",\"name\":\"LogiMaps: Realtidsuppf\u00f6ljning av transporter (Karta och Positionering) -\",\"isPartOf\":{\"@id\":\"https:\/\/www.nextlog.fi\/#website\"},\"primaryImageOfPage\":{\"@id\":\"https:\/\/www-devel.nextlog.fi\/sv\/logimaps\/#primaryimage\"},\"image\":{\"@id\":\"https:\/\/www-devel.nextlog.fi\/sv\/logimaps\/#primaryimage\"},\"thumbnailUrl\":\"https:\/\/www.nextlog.fi\/wp-content\/uploads\/roads-crossing-lowres.jpg\",\"datePublished\":\"2019-03-22T06:05:00+00:00\",\"dateModified\":\"2024-12-16T08:10:56+00:00\",\"description\":\"LogiMaps \u00e4r ett kartprogram (karta och positionering),\u00a0som \u00e4r integrerat med LogiControl och m\u00f6jligg\u00f6r realtidsuppf\u00f6ljning av transporter. Systemet h\u00e4mtar och visar\u00a0last- och orderuppgifter fr\u00e5n LogiControl.\",\"breadcrumb\":{\"@id\":\"https:\/\/www-devel.nextlog.fi\/sv\/logimaps\/#breadcrumb\"},\"inLanguage\":\"sv-SE\",\"potentialAction\":[{\"@type\":\"ReadAction\",\"target\":[\"https:\/\/www-devel.nextlog.fi\/sv\/logimaps\/\"]}]},{\"@type\":\"ImageObject\",\"inLanguage\":\"sv-SE\",\"@id\":\"https:\/\/www-devel.nextlog.fi\/sv\/logimaps\/#primaryimage\",\"url\":\"https:\/\/www.nextlog.fi\/wp-content\/uploads\/roads-crossing-lowres.jpg\",\"contentUrl\":\"https:\/\/www.nextlog.fi\/wp-content\/uploads\/roads-crossing-lowres.jpg\",\"width\":2560,\"height\":1706,\"caption\":\"Night highway with streetlights beautiful.\"},{\"@type\":\"BreadcrumbList\",\"@id\":\"https:\/\/www-devel.nextlog.fi\/sv\/logimaps\/#breadcrumb\",\"itemListElement\":[{\"@type\":\"ListItem\",\"position\":1,\"name\":\"Etusivu\",\"item\":\"https:\/\/www.nextlog.fi\/sv\/\"},{\"@type\":\"ListItem\",\"position\":2,\"name\":\"LogiMaps\"}]},{\"@type\":\"WebSite\",\"@id\":\"https:\/\/www.nextlog.fi\/#website\",\"url\":\"https:\/\/www.nextlog.fi\/\",\"name\":\"NextLog\",\"description\":\"Transport Management System (TMS) for Efficient Logistics\",\"potentialAction\":[{\"@type\":\"SearchAction\",\"target\":{\"@type\":\"EntryPoint\",\"urlTemplate\":\"https:\/\/www.nextlog.fi\/?s={search_term_string}\"},\"query-input\":{\"@type\":\"PropertyValueSpecification\",\"valueRequired\":true,\"valueName\":\"search_term_string\"}}],\"inLanguage\":\"sv-SE\"}]}<\/script>\n<!-- \/ Yoast SEO Premium plugin. -->","yoast_head_json":{"title":"LogiMaps: Realtidsuppf\u00f6ljning av transporter (Karta och Positionering) -","description":"LogiMaps \u00e4r ett kartprogram (karta och positionering),\u00a0som \u00e4r integrerat med LogiControl och m\u00f6jligg\u00f6r realtidsuppf\u00f6ljning av transporter. Systemet h\u00e4mtar och visar\u00a0last- och orderuppgifter fr\u00e5n LogiControl.","robots":{"index":"index","follow":"follow","max-snippet":"max-snippet:-1","max-image-preview":"max-image-preview:large","max-video-preview":"max-video-preview:-1"},"canonical":"https:\/\/www-devel.nextlog.fi\/sv\/logimaps\/","og_locale":"sv_SE","og_type":"article","og_title":"LogiMaps","og_description":"LogiMaps \u00e4r ett kartprogram (karta och positionering),\u00a0som \u00e4r integrerat med LogiControl och m\u00f6jligg\u00f6r realtidsuppf\u00f6ljning av transporter. Systemet h\u00e4mtar och visar\u00a0last- och orderuppgifter fr\u00e5n LogiControl.","og_url":"https:\/\/www-devel.nextlog.fi\/sv\/logimaps\/","og_site_name":"NextLog","article_modified_time":"2024-12-16T08:10:56+00:00","og_image":[{"width":2560,"height":1706,"url":"https:\/\/www-devel.nextlog.fi\/wp-content\/uploads\/roads-crossing-lowres.jpg","type":"image\/jpeg"}],"twitter_card":"summary_large_image","twitter_misc":{"Ber\u00e4knad l\u00e4stid":"4 minuter"},"schema":{"@context":"https:\/\/schema.org","@graph":[{"@type":"WebPage","@id":"https:\/\/www-devel.nextlog.fi\/sv\/logimaps\/","url":"https:\/\/www-devel.nextlog.fi\/sv\/logimaps\/","name":"LogiMaps: Realtidsuppf\u00f6ljning av transporter (Karta och Positionering) -","isPartOf":{"@id":"https:\/\/www.nextlog.fi\/#website"},"primaryImageOfPage":{"@id":"https:\/\/www-devel.nextlog.fi\/sv\/logimaps\/#primaryimage"},"image":{"@id":"https:\/\/www-devel.nextlog.fi\/sv\/logimaps\/#primaryimage"},"thumbnailUrl":"https:\/\/www.nextlog.fi\/wp-content\/uploads\/roads-crossing-lowres.jpg","datePublished":"2019-03-22T06:05:00+00:00","dateModified":"2024-12-16T08:10:56+00:00","description":"LogiMaps \u00e4r ett kartprogram (karta och positionering),\u00a0som \u00e4r integrerat med LogiControl och m\u00f6jligg\u00f6r realtidsuppf\u00f6ljning av transporter. Systemet h\u00e4mtar och visar\u00a0last- och orderuppgifter fr\u00e5n LogiControl.","breadcrumb":{"@id":"https:\/\/www-devel.nextlog.fi\/sv\/logimaps\/#breadcrumb"},"inLanguage":"sv-SE","potentialAction":[{"@type":"ReadAction","target":["https:\/\/www-devel.nextlog.fi\/sv\/logimaps\/"]}]},{"@type":"ImageObject","inLanguage":"sv-SE","@id":"https:\/\/www-devel.nextlog.fi\/sv\/logimaps\/#primaryimage","url":"https:\/\/www.nextlog.fi\/wp-content\/uploads\/roads-crossing-lowres.jpg","contentUrl":"https:\/\/www.nextlog.fi\/wp-content\/uploads\/roads-crossing-lowres.jpg","width":2560,"height":1706,"caption":"Night highway with streetlights beautiful."},{"@type":"BreadcrumbList","@id":"https:\/\/www-devel.nextlog.fi\/sv\/logimaps\/#breadcrumb","itemListElement":[{"@type":"ListItem","position":1,"name":"Etusivu","item":"https:\/\/www.nextlog.fi\/sv\/"},{"@type":"ListItem","position":2,"name":"LogiMaps"}]},{"@type":"WebSite","@id":"https:\/\/www.nextlog.fi\/#website","url":"https:\/\/www.nextlog.fi\/","name":"NextLog","description":"Transport Management System (TMS) for Efficient Logistics","potentialAction":[{"@type":"SearchAction","target":{"@type":"EntryPoint","urlTemplate":"https:\/\/www.nextlog.fi\/?s={search_term_string}"},"query-input":{"@type":"PropertyValueSpecification","valueRequired":true,"valueName":"search_term_string"}}],"inLanguage":"sv-SE"}]}},"_links":{"self":[{"href":"https:\/\/www.nextlog.fi\/sv\/wp-json\/wp\/v2\/pages\/2078","targetHints":{"allow":["GET"]}}],"collection":[{"href":"https:\/\/www.nextlog.fi\/sv\/wp-json\/wp\/v2\/pages"}],"about":[{"href":"https:\/\/www.nextlog.fi\/sv\/wp-json\/wp\/v2\/types\/page"}],"author":[{"embeddable":true,"href":"https:\/\/www.nextlog.fi\/sv\/wp-json\/wp\/v2\/users\/2"}],"replies":[{"embeddable":true,"href":"https:\/\/www.nextlog.fi\/sv\/wp-json\/wp\/v2\/comments?post=2078"}],"version-history":[{"count":0,"href":"https:\/\/www.nextlog.fi\/sv\/wp-json\/wp\/v2\/pages\/2078\/revisions"}],"wp:featuredmedia":[{"embeddable":true,"href":"https:\/\/www.nextlog.fi\/sv\/wp-json\/wp\/v2\/media\/7281"}],"wp:attachment":[{"href":"https:\/\/www.nextlog.fi\/sv\/wp-json\/wp\/v2\/media?parent=2078"}],"curies":[{"name":"wp","href":"https:\/\/api.w.org\/{rel}","templated":true}]}}