{"id":2090,"date":"2019-03-22T08:09:53","date_gmt":"2019-03-22T06:09:53","guid":{"rendered":"https:\/\/www-devel.nextlog.fi\/tjanster\/"},"modified":"2024-12-16T10:13:10","modified_gmt":"2024-12-16T08:13:10","slug":"tjanster","status":"publish","type":"page","link":"https:\/\/www.nextlog.fi\/sv\/tjanster\/","title":{"rendered":"Tj\u00e4nster"},"content":{"rendered":"<div class=\"wpb-content-wrapper\"><p>[vc_row el_class=&#8221;wide-recruitment&#8221;][vc_column width=&#8221;2\/3&#8243;][vc_column_text]<\/p>\n<p>&nbsp;<\/p>\n<p>&nbsp;<\/p>\n<p>&nbsp;<\/p>\n<p>&nbsp;<\/p>\n<h1 style=\"color: white; text-align: left;\"><strong>Tj\u00e4nster<\/strong><\/h1>\n<p style=\"text-align: left;\">Vi erbjuder tj\u00e4nster s\u00e5som anv\u00e4ndarskolning, konsultering, skr\u00e4ddarsydda l\u00f6sningar samt kvalitativ och effektiv kundsupport.<\/p>\n<p>[\/vc_column_text][\/vc_column][\/vc_row][vc_row][vc_column][vc_column_text]<\/p>\n<p>[\/vc_column_text][\/vc_column][\/vc_row][vc_row][vc_column width=&#8221;1\/4&#8243;][vc_column_text]<\/p>\n<h4 style=\"text-align: left;\"><img loading=\"lazy\" decoding=\"async\" class=\"alignnone wp-image-4082\" role=\"img\" src=\"https:\/\/www.nextlog.fi\/wp-content\/uploads\/blue-black-workplace.svg\" alt=\"anv\u00e4ndarskolning-tj\u00e4nster-program\" width=\"80\" height=\"80\" \/><\/h4>\n<h4 style=\"text-align: left;\">Anv\u00e4ndarskolning<\/h4>\n<p>Anv\u00e4ndarskolning i samband med ibruktagningen utf\u00f6rs av personer, som \u00e4r v\u00e4l f\u00f6rtrogna med b\u00e5de transportbranschen och LogiControl.[\/vc_column_text][\/vc_column][vc_column width=&#8221;1\/4&#8243;][vc_column_text]<\/p>\n<h4><img loading=\"lazy\" decoding=\"async\" class=\"alignnone wp-image-4079\" role=\"img\" src=\"https:\/\/www.nextlog.fi\/wp-content\/uploads\/blue-black-chart_line.svg\" alt=\"konsultering-tj\u00e4nster-transportbranschen-l\u00f6sningar\" width=\"80\" height=\"80\" \/><\/h4>\n<h4>Konsultering<\/h4>\n<p>Vi kan ocks\u00e5 erbjuda konsultering i form av behovsanalyser g\u00e4llande dataprogram, genomg\u00e5ng och effektivering av f\u00f6retagets rutiner och anpassande samt implementering av dessa till v\u00e5ra program.[\/vc_column_text][\/vc_column][vc_column width=&#8221;1\/4&#8243;][vc_column_text]<\/p>\n<h4><img loading=\"lazy\" decoding=\"async\" class=\"alignnone wp-image-4071\" role=\"img\" src=\"https:\/\/www.nextlog.fi\/wp-content\/uploads\/blue-black-tools.svg\" alt=\"Skr\u00e4ddarsydda-l\u00f6sningar-tj\u00e4nster-transportbranschen\" width=\"80\" height=\"80\" \/><\/h4>\n<h4>Skr\u00e4ddarsydda l\u00f6sningar<\/h4>\n<p>Om f\u00f6retaget har s\u00e5dana funktioner och rutiner som kr\u00e4ver speciall\u00f6sningar ut\u00f6ver de, som finns i v\u00e5ra f\u00e4rdiga program, s\u00e5 definierar vi dessa tillsammans med kunden och skr\u00e4ddarsyr enligt uppgjorda specifikationer.[\/vc_column_text][\/vc_column][vc_column width=&#8221;1\/4&#8243;][vc_column_text]<\/p>\n<h4><img loading=\"lazy\" decoding=\"async\" class=\"alignnone wp-image-4076\" role=\"img\" src=\"https:\/\/www.nextlog.fi\/wp-content\/uploads\/blue-black-user_headset.svg\" alt=\"Kundsupport-tj\u00e4nster-transportbranschen-program\" width=\"80\" height=\"80\" \/><\/h4>\n<h4>Kundsupport<\/h4>\n<p style=\"text-align: left;\">V\u00e5rt m\u00e5l \u00e4r att erbjuda v\u00e5ra kunder kvalitativ, snabb och tillm\u00f6tesg\u00e5ende support. Vi bryr oss om att l\u00f6sa era problem och vill att ni alltid ska f\u00e5 kompetenta svar p\u00e5 era fr\u00e5gor. Vi finns tillg\u00e4ngliga via telefon och e-post kl. 8.00-16.00 varje vardag.<\/p>\n<p>[\/vc_column_text][\/vc_column][\/vc_row][vc_row][vc_column][vc_column_text][\/vc_column_text][\/vc_column][\/vc_row][vc_row][vc_column][vc_column_text]<\/p>\n<p>[\/vc_column_text][\/vc_column][\/vc_row][vc_row el_class=&#8221;wide-color wide-color-alternative1&#8243;][vc_column][vc_column_text][\/vc_column_text][\/vc_column][\/vc_row][vc_row el_class=&#8221;wide-color wide-color-alternative1 ; wrap-reverse&#8221;][vc_column width=&#8221;1\/2&#8243;][vc_column_inner][vc_column_text]<\/p>\n<p><img loading=\"lazy\" decoding=\"async\" class=\"wp-image-4933 aligncenter\" src=\"https:\/\/www.nextlog.fi\/wp-content\/uploads\/\/newsletter-300x300.png\" alt=\"uutiskirje-nextlog\" width=\"300\" height=\"300\" srcset=\"https:\/\/www.nextlog.fi\/wp-content\/uploads\/newsletter-300x300.png 300w, https:\/\/www.nextlog.fi\/wp-content\/uploads\/newsletter-1024x1024.png 1024w, https:\/\/www.nextlog.fi\/wp-content\/uploads\/newsletter-150x150.png 150w, https:\/\/www.nextlog.fi\/wp-content\/uploads\/newsletter.png 1280w\" sizes=\"auto, (max-width: 300px) 100vw, 300px\" \/><\/p>\n<p>[\/vc_column_text][\/vc_column_inner][\/vc_column][vc_column width=&#8221;1\/2&#8243;][vc_column_text]<\/p>\n<p>&nbsp;<\/p>\n<h2 style=\"color: white;\">Prenumerera p\u00e5 v\u00e5rt nyhetsbrev<\/h2>\n<p style=\"color: white;\">Vi skickar ut nyhetsbrev med j\u00e4mna mellanrum. Genom att prenumerera p\u00e5 brevet f\u00f6rs\u00e4krar du dig om att du inte missar v\u00e4rdefull information fr\u00e5n IT- och logistikbranschen.<\/p>\n<p><a href=\"\/sv\/prenumeration\"><img loading=\"lazy\" decoding=\"async\" class=\"animate-link alignnone wp-image-4101\" role=\"img\" src=\"https:\/\/www.nextlog.fi\/wp-content\/uploads\/\/Prenumerera-pa-vart-nyhetsbrev.svg\" alt=\"Prenumerera-p\u00e5-v\u00e5rt-nyhetsbrev-knapp\" width=\"208\" height=\"65\" \/><\/a>[\/vc_column_text][\/vc_column][vc_column width=&#8221;1\/4&#8243;][\/vc_column][\/vc_row][vc_row el_class=&#8221;wide-color wide-color-alternative1&#8243;][vc_column][vc_column_text]<\/p>\n<p>[\/vc_column_text][\/vc_column][\/vc_row][vc_row el_class=&#8221;wide-color&#8221;][vc_column width=&#8221;1\/4&#8243;][vc_column_text]<\/p>\n<p>&nbsp;<\/p>\n<p>[\/vc_column_text][vc_column_text]<\/p>\n<h4><strong>Bes\u00f6ksadress<br \/>\n<\/strong><\/h4>\n<table class=\"small\">\n<tbody>\n<tr>\n<th style=\"text-align: left;\">F\u00f6retagarv\u00e4gen 7<\/th>\n<th><\/th>\n<\/tr>\n<tr>\n<td>65610 KORSHOLM<br \/>\nFINLAND<br \/>\n<a href=\"tel:+35863226100\">+358 (0)6 322 6100<\/a><\/td>\n<td><\/td>\n<\/tr>\n<\/tbody>\n<\/table>\n<p>&nbsp;<\/p>\n<h4><strong>V\u00e5r kundsupport betj\u00e4nar<\/strong><\/h4>\n<table class=\"small\">\n<tbody>\n<tr>\n<th>Vardagar (kl 8.00 &#8211; 16.00)<\/th>\n<th><\/th>\n<\/tr>\n<tr>\n<td><a href=\"tel:+35863226100\">+358(0)6 322 6100<\/a><br \/>\n<a href=\"&#x6d;a&#x69;&#108;&#x74;&#x6f;:&#x73;&#117;&#x70;&#x70;o&#x72;&#116;&#x40;&#x6c;o&#x67;&#105;&#x63;&#x6f;n&#x74;&#114;&#x6f;&#x6c;&#46;&#x66;&#105;\">&#115;&#x75;&#112;&#x70;&#111;&#x72;&#116;&#x40;&#108;&#x6f;&#103;&#x69;&#99;&#x6f;&#110;&#x74;&#114;&#x6f;&#108;&#x2e;&#102;&#x69;<\/a><\/td>\n<td><\/td>\n<\/tr>\n<\/tbody>\n<\/table>\n<div class=\"credits\">Copyright \u00a9 Oy NextLog Ab<\/div>\n<p>[\/vc_column_text][\/vc_column][vc_column width=&#8221;1\/4&#8243;][vc_column_text]<\/p>\n<p>&nbsp;<\/p>\n<p>[\/vc_column_text][vc_column_text]<\/p>\n<h4><strong>LogiControl erbjuder anpassnings\u00adm\u00f6jligheter<\/strong><\/h4>\n<table class=\"small\">\n<tbody>\n<tr>\n<th style=\"text-align: left;\"><\/th>\n<th><\/th>\n<\/tr>\n<tr>\n<td style=\"text-align: left;\"><a class=\"large-icon\" href=\"\/sv\/logicontrol\/\"><img loading=\"lazy\" decoding=\"async\" class=\"animate-link alignleft wp-image-4889\" role=\"img\" src=\"\/wp-content\/uploads\/blue-arrow-forward.svg\" alt=\"Arrow-lue-lis\u00e4\u00e4-basic\" width=\"35\" height=\"35\" \/><\/a><a href=\"\/sv\/logicontrol\/\">V\u00e4lj de egenskaper<br \/>\nsom du beh\u00f6ver<\/a><\/td>\n<td><\/td>\n<\/tr>\n<\/tbody>\n<\/table>\n<p>[\/vc_column_text][\/vc_column][vc_column width=&#8221;1\/4&#8243;][vc_column_text]<\/p>\n<p>&nbsp;<\/p>\n<p>[\/vc_column_text][vc_column_text]<\/p>\n<h4><a href=\"\/sv\/\">Hem<\/a><\/h4>\n<table class=\"small\">\n<tbody>\n<tr>\n<th style=\"text-align: left;\"><\/th>\n<th><\/th>\n<\/tr>\n<tr>\n<td><a href=\"\/sv\/kontakta-oss\">Kontakta oss<\/a><br \/>\n<a href=\"\/sv\/referenser\/\">Referenser<\/a><br \/>\n<a href=\"\/sv\/nextlog\/\">NextLog<\/a><br \/>\n<a href=\"\/sv\/rekry\/\">Rekry<\/a><br \/>\n<a href=\"\/sv\/nyheter\">Nyheter<\/a><br \/>\n<a href=\"\/sv\/kunskapsbank\/\">Kunskapsbank<\/a><\/td>\n<td><\/td>\n<\/tr>\n<\/tbody>\n<\/table>\n<h4><\/h4>\n<p>[\/vc_column_text][\/vc_column][vc_column width=&#8221;1\/4&#8243;][vc_column_text]<\/p>\n<p>&nbsp;<\/p>\n<p>[\/vc_column_text][vc_column_text]<\/p>\n<h4><strong>F\u00f6lj oss<\/strong><\/h4>\n<h4><a href=\"https:\/\/www.linkedin.com\/company\/nextlog\" target=\"_blank\" rel=\"noopener noreferrer\"><img loading=\"lazy\" decoding=\"async\" class=\"alignnone wp-image-4002\" role=\"img\" src=\"https:\/\/www.nextlog.fi\/wp-content\/uploads\/Linkedin-fyrkant.svg\" alt=\"NextLog-LinkedIn-button\" width=\"66\" height=\"65\" \/><\/a> \u00a0<a href=\"https:\/\/www.instagram.com\/nextlog_fi\/\" target=\"_blank\" rel=\"noopener noreferrer\"><img loading=\"lazy\" decoding=\"async\" class=\"alignnone wp-image-3999\" role=\"img\" src=\"https:\/\/www.nextlog.fi\/wp-content\/uploads\/Instagram.svg\" alt=\"NextLog-Instagram-button\" width=\"66\" height=\"65\" \/><\/a><\/h4>\n<h4><a href=\"\/sv\/prenumeration\"><img loading=\"lazy\" decoding=\"async\" class=\"alignnone wp-image-4101\" role=\"img\" src=\"https:\/\/www.nextlog.fi\/wp-content\/uploads\/Prenumerera-pa-vart-nyhetsbrev.svg\" alt=\"Prenumerera-p\u00e5-v\u00e5rt-nyhetsbrev-knapp\" width=\"208\" height=\"65\" \/><\/a><\/h4>\n<h4><a href=\"\/sv\/dataskyddsbeskrivning\">Dataskyddsbeskrivning<\/a><\/h4>\n<p>[\/vc_column_text][vc_column_text]<\/p>\n<p>&nbsp;<\/p>\n<p>[\/vc_column_text][vc_column_text]<img loading=\"lazy\" decoding=\"async\" class=\"wp-image-7475 alignnone\" src=\"\/wp-content\/uploads\/AAA-logo-2024-SE-transparent.png\" alt=\"AAA\" width=\"270\" height=\"170\" srcset=\"https:\/\/www.nextlog.fi\/wp-content\/uploads\/AAA-logo-2024-SE-transparent.png 899w, https:\/\/www.nextlog.fi\/wp-content\/uploads\/AAA-logo-2024-SE-transparent-300x189.png 300w\" sizes=\"auto, (max-width: 270px) 100vw, 270px\" \/>[\/vc_column_text][\/vc_column][\/vc_row]<\/p>\n<\/div>","protected":false},"excerpt":{"rendered":"<p>[vc_row el_class=&#8221;wide-recruitment&#8221;][vc_column width=&#8221;2\/3&#8243;][vc_column_text] &nbsp; &nbsp; &nbsp; &nbsp; Tj\u00e4nster Vi erbjuder tj\u00e4nster s\u00e5som anv\u00e4ndarskolning, konsultering, skr\u00e4ddarsydda l\u00f6sningar samt kvalitativ och effektiv kundsupport. [\/vc_column_text][\/vc_column][\/vc_row][vc_row][vc_column][vc_column_text] [\/vc_column_text][\/vc_column][\/vc_row][vc_row][vc_column width=&#8221;1\/4&#8243;][vc_column_text] Anv\u00e4ndarskolning Anv\u00e4ndarskolning i samband med ibruktagningen utf\u00f6rs av personer, som \u00e4r v\u00e4l f\u00f6rtrogna med b\u00e5de transportbranschen och LogiControl.[\/vc_column_text][\/vc_column][vc_column width=&#8221;1\/4&#8243;][vc_column_text] Konsultering Vi kan ocks\u00e5 erbjuda konsultering i form av behovsanalyser g\u00e4llande dataprogram, [&hellip;]<\/p>\n","protected":false},"author":2,"featured_media":6328,"parent":0,"menu_order":0,"comment_status":"closed","ping_status":"closed","template":"","meta":{"_exactmetrics_skip_tracking":false,"_exactmetrics_sitenote_active":false,"_exactmetrics_sitenote_note":"","_exactmetrics_sitenote_category":0,"footnotes":""},"class_list":["post-2090","page","type-page","status-publish","hentry"],"yoast_head":"<!-- This site is optimized with the Yoast SEO Premium plugin v25.7.1 (Yoast SEO v25.7) - https:\/\/yoast.com\/wordpress\/plugins\/seo\/ -->\n<title>Tj\u00e4nster -<\/title>\n<meta name=\"description\" content=\"Vi erbjuder tj\u00e4nster s\u00e5som anv\u00e4ndarskolning, konsulteringar, skr\u00e4ddarsydda l\u00f6sningar i v\u00e5rt program LogiControl samt kundsupport f\u00f6r transportbranschen..\" \/>\n<meta name=\"robots\" content=\"index, follow, max-snippet:-1, max-image-preview:large, max-video-preview:-1\" \/>\n<link rel=\"canonical\" href=\"https:\/\/www-devel.nextlog.fi\/sv\/tjanster\/\" \/>\n<meta property=\"og:locale\" content=\"sv_SE\" \/>\n<meta property=\"og:type\" content=\"article\" \/>\n<meta property=\"og:title\" content=\"Tj\u00e4nster\" \/>\n<meta property=\"og:description\" content=\"Vi erbjuder tj\u00e4nster s\u00e5som anv\u00e4ndarskolning, konsulteringar, skr\u00e4ddarsydda l\u00f6sningar i v\u00e5rt program LogiControl samt kundsupport f\u00f6r transportbranschen..\" \/>\n<meta property=\"og:url\" content=\"https:\/\/www-devel.nextlog.fi\/sv\/tjanster\/\" \/>\n<meta property=\"og:site_name\" content=\"NextLog\" \/>\n<meta property=\"article:modified_time\" content=\"2024-12-16T08:13:10+00:00\" \/>\n<meta property=\"og:image\" content=\"https:\/\/www-devel.nextlog.fi\/wp-content\/uploads\/rekry.jpg\" \/>\n\t<meta property=\"og:image:width\" content=\"2560\" \/>\n\t<meta property=\"og:image:height\" content=\"1438\" \/>\n\t<meta property=\"og:image:type\" content=\"image\/jpeg\" \/>\n<meta name=\"twitter:card\" content=\"summary_large_image\" \/>\n<meta name=\"twitter:label1\" content=\"Ber\u00e4knad l\u00e4stid\" \/>\n\t<meta name=\"twitter:data1\" content=\"4 minuter\" \/>\n<script type=\"application\/ld+json\" class=\"yoast-schema-graph\">{\"@context\":\"https:\/\/schema.org\",\"@graph\":[{\"@type\":\"WebPage\",\"@id\":\"https:\/\/www-devel.nextlog.fi\/sv\/tjanster\/\",\"url\":\"https:\/\/www-devel.nextlog.fi\/sv\/tjanster\/\",\"name\":\"Tj\u00e4nster -\",\"isPartOf\":{\"@id\":\"https:\/\/www.nextlog.fi\/#website\"},\"primaryImageOfPage\":{\"@id\":\"https:\/\/www-devel.nextlog.fi\/sv\/tjanster\/#primaryimage\"},\"image\":{\"@id\":\"https:\/\/www-devel.nextlog.fi\/sv\/tjanster\/#primaryimage\"},\"thumbnailUrl\":\"https:\/\/www.nextlog.fi\/wp-content\/uploads\/rekry.jpg\",\"datePublished\":\"2019-03-22T06:09:53+00:00\",\"dateModified\":\"2024-12-16T08:13:10+00:00\",\"description\":\"Vi erbjuder tj\u00e4nster s\u00e5som anv\u00e4ndarskolning, konsulteringar, skr\u00e4ddarsydda l\u00f6sningar i v\u00e5rt program LogiControl samt kundsupport f\u00f6r transportbranschen..\",\"breadcrumb\":{\"@id\":\"https:\/\/www-devel.nextlog.fi\/sv\/tjanster\/#breadcrumb\"},\"inLanguage\":\"sv-SE\",\"potentialAction\":[{\"@type\":\"ReadAction\",\"target\":[\"https:\/\/www-devel.nextlog.fi\/sv\/tjanster\/\"]}]},{\"@type\":\"ImageObject\",\"inLanguage\":\"sv-SE\",\"@id\":\"https:\/\/www-devel.nextlog.fi\/sv\/tjanster\/#primaryimage\",\"url\":\"https:\/\/www.nextlog.fi\/wp-content\/uploads\/rekry.jpg\",\"contentUrl\":\"https:\/\/www.nextlog.fi\/wp-content\/uploads\/rekry.jpg\",\"width\":2560,\"height\":1438,\"caption\":\"Recruitment\"},{\"@type\":\"BreadcrumbList\",\"@id\":\"https:\/\/www-devel.nextlog.fi\/sv\/tjanster\/#breadcrumb\",\"itemListElement\":[{\"@type\":\"ListItem\",\"position\":1,\"name\":\"Etusivu\",\"item\":\"https:\/\/www.nextlog.fi\/sv\/\"},{\"@type\":\"ListItem\",\"position\":2,\"name\":\"Tj\u00e4nster\"}]},{\"@type\":\"WebSite\",\"@id\":\"https:\/\/www.nextlog.fi\/#website\",\"url\":\"https:\/\/www.nextlog.fi\/\",\"name\":\"NextLog\",\"description\":\"Transport Management System (TMS) for Efficient Logistics\",\"potentialAction\":[{\"@type\":\"SearchAction\",\"target\":{\"@type\":\"EntryPoint\",\"urlTemplate\":\"https:\/\/www.nextlog.fi\/?s={search_term_string}\"},\"query-input\":{\"@type\":\"PropertyValueSpecification\",\"valueRequired\":true,\"valueName\":\"search_term_string\"}}],\"inLanguage\":\"sv-SE\"}]}<\/script>\n<!-- \/ Yoast SEO Premium plugin. -->","yoast_head_json":{"title":"Tj\u00e4nster -","description":"Vi erbjuder tj\u00e4nster s\u00e5som anv\u00e4ndarskolning, konsulteringar, skr\u00e4ddarsydda l\u00f6sningar i v\u00e5rt program LogiControl samt kundsupport f\u00f6r transportbranschen..","robots":{"index":"index","follow":"follow","max-snippet":"max-snippet:-1","max-image-preview":"max-image-preview:large","max-video-preview":"max-video-preview:-1"},"canonical":"https:\/\/www-devel.nextlog.fi\/sv\/tjanster\/","og_locale":"sv_SE","og_type":"article","og_title":"Tj\u00e4nster","og_description":"Vi erbjuder tj\u00e4nster s\u00e5som anv\u00e4ndarskolning, konsulteringar, skr\u00e4ddarsydda l\u00f6sningar i v\u00e5rt program LogiControl samt kundsupport f\u00f6r transportbranschen..","og_url":"https:\/\/www-devel.nextlog.fi\/sv\/tjanster\/","og_site_name":"NextLog","article_modified_time":"2024-12-16T08:13:10+00:00","og_image":[{"width":2560,"height":1438,"url":"https:\/\/www-devel.nextlog.fi\/wp-content\/uploads\/rekry.jpg","type":"image\/jpeg"}],"twitter_card":"summary_large_image","twitter_misc":{"Ber\u00e4knad l\u00e4stid":"4 minuter"},"schema":{"@context":"https:\/\/schema.org","@graph":[{"@type":"WebPage","@id":"https:\/\/www-devel.nextlog.fi\/sv\/tjanster\/","url":"https:\/\/www-devel.nextlog.fi\/sv\/tjanster\/","name":"Tj\u00e4nster -","isPartOf":{"@id":"https:\/\/www.nextlog.fi\/#website"},"primaryImageOfPage":{"@id":"https:\/\/www-devel.nextlog.fi\/sv\/tjanster\/#primaryimage"},"image":{"@id":"https:\/\/www-devel.nextlog.fi\/sv\/tjanster\/#primaryimage"},"thumbnailUrl":"https:\/\/www.nextlog.fi\/wp-content\/uploads\/rekry.jpg","datePublished":"2019-03-22T06:09:53+00:00","dateModified":"2024-12-16T08:13:10+00:00","description":"Vi erbjuder tj\u00e4nster s\u00e5som anv\u00e4ndarskolning, konsulteringar, skr\u00e4ddarsydda l\u00f6sningar i v\u00e5rt program LogiControl samt kundsupport f\u00f6r transportbranschen..","breadcrumb":{"@id":"https:\/\/www-devel.nextlog.fi\/sv\/tjanster\/#breadcrumb"},"inLanguage":"sv-SE","potentialAction":[{"@type":"ReadAction","target":["https:\/\/www-devel.nextlog.fi\/sv\/tjanster\/"]}]},{"@type":"ImageObject","inLanguage":"sv-SE","@id":"https:\/\/www-devel.nextlog.fi\/sv\/tjanster\/#primaryimage","url":"https:\/\/www.nextlog.fi\/wp-content\/uploads\/rekry.jpg","contentUrl":"https:\/\/www.nextlog.fi\/wp-content\/uploads\/rekry.jpg","width":2560,"height":1438,"caption":"Recruitment"},{"@type":"BreadcrumbList","@id":"https:\/\/www-devel.nextlog.fi\/sv\/tjanster\/#breadcrumb","itemListElement":[{"@type":"ListItem","position":1,"name":"Etusivu","item":"https:\/\/www.nextlog.fi\/sv\/"},{"@type":"ListItem","position":2,"name":"Tj\u00e4nster"}]},{"@type":"WebSite","@id":"https:\/\/www.nextlog.fi\/#website","url":"https:\/\/www.nextlog.fi\/","name":"NextLog","description":"Transport Management System (TMS) for Efficient Logistics","potentialAction":[{"@type":"SearchAction","target":{"@type":"EntryPoint","urlTemplate":"https:\/\/www.nextlog.fi\/?s={search_term_string}"},"query-input":{"@type":"PropertyValueSpecification","valueRequired":true,"valueName":"search_term_string"}}],"inLanguage":"sv-SE"}]}},"_links":{"self":[{"href":"https:\/\/www.nextlog.fi\/sv\/wp-json\/wp\/v2\/pages\/2090","targetHints":{"allow":["GET"]}}],"collection":[{"href":"https:\/\/www.nextlog.fi\/sv\/wp-json\/wp\/v2\/pages"}],"about":[{"href":"https:\/\/www.nextlog.fi\/sv\/wp-json\/wp\/v2\/types\/page"}],"author":[{"embeddable":true,"href":"https:\/\/www.nextlog.fi\/sv\/wp-json\/wp\/v2\/users\/2"}],"replies":[{"embeddable":true,"href":"https:\/\/www.nextlog.fi\/sv\/wp-json\/wp\/v2\/comments?post=2090"}],"version-history":[{"count":0,"href":"https:\/\/www.nextlog.fi\/sv\/wp-json\/wp\/v2\/pages\/2090\/revisions"}],"wp:featuredmedia":[{"embeddable":true,"href":"https:\/\/www.nextlog.fi\/sv\/wp-json\/wp\/v2\/media\/6328"}],"wp:attachment":[{"href":"https:\/\/www.nextlog.fi\/sv\/wp-json\/wp\/v2\/media?parent=2090"}],"curies":[{"name":"wp","href":"https:\/\/api.w.org\/{rel}","templated":true}]}}