{"id":2123,"date":"2019-03-22T12:41:02","date_gmt":"2019-03-22T10:41:02","guid":{"rendered":"https:\/\/www-devel.nextlog.fi\/dataskyddsbeskrivning\/"},"modified":"2019-03-22T12:54:51","modified_gmt":"2019-03-22T10:54:51","slug":"dataskyddsbeskrivning","status":"publish","type":"page","link":"https:\/\/www.nextlog.fi\/sv\/dataskyddsbeskrivning\/","title":{"rendered":"Dataskyddsbeskrivning"},"content":{"rendered":"<p><strong>Oy Nextlog Ab<\/strong><\/p>\n<p><strong>Dataskyddsbeskrivning<\/strong><\/p>\n<p><strong><br \/>\n1. Registeransvarig<\/strong><\/p>\n<p>Oy Nextlog Ab (\u201d<strong>Nextlog<\/strong>\u201d)<\/p>\n<p>FO-nummer: 1707776-8<\/p>\n<p>Adress: F\u00f6retagarv\u00e4gen 7, 65610 Korsholm<\/p>\n<p>Telefon: +358-(0)6-322 6100<\/p>\n<p><strong><br \/>\n2. Kontaktuppgifter<\/strong><\/p>\n<p>Telefon: +358-(0)6-322 6100<\/p>\n<p>E-post: cont&#97;&#99;&#116;&#64;&#110;&#x65;&#x78;&#x74;&#x6c;&#x6f;&#x67;&#x2e;fi<\/p>\n<p><strong><br \/>\n3. Registrets namn<\/strong><\/p>\n<p>Oy Nextlog Ab:s kund-, anv\u00e4ndar- och marknadsf\u00f6ringsregister.<\/p>\n<p>V\u00e5ra anv\u00e4ndares f\u00f6rtroende \u00e4r av yttersta vikt f\u00f6r oss, och vi tar d\u00e4rf\u00f6r ansvar f\u00f6r att skydda din integritet n\u00e4r du \u00f6verl\u00e5ter uppgifter till Nextlog eller anv\u00e4nder v\u00e5ra tj\u00e4nster. Denna dataskyddsbeskrivning f\u00f6rklarar hur vi samlar in och anv\u00e4nder information om v\u00e5ra anv\u00e4ndare, och hur vi skyddar v\u00e5ra anv\u00e4ndares integritet. Med \u201d<strong>Kund<\/strong>\u201d menas i denna dataskyddsbeskrivning alla de som k\u00f6per eller k\u00f6pt tj\u00e4nster av Nextlog.<\/p>\n<p>Denna dataskyddsbeskrivning beskriver den behandling av personuppgifter som sker inom ramen f\u00f6r Nextlogs tj\u00e4nster (\u201d<strong>Tj\u00e4nsterna<\/strong>\u201d) samt relaterade mobila applikationer, inklusive anv\u00e4ndning av ett anv\u00e4ndarkonto (\u201d<strong>Nextlog<\/strong> <strong>Konto<\/strong>\u201d).<\/p>\n<p>Dataskyddsbeskrivningen tillhandah\u00e5ller information om hanteringen av data inom Nextlog n\u00e4r Nextlog fastst\u00e4ller behandlingens \u00e4ndam\u00e5l och tillv\u00e4gag\u00e5ngss\u00e4tt (Nextlog fungerar som personuppgiftsansvarig). Dataskyddsbeskrivningen tillhandah\u00e5ller ocks\u00e5 information om hantering av data som Nextlog g\u00f6r \u00e5 sina Kunders v\u00e4gnar baserat p\u00e5 deras instruktioner (Kunden som personuppgiftsansvarig och Nextlog som dataskyddsbitr\u00e4de).<\/p>\n<p>Personuppgifter \u00e4r information som kan identifiera dig som person, exempelvis e-post adress, gatuadress eller telefonnummer etc. Att hantera dina personuppgifter \u00e4r n\u00f6dv\u00e4ndigt f\u00f6r att vi ska kunna betj\u00e4na v\u00e5ra Kunder. Anv\u00e4nd inte Nextlogs webbsidor eller Nextlogs tj\u00e4nster om du inte samtycker till hanteringen av personuppgifter i enlighet med denna dataskyddsbeskrivning.<\/p>\n<p><strong><br \/>\n4. Vems personuppgifter hanterar Nextlog?<\/strong><\/p>\n<p>Nextlog hanterar arbetss\u00f6kandes och kontaktpersoners personuppgifter samt s\u00e5dana programvaruanv\u00e4ndares personuppgifter som \u00e4r bundna till v\u00e5ra Kunder. D\u00e4rtill hanterar vi personuppgifter till potentiella Kunders kontaktpersoner som kontaktar oss via v\u00e5ra webbsidor eller genom andra kanaler. V\u00e5rt f\u00f6rh\u00e5llningss\u00e4tt till detta finns i personuppgiftssektionen.<\/p>\n<p>Vi hanterar ocks\u00e5 personuppgifter \u00e5 v\u00e5ra Kunders v\u00e4gnar under v\u00e5ra Kunders kontroll. V\u00e5rt f\u00f6rh\u00e5llningss\u00e4tt till detta finns i sektion 6.<\/p>\n<p>I denna dataskyddsbeskrivning kan datasubjekt ocks\u00e5 ben\u00e4mnas som personer eller du\/dig.<\/p>\n<p><strong><br \/>\n5. Hur hanterar Nextlog personuppgifter som personuppgiftsansvarig?<\/strong><\/p>\n<p>N\u00e4r Nextlog fastst\u00e4ller \u00e4ndam\u00e5let och tillv\u00e4gag\u00e5ngss\u00e4ttet p\u00e5 vilket personuppgifter hanteras, fungerar Nextlog som personuppgiftsansvarig. Detta inkluderar scenarion d\u00e4r Nextlog samlar in personuppgifter om dig i egenskap av arbetss\u00f6kande, i egenskap av representant f\u00f6r en Kund eller en potentiell Kund, eller i egenskap av dig som bes\u00f6kare p\u00e5 v\u00e5ra hemsidor.<\/p>\n<p><strong><br \/>\n5.1 D\u00e4rf\u00f6r hanterar vi dina personuppgifter<\/strong><\/p>\n<p><strong>5.1.1 Kundkontakter och programvaruanv\u00e4ndare<\/strong><\/p>\n<p>Vi anv\u00e4nder personuppgifter f\u00f6r att ge dig mer anv\u00e4ndarv\u00e4nliga Tj\u00e4nster. Detta avser framf\u00f6r allt din upplevelse i samband med registrering, inloggning, f\u00f6rflyttning mellan Tj\u00e4nster. Personuppgifter behandlas \u00e4ven i syfte att vi ska kunna anpassa visningen av v\u00e5ra tj\u00e4nster till den enhet du anv\u00e4nder och d\u00e4rmed ge dig en b\u00e4ttre anv\u00e4ndarupplevelse.<\/p>\n<p>F\u00f6r att f\u00f6rvalta Kundrelationer i allm\u00e4nhet och f\u00f6r att uppfylla v\u00e5ra \u00e5taganden, beh\u00f6ver vi information om dig i din roll som kontaktperson till Kunden eller i din roll som anv\u00e4ndare av en viss Tj\u00e4nst. \u00c4ndam\u00e5len f\u00f6r hantering av dylika personuppgifter \u00e4r f\u00f6ljande:<\/p>\n<ul>\n<li>f\u00f6r att utveckla kundservicen och aff\u00e4rsverksamheten<\/li>\n<li>f\u00f6r att fullg\u00f6ra v\u00e5ra avtalsenliga och lagenliga f\u00f6rpliktelser<\/li>\n<li>f\u00f6r att f\u00f6reta Kunders f\u00f6rs\u00e4ljnings- och avtalsprocesser<\/li>\n<li>f\u00f6r att tillhandah\u00e5lla beg\u00e4rda erbjudanden f\u00f6r en viss produkt eller tj\u00e4nst till Kunder<\/li>\n<li>f\u00f6r att utf\u00f6ra leveranser i enlighet med avtal gjorda med dig eller Kunder<\/li>\n<li>f\u00f6r att erbjuda st\u00f6d till anv\u00e4ndare av v\u00e5ra produkter eller Tj\u00e4nster<\/li>\n<li>f\u00f6r att besvara kundservice\u00e4renden<\/li>\n<li>f\u00f6r att uppt\u00e4cka, lindra och f\u00f6rebygga s\u00e4kerhetshot och f\u00f6r att utf\u00f6ra uppr\u00e4tth\u00e5llning och fels\u00f6kning<\/li>\n<li>f\u00f6r att f\u00f6rebygga missbruk av v\u00e5ra produkter och tj\u00e4nster<\/li>\n<li>f\u00f6r att hantera best\u00e4llningar, fakturering, betalningar och annan ekonomisk uppf\u00f6ljning<\/li>\n<\/ul>\n<p>Den r\u00e4ttsliga grunden f\u00f6r hantering av personuppgifter i enlighet med de ovann\u00e4mnda \u00e4ndam\u00e5len baserar sig i f\u00f6rsta hand p\u00e5 Nextlogs ber\u00e4ttigade intresse, p\u00e5 anv\u00e4ndningen av Tj\u00e4nsterna, p\u00e5 kund- och avtalsf\u00f6rh\u00e5llande, samt p\u00e5 medgivande som den registrerade gett.<\/p>\n<p><strong><br \/>\n5.2 Hur vi samlar in dina personuppgifter &#8211; informationsk\u00e4llor<\/strong><\/p>\n<p>I allm\u00e4nhet samlar Nextlog in personuppgifter direkt fr\u00e5n dig eller fr\u00e5n andra personer sammankopplade med den Kund du representerar. Dessa personer kan vara en f\u00f6rman eller en kollega. Om Kunden hos vilken du \u00e4r anst\u00e4lld k\u00f6per Nextlogs produkter eller tj\u00e4nster via ett dotterbolag, kan vi samla in information om dig genom dotterbolaget. Uppgifter kan ocks\u00e5 uppdateras fr\u00e5n Nextlogs andra personregister, fr\u00e5n samarbetspartners personregister samt fr\u00e5n myndigheter och andra f\u00f6retag i den m\u00e5n lagen till\u00e5ter.<\/p>\n<p><strong><br \/>\n5.3 Personuppgifter som hanteras &#8211; informationsinneh\u00e5ll<\/strong><\/p>\n<p>F\u00f6ljande personuppgifter kan Nextlog hantera:<\/p>\n<ul>\n<li>Grundl\u00e4ggande kontaktuppgifter s\u00e5 som namn, adress, telefonnummer och e-post adress.<\/li>\n<li>Demografisk information s\u00e5 som f\u00f6delsedatum, \u00e5lder och k\u00f6n.<\/li>\n<li>Information om arbetsf\u00f6rh\u00e5llandet s\u00e5 som arbetstagare, titel, position inklusive preferenser och intressen i professionella sammanhang<\/li>\n<li>Feedback, kommentarer och fr\u00e5gor om Nextlog samt dess produkter och tj\u00e4nster<\/li>\n<li>Unik anv\u00e4ndarinformation s\u00e5 som inloggnings ID, anv\u00e4ndarnamn, l\u00f6senord och s\u00e4kerhetsfr\u00e5gor<\/li>\n<\/ul>\n<p>Som personuppgiftsansvarig hanterar inte Nextlog k\u00e4nsliga uppgifter om dig.<\/p>\n<p><strong><br \/>\n6. Hur skyddar och hanterar Nextlog personuppgifter som dataskyddsbitr\u00e4de?<\/strong><\/p>\n<p>Vi erbjuder m\u00e5nga olika tj\u00e4nster till v\u00e5ra Kunder. M\u00e5nga av v\u00e5ra tj\u00e4nster involverar hantering av Kundens uppgifter och personuppgifter. \u00c4ndam\u00e5len f\u00f6r hanteringen best\u00e4ms av Kunderna, inte av Nextlog. Detta g\u00f6rs genom att g\u00f6ra Kunden personuppgiftsansvarig. Nextlog fungerar i dylika situationer som dataskyddsbitr\u00e4de och hanterar uppgifterna \u00e5 Kundens v\u00e4gnar i enlighet med instruktioner givna av Kunden. Relationen mellan Kunden som personuppgiftsansvarig och Nextlog som dataskyddsbitr\u00e4de skall regleras av ett datahanteringsavtal.<\/p>\n<p>N\u00e4r Kunden fungerar som personuppgiftsansvarig ska Kunden i enlighet med den till\u00e4mpliga personuppgiftslagstiftningen f\u00f6rs\u00e4kra sig om den r\u00e4ttsliga grunden f\u00f6r att hantera personuppgifterna. Kunden ska bed\u00f6ma och fastst\u00e4lla ansvaret f\u00f6r de risker datasubjektet uts\u00e4tts f\u00f6r i samband med hanteringen av personuppgifter. En annan viktig aspekt g\u00e4llande Kundens skyldighet som personuppgiftsansvarig \u00e4r att handla i enlighet med informationsskyldigheten gentemot datasubjekten.<\/p>\n<p>Nextlog \u00e4r en naturlig del av Kundens skyldigheter som personuppgiftsansvarig i och med att Nextlogs tj\u00e4nster utg\u00f6r en del av hanteringen av personuppgifter som Kunden m\u00e5ste se till att \u00e4r f\u00f6renlig med den till\u00e4mpliga lagstiftningen. N\u00e4r Nextlog hanterar personuppgifter \u00e5 sina Kunders v\u00e4gnar m\u00e5ste vi g\u00f6ra s\u00e5 i enlighet med lagstiftningen till\u00e4mplig p\u00e5 dataskyddsbitr\u00e4den.<\/p>\n<p>Sammanfattningsvis har allts\u00e5 Kunden och Nextlog skyldighet att samarbeta f\u00f6r att s\u00e4kerst\u00e4lla datasubjektens integritet. Nextlog ska tillhandah\u00e5lla den information som \u00e4r n\u00f6dv\u00e4ndig f\u00f6r att Kunden ska kunna agera i enlighet med till\u00e4mplig personuppgiftslag.<\/p>\n<p><strong><br \/>\n7. Lagring av personuppgifter<\/strong><\/p>\n<p>Personuppgifter lagras endast s\u00e5 l\u00e4nge det \u00e4r n\u00f6dv\u00e4ndigt f\u00f6r att f\u00f6rverkliga de anv\u00e4ndnings\u00e4ndam\u00e5l som fastst\u00e4lls i denna dataskyddsbeskrivning med beaktande av de begr\u00e4nsningar som fastst\u00e4llts i lag. P\u00e5 grund av f\u00f6rpliktelser i till\u00e4mplig lag kan vi vara tvungna att lagra uppgifter l\u00e4ngre \u00e4n den ovann\u00e4mnda tidsperioden.<\/p>\n<p>F\u00f6r\u00e5ldrade och on\u00f6diga uppgifter f\u00f6rst\u00f6rs p\u00e5 vederb\u00f6rligt s\u00e4tt. Personuppgifterna f\u00f6rs in i registret i den form den registrerade gett dem och de uppdateras i enlighet med den registrerades meddelande till Nextlog.<\/p>\n<p><strong><br \/>\n8. \u00d6verl\u00e5telse och \u00f6verf\u00f6ring av personuppgifter<\/strong><\/p>\n<p>Nextlog kan anv\u00e4nda sig av underleverant\u00f6rer och tj\u00e4nsteleverant\u00f6rer f\u00f6r uppr\u00e4tth\u00e5llande av tj\u00e4nsterna, kundservice, administration och analysering av anv\u00e4ndaruppgifter, unders\u00f6kningar, kundmeddelanden och genomf\u00f6rande av diverse kampanjer. Dina personuppgifter kan \u00f6verl\u00e5tas till v\u00e5ra underleverant\u00f6rer och tj\u00e4nsteleverant\u00f6rer endast i den m\u00e5n de deltar i f\u00f6rverkligandet av de anv\u00e4ndnings\u00e4ndam\u00e5l som fastst\u00e4lls i denna dataskyddsbeskrivning.<\/p>\n<p>Ovann\u00e4mnda dylika tredje parter f\u00e5r inte anv\u00e4nda dina uppgifter till n\u00e5got annat \u00e4n de \u00e4ndam\u00e5l som n\u00e4mns i denna beskrivning och till de \u00e4ndam\u00e5l som Nextlog fastst\u00e4llt. Nextlog f\u00f6rpliktar dem att h\u00e5lla dina uppgifter hemliga och att s\u00e4kerst\u00e4lla att dataskyddet \u00e4r p\u00e5 en tillr\u00e4ckligt h\u00f6g niv\u00e5 f\u00f6r att skydda dina personuppgifter.<\/p>\n<p>Dina personuppgifter kan \u00f6verl\u00e5tas i enlighet med de krav som en beh\u00f6rig myndighet st\u00e4ller samt i enlighet med de f\u00f6ruts\u00e4ttningar som baserar sig p\u00e5 lag.<\/p>\n<p><strong><br \/>\n9. Den registrerades r\u00e4ttigheter<\/strong><\/p>\n<p><strong>R\u00e4tt till insyn<\/strong><\/p>\n<p>Du har r\u00e4tt att kontrollera vilka uppgifter om dig finns sparade hos Nextlog. R\u00e4tten till insyn kan nekas p\u00e5 de grunder som f\u00f6reskrivs i lag. Att anv\u00e4nda sig av insynsr\u00e4tten \u00e4r som utg\u00e5ngspunkt avgiftsfritt.<\/p>\n<p><strong>\u00a0<\/strong><strong>Mots\u00e4ttnings- och begr\u00e4nsningsr\u00e4tt<\/strong><\/p>\n<p>Du har n\u00e4r som helst r\u00e4tt att mots\u00e4tta dig behandling av uppgifter som ber\u00f6r den registrerade om den registrerade upplever att vi har behandlat informationen lagstridigt eller att vi inte har r\u00e4tt att behandla uppgifter som ber\u00f6r dig.<\/p>\n<p>Mots\u00e4ttningsr\u00e4tten g\u00e4ller dock inte f\u00f6r den del som behandling av uppgifterna \u00e4r n\u00f6dv\u00e4ndig f\u00f6r att Nextlog ska kunna uppfylla sin lagstadgade skyldighet eller p\u00e5 annan grund som f\u00f6reskrivs i lag.<\/p>\n<p><strong>\u00a0<\/strong><strong>Elimineringsr\u00e4tt<\/strong><\/p>\n<p>Du har r\u00e4tt att f\u00e5 felaktiga uppgifter korrigerade eller bristf\u00e4lliga uppgifter kompletterade samt r\u00e4tt att kr\u00e4va att uppgifter som ber\u00f6r den registrerade raderas ur kund-, anv\u00e4ndar- och marknadsf\u00f6ringsregistret. Elimineringsr\u00e4tten g\u00e4ller dock inte f\u00f6r den del som behandling och lagring av uppgifterna \u00e4r n\u00f6dv\u00e4ndig f\u00f6r att vi ska kunna f\u00f6lja v\u00e5ra lagstadgade skyldighet eller p\u00e5 annan grund som f\u00f6reskrivs i lag.<\/p>\n<p><strong>\u00a0<\/strong><strong>\u00d6verf\u00f6ringsr\u00e4tt<\/strong><\/p>\n<p>I den m\u00e5n du sj\u00e4lv har levererat uppgifter till Nextlog och dessa uppgifter behandlas med ditt medgivande eller uppdrag som grund, har du r\u00e4tt att f\u00e5 dylika uppgifter i huvudsak i elektronisk form samt r\u00e4tt att \u00f6verf\u00f6ra dessa uppgifter till en annan leverant\u00f6r.<\/p>\n<p><strong>F\u00f6rbud mot direktmarknadsf\u00f6ring<\/strong><\/p>\n<p>Du har n\u00e4r som helst r\u00e4tt att f\u00f6rbjuda att den registrerades uppgifter anv\u00e4nds f\u00f6r direktmarknadsf\u00f6rings\u00e4ndam\u00e5l.<\/p>\n<p><strong>\u00a0<\/strong><strong>Besv\u00e4rsr\u00e4tt<\/strong><\/p>\n<p>Du har r\u00e4tt att anf\u00f6ra besv\u00e4r hos den beh\u00f6riga tillsynsmyndigheten om vi inte har iakttagit den till\u00e4mpliga dataskyddsregleringen.<\/p>\n<p><strong>\u00a0<\/strong><strong>\u00d6vriga r\u00e4ttigheter<\/strong><\/p>\n<p>Om uppgifter behandlas p\u00e5 basis av ditt medgivande, har du r\u00e4tt att \u00e5terkalla medgivandet genom att meddela detta till oss enligt punkt 10 i denna dataskyddsbeskrivning.<\/p>\n<p><strong><br \/>\n10. Kontakt<\/strong><\/p>\n<p>Du b\u00f6r s\u00e4nda en beg\u00e4ran som g\u00e4ller dina r\u00e4ttigheter per e-post till den adress som n\u00e4mns i punkt 2 ovan.<\/p>\n<p>Nextlog kan be dig att specificera din beg\u00e4ran och att bestyrka din identitet f\u00f6re beg\u00e4ran behandlas. Nextlog kan neka att beg\u00e4ran uppfylls p\u00e5 grunder som f\u00f6reskrivs i den till\u00e4mpliga lagen.<\/p>\n<p>Nextlog svarar p\u00e5 beg\u00e4ran inom en (1) m\u00e5nad fr\u00e5n att beg\u00e4ran har framst\u00e4llts.<\/p>\n<p><strong><br \/>\n11. Automatiskt beslutsfattande och profilering<\/strong><\/p>\n<p>Registrets uppgifter anv\u00e4nds inte f\u00f6r automatiskt beslutsfattande.<\/p>\n<p><strong><br \/>\n12. Principer f\u00f6r skydd av registret<\/strong><\/p>\n<p>Att skydda registrerade uppgifter \u00e4r viktigt f\u00f6r Nextlog. Informationen lagras i elektroniska system som \u00e4r skyddade med brandmurar, l\u00f6senord och andra l\u00e4mpliga tekniska l\u00f6sningar. Endast de som \u00e4r i Nextlogs tj\u00e4nst samt andra definierade personer som beh\u00f6ver informationen f\u00f6r att sk\u00f6ta sina uppgifter har tillg\u00e5ng till registret. Alla de som anv\u00e4nder uppgifter i registret \u00e4r bundna av sekretessplikt.<\/p>\n<p><strong><br \/>\n13. \u00c4ndring av dataskyddsbeskrivningen<\/strong><\/p>\n<p>Nextlog utvecklar st\u00e4ndigt sin aff\u00e4rsverksamhet och f\u00f6rbeh\u00e5ller sig d\u00e4rf\u00f6r r\u00e4tten att \u00e4ndra denna dataskyddsbeskrivning genom att meddela om detta p\u00e5 sin webbplats. \u00c4ndringarna kan ocks\u00e5 basera sig p\u00e5 \u00e4ndringar i lagstiftningen. Nextlog rekommenderar att de registrerade regelbundet bekantar sig med inneh\u00e5llet i dataskyddsbeskrivningen.<\/p>\n<p>(Beskrivningen uppdaterad 22.05.2018)<\/p>\n","protected":false},"excerpt":{"rendered":"<p>Oy Nextlog Ab Dataskyddsbeskrivning 1. Registeransvarig Oy Nextlog Ab (\u201dNextlog\u201d) FO-nummer: 1707776-8 Adress: F\u00f6retagarv\u00e4gen 7, 65610 Korsholm Telefon: +358-(0)6-322 6100 2. Kontaktuppgifter Telefon: +358-(0)6-322 6100 E-post: &#99;&#x6f;&#110;&#x74;&#97;&#x63;t&#x40;n&#x65;x&#116;&#x6c;&#111;&#x67;&#46;&#x66;&#105; 3. Registrets namn Oy Nextlog Ab:s kund-, anv\u00e4ndar- och marknadsf\u00f6ringsregister. V\u00e5ra anv\u00e4ndares f\u00f6rtroende \u00e4r av yttersta vikt f\u00f6r oss, och vi tar d\u00e4rf\u00f6r ansvar f\u00f6r att skydda din [&hellip;]<\/p>\n","protected":false},"author":2,"featured_media":0,"parent":0,"menu_order":0,"comment_status":"closed","ping_status":"closed","template":"","meta":{"_exactmetrics_skip_tracking":false,"_exactmetrics_sitenote_active":false,"_exactmetrics_sitenote_note":"","_exactmetrics_sitenote_category":0,"footnotes":""},"class_list":["post-2123","page","type-page","status-publish","hentry"],"yoast_head":"<!-- This site is optimized with the Yoast SEO Premium plugin v25.7.1 (Yoast SEO v25.7) - https:\/\/yoast.com\/wordpress\/plugins\/seo\/ -->\n<title>Dataskyddsbeskrivning - NextLog<\/title>\n<meta name=\"robots\" content=\"index, follow, max-snippet:-1, max-image-preview:large, max-video-preview:-1\" \/>\n<link rel=\"canonical\" href=\"https:\/\/www-devel.nextlog.fi\/sv\/dataskyddsbeskrivning\/\" \/>\n<meta property=\"og:locale\" content=\"sv_SE\" \/>\n<meta property=\"og:type\" content=\"article\" \/>\n<meta property=\"og:title\" content=\"Dataskyddsbeskrivning\" \/>\n<meta property=\"og:description\" content=\"Oy Nextlog Ab Dataskyddsbeskrivning 1. Registeransvarig Oy Nextlog Ab (\u201dNextlog\u201d) FO-nummer: 1707776-8 Adress: F\u00f6retagarv\u00e4gen 7, 65610 Korsholm Telefon: +358-(0)6-322 6100 2. Kontaktuppgifter Telefon: +358-(0)6-322 6100 E-post: &#x63;&#x6f;&#x6e;&#x74;&#097;&#099;&#116;&#064;n&#x65;&#x78;&#x74;&#x6c;&#x6f;&#103;&#046;&#102;i 3. Registrets namn Oy Nextlog Ab:s kund-, anv\u00e4ndar- och marknadsf\u00f6ringsregister. V\u00e5ra anv\u00e4ndares f\u00f6rtroende \u00e4r av yttersta vikt f\u00f6r oss, och vi tar d\u00e4rf\u00f6r ansvar f\u00f6r att skydda din [&hellip;]\" \/>\n<meta property=\"og:url\" content=\"https:\/\/www-devel.nextlog.fi\/sv\/dataskyddsbeskrivning\/\" \/>\n<meta property=\"og:site_name\" content=\"NextLog\" \/>\n<meta property=\"article:modified_time\" content=\"2019-03-22T10:54:51+00:00\" \/>\n<meta name=\"twitter:card\" content=\"summary_large_image\" \/>\n<meta name=\"twitter:label1\" content=\"Ber\u00e4knad l\u00e4stid\" \/>\n\t<meta name=\"twitter:data1\" content=\"10 minuter\" \/>\n<script type=\"application\/ld+json\" class=\"yoast-schema-graph\">{\"@context\":\"https:\/\/schema.org\",\"@graph\":[{\"@type\":\"WebPage\",\"@id\":\"https:\/\/www-devel.nextlog.fi\/sv\/dataskyddsbeskrivning\/\",\"url\":\"https:\/\/www-devel.nextlog.fi\/sv\/dataskyddsbeskrivning\/\",\"name\":\"Dataskyddsbeskrivning - NextLog\",\"isPartOf\":{\"@id\":\"https:\/\/www.nextlog.fi\/#website\"},\"datePublished\":\"2019-03-22T10:41:02+00:00\",\"dateModified\":\"2019-03-22T10:54:51+00:00\",\"breadcrumb\":{\"@id\":\"https:\/\/www-devel.nextlog.fi\/sv\/dataskyddsbeskrivning\/#breadcrumb\"},\"inLanguage\":\"sv-SE\",\"potentialAction\":[{\"@type\":\"ReadAction\",\"target\":[\"https:\/\/www-devel.nextlog.fi\/sv\/dataskyddsbeskrivning\/\"]}]},{\"@type\":\"BreadcrumbList\",\"@id\":\"https:\/\/www-devel.nextlog.fi\/sv\/dataskyddsbeskrivning\/#breadcrumb\",\"itemListElement\":[{\"@type\":\"ListItem\",\"position\":1,\"name\":\"Etusivu\",\"item\":\"https:\/\/www.nextlog.fi\/sv\/\"},{\"@type\":\"ListItem\",\"position\":2,\"name\":\"Dataskyddsbeskrivning\"}]},{\"@type\":\"WebSite\",\"@id\":\"https:\/\/www.nextlog.fi\/#website\",\"url\":\"https:\/\/www.nextlog.fi\/\",\"name\":\"NextLog\",\"description\":\"Transport Management System (TMS) for Efficient Logistics\",\"potentialAction\":[{\"@type\":\"SearchAction\",\"target\":{\"@type\":\"EntryPoint\",\"urlTemplate\":\"https:\/\/www.nextlog.fi\/?s={search_term_string}\"},\"query-input\":{\"@type\":\"PropertyValueSpecification\",\"valueRequired\":true,\"valueName\":\"search_term_string\"}}],\"inLanguage\":\"sv-SE\"}]}<\/script>\n<!-- \/ Yoast SEO Premium plugin. -->","yoast_head_json":{"title":"Dataskyddsbeskrivning - NextLog","robots":{"index":"index","follow":"follow","max-snippet":"max-snippet:-1","max-image-preview":"max-image-preview:large","max-video-preview":"max-video-preview:-1"},"canonical":"https:\/\/www-devel.nextlog.fi\/sv\/dataskyddsbeskrivning\/","og_locale":"sv_SE","og_type":"article","og_title":"Dataskyddsbeskrivning","og_description":"Oy Nextlog Ab Dataskyddsbeskrivning 1. Registeransvarig Oy Nextlog Ab (\u201dNextlog\u201d) FO-nummer: 1707776-8 Adress: F\u00f6retagarv\u00e4gen 7, 65610 Korsholm Telefon: +358-(0)6-322 6100 2. Kontaktuppgifter Telefon: +358-(0)6-322 6100 E-post: &#x63;&#x6f;&#x6e;&#x74;&#97;&#99;&#116;&#64;n&#x65;&#x78;&#x74;&#x6c;&#x6f;&#103;&#46;&#102;i 3. Registrets namn Oy Nextlog Ab:s kund-, anv\u00e4ndar- och marknadsf\u00f6ringsregister. V\u00e5ra anv\u00e4ndares f\u00f6rtroende \u00e4r av yttersta vikt f\u00f6r oss, och vi tar d\u00e4rf\u00f6r ansvar f\u00f6r att skydda din [&hellip;]","og_url":"https:\/\/www-devel.nextlog.fi\/sv\/dataskyddsbeskrivning\/","og_site_name":"NextLog","article_modified_time":"2019-03-22T10:54:51+00:00","twitter_card":"summary_large_image","twitter_misc":{"Ber\u00e4knad l\u00e4stid":"10 minuter"},"schema":{"@context":"https:\/\/schema.org","@graph":[{"@type":"WebPage","@id":"https:\/\/www-devel.nextlog.fi\/sv\/dataskyddsbeskrivning\/","url":"https:\/\/www-devel.nextlog.fi\/sv\/dataskyddsbeskrivning\/","name":"Dataskyddsbeskrivning - NextLog","isPartOf":{"@id":"https:\/\/www.nextlog.fi\/#website"},"datePublished":"2019-03-22T10:41:02+00:00","dateModified":"2019-03-22T10:54:51+00:00","breadcrumb":{"@id":"https:\/\/www-devel.nextlog.fi\/sv\/dataskyddsbeskrivning\/#breadcrumb"},"inLanguage":"sv-SE","potentialAction":[{"@type":"ReadAction","target":["https:\/\/www-devel.nextlog.fi\/sv\/dataskyddsbeskrivning\/"]}]},{"@type":"BreadcrumbList","@id":"https:\/\/www-devel.nextlog.fi\/sv\/dataskyddsbeskrivning\/#breadcrumb","itemListElement":[{"@type":"ListItem","position":1,"name":"Etusivu","item":"https:\/\/www.nextlog.fi\/sv\/"},{"@type":"ListItem","position":2,"name":"Dataskyddsbeskrivning"}]},{"@type":"WebSite","@id":"https:\/\/www.nextlog.fi\/#website","url":"https:\/\/www.nextlog.fi\/","name":"NextLog","description":"Transport Management System (TMS) for Efficient Logistics","potentialAction":[{"@type":"SearchAction","target":{"@type":"EntryPoint","urlTemplate":"https:\/\/www.nextlog.fi\/?s={search_term_string}"},"query-input":{"@type":"PropertyValueSpecification","valueRequired":true,"valueName":"search_term_string"}}],"inLanguage":"sv-SE"}]}},"_links":{"self":[{"href":"https:\/\/www.nextlog.fi\/sv\/wp-json\/wp\/v2\/pages\/2123","targetHints":{"allow":["GET"]}}],"collection":[{"href":"https:\/\/www.nextlog.fi\/sv\/wp-json\/wp\/v2\/pages"}],"about":[{"href":"https:\/\/www.nextlog.fi\/sv\/wp-json\/wp\/v2\/types\/page"}],"author":[{"embeddable":true,"href":"https:\/\/www.nextlog.fi\/sv\/wp-json\/wp\/v2\/users\/2"}],"replies":[{"embeddable":true,"href":"https:\/\/www.nextlog.fi\/sv\/wp-json\/wp\/v2\/comments?post=2123"}],"version-history":[{"count":0,"href":"https:\/\/www.nextlog.fi\/sv\/wp-json\/wp\/v2\/pages\/2123\/revisions"}],"wp:attachment":[{"href":"https:\/\/www.nextlog.fi\/sv\/wp-json\/wp\/v2\/media?parent=2123"}],"curies":[{"name":"wp","href":"https:\/\/api.w.org\/{rel}","templated":true}]}}