{"id":2491,"date":"2019-07-23T12:05:53","date_gmt":"2019-07-23T09:05:53","guid":{"rendered":"https:\/\/www-devel.nextlog.fi\/?page_id=2491"},"modified":"2025-10-23T13:35:01","modified_gmt":"2025-10-23T10:35:01","slug":"anvandare","status":"publish","type":"page","link":"https:\/\/www.nextlog.fi\/sv\/anvandare\/","title":{"rendered":"Anv\u00e4ndare"},"content":{"rendered":"<div class=\"wpb-content-wrapper\"><p>[vc_row el_class=&#8221;wide-office&#8221;][vc_column width=&#8221;7\/12&#8243;][vc_column_text]<\/p>\n<p>&nbsp;<\/p>\n<p>&nbsp;<\/p>\n<p>&nbsp;<\/p>\n<p>&nbsp;<\/p>\n<h1 style=\"color: white; text-align: left;\" title=\"Palvelut\"><strong>Transportsystemets anv\u00e4ndare<\/strong><\/h1>\n<p style=\"color: white; text-align: left;\">Logistikkedjan best\u00e5r av flera parter som var och en i sin roll har behov av olika verktyg. H\u00e4r f\u00e5r du information om hur LogiControl kan underl\u00e4tta Ditt dagliga arbete.<\/p>\n<div id=\"ts-body\">\n<div class=\"css-52 ts-pivot-container\">\n<div id=\"ContentContainer\">\n<div role=\"tabpanel\" aria-labelledby=\"Pivot1-Tab0\">\n<div class=\"ts-lookup-pivot\">\n<div id=\"Lookup\" class=\"ts-pivot-lookup-component\">\n<div class=\"ms-Grid ts-grid\">\n<div class=\"ms-Grid-row\">\n<div class=\"ts-textfield-container \" lang=\"fi\">\n<div class=\"ts-alignment-view-container\">\n<div id=\"ts-alignment-view-idtgt\" class=\"ts-alignment-view ms-font-m ts-alignment-view-tgt ts-ltr-left-zero\" tabindex=\"0\" aria-hidden=\"false\">\n<div role=\"label\"><\/div>\n<\/div>\n<\/div>\n<\/div>\n<\/div>\n<\/div>\n<\/div>\n<\/div>\n<\/div>\n<\/div>\n<\/div>\n<\/div>\n<p>[\/vc_column_text][\/vc_column][\/vc_row][vc_row][vc_column][vc_column_text]<\/p>\n<h1><\/h1>\n<p>[\/vc_column_text][\/vc_column][\/vc_row][vc_row][vc_column width=&#8221;1\/2&#8243;][vc_column_text]<\/p>\n<div class=\"tab\">\n<div class=\"tablinks\">\n<div>Uppdragsgivare<\/div>\n<div>Trafikledare<\/div>\n<div>Chauff\u00f6r<\/div>\n<div>Administration<\/div>\n<div>F\u00f6retagsledning<\/div>\n<\/div>\n<div class=\"tabcontents\">\n<div>\n<h2 style=\"color: black;\"><strong>Uppdragsgivare<\/strong><\/h2>\n<p>Transportbokningar fr\u00e5n Uppdragsgivare till Transportf\u00f6retag g\u00f6rs direkt via en webbportal eller elektroniskt via EDI-integration, alternativt via telefon eller e-post.<\/p>\n<p>F\u00f6rdelar med EDI- och webb-bokning:<\/p>\n<ul>\n<li>Risken f\u00f6r felinmatning minskar<\/li>\n<li>Bokningarna kommer in i realtid till LogiControl<\/li>\n<li>M\u00f6jlighet till realtids Track&amp;Trace<\/li>\n<\/ul>\n<p>LogiControl m\u00f6jligg\u00f6r snabb och exakt informationsf\u00f6rmedling till uppdragsgivaren:<\/p>\n<ul>\n<li>Under transporten i form av statusuppdateringar<\/li>\n<li>Efter transporten t.ex. utf\u00f6rlig vecko- och m\u00e5nadsstatistik samt rapporter p\u00e5 leveranss\u00e4kerhet<\/li>\n<\/ul>\n<\/div>\n<div>\n<h2 style=\"color: black;\"><strong>Trafikledare<\/strong><\/h2>\n<p>Trafikledarens arbete kan effektiveras med hj\u00e4lp av f\u00f6ljande verktyg och egenskaper:<\/p>\n<ul>\n<li>EDI-integration och webb-bokningar minskar manuell inmatning<\/li>\n<li>Snabb last- och resursplanering med hj\u00e4lp av drag&amp;drop<\/li>\n<li>Spara tid med elektronisk uppdragsf\u00f6rmedling till chauff\u00f6r \/ fordon<\/li>\n<li>Snabb realtids \u00e5terrapportering fr\u00e5n chauff\u00f6r g\u00e4llande utf\u00f6rda lastningar och lossningar samt verkligt lastade godsm\u00e4ngder<\/li>\n<li>Automatisering av processen f\u00f6r godk\u00e4nnande av laster \/ orders till fakturering<\/li>\n<\/ul>\n<\/div>\n<div>\n<h2 style=\"color: black;\"><strong>Chauff\u00f6r<\/strong><\/h2>\n<p>Chauff\u00f6rens arbete underl\u00e4ttas tack vare realtidskommunikaton med trafikledaren.<\/p>\n<p>Tillf\u00f6rlitlig uppdragsinformation g\u00e4llande:<\/p>\n<ul>\n<li>Lastnings- och lossningsadresser, exakt s\u00e5som de registrerats i systemet<\/li>\n<li>Lastnings- och lossningstider som \u00e4ven \u00e5terrapporteras i realtid<\/li>\n<li>Godsm\u00e4ngder som \u00e5terrapporteras i realtid<\/li>\n<li>Chauff\u00f6ren kan ta underskrift av avs\u00e4ndare och\/eller mottagare p\u00e5 mobilenhetens peksk\u00e4rm.<\/li>\n<\/ul>\n<p>\u00c4ven m\u00f6jligt att skanna fraktsedlar och \u00f6vriga dokument, som sparas i dokumenthanteringen och som kan \u00f6ppnas fr\u00e5n LogiControls Orderhantering.<\/p>\n<\/div>\n<div>\n<h2 style=\"color: black;\"><strong>Administration<\/strong><\/h2>\n<p>Enkel och logisk process f\u00f6r kontroll och komplettering av orders effektiverar f\u00f6retagets administrativa rutiner efter att transporten \u00e4r utf\u00f6rd.<\/p>\n<ul>\n<li>Skannade fraktsedlar som chauff\u00f6ren har laddat upp till dokumenthanteringen kan \u00f6ppnas av den person som f\u00f6rbereder faktureringen<\/li>\n<li>Priss\u00e4ttning och gruppering av fakturor per kund och tidsperiod g\u00f6rs i F\u00f6r-Faktureringen<\/li>\n<li>Fr\u00e5n Faktureringsvyn skickas f\u00e4rdiga fakturor som e-faktura, med e-post eller skrivs ut f\u00f6r att skickas med brev<\/li>\n<li>D\u00e5 fakturan \u00e4r skickad till kund \u00f6verf\u00f6rs den antingen till LogiControls egen reskontra eller elektroniskt till en extern reskontra<\/li>\n<\/ul>\n<\/div>\n<div>\n<h2 style=\"color: black;\"><strong>F\u00f6retagsledning<\/strong><\/h2>\n<p>F\u00f6retagsledningen har m\u00f6jlighet att f\u00f6lja upp verksamheten s\u00e5v\u00e4l operativt som ekonomiskt fr\u00e5n LogiControl med hj\u00e4lp av omfattande rapportering och statistik.<\/p>\n<\/div>\n<\/div>\n<\/div>\n<p>[\/vc_column_text][\/vc_column][vc_column width=&#8221;1\/2&#8243;][vc_column_text]<img loading=\"lazy\" decoding=\"async\" class=\"alignnone wp-image-2752\" role=\"img\" src=\"https:\/\/www.nextlog.fi\/wp-content\/uploads\/chart-logicontrol-zoom-sv.svg\" alt=\"Logicontrol chart\" width=\"584\" height=\"533\" \/>[\/vc_column_text][\/vc_column][\/vc_row][vc_row][vc_column][vc_column_text]<\/p>\n<p>[\/vc_column_text][\/vc_column][\/vc_row][vc_row][vc_column][vc_column_text]<\/p>\n<p>[\/vc_column_text][\/vc_column][\/vc_row][vc_row el_class=&#8221;wide-color&#8221;][vc_column width=&#8221;1\/4&#8243;][vc_column_text]<\/p>\n<p>&nbsp;<\/p>\n<p>[\/vc_column_text][vc_column_text]<\/p>\n<h4><strong>Bes\u00f6ksadress<br \/>\n<\/strong><\/h4>\n<table class=\"small\">\n<tbody>\n<tr>\n<th style=\"text-align: left;\">F\u00f6retagarv\u00e4gen 7<\/th>\n<th><\/th>\n<\/tr>\n<tr>\n<td>65610 KORSHOLM<br \/>\nFINLAND<br \/>\n<a href=\"tel:+35863226100\">+358 (0)6 322 6100<\/a><\/td>\n<td><\/td>\n<\/tr>\n<\/tbody>\n<\/table>\n<p>&nbsp;<\/p>\n<h4><strong>V\u00e5r kundsupport betj\u00e4nar<\/strong><\/h4>\n<table class=\"small\">\n<tbody>\n<tr>\n<th>Vardagar (kl 8.00 &#8211; 16.00)<\/th>\n<th><\/th>\n<\/tr>\n<tr>\n<td><a href=\"tel:+35863226100\">+358(0)6 322 6100<\/a><br \/>\n<a href=\"&#109;&#97;&#x69;&#x6c;&#116;&#111;&#x3a;&#x73;&#117;&#112;&#x70;&#x6f;&#114;&#116;&#x40;&#x6c;&#111;&#103;&#x69;&#x63;&#111;&#110;&#x74;&#x72;&#111;&#108;&#x2e;&#x66;&#105;\">&#x73;&#x75;&#112;po&#x72;&#x74;&#64;&#108;o&#x67;&#x69;&#99;&#111;n&#x74;&#x72;&#x6f;&#108;&#46;f&#x69;<\/a><\/td>\n<td><\/td>\n<\/tr>\n<\/tbody>\n<\/table>\n<div class=\"credits\">Copyright \u00a9 Oy NextLog Ab<\/div>\n<p>[\/vc_column_text][\/vc_column][vc_column width=&#8221;1\/4&#8243;][vc_column_text]<\/p>\n<p>&nbsp;<\/p>\n<p>[\/vc_column_text][vc_column_text]<\/p>\n<h4><strong>LogiControl erbjuder anpassnings\u00adm\u00f6jligheter<\/strong><\/h4>\n<table class=\"small\">\n<tbody>\n<tr>\n<th style=\"text-align: left;\"><\/th>\n<th><\/th>\n<\/tr>\n<tr>\n<td style=\"text-align: left;\"><a class=\"large-icon\" href=\"\/sv\/logicontrol\/\"><img loading=\"lazy\" decoding=\"async\" class=\"animate-link alignleft wp-image-4889\" role=\"img\" src=\"\/wp-content\/uploads\/blue-arrow-forward.svg\" alt=\"Arrow-lue-lis\u00e4\u00e4-basic\" width=\"35\" height=\"35\" \/><\/a><a href=\"\/sv\/logicontrol\/\">V\u00e4lj de egenskaper<br \/>\nsom du beh\u00f6ver<\/a><\/td>\n<td><\/td>\n<\/tr>\n<\/tbody>\n<\/table>\n<p>[\/vc_column_text][\/vc_column][vc_column width=&#8221;1\/4&#8243;][vc_column_text]<\/p>\n<p>&nbsp;<\/p>\n<p>[\/vc_column_text][vc_column_text css=&#8221;&#8221;]<\/p>\n<h4><a href=\"\/sv\/\">Hem<\/a><\/h4>\n<table class=\"small\">\n<tbody>\n<tr>\n<th style=\"text-align: left;\"><\/th>\n<th><\/th>\n<\/tr>\n<tr>\n<td><a href=\"\/sv\/kontakta-oss\">Kontakta oss<\/a><br \/>\n<a href=\"\/sv\/referenser\/\">Referenser<\/a><br \/>\n<a href=\"\/sv\/nextlog\/\">NextLog<\/a><br \/>\n<a href=\"\/sv\/rekry\/\">Rekry<\/a><br \/>\n<a href=\"\/sv\/nyheter\">Nyheter<\/a><br \/>\n<a href=\"\/sv\/kunskapsbank\">Kunskapsbank<\/a><\/td>\n<td><\/td>\n<\/tr>\n<\/tbody>\n<\/table>\n<h4><\/h4>\n<p>[\/vc_column_text][\/vc_column][vc_column width=&#8221;1\/4&#8243;][vc_column_text]<\/p>\n<p>&nbsp;<\/p>\n<p>[\/vc_column_text][vc_column_text]<\/p>\n<h4><strong>F\u00f6lj oss<\/strong><\/h4>\n<h4><a href=\"https:\/\/www.linkedin.com\/company\/nextlog\" target=\"_blank\" rel=\"noopener noreferrer\"><img loading=\"lazy\" decoding=\"async\" class=\"alignnone wp-image-4002\" role=\"img\" src=\"https:\/\/www.nextlog.fi\/wp-content\/uploads\/Linkedin-fyrkant.svg\" alt=\"NextLog-LinkedIn-button\" width=\"66\" height=\"65\" \/><\/a> \u00a0<a href=\"https:\/\/www.instagram.com\/nextlog_fi\/\" target=\"_blank\" rel=\"noopener noreferrer\"><img loading=\"lazy\" decoding=\"async\" class=\"alignnone wp-image-3999\" role=\"img\" src=\"https:\/\/www.nextlog.fi\/wp-content\/uploads\/Instagram.svg\" alt=\"NextLog-Instagram-button\" width=\"66\" height=\"65\" \/><\/a><\/h4>\n<h4><a href=\"\/sv\/prenumeration\"><img loading=\"lazy\" decoding=\"async\" class=\"alignnone wp-image-4101\" role=\"img\" src=\"https:\/\/www.nextlog.fi\/wp-content\/uploads\/Prenumerera-pa-vart-nyhetsbrev.svg\" alt=\"Prenumerera-p\u00e5-v\u00e5rt-nyhetsbrev-knapp\" width=\"208\" height=\"65\" \/><\/a><\/h4>\n<h4><a href=\"\/sv\/dataskyddsbeskrivning\">Dataskyddsbeskrivning<\/a><\/h4>\n<p>[\/vc_column_text][vc_column_text]<\/p>\n<p>&nbsp;<\/p>\n<p>[\/vc_column_text][vc_column_text]<img loading=\"lazy\" decoding=\"async\" class=\"wp-image-7475 alignnone\" src=\"\/wp-content\/uploads\/AAA-logo-2024-SE-transparent.png\" alt=\"AAA\" width=\"270\" height=\"170\" srcset=\"https:\/\/www.nextlog.fi\/wp-content\/uploads\/AAA-logo-2024-SE-transparent.png 899w, https:\/\/www.nextlog.fi\/wp-content\/uploads\/AAA-logo-2024-SE-transparent-300x189.png 300w\" sizes=\"auto, (max-width: 270px) 100vw, 270px\" \/>[\/vc_column_text][\/vc_column][\/vc_row]<\/p>\n<\/div>","protected":false},"excerpt":{"rendered":"<p>[vc_row el_class=&#8221;wide-office&#8221;][vc_column width=&#8221;7\/12&#8243;][vc_column_text] &nbsp; &nbsp; &nbsp; &nbsp; Transportsystemets anv\u00e4ndare Logistikkedjan best\u00e5r av flera parter som var och en i sin roll har behov av olika verktyg. H\u00e4r f\u00e5r du information om hur LogiControl kan underl\u00e4tta Ditt dagliga arbete. [\/vc_column_text][\/vc_column][\/vc_row][vc_row][vc_column][vc_column_text] [\/vc_column_text][\/vc_column][\/vc_row][vc_row][vc_column width=&#8221;1\/2&#8243;][vc_column_text] Uppdragsgivare Trafikledare Chauff\u00f6r Administration F\u00f6retagsledning Uppdragsgivare Transportbokningar fr\u00e5n Uppdragsgivare till Transportf\u00f6retag g\u00f6rs direkt via [&hellip;]<\/p>\n","protected":false},"author":5,"featured_media":6013,"parent":0,"menu_order":0,"comment_status":"closed","ping_status":"closed","template":"","meta":{"_exactmetrics_skip_tracking":false,"_exactmetrics_sitenote_active":false,"_exactmetrics_sitenote_note":"","_exactmetrics_sitenote_category":0,"footnotes":""},"class_list":["post-2491","page","type-page","status-publish","hentry"],"yoast_head":"<!-- This site is optimized with the Yoast SEO Premium plugin v25.7.1 (Yoast SEO v25.7) - https:\/\/yoast.com\/wordpress\/plugins\/seo\/ -->\n<title>Transportsystemets anv\u00e4ndare i logistikkedjan -<\/title>\n<meta name=\"description\" content=\"Logistikkedjan best\u00e5r av flera anv\u00e4ndare som var och en i sin roll har behov av olika verktyg. Transportsystemets anv\u00e4ndare: Uppdragsgivare, trafikledare, chauff\u00f6r, administration, f\u00f6retagsledning.\" \/>\n<meta name=\"robots\" content=\"index, follow, max-snippet:-1, max-image-preview:large, max-video-preview:-1\" \/>\n<link rel=\"canonical\" href=\"https:\/\/www-devel.nextlog.fi\/sv\/anvandare\/\" \/>\n<meta property=\"og:locale\" content=\"sv_SE\" \/>\n<meta property=\"og:type\" content=\"article\" \/>\n<meta property=\"og:title\" content=\"Anv\u00e4ndare\" \/>\n<meta property=\"og:description\" content=\"Logistikkedjan best\u00e5r av flera anv\u00e4ndare som var och en i sin roll har behov av olika verktyg. Transportsystemets anv\u00e4ndare: Uppdragsgivare, trafikledare, chauff\u00f6r, administration, f\u00f6retagsledning.\" \/>\n<meta property=\"og:url\" content=\"https:\/\/www-devel.nextlog.fi\/sv\/anvandare\/\" \/>\n<meta property=\"og:site_name\" content=\"NextLog\" \/>\n<meta property=\"article:modified_time\" content=\"2025-10-23T10:35:01+00:00\" \/>\n<meta property=\"og:image\" content=\"https:\/\/www-devel.nextlog.fi\/wp-content\/uploads\/office.jpg\" \/>\n\t<meta property=\"og:image:width\" content=\"8192\" \/>\n\t<meta property=\"og:image:height\" content=\"5464\" \/>\n\t<meta property=\"og:image:type\" content=\"image\/jpeg\" \/>\n<meta name=\"twitter:card\" content=\"summary_large_image\" \/>\n<meta name=\"twitter:label1\" content=\"Ber\u00e4knad l\u00e4stid\" \/>\n\t<meta name=\"twitter:data1\" content=\"4 minuter\" \/>\n<script type=\"application\/ld+json\" class=\"yoast-schema-graph\">{\"@context\":\"https:\/\/schema.org\",\"@graph\":[{\"@type\":\"WebPage\",\"@id\":\"https:\/\/www-devel.nextlog.fi\/sv\/anvandare\/\",\"url\":\"https:\/\/www-devel.nextlog.fi\/sv\/anvandare\/\",\"name\":\"Transportsystemets anv\u00e4ndare i logistikkedjan -\",\"isPartOf\":{\"@id\":\"https:\/\/www.nextlog.fi\/#website\"},\"primaryImageOfPage\":{\"@id\":\"https:\/\/www-devel.nextlog.fi\/sv\/anvandare\/#primaryimage\"},\"image\":{\"@id\":\"https:\/\/www-devel.nextlog.fi\/sv\/anvandare\/#primaryimage\"},\"thumbnailUrl\":\"https:\/\/www.nextlog.fi\/wp-content\/uploads\/office.jpg\",\"datePublished\":\"2019-07-23T09:05:53+00:00\",\"dateModified\":\"2025-10-23T10:35:01+00:00\",\"description\":\"Logistikkedjan best\u00e5r av flera anv\u00e4ndare som var och en i sin roll har behov av olika verktyg. Transportsystemets anv\u00e4ndare: Uppdragsgivare, trafikledare, chauff\u00f6r, administration, f\u00f6retagsledning.\",\"breadcrumb\":{\"@id\":\"https:\/\/www-devel.nextlog.fi\/sv\/anvandare\/#breadcrumb\"},\"inLanguage\":\"sv-SE\",\"potentialAction\":[{\"@type\":\"ReadAction\",\"target\":[\"https:\/\/www-devel.nextlog.fi\/sv\/anvandare\/\"]}]},{\"@type\":\"ImageObject\",\"inLanguage\":\"sv-SE\",\"@id\":\"https:\/\/www-devel.nextlog.fi\/sv\/anvandare\/#primaryimage\",\"url\":\"https:\/\/www.nextlog.fi\/wp-content\/uploads\/office.jpg\",\"contentUrl\":\"https:\/\/www.nextlog.fi\/wp-content\/uploads\/office.jpg\",\"width\":8192,\"height\":5464,\"caption\":\"Cheerful and smiling young successful female businesswoman standing with colleague looking at smartphone in modern office and coworking space\"},{\"@type\":\"BreadcrumbList\",\"@id\":\"https:\/\/www-devel.nextlog.fi\/sv\/anvandare\/#breadcrumb\",\"itemListElement\":[{\"@type\":\"ListItem\",\"position\":1,\"name\":\"Etusivu\",\"item\":\"https:\/\/www.nextlog.fi\/sv\/\"},{\"@type\":\"ListItem\",\"position\":2,\"name\":\"Anv\u00e4ndare\"}]},{\"@type\":\"WebSite\",\"@id\":\"https:\/\/www.nextlog.fi\/#website\",\"url\":\"https:\/\/www.nextlog.fi\/\",\"name\":\"NextLog\",\"description\":\"Transport Management System (TMS) for Efficient Logistics\",\"potentialAction\":[{\"@type\":\"SearchAction\",\"target\":{\"@type\":\"EntryPoint\",\"urlTemplate\":\"https:\/\/www.nextlog.fi\/?s={search_term_string}\"},\"query-input\":{\"@type\":\"PropertyValueSpecification\",\"valueRequired\":true,\"valueName\":\"search_term_string\"}}],\"inLanguage\":\"sv-SE\"}]}<\/script>\n<!-- \/ Yoast SEO Premium plugin. -->","yoast_head_json":{"title":"Transportsystemets anv\u00e4ndare i logistikkedjan -","description":"Logistikkedjan best\u00e5r av flera anv\u00e4ndare som var och en i sin roll har behov av olika verktyg. Transportsystemets anv\u00e4ndare: Uppdragsgivare, trafikledare, chauff\u00f6r, administration, f\u00f6retagsledning.","robots":{"index":"index","follow":"follow","max-snippet":"max-snippet:-1","max-image-preview":"max-image-preview:large","max-video-preview":"max-video-preview:-1"},"canonical":"https:\/\/www-devel.nextlog.fi\/sv\/anvandare\/","og_locale":"sv_SE","og_type":"article","og_title":"Anv\u00e4ndare","og_description":"Logistikkedjan best\u00e5r av flera anv\u00e4ndare som var och en i sin roll har behov av olika verktyg. Transportsystemets anv\u00e4ndare: Uppdragsgivare, trafikledare, chauff\u00f6r, administration, f\u00f6retagsledning.","og_url":"https:\/\/www-devel.nextlog.fi\/sv\/anvandare\/","og_site_name":"NextLog","article_modified_time":"2025-10-23T10:35:01+00:00","og_image":[{"width":8192,"height":5464,"url":"https:\/\/www-devel.nextlog.fi\/wp-content\/uploads\/office.jpg","type":"image\/jpeg"}],"twitter_card":"summary_large_image","twitter_misc":{"Ber\u00e4knad l\u00e4stid":"4 minuter"},"schema":{"@context":"https:\/\/schema.org","@graph":[{"@type":"WebPage","@id":"https:\/\/www-devel.nextlog.fi\/sv\/anvandare\/","url":"https:\/\/www-devel.nextlog.fi\/sv\/anvandare\/","name":"Transportsystemets anv\u00e4ndare i logistikkedjan -","isPartOf":{"@id":"https:\/\/www.nextlog.fi\/#website"},"primaryImageOfPage":{"@id":"https:\/\/www-devel.nextlog.fi\/sv\/anvandare\/#primaryimage"},"image":{"@id":"https:\/\/www-devel.nextlog.fi\/sv\/anvandare\/#primaryimage"},"thumbnailUrl":"https:\/\/www.nextlog.fi\/wp-content\/uploads\/office.jpg","datePublished":"2019-07-23T09:05:53+00:00","dateModified":"2025-10-23T10:35:01+00:00","description":"Logistikkedjan best\u00e5r av flera anv\u00e4ndare som var och en i sin roll har behov av olika verktyg. Transportsystemets anv\u00e4ndare: Uppdragsgivare, trafikledare, chauff\u00f6r, administration, f\u00f6retagsledning.","breadcrumb":{"@id":"https:\/\/www-devel.nextlog.fi\/sv\/anvandare\/#breadcrumb"},"inLanguage":"sv-SE","potentialAction":[{"@type":"ReadAction","target":["https:\/\/www-devel.nextlog.fi\/sv\/anvandare\/"]}]},{"@type":"ImageObject","inLanguage":"sv-SE","@id":"https:\/\/www-devel.nextlog.fi\/sv\/anvandare\/#primaryimage","url":"https:\/\/www.nextlog.fi\/wp-content\/uploads\/office.jpg","contentUrl":"https:\/\/www.nextlog.fi\/wp-content\/uploads\/office.jpg","width":8192,"height":5464,"caption":"Cheerful and smiling young successful female businesswoman standing with colleague looking at smartphone in modern office and coworking space"},{"@type":"BreadcrumbList","@id":"https:\/\/www-devel.nextlog.fi\/sv\/anvandare\/#breadcrumb","itemListElement":[{"@type":"ListItem","position":1,"name":"Etusivu","item":"https:\/\/www.nextlog.fi\/sv\/"},{"@type":"ListItem","position":2,"name":"Anv\u00e4ndare"}]},{"@type":"WebSite","@id":"https:\/\/www.nextlog.fi\/#website","url":"https:\/\/www.nextlog.fi\/","name":"NextLog","description":"Transport Management System (TMS) for Efficient Logistics","potentialAction":[{"@type":"SearchAction","target":{"@type":"EntryPoint","urlTemplate":"https:\/\/www.nextlog.fi\/?s={search_term_string}"},"query-input":{"@type":"PropertyValueSpecification","valueRequired":true,"valueName":"search_term_string"}}],"inLanguage":"sv-SE"}]}},"_links":{"self":[{"href":"https:\/\/www.nextlog.fi\/sv\/wp-json\/wp\/v2\/pages\/2491","targetHints":{"allow":["GET"]}}],"collection":[{"href":"https:\/\/www.nextlog.fi\/sv\/wp-json\/wp\/v2\/pages"}],"about":[{"href":"https:\/\/www.nextlog.fi\/sv\/wp-json\/wp\/v2\/types\/page"}],"author":[{"embeddable":true,"href":"https:\/\/www.nextlog.fi\/sv\/wp-json\/wp\/v2\/users\/5"}],"replies":[{"embeddable":true,"href":"https:\/\/www.nextlog.fi\/sv\/wp-json\/wp\/v2\/comments?post=2491"}],"version-history":[{"count":1,"href":"https:\/\/www.nextlog.fi\/sv\/wp-json\/wp\/v2\/pages\/2491\/revisions"}],"predecessor-version":[{"id":7891,"href":"https:\/\/www.nextlog.fi\/sv\/wp-json\/wp\/v2\/pages\/2491\/revisions\/7891"}],"wp:featuredmedia":[{"embeddable":true,"href":"https:\/\/www.nextlog.fi\/sv\/wp-json\/wp\/v2\/media\/6013"}],"wp:attachment":[{"href":"https:\/\/www.nextlog.fi\/sv\/wp-json\/wp\/v2\/media?parent=2491"}],"curies":[{"name":"wp","href":"https:\/\/api.w.org\/{rel}","templated":true}]}}