{"id":5042,"date":"2021-03-15T10:30:56","date_gmt":"2021-03-15T08:30:56","guid":{"rendered":"https:\/\/www-devel.nextlog.fi\/uutiset-250121\/"},"modified":"2025-03-13T13:22:59","modified_gmt":"2025-03-13T11:22:59","slug":"nyheter-logicontrol-basic","status":"publish","type":"page","link":"https:\/\/www.nextlog.fi\/sv\/nyheter-logicontrol-basic\/","title":{"rendered":"Nyheter &#8211; Logicontrol Basic"},"content":{"rendered":"<div class=\"wpb-content-wrapper\"><p>[vc_row][vc_column width=&#8221;1\/6&#8243;][\/vc_column][vc_column width=&#8221;2\/3&#8243;][vc_column_text]<\/p>\n<p style=\"color: black; text-align: center;\"><a class=\"special-link-large-icon\" href=\"\/sv\/nyheter\/\"><img loading=\"lazy\" decoding=\"async\" class=\"wp-image-4990 alignnone animate-link\" role=\"img\" src=\"https:\/\/www.nextlog.fi\/wp-content\/uploads\/\/blue-arrow-backward.svg\" alt=\"Back-news\" width=\"60\" height=\"60\" \/><\/a><a href=\"\/sv\/nyheter\/\"> Nyheter<\/a><\/p>\n<p>[\/vc_column_text][vc_column_text]<\/p>\n<h2 style=\"text-align: center; color: black;\"><strong>Vi erbjuder nu LogiControl Basic till mindre transportf\u00f6retag<\/strong><\/h2>\n<p style=\"text-align: center; color: grey;\">25\/01\/2021<\/p>\n<p><img loading=\"lazy\" decoding=\"async\" class=\"wp-image-4488 aligncenter\" role=\"img\" src=\"\/wp-content\/uploads\/chart-logicontrol-basic-sv.svg\" alt=\"chart-logicontrol-basic\" width=\"500\" height=\"500\" \/>[\/vc_column_text][\/vc_column][vc_column width=&#8221;1\/6&#8243;][\/vc_column][\/vc_row][vc_row][vc_column width=&#8221;1\/6&#8243;][\/vc_column][vc_column width=&#8221;2\/3&#8243;][vc_column_text]Vi erbjuder nu LogiControl Basic till mindre transportf\u00f6retag. Paketet inneh\u00e5ller funktioner b\u00e5de f\u00f6r operativa (orderhantering, k\u00f6rdirigering) och administrativa rutiner (fakturering, reskontra, rapportering).<\/p>\n<p>F\u00f6r planering och administration av transporter beh\u00f6vs s\u00e5ledes inga \u00f6vriga program eftersom LogiControl Basic \u00e4ven inneh\u00e5ller egenskaper f\u00f6r hantering av f\u00f6rs\u00e4ljnings- och ink\u00f6psfakturor.<\/p>\n<h3 style=\"color: black;\"><strong>LogiControl Basic rekommenderas \u00e5t f\u00f6retag som har behov av<\/strong><\/h3>\n<ul>\n<li>Hantering av orders med fullst\u00e4ndiga fraktsedeluppgifter<\/li>\n<li>Planering av laster och resurser i ett grafiskt gr\u00e4nssnitt med drag &amp; drop<\/li>\n<li>Snabbare faktureringsrytm<\/li>\n<li>Integrerad f\u00f6rs\u00e4ljningsreskontra f\u00f6r effektiv uppf\u00f6ljning av kundfordringar<\/li>\n<li>Registrering och elektronisk betalning av ink\u00f6psfakturor<\/li>\n<li>F\u00f6rs\u00e4ljningsstatistik per kund och kassafl\u00f6desrapporter<\/li>\n<\/ul>\n<h3 style=\"color: black;\"><strong>Paketet inneh\u00e5ller f\u00f6ljande vyer:<\/strong><\/h3>\n<ul>\n<li>Grundregister<\/li>\n<li>Orderhantering<\/li>\n<li>K\u00f6rdirigering<\/li>\n<li>Fakturering<\/li>\n<li>Ink\u00f6psfakturor<\/li>\n<li>F\u00f6rs\u00e4ljningsreskontra<\/li>\n<li>Ink\u00f6psreskontra<\/li>\n<li>Rapportering<\/li>\n<\/ul>\n<p>[\/vc_column_text][\/vc_column][\/vc_row][vc_row][vc_column][vc_column_text]<\/p>\n<p>[\/vc_column_text][\/vc_column][\/vc_row][vc_row el_class=&#8221;wide-color&#8221;][vc_column width=&#8221;1\/4&#8243;][vc_column_text]<\/p>\n<p>&nbsp;<\/p>\n<p>[\/vc_column_text][vc_column_text]<\/p>\n<h4><strong>Bes\u00f6ksadress<br \/>\n<\/strong><\/h4>\n<table class=\"small\">\n<tbody>\n<tr>\n<th style=\"text-align: left;\">F\u00f6retagarv\u00e4gen 7<\/th>\n<th><\/th>\n<\/tr>\n<tr>\n<td>65610 KORSHOLM<br \/>\nFINLAND<br \/>\n<a href=\"tel:+35863226100\">+358 (0)6 322 6100<\/a><\/td>\n<td><\/td>\n<\/tr>\n<\/tbody>\n<\/table>\n<p>&nbsp;<\/p>\n<h4><strong>V\u00e5r kundsupport betj\u00e4nar<\/strong><\/h4>\n<table class=\"small\">\n<tbody>\n<tr>\n<th>Vardagar (kl 8.00 &#8211; 16.00)<\/th>\n<th><\/th>\n<\/tr>\n<tr>\n<td><a href=\"tel:+35863226100\">+358(0)6 322 6100<\/a><br \/>\n<a href=\"&#x6d;a&#x69;&#108;&#x74;&#111;:&#x73;u&#x70;&#112;&#x6f;&#114;t&#x40;&#108;&#x6f;&#103;i&#x63;o&#x6e;&#116;&#x72;&#111;l&#x2e;f&#x69;\">s&#117;&#112;&#x70;&#x6f;&#x72;t&#64;&#108;&#x6f;&#x67;&#x69;co&#110;&#x74;&#x72;&#x6f;l&#46;&#102;&#105;<\/a><\/td>\n<td><\/td>\n<\/tr>\n<\/tbody>\n<\/table>\n<div class=\"credits\">Copyright \u00a9 Oy NextLog Ab<\/div>\n<p>[\/vc_column_text][\/vc_column][vc_column width=&#8221;1\/4&#8243;][vc_column_text]<\/p>\n<p>&nbsp;<\/p>\n<p>[\/vc_column_text][vc_column_text]<\/p>\n<h4><strong>LogiControl erbjuder anpassnings\u00adm\u00f6jligheter<\/strong><\/h4>\n<table class=\"small\">\n<tbody>\n<tr>\n<th style=\"text-align: left;\"><\/th>\n<th><\/th>\n<\/tr>\n<tr>\n<td style=\"text-align: left;\"><a class=\"large-icon\" href=\"\/sv\/logicontrol\/\"><img loading=\"lazy\" decoding=\"async\" class=\"animate-link alignleft wp-image-4889\" role=\"img\" src=\"\/wp-content\/uploads\/blue-arrow-forward.svg\" alt=\"Arrow-lue-lis\u00e4\u00e4-basic\" width=\"35\" height=\"35\" \/><\/a><a href=\"\/sv\/logicontrol\/\">V\u00e4lj de egenskaper<br \/>\nsom du beh\u00f6ver<\/a><\/td>\n<td><\/td>\n<\/tr>\n<\/tbody>\n<\/table>\n<p>[\/vc_column_text][\/vc_column][vc_column width=&#8221;1\/4&#8243;][vc_column_text]<\/p>\n<p>&nbsp;<\/p>\n<p>[\/vc_column_text][vc_column_text]<\/p>\n<h4><a href=\"\/sv\/\">Hem<\/a><\/h4>\n<table class=\"small\">\n<tbody>\n<tr>\n<th style=\"text-align: left;\"><\/th>\n<th><\/th>\n<\/tr>\n<tr>\n<td><a href=\"\/sv\/kontakta-oss\">Kontakta oss<\/a><br \/>\n<a href=\"\/sv\/referenser\/\">Referenser<\/a><br \/>\n<a href=\"\/sv\/nextlog\/\">NextLog<\/a><br \/>\n<a href=\"\/sv\/rekry\/\">Rekry<\/a><br \/>\n<a href=\"\/sv\/nyheter\">Nyheter<\/a><br \/>\n<a href=\"\/sv\/kunskapsbank\/\">Kunskapsbank<\/a><\/td>\n<td><\/td>\n<\/tr>\n<\/tbody>\n<\/table>\n<h4><\/h4>\n<p>[\/vc_column_text][\/vc_column][vc_column width=&#8221;1\/4&#8243;][vc_column_text]<\/p>\n<p>&nbsp;<\/p>\n<p>[\/vc_column_text][vc_column_text]<\/p>\n<h4><strong>F\u00f6lj oss<\/strong><\/h4>\n<h4><a href=\"https:\/\/www.linkedin.com\/company\/nextlog\" target=\"_blank\" rel=\"noopener noreferrer\"><img loading=\"lazy\" decoding=\"async\" class=\"alignnone wp-image-4002\" role=\"img\" src=\"https:\/\/www.nextlog.fi\/wp-content\/uploads\/Linkedin-fyrkant.svg\" alt=\"NextLog-LinkedIn-button\" width=\"66\" height=\"65\" \/><\/a> \u00a0<a href=\"https:\/\/www.instagram.com\/nextlog_fi\/\" target=\"_blank\" rel=\"noopener noreferrer\"><img loading=\"lazy\" decoding=\"async\" class=\"alignnone wp-image-3999\" role=\"img\" src=\"https:\/\/www.nextlog.fi\/wp-content\/uploads\/Instagram.svg\" alt=\"NextLog-Instagram-button\" width=\"66\" height=\"65\" \/><\/a><\/h4>\n<h4><a href=\"\/sv\/prenumeration\"><img loading=\"lazy\" decoding=\"async\" class=\"alignnone wp-image-4101\" role=\"img\" src=\"https:\/\/www.nextlog.fi\/wp-content\/uploads\/Prenumerera-pa-vart-nyhetsbrev.svg\" alt=\"Prenumerera-p\u00e5-v\u00e5rt-nyhetsbrev-knapp\" width=\"208\" height=\"65\" \/><\/a><\/h4>\n<h4><a href=\"\/sv\/dataskyddsbeskrivning\">Dataskyddsbeskrivning<\/a><\/h4>\n<p>[\/vc_column_text][vc_column_text]<\/p>\n<p>&nbsp;<\/p>\n<p>[\/vc_column_text][vc_column_text]<img loading=\"lazy\" decoding=\"async\" class=\"wp-image-7475 alignnone\" src=\"\/wp-content\/uploads\/AAA-logo-2024-SE-transparent.png\" alt=\"AAA\" width=\"270\" height=\"170\" srcset=\"https:\/\/www.nextlog.fi\/wp-content\/uploads\/AAA-logo-2024-SE-transparent.png 899w, https:\/\/www.nextlog.fi\/wp-content\/uploads\/AAA-logo-2024-SE-transparent-300x189.png 300w\" sizes=\"auto, (max-width: 270px) 100vw, 270px\" \/>[\/vc_column_text][\/vc_column][\/vc_row]<\/p>\n<\/div>","protected":false},"excerpt":{"rendered":"<p>[vc_row][vc_column width=&#8221;1\/6&#8243;][\/vc_column][vc_column width=&#8221;2\/3&#8243;][vc_column_text] Nyheter [\/vc_column_text][vc_column_text] Vi erbjuder nu LogiControl Basic till mindre transportf\u00f6retag 25\/01\/2021 [\/vc_column_text][\/vc_column][vc_column width=&#8221;1\/6&#8243;][\/vc_column][\/vc_row][vc_row][vc_column width=&#8221;1\/6&#8243;][\/vc_column][vc_column width=&#8221;2\/3&#8243;][vc_column_text]Vi erbjuder nu LogiControl Basic till mindre transportf\u00f6retag. Paketet inneh\u00e5ller funktioner b\u00e5de f\u00f6r operativa (orderhantering, k\u00f6rdirigering) och administrativa rutiner (fakturering, reskontra, rapportering). F\u00f6r planering och administration av transporter beh\u00f6vs s\u00e5ledes inga \u00f6vriga program eftersom LogiControl Basic \u00e4ven inneh\u00e5ller [&hellip;]<\/p>\n","protected":false},"author":4,"featured_media":0,"parent":0,"menu_order":0,"comment_status":"closed","ping_status":"closed","template":"","meta":{"_exactmetrics_skip_tracking":false,"_exactmetrics_sitenote_active":false,"_exactmetrics_sitenote_note":"","_exactmetrics_sitenote_category":0,"footnotes":""},"class_list":["post-5042","page","type-page","status-publish","hentry"],"yoast_head":"<!-- This site is optimized with the Yoast SEO Premium plugin v25.7.1 (Yoast SEO v25.7) - https:\/\/yoast.com\/wordpress\/plugins\/seo\/ -->\n<title>Vi erbjuder nu LogiControl Basic till mindre transportf\u00f6retag - NextLog<\/title>\n<meta name=\"description\" content=\"Program. Vi erbjuder nu LogiControl Basic till mindre transportf\u00f6retag. Paketet inneh\u00e5ller funktioner b\u00e5de f\u00f6r operativa och administrativa rutiner.\" \/>\n<meta name=\"robots\" content=\"index, follow, max-snippet:-1, max-image-preview:large, max-video-preview:-1\" \/>\n<link rel=\"canonical\" href=\"https:\/\/www-devel.nextlog.fi\/sv\/nyheter-logicontrol-basic\/\" \/>\n<meta property=\"og:locale\" content=\"sv_SE\" \/>\n<meta property=\"og:type\" content=\"article\" \/>\n<meta property=\"og:title\" content=\"Nyheter - Logicontrol Basic\" \/>\n<meta property=\"og:description\" content=\"Program. Vi erbjuder nu LogiControl Basic till mindre transportf\u00f6retag. Paketet inneh\u00e5ller funktioner b\u00e5de f\u00f6r operativa och administrativa rutiner.\" \/>\n<meta property=\"og:url\" content=\"https:\/\/www-devel.nextlog.fi\/sv\/nyheter-logicontrol-basic\/\" \/>\n<meta property=\"og:site_name\" content=\"NextLog\" \/>\n<meta property=\"article:modified_time\" content=\"2025-03-13T11:22:59+00:00\" \/>\n<meta property=\"og:image\" content=\"https:\/\/www-devel.nextlog.fi\/wp-content\/uploads\/\/blue-arrow-backward.svg\" \/>\n<meta name=\"twitter:card\" content=\"summary_large_image\" \/>\n<meta name=\"twitter:label1\" content=\"Ber\u00e4knad l\u00e4stid\" \/>\n\t<meta name=\"twitter:data1\" content=\"3 minuter\" \/>\n<script type=\"application\/ld+json\" class=\"yoast-schema-graph\">{\"@context\":\"https:\/\/schema.org\",\"@graph\":[{\"@type\":\"WebPage\",\"@id\":\"https:\/\/www-devel.nextlog.fi\/sv\/nyheter-logicontrol-basic\/\",\"url\":\"https:\/\/www-devel.nextlog.fi\/sv\/nyheter-logicontrol-basic\/\",\"name\":\"Vi erbjuder nu LogiControl Basic till mindre transportf\u00f6retag - NextLog\",\"isPartOf\":{\"@id\":\"https:\/\/www.nextlog.fi\/#website\"},\"primaryImageOfPage\":{\"@id\":\"https:\/\/www-devel.nextlog.fi\/sv\/nyheter-logicontrol-basic\/#primaryimage\"},\"image\":{\"@id\":\"https:\/\/www-devel.nextlog.fi\/sv\/nyheter-logicontrol-basic\/#primaryimage\"},\"thumbnailUrl\":\"https:\/\/www.nextlog.fi\/wp-content\/uploads\/\/blue-arrow-backward.svg\",\"datePublished\":\"2021-03-15T08:30:56+00:00\",\"dateModified\":\"2025-03-13T11:22:59+00:00\",\"description\":\"Program. Vi erbjuder nu LogiControl Basic till mindre transportf\u00f6retag. Paketet inneh\u00e5ller funktioner b\u00e5de f\u00f6r operativa och administrativa rutiner.\",\"breadcrumb\":{\"@id\":\"https:\/\/www-devel.nextlog.fi\/sv\/nyheter-logicontrol-basic\/#breadcrumb\"},\"inLanguage\":\"sv-SE\",\"potentialAction\":[{\"@type\":\"ReadAction\",\"target\":[\"https:\/\/www-devel.nextlog.fi\/sv\/nyheter-logicontrol-basic\/\"]}]},{\"@type\":\"ImageObject\",\"inLanguage\":\"sv-SE\",\"@id\":\"https:\/\/www-devel.nextlog.fi\/sv\/nyheter-logicontrol-basic\/#primaryimage\",\"url\":\"https:\/\/www.nextlog.fi\/wp-content\/uploads\/\/blue-arrow-backward.svg\",\"contentUrl\":\"https:\/\/www.nextlog.fi\/wp-content\/uploads\/\/blue-arrow-backward.svg\"},{\"@type\":\"BreadcrumbList\",\"@id\":\"https:\/\/www-devel.nextlog.fi\/sv\/nyheter-logicontrol-basic\/#breadcrumb\",\"itemListElement\":[{\"@type\":\"ListItem\",\"position\":1,\"name\":\"Etusivu\",\"item\":\"https:\/\/www.nextlog.fi\/sv\/\"},{\"@type\":\"ListItem\",\"position\":2,\"name\":\"Nyheter &#8211; Logicontrol Basic\"}]},{\"@type\":\"WebSite\",\"@id\":\"https:\/\/www.nextlog.fi\/#website\",\"url\":\"https:\/\/www.nextlog.fi\/\",\"name\":\"NextLog\",\"description\":\"Transport Management System (TMS) for Efficient Logistics\",\"potentialAction\":[{\"@type\":\"SearchAction\",\"target\":{\"@type\":\"EntryPoint\",\"urlTemplate\":\"https:\/\/www.nextlog.fi\/?s={search_term_string}\"},\"query-input\":{\"@type\":\"PropertyValueSpecification\",\"valueRequired\":true,\"valueName\":\"search_term_string\"}}],\"inLanguage\":\"sv-SE\"}]}<\/script>\n<!-- \/ Yoast SEO Premium plugin. -->","yoast_head_json":{"title":"Vi erbjuder nu LogiControl Basic till mindre transportf\u00f6retag - NextLog","description":"Program. Vi erbjuder nu LogiControl Basic till mindre transportf\u00f6retag. Paketet inneh\u00e5ller funktioner b\u00e5de f\u00f6r operativa och administrativa rutiner.","robots":{"index":"index","follow":"follow","max-snippet":"max-snippet:-1","max-image-preview":"max-image-preview:large","max-video-preview":"max-video-preview:-1"},"canonical":"https:\/\/www-devel.nextlog.fi\/sv\/nyheter-logicontrol-basic\/","og_locale":"sv_SE","og_type":"article","og_title":"Nyheter - Logicontrol Basic","og_description":"Program. Vi erbjuder nu LogiControl Basic till mindre transportf\u00f6retag. Paketet inneh\u00e5ller funktioner b\u00e5de f\u00f6r operativa och administrativa rutiner.","og_url":"https:\/\/www-devel.nextlog.fi\/sv\/nyheter-logicontrol-basic\/","og_site_name":"NextLog","article_modified_time":"2025-03-13T11:22:59+00:00","og_image":[{"url":"https:\/\/www-devel.nextlog.fi\/wp-content\/uploads\/\/blue-arrow-backward.svg","type":"","width":"","height":""}],"twitter_card":"summary_large_image","twitter_misc":{"Ber\u00e4knad l\u00e4stid":"3 minuter"},"schema":{"@context":"https:\/\/schema.org","@graph":[{"@type":"WebPage","@id":"https:\/\/www-devel.nextlog.fi\/sv\/nyheter-logicontrol-basic\/","url":"https:\/\/www-devel.nextlog.fi\/sv\/nyheter-logicontrol-basic\/","name":"Vi erbjuder nu LogiControl Basic till mindre transportf\u00f6retag - NextLog","isPartOf":{"@id":"https:\/\/www.nextlog.fi\/#website"},"primaryImageOfPage":{"@id":"https:\/\/www-devel.nextlog.fi\/sv\/nyheter-logicontrol-basic\/#primaryimage"},"image":{"@id":"https:\/\/www-devel.nextlog.fi\/sv\/nyheter-logicontrol-basic\/#primaryimage"},"thumbnailUrl":"https:\/\/www.nextlog.fi\/wp-content\/uploads\/\/blue-arrow-backward.svg","datePublished":"2021-03-15T08:30:56+00:00","dateModified":"2025-03-13T11:22:59+00:00","description":"Program. Vi erbjuder nu LogiControl Basic till mindre transportf\u00f6retag. Paketet inneh\u00e5ller funktioner b\u00e5de f\u00f6r operativa och administrativa rutiner.","breadcrumb":{"@id":"https:\/\/www-devel.nextlog.fi\/sv\/nyheter-logicontrol-basic\/#breadcrumb"},"inLanguage":"sv-SE","potentialAction":[{"@type":"ReadAction","target":["https:\/\/www-devel.nextlog.fi\/sv\/nyheter-logicontrol-basic\/"]}]},{"@type":"ImageObject","inLanguage":"sv-SE","@id":"https:\/\/www-devel.nextlog.fi\/sv\/nyheter-logicontrol-basic\/#primaryimage","url":"https:\/\/www.nextlog.fi\/wp-content\/uploads\/\/blue-arrow-backward.svg","contentUrl":"https:\/\/www.nextlog.fi\/wp-content\/uploads\/\/blue-arrow-backward.svg"},{"@type":"BreadcrumbList","@id":"https:\/\/www-devel.nextlog.fi\/sv\/nyheter-logicontrol-basic\/#breadcrumb","itemListElement":[{"@type":"ListItem","position":1,"name":"Etusivu","item":"https:\/\/www.nextlog.fi\/sv\/"},{"@type":"ListItem","position":2,"name":"Nyheter &#8211; Logicontrol Basic"}]},{"@type":"WebSite","@id":"https:\/\/www.nextlog.fi\/#website","url":"https:\/\/www.nextlog.fi\/","name":"NextLog","description":"Transport Management System (TMS) for Efficient Logistics","potentialAction":[{"@type":"SearchAction","target":{"@type":"EntryPoint","urlTemplate":"https:\/\/www.nextlog.fi\/?s={search_term_string}"},"query-input":{"@type":"PropertyValueSpecification","valueRequired":true,"valueName":"search_term_string"}}],"inLanguage":"sv-SE"}]}},"_links":{"self":[{"href":"https:\/\/www.nextlog.fi\/sv\/wp-json\/wp\/v2\/pages\/5042","targetHints":{"allow":["GET"]}}],"collection":[{"href":"https:\/\/www.nextlog.fi\/sv\/wp-json\/wp\/v2\/pages"}],"about":[{"href":"https:\/\/www.nextlog.fi\/sv\/wp-json\/wp\/v2\/types\/page"}],"author":[{"embeddable":true,"href":"https:\/\/www.nextlog.fi\/sv\/wp-json\/wp\/v2\/users\/4"}],"replies":[{"embeddable":true,"href":"https:\/\/www.nextlog.fi\/sv\/wp-json\/wp\/v2\/comments?post=5042"}],"version-history":[{"count":0,"href":"https:\/\/www.nextlog.fi\/sv\/wp-json\/wp\/v2\/pages\/5042\/revisions"}],"wp:attachment":[{"href":"https:\/\/www.nextlog.fi\/sv\/wp-json\/wp\/v2\/media?parent=5042"}],"curies":[{"name":"wp","href":"https:\/\/api.w.org\/{rel}","templated":true}]}}