{"id":5052,"date":"2021-03-15T12:46:49","date_gmt":"2021-03-15T10:46:49","guid":{"rendered":"https:\/\/www-devel.nextlog.fi\/dokumentinhallinta\/"},"modified":"2025-04-29T13:36:26","modified_gmt":"2025-04-29T10:36:26","slug":"nyheter-dokumenthantering","status":"publish","type":"page","link":"https:\/\/www.nextlog.fi\/sv\/nyheter-dokumenthantering\/","title":{"rendered":"Nyheter &#8211; Dokumenthantering"},"content":{"rendered":"<div class=\"wpb-content-wrapper\"><p>[vc_row][vc_column width=&#8221;1\/6&#8243;][\/vc_column][vc_column width=&#8221;2\/3&#8243;][vc_column_text]<\/p>\n<p style=\"color: black; text-align: center;\"><a class=\"special-link-large-icon\" href=\"\/sv\/nyheter\/\"><img loading=\"lazy\" decoding=\"async\" class=\"wp-image-4990 alignnone animate-link\" role=\"img\" src=\"https:\/\/www.nextlog.fi\/wp-content\/uploads\/\/blue-arrow-backward.svg\" alt=\"Back-news\" width=\"60\" height=\"60\" \/><\/a><a href=\"\/sv\/nyheter\/\"> Nyheter<\/a><\/p>\n<p>[\/vc_column_text][vc_column_text]<\/p>\n<h2 style=\"text-align: center; color: black;\"><strong>Dokumenthantering<\/strong><\/h2>\n<p style=\"text-align: center; color: grey;\">27\/01\/2020<\/p>\n<p><img loading=\"lazy\" decoding=\"async\" class=\"wp-image-4905 aligncenter\" style=\"border-radius: 25px;\" src=\"https:\/\/www.nextlog.fi\/wp-content\/uploads\/\/dokumenthantering-low-1024x591.jpg\" alt=\"Dokumentinhallinta\" width=\"780\" height=\"450\" srcset=\"https:\/\/www.nextlog.fi\/wp-content\/uploads\/dokumenthantering-low-1024x591.jpg 1024w, https:\/\/www.nextlog.fi\/wp-content\/uploads\/dokumenthantering-low-300x173.jpg 300w, https:\/\/www.nextlog.fi\/wp-content\/uploads\/dokumenthantering-low-1536x886.jpg 1536w, https:\/\/www.nextlog.fi\/wp-content\/uploads\/dokumenthantering-low-2048x1182.jpg 2048w\" sizes=\"auto, (max-width: 780px) 100vw, 780px\" \/>[\/vc_column_text][\/vc_column][vc_column width=&#8221;1\/6&#8243;][\/vc_column][\/vc_row][vc_row][vc_column width=&#8221;1\/6&#8243;][\/vc_column][vc_column width=&#8221;2\/3&#8243;][vc_column_text]Inom transportbranschen utg\u00f6r hanteringen av dokument s\u00e5som fraktsedlar, godslistor och eventuella reklamationer en betydande del av arbetet. Genom att anv\u00e4nda LogiControls Dokumenthantering f\u00f6renklas och effektiveras \u00f6verf\u00f6ring och arkivering av dokumenten eftersom dessa hanteras elektroniskt.<\/p>\n<p>Chauff\u00f6ren kan skanna fraktsedlar och \u00f6vriga dokument fr\u00e5n mobilapplikationen Mobile direkt till LogiControls Dokumenthantering. Skannade fraktsedlar kopplas automatiskt till ordern i LogiControl och hittas s\u00e5ledes snabbt fr\u00e5n systemet f\u00f6r utskrift eller f\u00f6r att skickas med e-post.<\/p>\n<p>P\u00e5 kontoret kan man enkelt koppla dokument till t.ex. Order, Faktura, Kund eller Fordon med hj\u00e4lp av drag &amp; drop.[\/vc_column_text][\/vc_column][\/vc_row][vc_row][vc_column][vc_column_text]<\/p>\n<p>[\/vc_column_text][\/vc_column][\/vc_row][vc_row el_class=&#8221;wide-color&#8221;][vc_column width=&#8221;1\/4&#8243;][vc_column_text]<\/p>\n<p>&nbsp;<\/p>\n<p>[\/vc_column_text][vc_column_text]<\/p>\n<h4><strong>Bes\u00f6ksadress<br \/>\n<\/strong><\/h4>\n<table class=\"small\">\n<tbody>\n<tr>\n<th style=\"text-align: left;\">F\u00f6retagarv\u00e4gen 7<\/th>\n<th><\/th>\n<\/tr>\n<tr>\n<td>65610 KORSHOLM<br \/>\nFINLAND<br \/>\n<a href=\"tel:+35863226100\">+358 (0)6 322 6100<\/a><\/td>\n<td><\/td>\n<\/tr>\n<\/tbody>\n<\/table>\n<p>&nbsp;<\/p>\n<h4><strong>V\u00e5r kundsupport betj\u00e4nar<\/strong><\/h4>\n<table class=\"small\">\n<tbody>\n<tr>\n<th>Vardagar (kl 8.00 &#8211; 16.00)<\/th>\n<th><\/th>\n<\/tr>\n<tr>\n<td><a href=\"tel:+35863226100\">+358(0)6 322 6100<\/a><br \/>\n<a href=\"mail&#116;&#111;&#58;&#115;&#117;&#x70;&#x70;&#x6f;&#x72;&#x74;&#x40;&#x6c;ogic&#111;&#110;&#116;&#114;&#111;&#x6c;&#x2e;&#x66;&#x69;\">&#115;&#117;&#x70;p&#111;&#x72;&#x74;&#64;&#108;&#x6f;&#x67;i&#99;&#x6f;&#x6e;t&#114;&#x6f;&#x6c;&#46;&#102;&#x69;<\/a><\/td>\n<td><\/td>\n<\/tr>\n<\/tbody>\n<\/table>\n<div class=\"credits\">Copyright \u00a9 Oy NextLog Ab<\/div>\n<p>[\/vc_column_text][\/vc_column][vc_column width=&#8221;1\/4&#8243;][vc_column_text]<\/p>\n<p>&nbsp;<\/p>\n<p>[\/vc_column_text][vc_column_text]<\/p>\n<h4><strong>LogiControl erbjuder anpassnings\u00adm\u00f6jligheter<\/strong><\/h4>\n<table class=\"small\">\n<tbody>\n<tr>\n<th style=\"text-align: left;\"><\/th>\n<th><\/th>\n<\/tr>\n<tr>\n<td style=\"text-align: left;\"><a class=\"large-icon\" href=\"\/sv\/logicontrol\/\"><img loading=\"lazy\" decoding=\"async\" class=\"animate-link alignleft wp-image-4889\" role=\"img\" src=\"\/wp-content\/uploads\/blue-arrow-forward.svg\" alt=\"Arrow-lue-lis\u00e4\u00e4-basic\" width=\"35\" height=\"35\" \/><\/a><a href=\"\/sv\/logicontrol\/\">V\u00e4lj de egenskaper<br \/>\nsom du beh\u00f6ver<\/a><\/td>\n<td><\/td>\n<\/tr>\n<\/tbody>\n<\/table>\n<p>[\/vc_column_text][\/vc_column][vc_column width=&#8221;1\/4&#8243;][vc_column_text]<\/p>\n<p>&nbsp;<\/p>\n<p>[\/vc_column_text][vc_column_text]<\/p>\n<h4><a href=\"\/sv\/\">Hem<\/a><\/h4>\n<table class=\"small\">\n<tbody>\n<tr>\n<th style=\"text-align: left;\"><\/th>\n<th><\/th>\n<\/tr>\n<tr>\n<td><a href=\"\/sv\/kontakta-oss\">Kontakta oss<\/a><br \/>\n<a href=\"\/sv\/referenser\/\">Referenser<\/a><br \/>\n<a href=\"\/sv\/nextlog\/\">NextLog<\/a><br \/>\n<a href=\"\/sv\/rekry\/\">Rekry<\/a><br \/>\n<a href=\"\/sv\/nyheter\">Nyheter<\/a><br \/>\n<a href=\"\/sv\/kunskapsbank\/\">Kunskapsbank<\/a><\/td>\n<td><\/td>\n<\/tr>\n<\/tbody>\n<\/table>\n<h4><\/h4>\n<p>[\/vc_column_text][\/vc_column][vc_column width=&#8221;1\/4&#8243;][vc_column_text]<\/p>\n<p>&nbsp;<\/p>\n<p>[\/vc_column_text][vc_column_text]<\/p>\n<h4><strong>F\u00f6lj oss<\/strong><\/h4>\n<h4><a href=\"https:\/\/www.linkedin.com\/company\/nextlog\" target=\"_blank\" rel=\"noopener noreferrer\"><img loading=\"lazy\" decoding=\"async\" class=\"alignnone wp-image-4002\" role=\"img\" src=\"https:\/\/www.nextlog.fi\/wp-content\/uploads\/Linkedin-fyrkant.svg\" alt=\"NextLog-LinkedIn-button\" width=\"66\" height=\"65\" \/><\/a> \u00a0<a href=\"https:\/\/www.instagram.com\/nextlog_fi\/\" target=\"_blank\" rel=\"noopener noreferrer\"><img loading=\"lazy\" decoding=\"async\" class=\"alignnone wp-image-3999\" role=\"img\" src=\"https:\/\/www.nextlog.fi\/wp-content\/uploads\/Instagram.svg\" alt=\"NextLog-Instagram-button\" width=\"66\" height=\"65\" \/><\/a><\/h4>\n<h4><a href=\"\/sv\/prenumeration\"><img loading=\"lazy\" decoding=\"async\" class=\"alignnone wp-image-4101\" role=\"img\" src=\"https:\/\/www.nextlog.fi\/wp-content\/uploads\/Prenumerera-pa-vart-nyhetsbrev.svg\" alt=\"Prenumerera-p\u00e5-v\u00e5rt-nyhetsbrev-knapp\" width=\"208\" height=\"65\" \/><\/a><\/h4>\n<h4><a href=\"\/sv\/dataskyddsbeskrivning\">Dataskyddsbeskrivning<\/a><\/h4>\n<p>[\/vc_column_text][vc_column_text]<\/p>\n<p>&nbsp;<\/p>\n<p>[\/vc_column_text][vc_column_text]<img loading=\"lazy\" decoding=\"async\" class=\"wp-image-7475 alignnone\" src=\"\/wp-content\/uploads\/AAA-logo-2024-SE-transparent.png\" alt=\"AAA\" width=\"270\" height=\"170\" srcset=\"https:\/\/www.nextlog.fi\/wp-content\/uploads\/AAA-logo-2024-SE-transparent.png 899w, https:\/\/www.nextlog.fi\/wp-content\/uploads\/AAA-logo-2024-SE-transparent-300x189.png 300w\" sizes=\"auto, (max-width: 270px) 100vw, 270px\" \/>[\/vc_column_text][\/vc_column][\/vc_row]<\/p>\n<\/div>","protected":false},"excerpt":{"rendered":"<p>[vc_row][vc_column width=&#8221;1\/6&#8243;][\/vc_column][vc_column width=&#8221;2\/3&#8243;][vc_column_text] Nyheter [\/vc_column_text][vc_column_text] Dokumenthantering 27\/01\/2020 [\/vc_column_text][\/vc_column][vc_column width=&#8221;1\/6&#8243;][\/vc_column][\/vc_row][vc_row][vc_column width=&#8221;1\/6&#8243;][\/vc_column][vc_column width=&#8221;2\/3&#8243;][vc_column_text]Inom transportbranschen utg\u00f6r hanteringen av dokument s\u00e5som fraktsedlar, godslistor och eventuella reklamationer en betydande del av arbetet. Genom att anv\u00e4nda LogiControls Dokumenthantering f\u00f6renklas och effektiveras \u00f6verf\u00f6ring och arkivering av dokumenten eftersom dessa hanteras elektroniskt. Chauff\u00f6ren kan skanna fraktsedlar och \u00f6vriga dokument fr\u00e5n mobilapplikationen Mobile direkt [&hellip;]<\/p>\n","protected":false},"author":4,"featured_media":0,"parent":0,"menu_order":0,"comment_status":"closed","ping_status":"closed","template":"","meta":{"_exactmetrics_skip_tracking":false,"_exactmetrics_sitenote_active":false,"_exactmetrics_sitenote_note":"","_exactmetrics_sitenote_category":0,"footnotes":""},"class_list":["post-5052","page","type-page","status-publish","hentry"],"yoast_head":"<!-- This site is optimized with the Yoast SEO Premium plugin v25.7.1 (Yoast SEO v25.7) - https:\/\/yoast.com\/wordpress\/plugins\/seo\/ -->\n<title>Nyheter: Dokumenthantering - NextLog<\/title>\n<meta name=\"description\" content=\"Genom att anv\u00e4nda LogiControls Dokumenthantering f\u00f6renklas och effektiveras \u00f6verf\u00f6ring och arkivering av dokumenten eftersom dessa hanteras elektroniskt.\" \/>\n<meta name=\"robots\" content=\"index, follow, max-snippet:-1, max-image-preview:large, max-video-preview:-1\" \/>\n<link rel=\"canonical\" href=\"https:\/\/www-devel.nextlog.fi\/sv\/nyheter-dokumenthantering\/\" \/>\n<meta property=\"og:locale\" content=\"sv_SE\" \/>\n<meta property=\"og:type\" content=\"article\" \/>\n<meta property=\"og:title\" content=\"Nyheter - Dokumenthantering\" \/>\n<meta property=\"og:description\" content=\"Genom att anv\u00e4nda LogiControls Dokumenthantering f\u00f6renklas och effektiveras \u00f6verf\u00f6ring och arkivering av dokumenten eftersom dessa hanteras elektroniskt.\" \/>\n<meta property=\"og:url\" content=\"https:\/\/www-devel.nextlog.fi\/sv\/nyheter-dokumenthantering\/\" \/>\n<meta property=\"og:site_name\" content=\"NextLog\" \/>\n<meta property=\"article:modified_time\" content=\"2025-04-29T10:36:26+00:00\" \/>\n<meta name=\"twitter:card\" content=\"summary_large_image\" \/>\n<meta name=\"twitter:label1\" content=\"Ber\u00e4knad l\u00e4stid\" \/>\n\t<meta name=\"twitter:data1\" content=\"3 minuter\" \/>\n<script type=\"application\/ld+json\" class=\"yoast-schema-graph\">{\"@context\":\"https:\/\/schema.org\",\"@graph\":[{\"@type\":\"WebPage\",\"@id\":\"https:\/\/www-devel.nextlog.fi\/sv\/nyheter-dokumenthantering\/\",\"url\":\"https:\/\/www-devel.nextlog.fi\/sv\/nyheter-dokumenthantering\/\",\"name\":\"Nyheter: Dokumenthantering - NextLog\",\"isPartOf\":{\"@id\":\"https:\/\/www.nextlog.fi\/#website\"},\"primaryImageOfPage\":{\"@id\":\"https:\/\/www-devel.nextlog.fi\/sv\/nyheter-dokumenthantering\/#primaryimage\"},\"image\":{\"@id\":\"https:\/\/www-devel.nextlog.fi\/sv\/nyheter-dokumenthantering\/#primaryimage\"},\"thumbnailUrl\":\"https:\/\/www.nextlog.fi\/wp-content\/uploads\/\/blue-arrow-backward.svg\",\"datePublished\":\"2021-03-15T10:46:49+00:00\",\"dateModified\":\"2025-04-29T10:36:26+00:00\",\"description\":\"Genom att anv\u00e4nda LogiControls Dokumenthantering f\u00f6renklas och effektiveras \u00f6verf\u00f6ring och arkivering av dokumenten eftersom dessa hanteras elektroniskt.\",\"breadcrumb\":{\"@id\":\"https:\/\/www-devel.nextlog.fi\/sv\/nyheter-dokumenthantering\/#breadcrumb\"},\"inLanguage\":\"sv-SE\",\"potentialAction\":[{\"@type\":\"ReadAction\",\"target\":[\"https:\/\/www-devel.nextlog.fi\/sv\/nyheter-dokumenthantering\/\"]}]},{\"@type\":\"ImageObject\",\"inLanguage\":\"sv-SE\",\"@id\":\"https:\/\/www-devel.nextlog.fi\/sv\/nyheter-dokumenthantering\/#primaryimage\",\"url\":\"https:\/\/www.nextlog.fi\/wp-content\/uploads\/\/blue-arrow-backward.svg\",\"contentUrl\":\"https:\/\/www.nextlog.fi\/wp-content\/uploads\/\/blue-arrow-backward.svg\"},{\"@type\":\"BreadcrumbList\",\"@id\":\"https:\/\/www-devel.nextlog.fi\/sv\/nyheter-dokumenthantering\/#breadcrumb\",\"itemListElement\":[{\"@type\":\"ListItem\",\"position\":1,\"name\":\"Etusivu\",\"item\":\"https:\/\/www.nextlog.fi\/sv\/\"},{\"@type\":\"ListItem\",\"position\":2,\"name\":\"Nyheter &#8211; Dokumenthantering\"}]},{\"@type\":\"WebSite\",\"@id\":\"https:\/\/www.nextlog.fi\/#website\",\"url\":\"https:\/\/www.nextlog.fi\/\",\"name\":\"NextLog\",\"description\":\"Transport Management System (TMS) for Efficient Logistics\",\"potentialAction\":[{\"@type\":\"SearchAction\",\"target\":{\"@type\":\"EntryPoint\",\"urlTemplate\":\"https:\/\/www.nextlog.fi\/?s={search_term_string}\"},\"query-input\":{\"@type\":\"PropertyValueSpecification\",\"valueRequired\":true,\"valueName\":\"search_term_string\"}}],\"inLanguage\":\"sv-SE\"}]}<\/script>\n<!-- \/ Yoast SEO Premium plugin. -->","yoast_head_json":{"title":"Nyheter: Dokumenthantering - NextLog","description":"Genom att anv\u00e4nda LogiControls Dokumenthantering f\u00f6renklas och effektiveras \u00f6verf\u00f6ring och arkivering av dokumenten eftersom dessa hanteras elektroniskt.","robots":{"index":"index","follow":"follow","max-snippet":"max-snippet:-1","max-image-preview":"max-image-preview:large","max-video-preview":"max-video-preview:-1"},"canonical":"https:\/\/www-devel.nextlog.fi\/sv\/nyheter-dokumenthantering\/","og_locale":"sv_SE","og_type":"article","og_title":"Nyheter - Dokumenthantering","og_description":"Genom att anv\u00e4nda LogiControls Dokumenthantering f\u00f6renklas och effektiveras \u00f6verf\u00f6ring och arkivering av dokumenten eftersom dessa hanteras elektroniskt.","og_url":"https:\/\/www-devel.nextlog.fi\/sv\/nyheter-dokumenthantering\/","og_site_name":"NextLog","article_modified_time":"2025-04-29T10:36:26+00:00","twitter_card":"summary_large_image","twitter_misc":{"Ber\u00e4knad l\u00e4stid":"3 minuter"},"schema":{"@context":"https:\/\/schema.org","@graph":[{"@type":"WebPage","@id":"https:\/\/www-devel.nextlog.fi\/sv\/nyheter-dokumenthantering\/","url":"https:\/\/www-devel.nextlog.fi\/sv\/nyheter-dokumenthantering\/","name":"Nyheter: Dokumenthantering - NextLog","isPartOf":{"@id":"https:\/\/www.nextlog.fi\/#website"},"primaryImageOfPage":{"@id":"https:\/\/www-devel.nextlog.fi\/sv\/nyheter-dokumenthantering\/#primaryimage"},"image":{"@id":"https:\/\/www-devel.nextlog.fi\/sv\/nyheter-dokumenthantering\/#primaryimage"},"thumbnailUrl":"https:\/\/www.nextlog.fi\/wp-content\/uploads\/\/blue-arrow-backward.svg","datePublished":"2021-03-15T10:46:49+00:00","dateModified":"2025-04-29T10:36:26+00:00","description":"Genom att anv\u00e4nda LogiControls Dokumenthantering f\u00f6renklas och effektiveras \u00f6verf\u00f6ring och arkivering av dokumenten eftersom dessa hanteras elektroniskt.","breadcrumb":{"@id":"https:\/\/www-devel.nextlog.fi\/sv\/nyheter-dokumenthantering\/#breadcrumb"},"inLanguage":"sv-SE","potentialAction":[{"@type":"ReadAction","target":["https:\/\/www-devel.nextlog.fi\/sv\/nyheter-dokumenthantering\/"]}]},{"@type":"ImageObject","inLanguage":"sv-SE","@id":"https:\/\/www-devel.nextlog.fi\/sv\/nyheter-dokumenthantering\/#primaryimage","url":"https:\/\/www.nextlog.fi\/wp-content\/uploads\/\/blue-arrow-backward.svg","contentUrl":"https:\/\/www.nextlog.fi\/wp-content\/uploads\/\/blue-arrow-backward.svg"},{"@type":"BreadcrumbList","@id":"https:\/\/www-devel.nextlog.fi\/sv\/nyheter-dokumenthantering\/#breadcrumb","itemListElement":[{"@type":"ListItem","position":1,"name":"Etusivu","item":"https:\/\/www.nextlog.fi\/sv\/"},{"@type":"ListItem","position":2,"name":"Nyheter &#8211; Dokumenthantering"}]},{"@type":"WebSite","@id":"https:\/\/www.nextlog.fi\/#website","url":"https:\/\/www.nextlog.fi\/","name":"NextLog","description":"Transport Management System (TMS) for Efficient Logistics","potentialAction":[{"@type":"SearchAction","target":{"@type":"EntryPoint","urlTemplate":"https:\/\/www.nextlog.fi\/?s={search_term_string}"},"query-input":{"@type":"PropertyValueSpecification","valueRequired":true,"valueName":"search_term_string"}}],"inLanguage":"sv-SE"}]}},"_links":{"self":[{"href":"https:\/\/www.nextlog.fi\/sv\/wp-json\/wp\/v2\/pages\/5052","targetHints":{"allow":["GET"]}}],"collection":[{"href":"https:\/\/www.nextlog.fi\/sv\/wp-json\/wp\/v2\/pages"}],"about":[{"href":"https:\/\/www.nextlog.fi\/sv\/wp-json\/wp\/v2\/types\/page"}],"author":[{"embeddable":true,"href":"https:\/\/www.nextlog.fi\/sv\/wp-json\/wp\/v2\/users\/4"}],"replies":[{"embeddable":true,"href":"https:\/\/www.nextlog.fi\/sv\/wp-json\/wp\/v2\/comments?post=5052"}],"version-history":[{"count":0,"href":"https:\/\/www.nextlog.fi\/sv\/wp-json\/wp\/v2\/pages\/5052\/revisions"}],"wp:attachment":[{"href":"https:\/\/www.nextlog.fi\/sv\/wp-json\/wp\/v2\/media?parent=5052"}],"curies":[{"name":"wp","href":"https:\/\/api.w.org\/{rel}","templated":true}]}}