{"id":5056,"date":"2021-03-15T12:58:00","date_gmt":"2021-03-15T10:58:00","guid":{"rendered":"https:\/\/www-devel.nextlog.fi\/edi-integraatiot\/"},"modified":"2025-03-13T13:34:16","modified_gmt":"2025-03-13T11:34:16","slug":"nyheter-edi-integrationer","status":"publish","type":"page","link":"https:\/\/www.nextlog.fi\/sv\/nyheter-edi-integrationer\/","title":{"rendered":"Nyheter &#8211; EDI Integrationer"},"content":{"rendered":"<div class=\"wpb-content-wrapper\"><p>[vc_row][vc_column width=&#8221;1\/6&#8243;][\/vc_column][vc_column width=&#8221;2\/3&#8243;][vc_column_text]<\/p>\n<p style=\"color: black; text-align: center;\"><a class=\"special-link-large-icon\" href=\"\/sv\/nyheter\/\"><img loading=\"lazy\" decoding=\"async\" class=\"wp-image-4990 alignnone animate-link\" role=\"img\" src=\"https:\/\/www.nextlog.fi\/wp-content\/uploads\/\/blue-arrow-backward.svg\" alt=\"Back-news\" width=\"60\" height=\"60\" \/><\/a><a href=\"\/sv\/nyheter\/\"> Nyheter<\/a><\/p>\n<p>[\/vc_column_text][vc_column_text]<\/p>\n<h2 style=\"text-align: center; color:black;\"><strong>EDI Integrationer<\/strong><\/h2>\n<p style=\"text-align: center; color: grey;\">06\/11\/2019<\/p>\n<p><img loading=\"lazy\" decoding=\"async\" class=\"wp-image-4915 aligncenter\" src=\"https:\/\/www.nextlog.fi\/wp-content\/uploads\/\/arrow-2085195_1920-1024x683.jpg\" alt=\"Integraatiot\" width=\"780\" height=\"520\" srcset=\"https:\/\/www.nextlog.fi\/wp-content\/uploads\/arrow-2085195_1920-1024x683.jpg 1024w, https:\/\/www.nextlog.fi\/wp-content\/uploads\/arrow-2085195_1920-300x200.jpg 300w, https:\/\/www.nextlog.fi\/wp-content\/uploads\/arrow-2085195_1920-1536x1024.jpg 1536w, https:\/\/www.nextlog.fi\/wp-content\/uploads\/arrow-2085195_1920.jpg 1920w\" sizes=\"auto, (max-width: 780px) 100vw, 780px\" \/>[\/vc_column_text][\/vc_column][vc_column width=&#8221;1\/6&#8243;][\/vc_column][\/vc_row][vc_row][vc_column width=&#8221;1\/6&#8243;][\/vc_column][vc_column width=&#8221;2\/3&#8243;][vc_column_text]P\u00e5 NextLog arbetar v\u00e5ra utvecklare just nu mycket med integrationer. Allt f\u00f6r att f\u00e5 v\u00e5ra kunders vardag att fungera smidigare.<\/p>\n<p>Med hj\u00e4lp av fungerande integrationer mellan datasystem kan f\u00f6retag fokusera sina resurser p\u00e5 k\u00e4rnverksamheten ist\u00e4llet f\u00f6r att mata in samma information m\u00e5nga g\u00e5nger. D\u00e5 man matar in samma information upprepade g\u00e5nger \u00f6kar dessutom felrisken.<\/p>\n<p>Tack vare integrationer mellan LogiControl och best\u00e4llarens datasystem matas uppgifterna in enbart en g\u00e5ng. Detta sparar arbetstid samt minskar risken f\u00f6r felinmatad data.<\/p>\n<p>Integrationer kan implementeras till exempel via fil\u00f6verf\u00f6ring eller via s\u00e5 kallade Web Service integrationer. B\u00e5da alternativen \u00e4r i dagsl\u00e4get i produktion mellan LogiControl och ett flertal externa system. Ur anv\u00e4ndarens synvinkel \u00e4r st\u00f6rsta skillnaden mellan dessa tekniker att Web service integrationen \u00e4r i realtid medan fil\u00f6verf\u00f6ringen oftast \u00f6verf\u00f6r informationen med en viss f\u00f6rdr\u00f6jning.<\/p>\n<p>[\/vc_column_text][\/vc_column][\/vc_row][vc_row el_class=&#8221;wide-color wide-color-alternative2 ; wrap-reverse&#8221;][vc_column width=&#8221;1\/4&#8243;][vc_column_inner][\/vc_column_inner][\/vc_column][vc_column width=&#8221;1\/2&#8243;][vc_column_text]<\/p>\n<p>&nbsp;<\/p>\n<p>&nbsp;<\/p>\n<p style=\"color: grey; text-align: center;\"><em>\u201dGenom att g\u00f6ra integrationer till kunder med stora godsvolymer och m\u00e5nga bokningar per vecka har \u00e4ven inmatningsarbetet f\u00f6r v\u00e5ra transportplanerare minskat\u201d <\/em><\/p>\n<h5 style=\"text-align: center; color: grey;\">&#8211; Kundupplevelse<\/h5>\n<p>&nbsp;<\/p>\n<p>[\/vc_column_text][\/vc_column][vc_column width=&#8221;1\/4&#8243;][\/vc_column][\/vc_row][vc_row el_class=&#8221;wide-color wide-color-alternative2&#8243;][vc_column][vc_column_text]<\/p>\n<p>[\/vc_column_text][\/vc_column][\/vc_row][vc_row el_class=&#8221;wide-color&#8221;][vc_column width=&#8221;1\/4&#8243;][vc_column_text]<\/p>\n<p>&nbsp;<\/p>\n<p>[\/vc_column_text][vc_column_text]<\/p>\n<h4><strong>Bes\u00f6ksadress<br \/>\n<\/strong><\/h4>\n<table class=\"small\">\n<tbody>\n<tr>\n<th style=\"text-align: left;\">F\u00f6retagarv\u00e4gen 7<\/th>\n<th><\/th>\n<\/tr>\n<tr>\n<td>65610 KORSHOLM<br \/>\nFINLAND<br \/>\n<a href=\"tel:+35863226100\">+358 (0)6 322 6100<\/a><\/td>\n<td><\/td>\n<\/tr>\n<\/tbody>\n<\/table>\n<p>&nbsp;<\/p>\n<h4><strong>V\u00e5r kundsupport betj\u00e4nar<\/strong><\/h4>\n<table class=\"small\">\n<tbody>\n<tr>\n<th>Vardagar (kl 8.00 &#8211; 16.00)<\/th>\n<th><\/th>\n<\/tr>\n<tr>\n<td><a href=\"tel:+35863226100\">+358(0)6 322 6100<\/a><br \/>\n<a href=\"&#109;a&#x69;l&#x74;o&#x3a;s&#x75;&#112;&#x70;&#111;&#x72;&#116;&#x40;&#108;o&#103;i&#x63;o&#x6e;t&#x72;&#111;&#x6c;&#46;&#x66;&#105;\">&#x73;&#x75;&#112;p&#x6f;&#x72;&#116;&#64;l&#x6f;&#x67;&#105;&#99;o&#x6e;&#x74;&#114;ol&#x2e;&#x66;&#105;<\/a><\/td>\n<td><\/td>\n<\/tr>\n<\/tbody>\n<\/table>\n<div class=\"credits\">Copyright \u00a9 Oy NextLog Ab<\/div>\n<p>[\/vc_column_text][\/vc_column][vc_column width=&#8221;1\/4&#8243;][vc_column_text]<\/p>\n<p>&nbsp;<\/p>\n<p>[\/vc_column_text][vc_column_text]<\/p>\n<h4><strong>LogiControl erbjuder anpassnings\u00adm\u00f6jligheter<\/strong><\/h4>\n<table class=\"small\">\n<tbody>\n<tr>\n<th style=\"text-align: left;\"><\/th>\n<th><\/th>\n<\/tr>\n<tr>\n<td style=\"text-align: left;\"><a class=\"large-icon\" href=\"\/sv\/logicontrol\/\"><img loading=\"lazy\" decoding=\"async\" class=\"animate-link alignleft wp-image-4889\" role=\"img\" src=\"\/wp-content\/uploads\/blue-arrow-forward.svg\" alt=\"Arrow-lue-lis\u00e4\u00e4-basic\" width=\"35\" height=\"35\" \/><\/a><a href=\"\/sv\/logicontrol\/\">V\u00e4lj de egenskaper<br \/>\nsom du beh\u00f6ver<\/a><\/td>\n<td><\/td>\n<\/tr>\n<\/tbody>\n<\/table>\n<p>[\/vc_column_text][\/vc_column][vc_column width=&#8221;1\/4&#8243;][vc_column_text]<\/p>\n<p>&nbsp;<\/p>\n<p>[\/vc_column_text][vc_column_text]<\/p>\n<h4><a href=\"\/sv\/\">Hem<\/a><\/h4>\n<table class=\"small\">\n<tbody>\n<tr>\n<th style=\"text-align: left;\"><\/th>\n<th><\/th>\n<\/tr>\n<tr>\n<td><a href=\"\/sv\/kontakta-oss\">Kontakta oss<\/a><br \/>\n<a href=\"\/sv\/referenser\/\">Referenser<\/a><br \/>\n<a href=\"\/sv\/nextlog\/\">NextLog<\/a><br \/>\n<a href=\"\/sv\/rekry\/\">Rekry<\/a><br \/>\n<a href=\"\/sv\/nyheter\">Nyheter<\/a><br \/>\n<a href=\"\/sv\/kunskapsbank\/\">Kunskapsbank<\/a><\/td>\n<td><\/td>\n<\/tr>\n<\/tbody>\n<\/table>\n<h4><\/h4>\n<p>[\/vc_column_text][\/vc_column][vc_column width=&#8221;1\/4&#8243;][vc_column_text]<\/p>\n<p>&nbsp;<\/p>\n<p>[\/vc_column_text][vc_column_text]<\/p>\n<h4><strong>F\u00f6lj oss<\/strong><\/h4>\n<h4><a href=\"https:\/\/www.linkedin.com\/company\/nextlog\" target=\"_blank\" rel=\"noopener noreferrer\"><img loading=\"lazy\" decoding=\"async\" class=\"alignnone wp-image-4002\" role=\"img\" src=\"https:\/\/www.nextlog.fi\/wp-content\/uploads\/Linkedin-fyrkant.svg\" alt=\"NextLog-LinkedIn-button\" width=\"66\" height=\"65\" \/><\/a> \u00a0<a href=\"https:\/\/www.instagram.com\/nextlog_fi\/\" target=\"_blank\" rel=\"noopener noreferrer\"><img loading=\"lazy\" decoding=\"async\" class=\"alignnone wp-image-3999\" role=\"img\" src=\"https:\/\/www.nextlog.fi\/wp-content\/uploads\/Instagram.svg\" alt=\"NextLog-Instagram-button\" width=\"66\" height=\"65\" \/><\/a><\/h4>\n<h4><a href=\"\/sv\/prenumeration\"><img loading=\"lazy\" decoding=\"async\" class=\"alignnone wp-image-4101\" role=\"img\" src=\"https:\/\/www.nextlog.fi\/wp-content\/uploads\/Prenumerera-pa-vart-nyhetsbrev.svg\" alt=\"Prenumerera-p\u00e5-v\u00e5rt-nyhetsbrev-knapp\" width=\"208\" height=\"65\" \/><\/a><\/h4>\n<h4><a href=\"\/sv\/dataskyddsbeskrivning\">Dataskyddsbeskrivning<\/a><\/h4>\n<p>[\/vc_column_text][vc_column_text]<\/p>\n<p>&nbsp;<\/p>\n<p>[\/vc_column_text][vc_column_text]<img loading=\"lazy\" decoding=\"async\" class=\"wp-image-7475 alignnone\" src=\"\/wp-content\/uploads\/AAA-logo-2024-SE-transparent.png\" alt=\"AAA\" width=\"270\" height=\"170\" srcset=\"https:\/\/www.nextlog.fi\/wp-content\/uploads\/AAA-logo-2024-SE-transparent.png 899w, https:\/\/www.nextlog.fi\/wp-content\/uploads\/AAA-logo-2024-SE-transparent-300x189.png 300w\" sizes=\"auto, (max-width: 270px) 100vw, 270px\" \/>[\/vc_column_text][\/vc_column][\/vc_row]<\/p>\n<\/div>","protected":false},"excerpt":{"rendered":"<p>[vc_row][vc_column width=&#8221;1\/6&#8243;][\/vc_column][vc_column width=&#8221;2\/3&#8243;][vc_column_text] Nyheter [\/vc_column_text][vc_column_text] EDI Integrationer 06\/11\/2019 [\/vc_column_text][\/vc_column][vc_column width=&#8221;1\/6&#8243;][\/vc_column][\/vc_row][vc_row][vc_column width=&#8221;1\/6&#8243;][\/vc_column][vc_column width=&#8221;2\/3&#8243;][vc_column_text]P\u00e5 NextLog arbetar v\u00e5ra utvecklare just nu mycket med integrationer. Allt f\u00f6r att f\u00e5 v\u00e5ra kunders vardag att fungera smidigare. Med hj\u00e4lp av fungerande integrationer mellan datasystem kan f\u00f6retag fokusera sina resurser p\u00e5 k\u00e4rnverksamheten ist\u00e4llet f\u00f6r att mata in samma information m\u00e5nga g\u00e5nger. D\u00e5 [&hellip;]<\/p>\n","protected":false},"author":4,"featured_media":0,"parent":0,"menu_order":0,"comment_status":"closed","ping_status":"closed","template":"","meta":{"_exactmetrics_skip_tracking":false,"_exactmetrics_sitenote_active":false,"_exactmetrics_sitenote_note":"","_exactmetrics_sitenote_category":0,"footnotes":""},"class_list":["post-5056","page","type-page","status-publish","hentry"],"yoast_head":"<!-- This site is optimized with the Yoast SEO Premium plugin v25.7.1 (Yoast SEO v25.7) - https:\/\/yoast.com\/wordpress\/plugins\/seo\/ -->\n<title>Nyheter: EDI Integrationer -<\/title>\n<meta name=\"description\" content=\"Tack vare integrationer mellan LogiControl och best\u00e4llarens datasystem matas uppgifterna in enbart en g\u00e5ng. Detta sparar arbetstid f\u00f6r transportplanerare.\" \/>\n<meta name=\"robots\" content=\"index, follow, max-snippet:-1, max-image-preview:large, max-video-preview:-1\" \/>\n<link rel=\"canonical\" href=\"https:\/\/www-devel.nextlog.fi\/sv\/nyheter-edi-integrationer\/\" \/>\n<meta property=\"og:locale\" content=\"sv_SE\" \/>\n<meta property=\"og:type\" content=\"article\" \/>\n<meta property=\"og:title\" content=\"Nyheter - EDI Integrationer\" \/>\n<meta property=\"og:description\" content=\"Tack vare integrationer mellan LogiControl och best\u00e4llarens datasystem matas uppgifterna in enbart en g\u00e5ng. Detta sparar arbetstid f\u00f6r transportplanerare.\" \/>\n<meta property=\"og:url\" content=\"https:\/\/www-devel.nextlog.fi\/sv\/nyheter-edi-integrationer\/\" \/>\n<meta property=\"og:site_name\" content=\"NextLog\" \/>\n<meta property=\"article:modified_time\" content=\"2025-03-13T11:34:16+00:00\" \/>\n<meta property=\"og:image\" content=\"https:\/\/www-devel.nextlog.fi\/wp-content\/uploads\/\/blue-arrow-backward.svg\" \/>\n<meta name=\"twitter:card\" content=\"summary_large_image\" \/>\n<meta name=\"twitter:label1\" content=\"Ber\u00e4knad l\u00e4stid\" \/>\n\t<meta name=\"twitter:data1\" content=\"3 minuter\" \/>\n<script type=\"application\/ld+json\" class=\"yoast-schema-graph\">{\"@context\":\"https:\/\/schema.org\",\"@graph\":[{\"@type\":\"WebPage\",\"@id\":\"https:\/\/www-devel.nextlog.fi\/sv\/nyheter-edi-integrationer\/\",\"url\":\"https:\/\/www-devel.nextlog.fi\/sv\/nyheter-edi-integrationer\/\",\"name\":\"Nyheter: EDI Integrationer -\",\"isPartOf\":{\"@id\":\"https:\/\/www.nextlog.fi\/#website\"},\"primaryImageOfPage\":{\"@id\":\"https:\/\/www-devel.nextlog.fi\/sv\/nyheter-edi-integrationer\/#primaryimage\"},\"image\":{\"@id\":\"https:\/\/www-devel.nextlog.fi\/sv\/nyheter-edi-integrationer\/#primaryimage\"},\"thumbnailUrl\":\"https:\/\/www.nextlog.fi\/wp-content\/uploads\/\/blue-arrow-backward.svg\",\"datePublished\":\"2021-03-15T10:58:00+00:00\",\"dateModified\":\"2025-03-13T11:34:16+00:00\",\"description\":\"Tack vare integrationer mellan LogiControl och best\u00e4llarens datasystem matas uppgifterna in enbart en g\u00e5ng. Detta sparar arbetstid f\u00f6r transportplanerare.\",\"breadcrumb\":{\"@id\":\"https:\/\/www-devel.nextlog.fi\/sv\/nyheter-edi-integrationer\/#breadcrumb\"},\"inLanguage\":\"sv-SE\",\"potentialAction\":[{\"@type\":\"ReadAction\",\"target\":[\"https:\/\/www-devel.nextlog.fi\/sv\/nyheter-edi-integrationer\/\"]}]},{\"@type\":\"ImageObject\",\"inLanguage\":\"sv-SE\",\"@id\":\"https:\/\/www-devel.nextlog.fi\/sv\/nyheter-edi-integrationer\/#primaryimage\",\"url\":\"https:\/\/www.nextlog.fi\/wp-content\/uploads\/\/blue-arrow-backward.svg\",\"contentUrl\":\"https:\/\/www.nextlog.fi\/wp-content\/uploads\/\/blue-arrow-backward.svg\"},{\"@type\":\"BreadcrumbList\",\"@id\":\"https:\/\/www-devel.nextlog.fi\/sv\/nyheter-edi-integrationer\/#breadcrumb\",\"itemListElement\":[{\"@type\":\"ListItem\",\"position\":1,\"name\":\"Etusivu\",\"item\":\"https:\/\/www.nextlog.fi\/sv\/\"},{\"@type\":\"ListItem\",\"position\":2,\"name\":\"Nyheter &#8211; EDI Integrationer\"}]},{\"@type\":\"WebSite\",\"@id\":\"https:\/\/www.nextlog.fi\/#website\",\"url\":\"https:\/\/www.nextlog.fi\/\",\"name\":\"NextLog\",\"description\":\"Transport Management System (TMS) for Efficient Logistics\",\"potentialAction\":[{\"@type\":\"SearchAction\",\"target\":{\"@type\":\"EntryPoint\",\"urlTemplate\":\"https:\/\/www.nextlog.fi\/?s={search_term_string}\"},\"query-input\":{\"@type\":\"PropertyValueSpecification\",\"valueRequired\":true,\"valueName\":\"search_term_string\"}}],\"inLanguage\":\"sv-SE\"}]}<\/script>\n<!-- \/ Yoast SEO Premium plugin. -->","yoast_head_json":{"title":"Nyheter: EDI Integrationer -","description":"Tack vare integrationer mellan LogiControl och best\u00e4llarens datasystem matas uppgifterna in enbart en g\u00e5ng. Detta sparar arbetstid f\u00f6r transportplanerare.","robots":{"index":"index","follow":"follow","max-snippet":"max-snippet:-1","max-image-preview":"max-image-preview:large","max-video-preview":"max-video-preview:-1"},"canonical":"https:\/\/www-devel.nextlog.fi\/sv\/nyheter-edi-integrationer\/","og_locale":"sv_SE","og_type":"article","og_title":"Nyheter - EDI Integrationer","og_description":"Tack vare integrationer mellan LogiControl och best\u00e4llarens datasystem matas uppgifterna in enbart en g\u00e5ng. Detta sparar arbetstid f\u00f6r transportplanerare.","og_url":"https:\/\/www-devel.nextlog.fi\/sv\/nyheter-edi-integrationer\/","og_site_name":"NextLog","article_modified_time":"2025-03-13T11:34:16+00:00","og_image":[{"url":"https:\/\/www-devel.nextlog.fi\/wp-content\/uploads\/\/blue-arrow-backward.svg","type":"","width":"","height":""}],"twitter_card":"summary_large_image","twitter_misc":{"Ber\u00e4knad l\u00e4stid":"3 minuter"},"schema":{"@context":"https:\/\/schema.org","@graph":[{"@type":"WebPage","@id":"https:\/\/www-devel.nextlog.fi\/sv\/nyheter-edi-integrationer\/","url":"https:\/\/www-devel.nextlog.fi\/sv\/nyheter-edi-integrationer\/","name":"Nyheter: EDI Integrationer -","isPartOf":{"@id":"https:\/\/www.nextlog.fi\/#website"},"primaryImageOfPage":{"@id":"https:\/\/www-devel.nextlog.fi\/sv\/nyheter-edi-integrationer\/#primaryimage"},"image":{"@id":"https:\/\/www-devel.nextlog.fi\/sv\/nyheter-edi-integrationer\/#primaryimage"},"thumbnailUrl":"https:\/\/www.nextlog.fi\/wp-content\/uploads\/\/blue-arrow-backward.svg","datePublished":"2021-03-15T10:58:00+00:00","dateModified":"2025-03-13T11:34:16+00:00","description":"Tack vare integrationer mellan LogiControl och best\u00e4llarens datasystem matas uppgifterna in enbart en g\u00e5ng. Detta sparar arbetstid f\u00f6r transportplanerare.","breadcrumb":{"@id":"https:\/\/www-devel.nextlog.fi\/sv\/nyheter-edi-integrationer\/#breadcrumb"},"inLanguage":"sv-SE","potentialAction":[{"@type":"ReadAction","target":["https:\/\/www-devel.nextlog.fi\/sv\/nyheter-edi-integrationer\/"]}]},{"@type":"ImageObject","inLanguage":"sv-SE","@id":"https:\/\/www-devel.nextlog.fi\/sv\/nyheter-edi-integrationer\/#primaryimage","url":"https:\/\/www.nextlog.fi\/wp-content\/uploads\/\/blue-arrow-backward.svg","contentUrl":"https:\/\/www.nextlog.fi\/wp-content\/uploads\/\/blue-arrow-backward.svg"},{"@type":"BreadcrumbList","@id":"https:\/\/www-devel.nextlog.fi\/sv\/nyheter-edi-integrationer\/#breadcrumb","itemListElement":[{"@type":"ListItem","position":1,"name":"Etusivu","item":"https:\/\/www.nextlog.fi\/sv\/"},{"@type":"ListItem","position":2,"name":"Nyheter &#8211; EDI Integrationer"}]},{"@type":"WebSite","@id":"https:\/\/www.nextlog.fi\/#website","url":"https:\/\/www.nextlog.fi\/","name":"NextLog","description":"Transport Management System (TMS) for Efficient Logistics","potentialAction":[{"@type":"SearchAction","target":{"@type":"EntryPoint","urlTemplate":"https:\/\/www.nextlog.fi\/?s={search_term_string}"},"query-input":{"@type":"PropertyValueSpecification","valueRequired":true,"valueName":"search_term_string"}}],"inLanguage":"sv-SE"}]}},"_links":{"self":[{"href":"https:\/\/www.nextlog.fi\/sv\/wp-json\/wp\/v2\/pages\/5056","targetHints":{"allow":["GET"]}}],"collection":[{"href":"https:\/\/www.nextlog.fi\/sv\/wp-json\/wp\/v2\/pages"}],"about":[{"href":"https:\/\/www.nextlog.fi\/sv\/wp-json\/wp\/v2\/types\/page"}],"author":[{"embeddable":true,"href":"https:\/\/www.nextlog.fi\/sv\/wp-json\/wp\/v2\/users\/4"}],"replies":[{"embeddable":true,"href":"https:\/\/www.nextlog.fi\/sv\/wp-json\/wp\/v2\/comments?post=5056"}],"version-history":[{"count":0,"href":"https:\/\/www.nextlog.fi\/sv\/wp-json\/wp\/v2\/pages\/5056\/revisions"}],"wp:attachment":[{"href":"https:\/\/www.nextlog.fi\/sv\/wp-json\/wp\/v2\/media?parent=5056"}],"curies":[{"name":"wp","href":"https:\/\/api.w.org\/{rel}","templated":true}]}}