{"id":5216,"date":"2021-08-04T12:24:02","date_gmt":"2021-08-04T09:24:02","guid":{"rendered":"https:\/\/www-devel.nextlog.fi\/uutiset-muutoksia-kayttoliittymassa\/"},"modified":"2025-04-29T13:43:25","modified_gmt":"2025-04-29T10:43:25","slug":"nyheter-andringar-i-anvandargranssnittet","status":"publish","type":"page","link":"https:\/\/www.nextlog.fi\/sv\/nyheter-andringar-i-anvandargranssnittet\/","title":{"rendered":"Nyheter &#8211; \u00c4ndringar i anv\u00e4ndargr\u00e4nssnittet"},"content":{"rendered":"<div class=\"wpb-content-wrapper\"><p>[vc_row][vc_column width=&#8221;1\/6&#8243;][\/vc_column][vc_column width=&#8221;2\/3&#8243;][vc_column_text]<\/p>\n<p style=\"color: black; text-align: center;\"><a class=\"special-link-large-icon\" href=\"\/sv\/nyheter\/\"><img loading=\"lazy\" decoding=\"async\" class=\"animate-link alignnone wp-image-4990\" role=\"img\" src=\"https:\/\/www.nextlog.fi\/wp-content\/uploads\/\/blue-arrow-backward.svg\" alt=\"Back-news\" width=\"60\" height=\"60\" \/><\/a><a href=\"\/sv\/nyheter\/\"> Nyheter<\/a><\/p>\n<p>[\/vc_column_text][vc_column_text]<\/p>\n<h2 style=\"text-align: center; color: black;\"><strong>\u00c4ndringar i anv\u00e4ndargr\u00e4nssnittet<\/strong><\/h2>\n<p style=\"text-align: center; color: grey;\">12\/08\/2021<\/p>\n<p><img loading=\"lazy\" decoding=\"async\" class=\"aligncenter wp-image-5209\" style=\"border-radius: 25px;\" src=\"https:\/\/www.nextlog.fi\/wp-content\/uploads\/\/Computer_coffee_hand-3-1024x717.jpg\" alt=\"nyheter-\u00e4ndringar-i-anv\u00e4ndargr\u00e4nssnittet\" width=\"780\" height=\"546\" srcset=\"https:\/\/www.nextlog.fi\/wp-content\/uploads\/Computer_coffee_hand-3-1024x717.jpg 1024w, https:\/\/www.nextlog.fi\/wp-content\/uploads\/Computer_coffee_hand-3-300x210.jpg 300w, https:\/\/www.nextlog.fi\/wp-content\/uploads\/Computer_coffee_hand-3-1536x1076.jpg 1536w, https:\/\/www.nextlog.fi\/wp-content\/uploads\/Computer_coffee_hand-3-2048x1435.jpg 2048w\" sizes=\"auto, (max-width: 780px) 100vw, 780px\" \/>[\/vc_column_text][\/vc_column][vc_column width=&#8221;1\/6&#8243;][\/vc_column][\/vc_row][vc_row][vc_column width=&#8221;1\/6&#8243;][\/vc_column][vc_column width=&#8221;2\/3&#8243;][vc_column_text]P\u00e5 NextLog har vi under sommarm\u00e5naderna bland annat uppdaterat systemets anv\u00e4ndargr\u00e4nssnitt. Uppdateringen innefattar flera visuella f\u00f6rb\u00e4ttringar i LogiControl, MobileLite, LogiDirect och LogiReports.<\/p>\n<p>Bland annat \u00e4r alla ikoner samt inloggnings- och utloggningsrutor uppdaterade. MobileLite har f\u00e5tt st\u00f6rre knappar, uppdaterade f\u00e4rger och dialoger. Detsamma g\u00e4ller LogiReports och LogiDirect.<\/p>\n<p>Med uppdateringen hoppas vi att systemet ska k\u00e4nnas modernt och fr\u00e4scht samt fungera minst lika bra som det gjort tidigare.<\/p>\n<p>[\/vc_column_text][\/vc_column][\/vc_row][vc_row][vc_column][vc_column_text]<\/p>\n<p>[\/vc_column_text][\/vc_column][\/vc_row][vc_row el_class=&#8221;wide-color&#8221;][vc_column width=&#8221;1\/4&#8243;][vc_column_text]<\/p>\n<p>&nbsp;<\/p>\n<p>[\/vc_column_text][vc_column_text]<\/p>\n<h4><strong>Bes\u00f6ksadress<br \/>\n<\/strong><\/h4>\n<table class=\"small\">\n<tbody>\n<tr>\n<th style=\"text-align: left;\">F\u00f6retagarv\u00e4gen 7<\/th>\n<th><\/th>\n<\/tr>\n<tr>\n<td>65610 KORSHOLM<br \/>\nFINLAND<br \/>\n<a href=\"tel:+35863226100\">+358 (0)6 322 6100<\/a><\/td>\n<td><\/td>\n<\/tr>\n<\/tbody>\n<\/table>\n<p>&nbsp;<\/p>\n<h4><strong>V\u00e5r kundsupport betj\u00e4nar<\/strong><\/h4>\n<table class=\"small\">\n<tbody>\n<tr>\n<th>Vardagar (kl 8.00 &#8211; 16.00)<\/th>\n<th><\/th>\n<\/tr>\n<tr>\n<td><a href=\"tel:+35863226100\">+358(0)6 322 6100<\/a><br \/>\n<a href=\"&#109;&#x61;i&#x6c;t&#111;&#x3a;&#115;&#x75;p&#112;&#x6f;&#114;&#x74;&#64;&#x6c;&#x6f;&#103;&#x69;c&#x6f;n&#116;&#x72;&#111;&#x6c;&#46;&#102;&#x69;\">&#115;&#x75;&#112;&#x70;&#111;&#x72;t&#x40;l&#x6f;g&#105;&#x63;&#111;&#x6e;&#116;&#x72;&#111;&#x6c;&#46;&#x66;i<\/a><\/td>\n<td><\/td>\n<\/tr>\n<\/tbody>\n<\/table>\n<div class=\"credits\">Copyright \u00a9 Oy NextLog Ab<\/div>\n<p>[\/vc_column_text][\/vc_column][vc_column width=&#8221;1\/4&#8243;][vc_column_text]<\/p>\n<p>&nbsp;<\/p>\n<p>[\/vc_column_text][vc_column_text]<\/p>\n<h4><strong>LogiControl erbjuder anpassnings\u00adm\u00f6jligheter<\/strong><\/h4>\n<table class=\"small\">\n<tbody>\n<tr>\n<th style=\"text-align: left;\"><\/th>\n<th><\/th>\n<\/tr>\n<tr>\n<td style=\"text-align: left;\"><a class=\"large-icon\" href=\"\/sv\/logicontrol\/\"><img loading=\"lazy\" decoding=\"async\" class=\"animate-link alignleft wp-image-4889\" role=\"img\" src=\"\/wp-content\/uploads\/blue-arrow-forward.svg\" alt=\"Arrow-lue-lis\u00e4\u00e4-basic\" width=\"35\" height=\"35\" \/><\/a><a href=\"\/sv\/logicontrol\/\">V\u00e4lj de egenskaper<br \/>\nsom du beh\u00f6ver<\/a><\/td>\n<td><\/td>\n<\/tr>\n<\/tbody>\n<\/table>\n<p>[\/vc_column_text][\/vc_column][vc_column width=&#8221;1\/4&#8243;][vc_column_text]<\/p>\n<p>&nbsp;<\/p>\n<p>[\/vc_column_text][vc_column_text]<\/p>\n<h4><a href=\"\/sv\/\">Hem<\/a><\/h4>\n<table class=\"small\">\n<tbody>\n<tr>\n<th style=\"text-align: left;\"><\/th>\n<th><\/th>\n<\/tr>\n<tr>\n<td><a href=\"\/sv\/kontakta-oss\">Kontakta oss<\/a><br \/>\n<a href=\"\/sv\/referenser\/\">Referenser<\/a><br \/>\n<a href=\"\/sv\/nextlog\/\">NextLog<\/a><br \/>\n<a href=\"\/sv\/rekry\/\">Rekry<\/a><br \/>\n<a href=\"\/sv\/nyheter\">Nyheter<\/a><br \/>\n<a href=\"\/sv\/kunskapsbank\/\">Kunskapsbank<\/a><\/td>\n<td><\/td>\n<\/tr>\n<\/tbody>\n<\/table>\n<h4><\/h4>\n<p>[\/vc_column_text][\/vc_column][vc_column width=&#8221;1\/4&#8243;][vc_column_text]<\/p>\n<p>&nbsp;<\/p>\n<p>[\/vc_column_text][vc_column_text]<\/p>\n<h4><strong>F\u00f6lj oss<\/strong><\/h4>\n<h4><a href=\"https:\/\/www.linkedin.com\/company\/nextlog\" target=\"_blank\" rel=\"noopener noreferrer\"><img loading=\"lazy\" decoding=\"async\" class=\"alignnone wp-image-4002\" role=\"img\" src=\"https:\/\/www.nextlog.fi\/wp-content\/uploads\/Linkedin-fyrkant.svg\" alt=\"NextLog-LinkedIn-button\" width=\"66\" height=\"65\" \/><\/a> \u00a0<a href=\"https:\/\/www.instagram.com\/nextlog_fi\/\" target=\"_blank\" rel=\"noopener noreferrer\"><img loading=\"lazy\" decoding=\"async\" class=\"alignnone wp-image-3999\" role=\"img\" src=\"https:\/\/www.nextlog.fi\/wp-content\/uploads\/Instagram.svg\" alt=\"NextLog-Instagram-button\" width=\"66\" height=\"65\" \/><\/a><\/h4>\n<h4><a href=\"\/sv\/prenumeration\"><img loading=\"lazy\" decoding=\"async\" class=\"alignnone wp-image-4101\" role=\"img\" src=\"https:\/\/www.nextlog.fi\/wp-content\/uploads\/Prenumerera-pa-vart-nyhetsbrev.svg\" alt=\"Prenumerera-p\u00e5-v\u00e5rt-nyhetsbrev-knapp\" width=\"208\" height=\"65\" \/><\/a><\/h4>\n<h4><a href=\"\/sv\/dataskyddsbeskrivning\">Dataskyddsbeskrivning<\/a><\/h4>\n<p>[\/vc_column_text][vc_column_text]<\/p>\n<p>&nbsp;<\/p>\n<p>[\/vc_column_text][vc_column_text]<img loading=\"lazy\" decoding=\"async\" class=\"wp-image-7475 alignnone\" src=\"\/wp-content\/uploads\/AAA-logo-2024-SE-transparent.png\" alt=\"AAA\" width=\"270\" height=\"170\" srcset=\"https:\/\/www.nextlog.fi\/wp-content\/uploads\/AAA-logo-2024-SE-transparent.png 899w, https:\/\/www.nextlog.fi\/wp-content\/uploads\/AAA-logo-2024-SE-transparent-300x189.png 300w\" sizes=\"auto, (max-width: 270px) 100vw, 270px\" \/>[\/vc_column_text][\/vc_column][\/vc_row]<\/p>\n<\/div>","protected":false},"excerpt":{"rendered":"<p>[vc_row][vc_column width=&#8221;1\/6&#8243;][\/vc_column][vc_column width=&#8221;2\/3&#8243;][vc_column_text] Nyheter [\/vc_column_text][vc_column_text] \u00c4ndringar i anv\u00e4ndargr\u00e4nssnittet 12\/08\/2021 [\/vc_column_text][\/vc_column][vc_column width=&#8221;1\/6&#8243;][\/vc_column][\/vc_row][vc_row][vc_column width=&#8221;1\/6&#8243;][\/vc_column][vc_column width=&#8221;2\/3&#8243;][vc_column_text]P\u00e5 NextLog har vi under sommarm\u00e5naderna bland annat uppdaterat systemets anv\u00e4ndargr\u00e4nssnitt. Uppdateringen innefattar flera visuella f\u00f6rb\u00e4ttringar i LogiControl, MobileLite, LogiDirect och LogiReports. Bland annat \u00e4r alla ikoner samt inloggnings- och utloggningsrutor uppdaterade. MobileLite har f\u00e5tt st\u00f6rre knappar, uppdaterade f\u00e4rger och dialoger. Detsamma g\u00e4ller [&hellip;]<\/p>\n","protected":false},"author":4,"featured_media":5211,"parent":0,"menu_order":0,"comment_status":"closed","ping_status":"closed","template":"","meta":{"_exactmetrics_skip_tracking":false,"_exactmetrics_sitenote_active":false,"_exactmetrics_sitenote_note":"","_exactmetrics_sitenote_category":0,"footnotes":""},"class_list":["post-5216","page","type-page","status-publish","hentry"],"yoast_head":"<!-- This site is optimized with the Yoast SEO Premium plugin v25.7.1 (Yoast SEO v25.7) - https:\/\/yoast.com\/wordpress\/plugins\/seo\/ -->\n<title>Nyheter - \u00c4ndringar i anv\u00e4ndargr\u00e4nssnittet - NextLog<\/title>\n<meta name=\"description\" content=\"Vi har uppdaterat systemets anv\u00e4ndargr\u00e4nssnitt. Uppdateringen innefattar flera f\u00f6rb\u00e4ttringar i LogiControl, MobileLite, LogiDirect och LogiReports.\" \/>\n<meta name=\"robots\" content=\"index, follow, max-snippet:-1, max-image-preview:large, max-video-preview:-1\" \/>\n<link rel=\"canonical\" href=\"https:\/\/www-devel.nextlog.fi\/sv\/nyheter-andringar-i-anvandargranssnittet\/\" \/>\n<meta property=\"og:locale\" content=\"sv_SE\" \/>\n<meta property=\"og:type\" content=\"article\" \/>\n<meta property=\"og:title\" content=\"Nyheter - \u00c4ndringar i anv\u00e4ndargr\u00e4nssnittet\" \/>\n<meta property=\"og:description\" content=\"Vi har uppdaterat systemets anv\u00e4ndargr\u00e4nssnitt. Uppdateringen innefattar flera f\u00f6rb\u00e4ttringar i LogiControl, MobileLite, LogiDirect och LogiReports.\" \/>\n<meta property=\"og:url\" content=\"https:\/\/www-devel.nextlog.fi\/sv\/nyheter-andringar-i-anvandargranssnittet\/\" \/>\n<meta property=\"og:site_name\" content=\"NextLog\" \/>\n<meta property=\"article:modified_time\" content=\"2025-04-29T10:43:25+00:00\" \/>\n<meta property=\"og:image\" content=\"https:\/\/www-devel.nextlog.fi\/wp-content\/uploads\/Computer_coffee_hand-3.jpg\" \/>\n\t<meta property=\"og:image:width\" content=\"2560\" \/>\n\t<meta property=\"og:image:height\" content=\"1793\" \/>\n\t<meta property=\"og:image:type\" content=\"image\/jpeg\" \/>\n<meta name=\"twitter:card\" content=\"summary_large_image\" \/>\n<meta name=\"twitter:label1\" content=\"Ber\u00e4knad l\u00e4stid\" \/>\n\t<meta name=\"twitter:data1\" content=\"3 minuter\" \/>\n<script type=\"application\/ld+json\" class=\"yoast-schema-graph\">{\"@context\":\"https:\/\/schema.org\",\"@graph\":[{\"@type\":\"WebPage\",\"@id\":\"https:\/\/www-devel.nextlog.fi\/sv\/nyheter-andringar-i-anvandargranssnittet\/\",\"url\":\"https:\/\/www-devel.nextlog.fi\/sv\/nyheter-andringar-i-anvandargranssnittet\/\",\"name\":\"Nyheter - \u00c4ndringar i anv\u00e4ndargr\u00e4nssnittet - NextLog\",\"isPartOf\":{\"@id\":\"https:\/\/www.nextlog.fi\/#website\"},\"primaryImageOfPage\":{\"@id\":\"https:\/\/www-devel.nextlog.fi\/sv\/nyheter-andringar-i-anvandargranssnittet\/#primaryimage\"},\"image\":{\"@id\":\"https:\/\/www-devel.nextlog.fi\/sv\/nyheter-andringar-i-anvandargranssnittet\/#primaryimage\"},\"thumbnailUrl\":\"https:\/\/www.nextlog.fi\/wp-content\/uploads\/Computer_coffee_hand-3.jpg\",\"datePublished\":\"2021-08-04T09:24:02+00:00\",\"dateModified\":\"2025-04-29T10:43:25+00:00\",\"description\":\"Vi har uppdaterat systemets anv\u00e4ndargr\u00e4nssnitt. Uppdateringen innefattar flera f\u00f6rb\u00e4ttringar i LogiControl, MobileLite, LogiDirect och LogiReports.\",\"breadcrumb\":{\"@id\":\"https:\/\/www-devel.nextlog.fi\/sv\/nyheter-andringar-i-anvandargranssnittet\/#breadcrumb\"},\"inLanguage\":\"sv-SE\",\"potentialAction\":[{\"@type\":\"ReadAction\",\"target\":[\"https:\/\/www-devel.nextlog.fi\/sv\/nyheter-andringar-i-anvandargranssnittet\/\"]}]},{\"@type\":\"ImageObject\",\"inLanguage\":\"sv-SE\",\"@id\":\"https:\/\/www-devel.nextlog.fi\/sv\/nyheter-andringar-i-anvandargranssnittet\/#primaryimage\",\"url\":\"https:\/\/www.nextlog.fi\/wp-content\/uploads\/Computer_coffee_hand-3.jpg\",\"contentUrl\":\"https:\/\/www.nextlog.fi\/wp-content\/uploads\/Computer_coffee_hand-3.jpg\",\"width\":2560,\"height\":1793,\"caption\":\"nyheter-\u00e4ndringar-i-anv\u00e4ndargr\u00e4nssnittet\"},{\"@type\":\"BreadcrumbList\",\"@id\":\"https:\/\/www-devel.nextlog.fi\/sv\/nyheter-andringar-i-anvandargranssnittet\/#breadcrumb\",\"itemListElement\":[{\"@type\":\"ListItem\",\"position\":1,\"name\":\"Etusivu\",\"item\":\"https:\/\/www.nextlog.fi\/sv\/\"},{\"@type\":\"ListItem\",\"position\":2,\"name\":\"Nyheter &#8211; \u00c4ndringar i anv\u00e4ndargr\u00e4nssnittet\"}]},{\"@type\":\"WebSite\",\"@id\":\"https:\/\/www.nextlog.fi\/#website\",\"url\":\"https:\/\/www.nextlog.fi\/\",\"name\":\"NextLog\",\"description\":\"Transport Management System (TMS) for Efficient Logistics\",\"potentialAction\":[{\"@type\":\"SearchAction\",\"target\":{\"@type\":\"EntryPoint\",\"urlTemplate\":\"https:\/\/www.nextlog.fi\/?s={search_term_string}\"},\"query-input\":{\"@type\":\"PropertyValueSpecification\",\"valueRequired\":true,\"valueName\":\"search_term_string\"}}],\"inLanguage\":\"sv-SE\"}]}<\/script>\n<!-- \/ Yoast SEO Premium plugin. -->","yoast_head_json":{"title":"Nyheter - \u00c4ndringar i anv\u00e4ndargr\u00e4nssnittet - NextLog","description":"Vi har uppdaterat systemets anv\u00e4ndargr\u00e4nssnitt. Uppdateringen innefattar flera f\u00f6rb\u00e4ttringar i LogiControl, MobileLite, LogiDirect och LogiReports.","robots":{"index":"index","follow":"follow","max-snippet":"max-snippet:-1","max-image-preview":"max-image-preview:large","max-video-preview":"max-video-preview:-1"},"canonical":"https:\/\/www-devel.nextlog.fi\/sv\/nyheter-andringar-i-anvandargranssnittet\/","og_locale":"sv_SE","og_type":"article","og_title":"Nyheter - \u00c4ndringar i anv\u00e4ndargr\u00e4nssnittet","og_description":"Vi har uppdaterat systemets anv\u00e4ndargr\u00e4nssnitt. Uppdateringen innefattar flera f\u00f6rb\u00e4ttringar i LogiControl, MobileLite, LogiDirect och LogiReports.","og_url":"https:\/\/www-devel.nextlog.fi\/sv\/nyheter-andringar-i-anvandargranssnittet\/","og_site_name":"NextLog","article_modified_time":"2025-04-29T10:43:25+00:00","og_image":[{"width":2560,"height":1793,"url":"https:\/\/www-devel.nextlog.fi\/wp-content\/uploads\/Computer_coffee_hand-3.jpg","type":"image\/jpeg"}],"twitter_card":"summary_large_image","twitter_misc":{"Ber\u00e4knad l\u00e4stid":"3 minuter"},"schema":{"@context":"https:\/\/schema.org","@graph":[{"@type":"WebPage","@id":"https:\/\/www-devel.nextlog.fi\/sv\/nyheter-andringar-i-anvandargranssnittet\/","url":"https:\/\/www-devel.nextlog.fi\/sv\/nyheter-andringar-i-anvandargranssnittet\/","name":"Nyheter - \u00c4ndringar i anv\u00e4ndargr\u00e4nssnittet - NextLog","isPartOf":{"@id":"https:\/\/www.nextlog.fi\/#website"},"primaryImageOfPage":{"@id":"https:\/\/www-devel.nextlog.fi\/sv\/nyheter-andringar-i-anvandargranssnittet\/#primaryimage"},"image":{"@id":"https:\/\/www-devel.nextlog.fi\/sv\/nyheter-andringar-i-anvandargranssnittet\/#primaryimage"},"thumbnailUrl":"https:\/\/www.nextlog.fi\/wp-content\/uploads\/Computer_coffee_hand-3.jpg","datePublished":"2021-08-04T09:24:02+00:00","dateModified":"2025-04-29T10:43:25+00:00","description":"Vi har uppdaterat systemets anv\u00e4ndargr\u00e4nssnitt. Uppdateringen innefattar flera f\u00f6rb\u00e4ttringar i LogiControl, MobileLite, LogiDirect och LogiReports.","breadcrumb":{"@id":"https:\/\/www-devel.nextlog.fi\/sv\/nyheter-andringar-i-anvandargranssnittet\/#breadcrumb"},"inLanguage":"sv-SE","potentialAction":[{"@type":"ReadAction","target":["https:\/\/www-devel.nextlog.fi\/sv\/nyheter-andringar-i-anvandargranssnittet\/"]}]},{"@type":"ImageObject","inLanguage":"sv-SE","@id":"https:\/\/www-devel.nextlog.fi\/sv\/nyheter-andringar-i-anvandargranssnittet\/#primaryimage","url":"https:\/\/www.nextlog.fi\/wp-content\/uploads\/Computer_coffee_hand-3.jpg","contentUrl":"https:\/\/www.nextlog.fi\/wp-content\/uploads\/Computer_coffee_hand-3.jpg","width":2560,"height":1793,"caption":"nyheter-\u00e4ndringar-i-anv\u00e4ndargr\u00e4nssnittet"},{"@type":"BreadcrumbList","@id":"https:\/\/www-devel.nextlog.fi\/sv\/nyheter-andringar-i-anvandargranssnittet\/#breadcrumb","itemListElement":[{"@type":"ListItem","position":1,"name":"Etusivu","item":"https:\/\/www.nextlog.fi\/sv\/"},{"@type":"ListItem","position":2,"name":"Nyheter &#8211; \u00c4ndringar i anv\u00e4ndargr\u00e4nssnittet"}]},{"@type":"WebSite","@id":"https:\/\/www.nextlog.fi\/#website","url":"https:\/\/www.nextlog.fi\/","name":"NextLog","description":"Transport Management System (TMS) for Efficient Logistics","potentialAction":[{"@type":"SearchAction","target":{"@type":"EntryPoint","urlTemplate":"https:\/\/www.nextlog.fi\/?s={search_term_string}"},"query-input":{"@type":"PropertyValueSpecification","valueRequired":true,"valueName":"search_term_string"}}],"inLanguage":"sv-SE"}]}},"_links":{"self":[{"href":"https:\/\/www.nextlog.fi\/sv\/wp-json\/wp\/v2\/pages\/5216","targetHints":{"allow":["GET"]}}],"collection":[{"href":"https:\/\/www.nextlog.fi\/sv\/wp-json\/wp\/v2\/pages"}],"about":[{"href":"https:\/\/www.nextlog.fi\/sv\/wp-json\/wp\/v2\/types\/page"}],"author":[{"embeddable":true,"href":"https:\/\/www.nextlog.fi\/sv\/wp-json\/wp\/v2\/users\/4"}],"replies":[{"embeddable":true,"href":"https:\/\/www.nextlog.fi\/sv\/wp-json\/wp\/v2\/comments?post=5216"}],"version-history":[{"count":0,"href":"https:\/\/www.nextlog.fi\/sv\/wp-json\/wp\/v2\/pages\/5216\/revisions"}],"wp:featuredmedia":[{"embeddable":true,"href":"https:\/\/www.nextlog.fi\/sv\/wp-json\/wp\/v2\/media\/5211"}],"wp:attachment":[{"href":"https:\/\/www.nextlog.fi\/sv\/wp-json\/wp\/v2\/media?parent=5216"}],"curies":[{"name":"wp","href":"https:\/\/api.w.org\/{rel}","templated":true}]}}