{"id":5365,"date":"2022-04-12T12:02:10","date_gmt":"2022-04-12T09:02:10","guid":{"rendered":"https:\/\/www-devel.nextlog.fi\/?page_id=5365"},"modified":"2025-04-29T13:45:15","modified_gmt":"2025-04-29T10:45:15","slug":"nyheter-miljorapport","status":"publish","type":"page","link":"https:\/\/www.nextlog.fi\/sv\/nyheter-miljorapport\/","title":{"rendered":"Nyheter &#8211; Milj\u00f6rapport"},"content":{"rendered":"<div class=\"wpb-content-wrapper\"><p>[vc_row][vc_column width=&#8221;1\/6&#8243;][\/vc_column][vc_column width=&#8221;2\/3&#8243;][vc_column_text]<\/p>\n<p style=\"color: black; text-align: center;\"><a class=\"special-link-large-icon\" href=\"\/sv\/nyheter\/\"><img loading=\"lazy\" decoding=\"async\" class=\"animate-link alignnone wp-image-4990\" role=\"img\" src=\"https:\/\/www.nextlog.fi\/wp-content\/uploads\/\/blue-arrow-backward.svg\" alt=\"Back-news\" width=\"60\" height=\"60\" \/><\/a><a href=\"\/sv\/nyheter\/\"> Nyheter<\/a><\/p>\n<p>[\/vc_column_text][vc_column_text]<\/p>\n<h2 style=\"text-align: center; color: black;\"><strong>Nyhet! Milj\u00f6rapport f\u00f6r rapportering av utsl\u00e4pp<\/strong><\/h2>\n<p style=\"text-align: center; color: grey;\">12\/04\/2022<\/p>\n<p><img loading=\"lazy\" decoding=\"async\" class=\"wp-image-5355 aligncenter\" style=\"border-radius: 25px;\" src=\"\/wp-content\/uploads\/Environment-1024x576.jpg\" alt=\"Uutiset-ymp\u00e4rist\u00f6raportti\" width=\"780\" height=\"439\" srcset=\"https:\/\/www.nextlog.fi\/wp-content\/uploads\/Environment-1024x576.jpg 1024w, https:\/\/www.nextlog.fi\/wp-content\/uploads\/Environment-300x169.jpg 300w, https:\/\/www.nextlog.fi\/wp-content\/uploads\/Environment-1536x864.jpg 1536w, https:\/\/www.nextlog.fi\/wp-content\/uploads\/Environment-2048x1152.jpg 2048w\" sizes=\"auto, (max-width: 780px) 100vw, 780px\" \/>[\/vc_column_text][\/vc_column][vc_column width=&#8221;1\/6&#8243;][\/vc_column][\/vc_row][vc_row][vc_column width=&#8221;1\/6&#8243;][\/vc_column][vc_column width=&#8221;2\/3&#8243;][vc_column_text]\u00d6kande krav p\u00e5 mer h\u00e5llbara transporter och ett minskat klimatavtryck \u00e4r positivt ur ett milj\u00f6perspektiv, men orsakar samtidigt mera arbete f\u00f6r transportf\u00f6retag. Transportbranschen st\u00e5r f\u00f6r en betydande del av det globala koldioxidutsl\u00e4ppet, vilket kontinuerligt h\u00f6jer p\u00e5 kraven p\u00e5 \u00f6kad h\u00e5llbarhet inom branschen. Samtidigt \u00f6kar ocks\u00e5 transportk\u00f6parnas krav p\u00e5 snabbare och mera exakt rapportering av koldioxidutsl\u00e4pp.<\/p>\n<p>Vi har utvecklat en ny milj\u00f6rapport f\u00f6r rapportering av koldioxidutsl\u00e4pp per kund f\u00f6r att underl\u00e4tta detta tidskr\u00e4vande arbete. Rapporten baseras p\u00e5 LogiControls order- och lastdata kombinerat med bland annat utsl\u00e4ppskoefficienter som finns lagrade i systemet. Med rapportverktyget LogiReports kan fullst\u00e4ndiga rapporter tas ut till exempel per kund och f\u00f6rs\u00e4ndelse f\u00f6r en given tidsperiod.<\/p>\n<p>Milj\u00f6rapporten genereras snabbt och automatiskt baserat p\u00e5 exempelvis datumintervall och kundnummer, varefter rapporten kan skickas direkt till kunden eller exporteras till Excel f\u00f6r vidare analys. Milj\u00f6rapporten kan \u00e4ven anv\u00e4ndas f\u00f6r att ge en helhetsbild \u00f6ver det egna f\u00f6retagets klimatavtryck.<\/p>\n<p>Genom att effektivisera rapporteringen skapar ni rapporter automatiskt med n\u00e5gra klick, samtidigt som sparad tid kan utnyttjas till annat arbete.[\/vc_column_text][\/vc_column][\/vc_row][vc_row el_class=&#8221;wide-color wide-color-alternative2 ; wrap-reverse&#8221;][vc_column width=&#8221;1\/4&#8243;][vc_column_inner][\/vc_column_inner][\/vc_column][vc_column width=&#8221;1\/2&#8243;][vc_column_text]<\/p>\n<p>&nbsp;<\/p>\n<h4 style=\"color: black; text-align: center;\">Kontakta oss f\u00f6r mer information<\/h4>\n<p style=\"color: grey; text-align: center;\">+358 (0)6 322 6100<br \/>\n<a href=\"&#109;a&#x69;l&#x74;o&#x3a;c&#x6f;&#110;&#x74;&#97;&#x63;&#116;&#x40;&#110;e&#120;t&#x6c;o&#x67;&#46;&#x66;&#105;\" data-attribute-index=\"0\">c&#111;&#110;&#x74;&#x61;&#x63;&#x74;&#64;&#110;&#101;&#120;&#x74;&#x6c;&#x6f;g&#46;&#102;&#105;<\/a><\/p>\n<p>[\/vc_column_text][\/vc_column][vc_column width=&#8221;1\/4&#8243;][\/vc_column][\/vc_row][vc_row el_class=&#8221;wide-color wide-color-alternative2&#8243;][vc_column][vc_column_text]<\/p>\n<p>[\/vc_column_text][\/vc_column][\/vc_row][vc_row el_class=&#8221;wide-color&#8221;][vc_column width=&#8221;1\/4&#8243;][vc_column_text]<\/p>\n<p>&nbsp;<\/p>\n<p>[\/vc_column_text][vc_column_text]<\/p>\n<h4><strong>Bes\u00f6ksadress<br \/>\n<\/strong><\/h4>\n<table class=\"small\">\n<tbody>\n<tr>\n<th style=\"text-align: left;\">F\u00f6retagarv\u00e4gen 7<\/th>\n<th><\/th>\n<\/tr>\n<tr>\n<td>65610 KORSHOLM<br \/>\nFINLAND<br \/>\n<a href=\"tel:+35863226100\">+358 (0)6 322 6100<\/a><\/td>\n<td><\/td>\n<\/tr>\n<\/tbody>\n<\/table>\n<p>&nbsp;<\/p>\n<h4><strong>V\u00e5r kundsupport betj\u00e4nar<\/strong><\/h4>\n<table class=\"small\">\n<tbody>\n<tr>\n<th>Vardagar (kl 8.00 &#8211; 16.00)<\/th>\n<th><\/th>\n<\/tr>\n<tr>\n<td><a href=\"tel:+35863226100\">+358(0)6 322 6100<\/a><br \/>\n<a href=\"m&#97;&#105;&#x6c;&#x74;&#x6f;:&#115;&#117;&#x70;&#x70;&#x6f;rt&#64;&#x6c;&#x6f;&#x67;ic&#111;&#110;&#x74;&#x72;&#x6f;l&#46;&#102;&#x69;\">&#x73;&#x75;&#x70;&#x70;&#x6f;&#x72;&#116;&#64;&#108;&#111;gico&#x6e;&#x74;&#x72;&#x6f;&#x6c;&#x2e;&#102;&#105;<\/a><\/td>\n<td><\/td>\n<\/tr>\n<\/tbody>\n<\/table>\n<div class=\"credits\">Copyright \u00a9 Oy NextLog Ab<\/div>\n<p>[\/vc_column_text][\/vc_column][vc_column width=&#8221;1\/4&#8243;][vc_column_text]<\/p>\n<p>&nbsp;<\/p>\n<p>[\/vc_column_text][vc_column_text]<\/p>\n<h4><strong>LogiControl erbjuder anpassnings\u00adm\u00f6jligheter<\/strong><\/h4>\n<table class=\"small\">\n<tbody>\n<tr>\n<th style=\"text-align: left;\"><\/th>\n<th><\/th>\n<\/tr>\n<tr>\n<td style=\"text-align: left;\"><a class=\"large-icon\" href=\"\/sv\/logicontrol\/\"><img loading=\"lazy\" decoding=\"async\" class=\"animate-link alignleft wp-image-4889\" role=\"img\" src=\"\/wp-content\/uploads\/blue-arrow-forward.svg\" alt=\"Arrow-lue-lis\u00e4\u00e4-basic\" width=\"35\" height=\"35\" \/><\/a><a href=\"\/sv\/logicontrol\/\">V\u00e4lj de egenskaper<br \/>\nsom du beh\u00f6ver<\/a><\/td>\n<td><\/td>\n<\/tr>\n<\/tbody>\n<\/table>\n<p>[\/vc_column_text][\/vc_column][vc_column width=&#8221;1\/4&#8243;][vc_column_text]<\/p>\n<p>&nbsp;<\/p>\n<p>[\/vc_column_text][vc_column_text]<\/p>\n<h4><a href=\"\/sv\/\">Hem<\/a><\/h4>\n<table class=\"small\">\n<tbody>\n<tr>\n<th style=\"text-align: left;\"><\/th>\n<th><\/th>\n<\/tr>\n<tr>\n<td><a href=\"\/sv\/kontakta-oss\">Kontakta oss<\/a><br \/>\n<a href=\"\/sv\/referenser\/\">Referenser<\/a><br \/>\n<a href=\"\/sv\/nextlog\/\">NextLog<\/a><br \/>\n<a href=\"\/sv\/rekry\/\">Rekry<\/a><br \/>\n<a href=\"\/sv\/nyheter\">Nyheter<\/a><br \/>\n<a href=\"\/sv\/kunskapsbank\/\">Kunskapsbank<\/a><\/td>\n<td><\/td>\n<\/tr>\n<\/tbody>\n<\/table>\n<h4><\/h4>\n<p>[\/vc_column_text][\/vc_column][vc_column width=&#8221;1\/4&#8243;][vc_column_text]<\/p>\n<p>&nbsp;<\/p>\n<p>[\/vc_column_text][vc_column_text]<\/p>\n<h4><strong>F\u00f6lj oss<\/strong><\/h4>\n<h4><a href=\"https:\/\/www.linkedin.com\/company\/nextlog\" target=\"_blank\" rel=\"noopener noreferrer\"><img loading=\"lazy\" decoding=\"async\" class=\"alignnone wp-image-4002\" role=\"img\" src=\"https:\/\/www.nextlog.fi\/wp-content\/uploads\/Linkedin-fyrkant.svg\" alt=\"NextLog-LinkedIn-button\" width=\"66\" height=\"65\" \/><\/a> \u00a0<a href=\"https:\/\/www.instagram.com\/nextlog_fi\/\" target=\"_blank\" rel=\"noopener noreferrer\"><img loading=\"lazy\" decoding=\"async\" class=\"alignnone wp-image-3999\" role=\"img\" src=\"https:\/\/www.nextlog.fi\/wp-content\/uploads\/Instagram.svg\" alt=\"NextLog-Instagram-button\" width=\"66\" height=\"65\" \/><\/a><\/h4>\n<h4><a href=\"\/sv\/prenumeration\"><img loading=\"lazy\" decoding=\"async\" class=\"alignnone wp-image-4101\" role=\"img\" src=\"https:\/\/www.nextlog.fi\/wp-content\/uploads\/Prenumerera-pa-vart-nyhetsbrev.svg\" alt=\"Prenumerera-p\u00e5-v\u00e5rt-nyhetsbrev-knapp\" width=\"208\" height=\"65\" \/><\/a><\/h4>\n<h4><a href=\"\/sv\/dataskyddsbeskrivning\">Dataskyddsbeskrivning<\/a><\/h4>\n<p>[\/vc_column_text][vc_column_text]<\/p>\n<p>&nbsp;<\/p>\n<p>[\/vc_column_text][vc_column_text]<img loading=\"lazy\" decoding=\"async\" class=\"wp-image-7475 alignnone\" src=\"\/wp-content\/uploads\/AAA-logo-2024-SE-transparent.png\" alt=\"AAA\" width=\"270\" height=\"170\" srcset=\"https:\/\/www.nextlog.fi\/wp-content\/uploads\/AAA-logo-2024-SE-transparent.png 899w, https:\/\/www.nextlog.fi\/wp-content\/uploads\/AAA-logo-2024-SE-transparent-300x189.png 300w\" sizes=\"auto, (max-width: 270px) 100vw, 270px\" \/>[\/vc_column_text][\/vc_column][\/vc_row]<\/p>\n<\/div>","protected":false},"excerpt":{"rendered":"<p>[vc_row][vc_column width=&#8221;1\/6&#8243;][\/vc_column][vc_column width=&#8221;2\/3&#8243;][vc_column_text] Nyheter [\/vc_column_text][vc_column_text] Nyhet! Milj\u00f6rapport f\u00f6r rapportering av utsl\u00e4pp 12\/04\/2022 [\/vc_column_text][\/vc_column][vc_column width=&#8221;1\/6&#8243;][\/vc_column][\/vc_row][vc_row][vc_column width=&#8221;1\/6&#8243;][\/vc_column][vc_column width=&#8221;2\/3&#8243;][vc_column_text]\u00d6kande krav p\u00e5 mer h\u00e5llbara transporter och ett minskat klimatavtryck \u00e4r positivt ur ett milj\u00f6perspektiv, men orsakar samtidigt mera arbete f\u00f6r transportf\u00f6retag. Transportbranschen st\u00e5r f\u00f6r en betydande del av det globala koldioxidutsl\u00e4ppet, vilket kontinuerligt h\u00f6jer p\u00e5 kraven p\u00e5 \u00f6kad h\u00e5llbarhet [&hellip;]<\/p>\n","protected":false},"author":4,"featured_media":5357,"parent":0,"menu_order":0,"comment_status":"closed","ping_status":"closed","template":"","meta":{"_exactmetrics_skip_tracking":false,"_exactmetrics_sitenote_active":false,"_exactmetrics_sitenote_note":"","_exactmetrics_sitenote_category":0,"footnotes":""},"class_list":["post-5365","page","type-page","status-publish","hentry"],"yoast_head":"<!-- This site is optimized with the Yoast SEO Premium plugin v25.7.1 (Yoast SEO v25.7) - https:\/\/yoast.com\/wordpress\/plugins\/seo\/ -->\n<title>Nyheter - Milj\u00f6rapport -<\/title>\n<meta name=\"description\" content=\"Vi har utvecklat en ny milj\u00f6rapport f\u00f6r rapportering av koldioxidutsl\u00e4pp per kund. Rapporten baseras p\u00e5 LogiControls order- och lastdata kombinerat med bland annat utsl\u00e4ppskoefficienter som finns lagrade i systemet. H\u00e5llbarhet.\" \/>\n<meta name=\"robots\" content=\"index, follow, max-snippet:-1, max-image-preview:large, max-video-preview:-1\" \/>\n<link rel=\"canonical\" href=\"https:\/\/www-devel.nextlog.fi\/sv\/nyheter-miljorapport\/\" \/>\n<meta property=\"og:locale\" content=\"sv_SE\" \/>\n<meta property=\"og:type\" content=\"article\" \/>\n<meta property=\"og:title\" content=\"Nyheter - Milj\u00f6rapport\" \/>\n<meta property=\"og:description\" content=\"Vi har utvecklat en ny milj\u00f6rapport f\u00f6r rapportering av koldioxidutsl\u00e4pp per kund. Rapporten baseras p\u00e5 LogiControls order- och lastdata kombinerat med bland annat utsl\u00e4ppskoefficienter som finns lagrade i systemet. H\u00e5llbarhet.\" \/>\n<meta property=\"og:url\" content=\"https:\/\/www-devel.nextlog.fi\/sv\/nyheter-miljorapport\/\" \/>\n<meta property=\"og:site_name\" content=\"NextLog\" \/>\n<meta property=\"article:modified_time\" content=\"2025-04-29T10:45:15+00:00\" \/>\n<meta property=\"og:image\" content=\"https:\/\/www-devel.nextlog.fi\/wp-content\/uploads\/Environment.jpg\" \/>\n\t<meta property=\"og:image:width\" content=\"2560\" \/>\n\t<meta property=\"og:image:height\" content=\"1440\" \/>\n\t<meta property=\"og:image:type\" content=\"image\/jpeg\" \/>\n<meta name=\"twitter:card\" content=\"summary_large_image\" \/>\n<meta name=\"twitter:label1\" content=\"Ber\u00e4knad l\u00e4stid\" \/>\n\t<meta name=\"twitter:data1\" content=\"3 minuter\" \/>\n<script type=\"application\/ld+json\" class=\"yoast-schema-graph\">{\"@context\":\"https:\/\/schema.org\",\"@graph\":[{\"@type\":\"WebPage\",\"@id\":\"https:\/\/www-devel.nextlog.fi\/sv\/nyheter-miljorapport\/\",\"url\":\"https:\/\/www-devel.nextlog.fi\/sv\/nyheter-miljorapport\/\",\"name\":\"Nyheter - Milj\u00f6rapport -\",\"isPartOf\":{\"@id\":\"https:\/\/www.nextlog.fi\/#website\"},\"primaryImageOfPage\":{\"@id\":\"https:\/\/www-devel.nextlog.fi\/sv\/nyheter-miljorapport\/#primaryimage\"},\"image\":{\"@id\":\"https:\/\/www-devel.nextlog.fi\/sv\/nyheter-miljorapport\/#primaryimage\"},\"thumbnailUrl\":\"https:\/\/www.nextlog.fi\/wp-content\/uploads\/Environment.jpg\",\"datePublished\":\"2022-04-12T09:02:10+00:00\",\"dateModified\":\"2025-04-29T10:45:15+00:00\",\"description\":\"Vi har utvecklat en ny milj\u00f6rapport f\u00f6r rapportering av koldioxidutsl\u00e4pp per kund. Rapporten baseras p\u00e5 LogiControls order- och lastdata kombinerat med bland annat utsl\u00e4ppskoefficienter som finns lagrade i systemet. H\u00e5llbarhet.\",\"breadcrumb\":{\"@id\":\"https:\/\/www-devel.nextlog.fi\/sv\/nyheter-miljorapport\/#breadcrumb\"},\"inLanguage\":\"sv-SE\",\"potentialAction\":[{\"@type\":\"ReadAction\",\"target\":[\"https:\/\/www-devel.nextlog.fi\/sv\/nyheter-miljorapport\/\"]}]},{\"@type\":\"ImageObject\",\"inLanguage\":\"sv-SE\",\"@id\":\"https:\/\/www-devel.nextlog.fi\/sv\/nyheter-miljorapport\/#primaryimage\",\"url\":\"https:\/\/www.nextlog.fi\/wp-content\/uploads\/Environment.jpg\",\"contentUrl\":\"https:\/\/www.nextlog.fi\/wp-content\/uploads\/Environment.jpg\",\"width\":2560,\"height\":1440,\"caption\":\"Ymp\u00e4rist\u00f6raportti\"},{\"@type\":\"BreadcrumbList\",\"@id\":\"https:\/\/www-devel.nextlog.fi\/sv\/nyheter-miljorapport\/#breadcrumb\",\"itemListElement\":[{\"@type\":\"ListItem\",\"position\":1,\"name\":\"Etusivu\",\"item\":\"https:\/\/www.nextlog.fi\/sv\/\"},{\"@type\":\"ListItem\",\"position\":2,\"name\":\"Nyheter &#8211; Milj\u00f6rapport\"}]},{\"@type\":\"WebSite\",\"@id\":\"https:\/\/www.nextlog.fi\/#website\",\"url\":\"https:\/\/www.nextlog.fi\/\",\"name\":\"NextLog\",\"description\":\"Transport Management System (TMS) for Efficient Logistics\",\"potentialAction\":[{\"@type\":\"SearchAction\",\"target\":{\"@type\":\"EntryPoint\",\"urlTemplate\":\"https:\/\/www.nextlog.fi\/?s={search_term_string}\"},\"query-input\":{\"@type\":\"PropertyValueSpecification\",\"valueRequired\":true,\"valueName\":\"search_term_string\"}}],\"inLanguage\":\"sv-SE\"}]}<\/script>\n<!-- \/ Yoast SEO Premium plugin. -->","yoast_head_json":{"title":"Nyheter - Milj\u00f6rapport -","description":"Vi har utvecklat en ny milj\u00f6rapport f\u00f6r rapportering av koldioxidutsl\u00e4pp per kund. Rapporten baseras p\u00e5 LogiControls order- och lastdata kombinerat med bland annat utsl\u00e4ppskoefficienter som finns lagrade i systemet. H\u00e5llbarhet.","robots":{"index":"index","follow":"follow","max-snippet":"max-snippet:-1","max-image-preview":"max-image-preview:large","max-video-preview":"max-video-preview:-1"},"canonical":"https:\/\/www-devel.nextlog.fi\/sv\/nyheter-miljorapport\/","og_locale":"sv_SE","og_type":"article","og_title":"Nyheter - Milj\u00f6rapport","og_description":"Vi har utvecklat en ny milj\u00f6rapport f\u00f6r rapportering av koldioxidutsl\u00e4pp per kund. Rapporten baseras p\u00e5 LogiControls order- och lastdata kombinerat med bland annat utsl\u00e4ppskoefficienter som finns lagrade i systemet. H\u00e5llbarhet.","og_url":"https:\/\/www-devel.nextlog.fi\/sv\/nyheter-miljorapport\/","og_site_name":"NextLog","article_modified_time":"2025-04-29T10:45:15+00:00","og_image":[{"width":2560,"height":1440,"url":"https:\/\/www-devel.nextlog.fi\/wp-content\/uploads\/Environment.jpg","type":"image\/jpeg"}],"twitter_card":"summary_large_image","twitter_misc":{"Ber\u00e4knad l\u00e4stid":"3 minuter"},"schema":{"@context":"https:\/\/schema.org","@graph":[{"@type":"WebPage","@id":"https:\/\/www-devel.nextlog.fi\/sv\/nyheter-miljorapport\/","url":"https:\/\/www-devel.nextlog.fi\/sv\/nyheter-miljorapport\/","name":"Nyheter - Milj\u00f6rapport -","isPartOf":{"@id":"https:\/\/www.nextlog.fi\/#website"},"primaryImageOfPage":{"@id":"https:\/\/www-devel.nextlog.fi\/sv\/nyheter-miljorapport\/#primaryimage"},"image":{"@id":"https:\/\/www-devel.nextlog.fi\/sv\/nyheter-miljorapport\/#primaryimage"},"thumbnailUrl":"https:\/\/www.nextlog.fi\/wp-content\/uploads\/Environment.jpg","datePublished":"2022-04-12T09:02:10+00:00","dateModified":"2025-04-29T10:45:15+00:00","description":"Vi har utvecklat en ny milj\u00f6rapport f\u00f6r rapportering av koldioxidutsl\u00e4pp per kund. Rapporten baseras p\u00e5 LogiControls order- och lastdata kombinerat med bland annat utsl\u00e4ppskoefficienter som finns lagrade i systemet. H\u00e5llbarhet.","breadcrumb":{"@id":"https:\/\/www-devel.nextlog.fi\/sv\/nyheter-miljorapport\/#breadcrumb"},"inLanguage":"sv-SE","potentialAction":[{"@type":"ReadAction","target":["https:\/\/www-devel.nextlog.fi\/sv\/nyheter-miljorapport\/"]}]},{"@type":"ImageObject","inLanguage":"sv-SE","@id":"https:\/\/www-devel.nextlog.fi\/sv\/nyheter-miljorapport\/#primaryimage","url":"https:\/\/www.nextlog.fi\/wp-content\/uploads\/Environment.jpg","contentUrl":"https:\/\/www.nextlog.fi\/wp-content\/uploads\/Environment.jpg","width":2560,"height":1440,"caption":"Ymp\u00e4rist\u00f6raportti"},{"@type":"BreadcrumbList","@id":"https:\/\/www-devel.nextlog.fi\/sv\/nyheter-miljorapport\/#breadcrumb","itemListElement":[{"@type":"ListItem","position":1,"name":"Etusivu","item":"https:\/\/www.nextlog.fi\/sv\/"},{"@type":"ListItem","position":2,"name":"Nyheter &#8211; Milj\u00f6rapport"}]},{"@type":"WebSite","@id":"https:\/\/www.nextlog.fi\/#website","url":"https:\/\/www.nextlog.fi\/","name":"NextLog","description":"Transport Management System (TMS) for Efficient Logistics","potentialAction":[{"@type":"SearchAction","target":{"@type":"EntryPoint","urlTemplate":"https:\/\/www.nextlog.fi\/?s={search_term_string}"},"query-input":{"@type":"PropertyValueSpecification","valueRequired":true,"valueName":"search_term_string"}}],"inLanguage":"sv-SE"}]}},"_links":{"self":[{"href":"https:\/\/www.nextlog.fi\/sv\/wp-json\/wp\/v2\/pages\/5365","targetHints":{"allow":["GET"]}}],"collection":[{"href":"https:\/\/www.nextlog.fi\/sv\/wp-json\/wp\/v2\/pages"}],"about":[{"href":"https:\/\/www.nextlog.fi\/sv\/wp-json\/wp\/v2\/types\/page"}],"author":[{"embeddable":true,"href":"https:\/\/www.nextlog.fi\/sv\/wp-json\/wp\/v2\/users\/4"}],"replies":[{"embeddable":true,"href":"https:\/\/www.nextlog.fi\/sv\/wp-json\/wp\/v2\/comments?post=5365"}],"version-history":[{"count":0,"href":"https:\/\/www.nextlog.fi\/sv\/wp-json\/wp\/v2\/pages\/5365\/revisions"}],"wp:featuredmedia":[{"embeddable":true,"href":"https:\/\/www.nextlog.fi\/sv\/wp-json\/wp\/v2\/media\/5357"}],"wp:attachment":[{"href":"https:\/\/www.nextlog.fi\/sv\/wp-json\/wp\/v2\/media?parent=5365"}],"curies":[{"name":"wp","href":"https:\/\/api.w.org\/{rel}","templated":true}]}}