{"id":5507,"date":"2022-05-24T13:14:23","date_gmt":"2022-05-24T10:14:23","guid":{"rendered":"https:\/\/www-devel.nextlog.fi\/?page_id=5507"},"modified":"2025-04-29T13:54:35","modified_gmt":"2025-04-29T10:54:35","slug":"nyheter-kunskapsbank","status":"publish","type":"page","link":"https:\/\/www.nextlog.fi\/sv\/nyheter-kunskapsbank\/","title":{"rendered":"Nyheter &#8211; Kunskapsbank"},"content":{"rendered":"<div class=\"wpb-content-wrapper\"><p>[vc_row][vc_column width=&#8221;1\/6&#8243;][\/vc_column][vc_column width=&#8221;2\/3&#8243;][vc_column_text]<\/p>\n<p style=\"color: black; text-align: center;\"><a class=\"special-link-large-icon\" href=\"\/sv\/nyheter\/\"><img loading=\"lazy\" decoding=\"async\" class=\"animate-link alignnone wp-image-4990\" role=\"img\" src=\"\/wp-content\/uploads\/blue-arrow-backward.svg\" alt=\"Back-news\" width=\"60\" height=\"60\" \/><\/a><a href=\"\/sv\/nyheter\/\"> Nyheter<\/a><\/p>\n<p>[\/vc_column_text][vc_column_text]<\/p>\n<h2 style=\"text-align: center; color: black;\"><strong>Kunskapsbank<\/strong><\/h2>\n<p style=\"text-align: center; color: grey;\">24\/05\/2022<\/p>\n<p style=\"text-align: center;\"><img loading=\"lazy\" decoding=\"async\" class=\"alignnone wp-image-5510\" style=\"border-radius: 25px;\" src=\"https:\/\/www.nextlog.fi\/wp-content\/uploads\/Kunskapsbank.jpg\" alt=\"\" width=\"780\" height=\"624\" srcset=\"https:\/\/www.nextlog.fi\/wp-content\/uploads\/Kunskapsbank.jpg 1080w, https:\/\/www.nextlog.fi\/wp-content\/uploads\/Kunskapsbank-300x240.jpg 300w, https:\/\/www.nextlog.fi\/wp-content\/uploads\/Kunskapsbank-1024x819.jpg 1024w\" sizes=\"auto, (max-width: 780px) 100vw, 780px\" \/><\/p>\n<p>[\/vc_column_text][\/vc_column][vc_column width=&#8221;1\/6&#8243;][\/vc_column][\/vc_row][vc_row][vc_column width=&#8221;1\/6&#8243;][\/vc_column][vc_column width=&#8221;2\/3&#8243;][vc_column_text]P\u00e5 v\u00e5r hemsida finns nu en kunskapsbank d\u00e4r vi kommer att samla olika inl\u00e4gg, artiklar och guider som vi hoppas kan bidra med nya id\u00e9er och insikter. I och med att vi \u00e4r ett IT-f\u00f6retag med fokus p\u00e5 transportbranschen kommer de flesta artiklarna att handla om \u00e4mnen som ber\u00f6r just IT, system och transport. L\u00e4s v\u00e5ra tre f\u00f6rsta artiklar via l\u00e4nken nedan.<\/p>\n<p><a class=\"special-link-large-icon\" href=\"\/sv\/kunskapsbank\/\" target=\"_blank\" rel=\"noopener noreferrer\"><img loading=\"lazy\" decoding=\"async\" class=\"animate-link alignnone wp-image-4889\" role=\"img\" src=\"\/wp-content\/uploads\/blue-arrow-forward.svg\" alt=\"\" width=\"60\" height=\"60\" \/><\/a><a href=\"\/sv\/kunskapsbank\/\" target=\"_blank\" rel=\"noopener noreferrer\">Kunskapsbank<\/a><\/p>\n<p>[\/vc_column_text][\/vc_column][\/vc_row][vc_row][vc_column][vc_column_text]<\/p>\n<p>[\/vc_column_text][\/vc_column][\/vc_row][vc_row el_class=&#8221;wide-color&#8221;][vc_column width=&#8221;1\/4&#8243;][vc_column_text]<\/p>\n<p>&nbsp;<\/p>\n<p>[\/vc_column_text][vc_column_text]<\/p>\n<h4><strong>Bes\u00f6ksadress<br \/>\n<\/strong><\/h4>\n<table class=\"small\">\n<tbody>\n<tr>\n<th style=\"text-align: left;\">F\u00f6retagarv\u00e4gen 7<\/th>\n<th><\/th>\n<\/tr>\n<tr>\n<td>65610 KORSHOLM<br \/>\nFINLAND<br \/>\n<a href=\"tel:+35863226100\">+358 (0)6 322 6100<\/a><\/td>\n<td><\/td>\n<\/tr>\n<\/tbody>\n<\/table>\n<p>&nbsp;<\/p>\n<h4><strong>V\u00e5r kundsupport betj\u00e4nar<\/strong><\/h4>\n<table class=\"small\">\n<tbody>\n<tr>\n<th>Vardagar (kl 8.00 &#8211; 16.00)<\/th>\n<th><\/th>\n<\/tr>\n<tr>\n<td><a href=\"tel:+35863226100\">+358(0)6 322 6100<\/a><br \/>\n<a href=\"&#109;a&#x69;l&#x74;o&#x3a;s&#x75;p&#x70;o&#x72;&#116;&#x40;&#108;&#x6f;&#103;&#x69;&#99;&#x6f;&#110;&#x74;&#114;&#x6f;&#108;&#46;&#x66;i\">&#115;&#117;&#x70;&#x70;&#111;&#114;&#x74;&#x40;&#108;&#111;&#x67;&#x69;&#99;&#111;&#x6e;&#x74;&#114;&#111;&#x6c;&#x2e;&#102;&#105;<\/a><\/td>\n<td><\/td>\n<\/tr>\n<\/tbody>\n<\/table>\n<div class=\"credits\">Copyright \u00a9 Oy NextLog Ab<\/div>\n<p>[\/vc_column_text][\/vc_column][vc_column width=&#8221;1\/4&#8243;][vc_column_text]<\/p>\n<p>&nbsp;<\/p>\n<p>[\/vc_column_text][vc_column_text]<\/p>\n<h4><strong>LogiControl erbjuder anpassnings\u00adm\u00f6jligheter<\/strong><\/h4>\n<table class=\"small\">\n<tbody>\n<tr>\n<th style=\"text-align: left;\"><\/th>\n<th><\/th>\n<\/tr>\n<tr>\n<td style=\"text-align: left;\"><a class=\"large-icon\" href=\"\/sv\/logicontrol\/\"><img loading=\"lazy\" decoding=\"async\" class=\"animate-link alignleft wp-image-4889\" role=\"img\" src=\"\/wp-content\/uploads\/blue-arrow-forward.svg\" alt=\"Arrow-lue-lis\u00e4\u00e4-basic\" width=\"35\" height=\"35\" \/><\/a><a href=\"\/sv\/logicontrol\/\">V\u00e4lj de egenskaper<br \/>\nsom du beh\u00f6ver<\/a><\/td>\n<td><\/td>\n<\/tr>\n<\/tbody>\n<\/table>\n<p>[\/vc_column_text][\/vc_column][vc_column width=&#8221;1\/4&#8243;][vc_column_text]<\/p>\n<p>&nbsp;<\/p>\n<p>[\/vc_column_text][vc_column_text]<\/p>\n<h4><a href=\"\/sv\/\">Hem<\/a><\/h4>\n<table class=\"small\">\n<tbody>\n<tr>\n<th style=\"text-align: left;\"><\/th>\n<th><\/th>\n<\/tr>\n<tr>\n<td><a href=\"\/sv\/kontakta-oss\">Kontakta oss<\/a><br \/>\n<a href=\"\/sv\/referenser\/\">Referenser<\/a><br \/>\n<a href=\"\/sv\/nextlog\/\">NextLog<\/a><br \/>\n<a href=\"\/sv\/rekry\/\">Rekry<\/a><br \/>\n<a href=\"\/sv\/nyheter\">Nyheter<\/a><br \/>\n<a href=\"\/sv\/kunskapsbank\/\">Kunskapsbank<\/a><\/td>\n<td><\/td>\n<\/tr>\n<\/tbody>\n<\/table>\n<h4><\/h4>\n<p>[\/vc_column_text][\/vc_column][vc_column width=&#8221;1\/4&#8243;][vc_column_text]<\/p>\n<p>&nbsp;<\/p>\n<p>[\/vc_column_text][vc_column_text]<\/p>\n<h4><strong>F\u00f6lj oss<\/strong><\/h4>\n<h4><a href=\"https:\/\/www.linkedin.com\/company\/nextlog\" target=\"_blank\" rel=\"noopener noreferrer\"><img loading=\"lazy\" decoding=\"async\" class=\"alignnone wp-image-4002\" role=\"img\" src=\"https:\/\/www.nextlog.fi\/wp-content\/uploads\/Linkedin-fyrkant.svg\" alt=\"NextLog-LinkedIn-button\" width=\"66\" height=\"65\" \/><\/a> \u00a0<a href=\"https:\/\/www.instagram.com\/nextlog_fi\/\" target=\"_blank\" rel=\"noopener noreferrer\"><img loading=\"lazy\" decoding=\"async\" class=\"alignnone wp-image-3999\" role=\"img\" src=\"https:\/\/www.nextlog.fi\/wp-content\/uploads\/Instagram.svg\" alt=\"NextLog-Instagram-button\" width=\"66\" height=\"65\" \/><\/a><\/h4>\n<h4><a href=\"\/sv\/prenumeration\"><img loading=\"lazy\" decoding=\"async\" class=\"alignnone wp-image-4101\" role=\"img\" src=\"https:\/\/www.nextlog.fi\/wp-content\/uploads\/Prenumerera-pa-vart-nyhetsbrev.svg\" alt=\"Prenumerera-p\u00e5-v\u00e5rt-nyhetsbrev-knapp\" width=\"208\" height=\"65\" \/><\/a><\/h4>\n<h4><a href=\"\/sv\/dataskyddsbeskrivning\">Dataskyddsbeskrivning<\/a><\/h4>\n<p>[\/vc_column_text][vc_column_text]<\/p>\n<p>&nbsp;<\/p>\n<p>[\/vc_column_text][vc_column_text]<img loading=\"lazy\" decoding=\"async\" class=\"wp-image-7475 alignnone\" src=\"\/wp-content\/uploads\/AAA-logo-2024-SE-transparent.png\" alt=\"AAA\" width=\"270\" height=\"170\" srcset=\"https:\/\/www.nextlog.fi\/wp-content\/uploads\/AAA-logo-2024-SE-transparent.png 899w, https:\/\/www.nextlog.fi\/wp-content\/uploads\/AAA-logo-2024-SE-transparent-300x189.png 300w\" sizes=\"auto, (max-width: 270px) 100vw, 270px\" \/>[\/vc_column_text][\/vc_column][\/vc_row]<\/p>\n<\/div>","protected":false},"excerpt":{"rendered":"<p>[vc_row][vc_column width=&#8221;1\/6&#8243;][\/vc_column][vc_column width=&#8221;2\/3&#8243;][vc_column_text] Nyheter [\/vc_column_text][vc_column_text] Kunskapsbank 24\/05\/2022 [\/vc_column_text][\/vc_column][vc_column width=&#8221;1\/6&#8243;][\/vc_column][\/vc_row][vc_row][vc_column width=&#8221;1\/6&#8243;][\/vc_column][vc_column width=&#8221;2\/3&#8243;][vc_column_text]P\u00e5 v\u00e5r hemsida finns nu en kunskapsbank d\u00e4r vi kommer att samla olika inl\u00e4gg, artiklar och guider som vi hoppas kan bidra med nya id\u00e9er och insikter. I och med att vi \u00e4r ett IT-f\u00f6retag med fokus p\u00e5 transportbranschen kommer de flesta artiklarna att handla [&hellip;]<\/p>\n","protected":false},"author":4,"featured_media":5539,"parent":0,"menu_order":0,"comment_status":"closed","ping_status":"closed","template":"","meta":{"_exactmetrics_skip_tracking":false,"_exactmetrics_sitenote_active":false,"_exactmetrics_sitenote_note":"","_exactmetrics_sitenote_category":0,"footnotes":""},"class_list":["post-5507","page","type-page","status-publish","hentry"],"yoast_head":"<!-- This site is optimized with the Yoast SEO Premium plugin v25.7.1 (Yoast SEO v25.7) - https:\/\/yoast.com\/wordpress\/plugins\/seo\/ -->\n<title>Nyheter - Kunskapsbank -<\/title>\n<meta name=\"description\" content=\"P\u00e5 v\u00e5r hemsida finns nu en kunskapsbank d\u00e4r vi kommer att samla olika inl\u00e4gg, artiklar och guider som vi hoppas kan bidra med nya id\u00e9er...\" \/>\n<meta name=\"robots\" content=\"index, follow, max-snippet:-1, max-image-preview:large, max-video-preview:-1\" \/>\n<link rel=\"canonical\" href=\"https:\/\/www-devel.nextlog.fi\/sv\/nyheter-kunskapsbank\/\" \/>\n<meta property=\"og:locale\" content=\"sv_SE\" \/>\n<meta property=\"og:type\" content=\"article\" \/>\n<meta property=\"og:title\" content=\"Nyheter - Kunskapsbank\" \/>\n<meta property=\"og:description\" content=\"P\u00e5 v\u00e5r hemsida finns nu en kunskapsbank d\u00e4r vi kommer att samla olika inl\u00e4gg, artiklar och guider som vi hoppas kan bidra med nya id\u00e9er...\" \/>\n<meta property=\"og:url\" content=\"https:\/\/www-devel.nextlog.fi\/sv\/nyheter-kunskapsbank\/\" \/>\n<meta property=\"og:site_name\" content=\"NextLog\" \/>\n<meta property=\"article:modified_time\" content=\"2025-04-29T10:54:35+00:00\" \/>\n<meta property=\"og:image\" content=\"https:\/\/www-devel.nextlog.fi\/wp-content\/uploads\/Tietopankki-406x228-1.jpg\" \/>\n\t<meta property=\"og:image:width\" content=\"2016\" \/>\n\t<meta property=\"og:image:height\" content=\"1134\" \/>\n\t<meta property=\"og:image:type\" content=\"image\/jpeg\" \/>\n<meta name=\"twitter:card\" content=\"summary_large_image\" \/>\n<meta name=\"twitter:label1\" content=\"Ber\u00e4knad l\u00e4stid\" \/>\n\t<meta name=\"twitter:data1\" content=\"3 minuter\" \/>\n<script type=\"application\/ld+json\" class=\"yoast-schema-graph\">{\"@context\":\"https:\/\/schema.org\",\"@graph\":[{\"@type\":\"WebPage\",\"@id\":\"https:\/\/www-devel.nextlog.fi\/sv\/nyheter-kunskapsbank\/\",\"url\":\"https:\/\/www-devel.nextlog.fi\/sv\/nyheter-kunskapsbank\/\",\"name\":\"Nyheter - Kunskapsbank -\",\"isPartOf\":{\"@id\":\"https:\/\/www.nextlog.fi\/#website\"},\"primaryImageOfPage\":{\"@id\":\"https:\/\/www-devel.nextlog.fi\/sv\/nyheter-kunskapsbank\/#primaryimage\"},\"image\":{\"@id\":\"https:\/\/www-devel.nextlog.fi\/sv\/nyheter-kunskapsbank\/#primaryimage\"},\"thumbnailUrl\":\"https:\/\/www.nextlog.fi\/wp-content\/uploads\/Tietopankki-406x228-1.jpg\",\"datePublished\":\"2022-05-24T10:14:23+00:00\",\"dateModified\":\"2025-04-29T10:54:35+00:00\",\"description\":\"P\u00e5 v\u00e5r hemsida finns nu en kunskapsbank d\u00e4r vi kommer att samla olika inl\u00e4gg, artiklar och guider som vi hoppas kan bidra med nya id\u00e9er...\",\"breadcrumb\":{\"@id\":\"https:\/\/www-devel.nextlog.fi\/sv\/nyheter-kunskapsbank\/#breadcrumb\"},\"inLanguage\":\"sv-SE\",\"potentialAction\":[{\"@type\":\"ReadAction\",\"target\":[\"https:\/\/www-devel.nextlog.fi\/sv\/nyheter-kunskapsbank\/\"]}]},{\"@type\":\"ImageObject\",\"inLanguage\":\"sv-SE\",\"@id\":\"https:\/\/www-devel.nextlog.fi\/sv\/nyheter-kunskapsbank\/#primaryimage\",\"url\":\"https:\/\/www.nextlog.fi\/wp-content\/uploads\/Tietopankki-406x228-1.jpg\",\"contentUrl\":\"https:\/\/www.nextlog.fi\/wp-content\/uploads\/Tietopankki-406x228-1.jpg\",\"width\":2016,\"height\":1134,\"caption\":\"Tietopankki\"},{\"@type\":\"BreadcrumbList\",\"@id\":\"https:\/\/www-devel.nextlog.fi\/sv\/nyheter-kunskapsbank\/#breadcrumb\",\"itemListElement\":[{\"@type\":\"ListItem\",\"position\":1,\"name\":\"Etusivu\",\"item\":\"https:\/\/www.nextlog.fi\/sv\/\"},{\"@type\":\"ListItem\",\"position\":2,\"name\":\"Nyheter &#8211; Kunskapsbank\"}]},{\"@type\":\"WebSite\",\"@id\":\"https:\/\/www.nextlog.fi\/#website\",\"url\":\"https:\/\/www.nextlog.fi\/\",\"name\":\"NextLog\",\"description\":\"Transport Management System (TMS) for Efficient Logistics\",\"potentialAction\":[{\"@type\":\"SearchAction\",\"target\":{\"@type\":\"EntryPoint\",\"urlTemplate\":\"https:\/\/www.nextlog.fi\/?s={search_term_string}\"},\"query-input\":{\"@type\":\"PropertyValueSpecification\",\"valueRequired\":true,\"valueName\":\"search_term_string\"}}],\"inLanguage\":\"sv-SE\"}]}<\/script>\n<!-- \/ Yoast SEO Premium plugin. -->","yoast_head_json":{"title":"Nyheter - Kunskapsbank -","description":"P\u00e5 v\u00e5r hemsida finns nu en kunskapsbank d\u00e4r vi kommer att samla olika inl\u00e4gg, artiklar och guider som vi hoppas kan bidra med nya id\u00e9er...","robots":{"index":"index","follow":"follow","max-snippet":"max-snippet:-1","max-image-preview":"max-image-preview:large","max-video-preview":"max-video-preview:-1"},"canonical":"https:\/\/www-devel.nextlog.fi\/sv\/nyheter-kunskapsbank\/","og_locale":"sv_SE","og_type":"article","og_title":"Nyheter - Kunskapsbank","og_description":"P\u00e5 v\u00e5r hemsida finns nu en kunskapsbank d\u00e4r vi kommer att samla olika inl\u00e4gg, artiklar och guider som vi hoppas kan bidra med nya id\u00e9er...","og_url":"https:\/\/www-devel.nextlog.fi\/sv\/nyheter-kunskapsbank\/","og_site_name":"NextLog","article_modified_time":"2025-04-29T10:54:35+00:00","og_image":[{"width":2016,"height":1134,"url":"https:\/\/www-devel.nextlog.fi\/wp-content\/uploads\/Tietopankki-406x228-1.jpg","type":"image\/jpeg"}],"twitter_card":"summary_large_image","twitter_misc":{"Ber\u00e4knad l\u00e4stid":"3 minuter"},"schema":{"@context":"https:\/\/schema.org","@graph":[{"@type":"WebPage","@id":"https:\/\/www-devel.nextlog.fi\/sv\/nyheter-kunskapsbank\/","url":"https:\/\/www-devel.nextlog.fi\/sv\/nyheter-kunskapsbank\/","name":"Nyheter - Kunskapsbank -","isPartOf":{"@id":"https:\/\/www.nextlog.fi\/#website"},"primaryImageOfPage":{"@id":"https:\/\/www-devel.nextlog.fi\/sv\/nyheter-kunskapsbank\/#primaryimage"},"image":{"@id":"https:\/\/www-devel.nextlog.fi\/sv\/nyheter-kunskapsbank\/#primaryimage"},"thumbnailUrl":"https:\/\/www.nextlog.fi\/wp-content\/uploads\/Tietopankki-406x228-1.jpg","datePublished":"2022-05-24T10:14:23+00:00","dateModified":"2025-04-29T10:54:35+00:00","description":"P\u00e5 v\u00e5r hemsida finns nu en kunskapsbank d\u00e4r vi kommer att samla olika inl\u00e4gg, artiklar och guider som vi hoppas kan bidra med nya id\u00e9er...","breadcrumb":{"@id":"https:\/\/www-devel.nextlog.fi\/sv\/nyheter-kunskapsbank\/#breadcrumb"},"inLanguage":"sv-SE","potentialAction":[{"@type":"ReadAction","target":["https:\/\/www-devel.nextlog.fi\/sv\/nyheter-kunskapsbank\/"]}]},{"@type":"ImageObject","inLanguage":"sv-SE","@id":"https:\/\/www-devel.nextlog.fi\/sv\/nyheter-kunskapsbank\/#primaryimage","url":"https:\/\/www.nextlog.fi\/wp-content\/uploads\/Tietopankki-406x228-1.jpg","contentUrl":"https:\/\/www.nextlog.fi\/wp-content\/uploads\/Tietopankki-406x228-1.jpg","width":2016,"height":1134,"caption":"Tietopankki"},{"@type":"BreadcrumbList","@id":"https:\/\/www-devel.nextlog.fi\/sv\/nyheter-kunskapsbank\/#breadcrumb","itemListElement":[{"@type":"ListItem","position":1,"name":"Etusivu","item":"https:\/\/www.nextlog.fi\/sv\/"},{"@type":"ListItem","position":2,"name":"Nyheter &#8211; Kunskapsbank"}]},{"@type":"WebSite","@id":"https:\/\/www.nextlog.fi\/#website","url":"https:\/\/www.nextlog.fi\/","name":"NextLog","description":"Transport Management System (TMS) for Efficient Logistics","potentialAction":[{"@type":"SearchAction","target":{"@type":"EntryPoint","urlTemplate":"https:\/\/www.nextlog.fi\/?s={search_term_string}"},"query-input":{"@type":"PropertyValueSpecification","valueRequired":true,"valueName":"search_term_string"}}],"inLanguage":"sv-SE"}]}},"_links":{"self":[{"href":"https:\/\/www.nextlog.fi\/sv\/wp-json\/wp\/v2\/pages\/5507","targetHints":{"allow":["GET"]}}],"collection":[{"href":"https:\/\/www.nextlog.fi\/sv\/wp-json\/wp\/v2\/pages"}],"about":[{"href":"https:\/\/www.nextlog.fi\/sv\/wp-json\/wp\/v2\/types\/page"}],"author":[{"embeddable":true,"href":"https:\/\/www.nextlog.fi\/sv\/wp-json\/wp\/v2\/users\/4"}],"replies":[{"embeddable":true,"href":"https:\/\/www.nextlog.fi\/sv\/wp-json\/wp\/v2\/comments?post=5507"}],"version-history":[{"count":0,"href":"https:\/\/www.nextlog.fi\/sv\/wp-json\/wp\/v2\/pages\/5507\/revisions"}],"wp:featuredmedia":[{"embeddable":true,"href":"https:\/\/www.nextlog.fi\/sv\/wp-json\/wp\/v2\/media\/5539"}],"wp:attachment":[{"href":"https:\/\/www.nextlog.fi\/sv\/wp-json\/wp\/v2\/media?parent=5507"}],"curies":[{"name":"wp","href":"https:\/\/api.w.org\/{rel}","templated":true}]}}