{"id":5763,"date":"2023-03-23T21:22:12","date_gmt":"2023-03-23T19:22:12","guid":{"rendered":"https:\/\/www-devel.nextlog.fi\/lc-integraatio\/"},"modified":"2025-04-29T13:58:22","modified_gmt":"2025-04-29T10:58:22","slug":"nyheter-logicontrol-integration","status":"publish","type":"page","link":"https:\/\/www.nextlog.fi\/sv\/nyheter-logicontrol-integration\/","title":{"rendered":"Nyheter &#8211; LogiControl Integration"},"content":{"rendered":"<div class=\"wpb-content-wrapper\"><p>[vc_row][vc_column width=&#8221;1\/6&#8243;][\/vc_column][vc_column width=&#8221;2\/3&#8243;][vc_column_text]<\/p>\n<p style=\"color: black; text-align: center;\"><a class=\"special-link-large-icon\" href=\"\/sv\/nyheter\/\"><img loading=\"lazy\" decoding=\"async\" class=\"animate-link alignnone wp-image-4990\" role=\"img\" src=\"https:\/\/www.nextlog.fi\/wp-content\/uploads\/\/blue-arrow-backward.svg\" alt=\"Back-news\" width=\"60\" height=\"60\" \/><\/a><a href=\"\/sv\/nyheter\/\"> Nyheter<\/a><\/p>\n<p>[\/vc_column_text][vc_column_text]<\/p>\n<h2 style=\"text-align: center; color: black;\"><strong>Nya integrationsm\u00f6jligheter<\/strong><\/h2>\n<p style=\"text-align: center; color: grey;\">03\/04\/2023<\/p>\n<p><img loading=\"lazy\" decoding=\"async\" class=\"wp-image-5778 aligncenter\" style=\"border-radius: 25px;\" src=\"\/wp-content\/uploads\/LogiControl-integration_406x228.png\" alt=\"LC-integraatio\" width=\"780\" height=\"438\" srcset=\"https:\/\/www.nextlog.fi\/wp-content\/uploads\/LogiControl-integration_406x228.png 1024w, https:\/\/www.nextlog.fi\/wp-content\/uploads\/LogiControl-integration_406x228-300x168.png 300w\" sizes=\"auto, (max-width: 780px) 100vw, 780px\" \/>[\/vc_column_text][\/vc_column][vc_column width=&#8221;1\/6&#8243;][\/vc_column][\/vc_row][vc_row][vc_column width=&#8221;1\/6&#8243;][\/vc_column][vc_column width=&#8221;2\/3&#8243;][vc_column_text]Systemintegration mellan logistikkedjans olika parter kan v\u00e4sentligt effektivera informationsfl\u00f6det d\u00e5 bland annat transportbokningar fr\u00e5n kunden, uppdragsinformation till chauff\u00f6ren och statuskvitteringar till kunden f\u00f6rmedlas elektroniskt.<\/p>\n<p>Risken f\u00f6r inmatningsfel minskar ocks\u00e5 tack vare att samma information matas in endast en g\u00e5ng och d\u00e4refter f\u00f6rmedlas elektroniskt mellan alla parter i realtid.<\/p>\n<p>NextLog har i \u00f6ver 15 \u00e5rs tid implementerat integrationer mellan LogiControl och ett stort antal olika aff\u00e4rssystem. Elektronisk f\u00f6rmedling av transportbokningar och statusuppdateringar samt bokning av f\u00e4rjor direkt fr\u00e5n LogiControl \u00e4r i produktion hos m\u00e5nga av v\u00e5ra kunder idag.<\/p>\n<p>Under de senaste \u00e5ren har \u00e4ven integrationer mellan v\u00e5ra kunder tagits i bruk. I dessa integrationer f\u00f6rmedlas data i realtid mellan olika LogiControl milj\u00f6er, vilket ytterligare effektiverar ett redan v\u00e4lfungerande samarbete.[\/vc_column_text][\/vc_column][\/vc_row][vc_row el_class=&#8221;wide-color wide-color-alternative3 ; wrap-reverse&#8221;][vc_column width=&#8221;1\/4&#8243;][vc_column_inner][\/vc_column_inner][\/vc_column][vc_column width=&#8221;1\/2&#8243;][vc_column_text]<\/p>\n<p>&nbsp;<\/p>\n<h4 style=\"color: black; text-align: center;\">Kontakta oss f\u00f6r mer information<\/h4>\n<p style=\"color: grey; text-align: center;\">+358 (0)6 322 6100<br \/>\n<a href=\"&#x6d;a&#x69;&#108;t&#x6f;&#58;&#x63;&#111;n&#x74;&#97;&#x63;&#116;&#64;&#x6e;&#101;&#x78;&#x74;l&#x6f;&#103;&#46;&#x66;&#105;\" data-attribute-index=\"0\">&#99;&#x6f;&#x6e;t&#97;&#x63;t&#64;&#x6e;&#x65;x&#116;&#x6c;o&#103;&#x2e;&#x66;i<\/a><\/p>\n<p>[\/vc_column_text][\/vc_column][vc_column width=&#8221;1\/4&#8243;][\/vc_column][\/vc_row][vc_row el_class=&#8221;wide-color wide-color-alternative3&#8243;][vc_column][vc_column_text]<\/p>\n<p>[\/vc_column_text][\/vc_column][\/vc_row][vc_row el_class=&#8221;wide-color&#8221;][vc_column width=&#8221;1\/4&#8243;][vc_column_text]<\/p>\n<p>&nbsp;<\/p>\n<p>[\/vc_column_text][vc_column_text]<\/p>\n<h4><strong>Bes\u00f6ksadress<br \/>\n<\/strong><\/h4>\n<table class=\"small\">\n<tbody>\n<tr>\n<th style=\"text-align: left;\">F\u00f6retagarv\u00e4gen 7<\/th>\n<th><\/th>\n<\/tr>\n<tr>\n<td>65610 KORSHOLM<br \/>\nFINLAND<br \/>\n<a href=\"tel:+35863226100\">+358 (0)6 322 6100<\/a><\/td>\n<td><\/td>\n<\/tr>\n<\/tbody>\n<\/table>\n<p>&nbsp;<\/p>\n<h4><strong>V\u00e5r kundsupport betj\u00e4nar<\/strong><\/h4>\n<table class=\"small\">\n<tbody>\n<tr>\n<th>Vardagar (kl 8.00 &#8211; 16.00)<\/th>\n<th><\/th>\n<\/tr>\n<tr>\n<td><a href=\"tel:+35863226100\">+358(0)6 322 6100<\/a><br \/>\n<a href=\"&#x6d;a&#x69;&#108;t&#x6f;&#58;&#x73;&#x75;p&#x70;&#111;r&#x74;&#64;&#x6c;&#111;g&#x69;&#99;o&#x6e;&#116;&#x72;&#111;l&#x2e;&#102;&#x69;\">s&#117;&#112;&#x70;&#x6f;&#x72;t&#64;&#108;&#111;&#x67;&#x69;&#x63;o&#110;&#116;&#114;&#x6f;&#x6c;&#x2e;f&#105;<\/a><\/td>\n<td><\/td>\n<\/tr>\n<\/tbody>\n<\/table>\n<div class=\"credits\">Copyright \u00a9 Oy NextLog Ab<\/div>\n<p>[\/vc_column_text][\/vc_column][vc_column width=&#8221;1\/4&#8243;][vc_column_text]<\/p>\n<p>&nbsp;<\/p>\n<p>[\/vc_column_text][vc_column_text]<\/p>\n<h4><strong>LogiControl erbjuder anpassnings\u00adm\u00f6jligheter<\/strong><\/h4>\n<table class=\"small\">\n<tbody>\n<tr>\n<th style=\"text-align: left;\"><\/th>\n<th><\/th>\n<\/tr>\n<tr>\n<td style=\"text-align: left;\"><a class=\"large-icon\" href=\"\/sv\/logicontrol\/\"><img loading=\"lazy\" decoding=\"async\" class=\"animate-link alignleft wp-image-4889\" role=\"img\" src=\"\/wp-content\/uploads\/blue-arrow-forward.svg\" alt=\"Arrow-lue-lis\u00e4\u00e4-basic\" width=\"35\" height=\"35\" \/><\/a><a href=\"\/sv\/logicontrol\/\">V\u00e4lj de egenskaper<br \/>\nsom du beh\u00f6ver<\/a><\/td>\n<td><\/td>\n<\/tr>\n<\/tbody>\n<\/table>\n<p>[\/vc_column_text][\/vc_column][vc_column width=&#8221;1\/4&#8243;][vc_column_text]<\/p>\n<p>&nbsp;<\/p>\n<p>[\/vc_column_text][vc_column_text]<\/p>\n<h4><a href=\"\/sv\/\">Hem<\/a><\/h4>\n<table class=\"small\">\n<tbody>\n<tr>\n<th style=\"text-align: left;\"><\/th>\n<th><\/th>\n<\/tr>\n<tr>\n<td><a href=\"\/sv\/kontakta-oss\">Kontakta oss<\/a><br \/>\n<a href=\"\/sv\/referenser\/\">Referenser<\/a><br \/>\n<a href=\"\/sv\/nextlog\/\">NextLog<\/a><br \/>\n<a href=\"\/sv\/rekry\/\">Rekry<\/a><br \/>\n<a href=\"\/sv\/nyheter\">Nyheter<\/a><br \/>\n<a href=\"\/sv\/kunskapsbank\/\">Kunskapsbank<\/a><\/td>\n<td><\/td>\n<\/tr>\n<\/tbody>\n<\/table>\n<h4><\/h4>\n<p>[\/vc_column_text][\/vc_column][vc_column width=&#8221;1\/4&#8243;][vc_column_text]<\/p>\n<p>&nbsp;<\/p>\n<p>[\/vc_column_text][vc_column_text]<\/p>\n<h4><strong>F\u00f6lj oss<\/strong><\/h4>\n<h4><a href=\"https:\/\/www.linkedin.com\/company\/nextlog\" target=\"_blank\" rel=\"noopener noreferrer\"><img loading=\"lazy\" decoding=\"async\" class=\"alignnone wp-image-4002\" role=\"img\" src=\"https:\/\/www.nextlog.fi\/wp-content\/uploads\/Linkedin-fyrkant.svg\" alt=\"NextLog-LinkedIn-button\" width=\"66\" height=\"65\" \/><\/a> \u00a0<a href=\"https:\/\/www.instagram.com\/nextlog_fi\/\" target=\"_blank\" rel=\"noopener noreferrer\"><img loading=\"lazy\" decoding=\"async\" class=\"alignnone wp-image-3999\" role=\"img\" src=\"https:\/\/www.nextlog.fi\/wp-content\/uploads\/Instagram.svg\" alt=\"NextLog-Instagram-button\" width=\"66\" height=\"65\" \/><\/a><\/h4>\n<h4><a href=\"\/sv\/prenumeration\"><img loading=\"lazy\" decoding=\"async\" class=\"alignnone wp-image-4101\" role=\"img\" src=\"https:\/\/www.nextlog.fi\/wp-content\/uploads\/Prenumerera-pa-vart-nyhetsbrev.svg\" alt=\"Prenumerera-p\u00e5-v\u00e5rt-nyhetsbrev-knapp\" width=\"208\" height=\"65\" \/><\/a><\/h4>\n<h4><a href=\"\/sv\/dataskyddsbeskrivning\">Dataskyddsbeskrivning<\/a><\/h4>\n<p>[\/vc_column_text][vc_column_text]<\/p>\n<p>&nbsp;<\/p>\n<p>[\/vc_column_text][vc_column_text]<img loading=\"lazy\" decoding=\"async\" class=\"wp-image-7475 alignnone\" src=\"\/wp-content\/uploads\/AAA-logo-2024-SE-transparent.png\" alt=\"AAA\" width=\"270\" height=\"170\" srcset=\"https:\/\/www.nextlog.fi\/wp-content\/uploads\/AAA-logo-2024-SE-transparent.png 899w, https:\/\/www.nextlog.fi\/wp-content\/uploads\/AAA-logo-2024-SE-transparent-300x189.png 300w\" sizes=\"auto, (max-width: 270px) 100vw, 270px\" \/>[\/vc_column_text][\/vc_column][\/vc_row]<\/p>\n<\/div>","protected":false},"excerpt":{"rendered":"<p>[vc_row][vc_column width=&#8221;1\/6&#8243;][\/vc_column][vc_column width=&#8221;2\/3&#8243;][vc_column_text] Nyheter [\/vc_column_text][vc_column_text] Nya integrationsm\u00f6jligheter 03\/04\/2023 [\/vc_column_text][\/vc_column][vc_column width=&#8221;1\/6&#8243;][\/vc_column][\/vc_row][vc_row][vc_column width=&#8221;1\/6&#8243;][\/vc_column][vc_column width=&#8221;2\/3&#8243;][vc_column_text]Systemintegration mellan logistikkedjans olika parter kan v\u00e4sentligt effektivera informationsfl\u00f6det d\u00e5 bland annat transportbokningar fr\u00e5n kunden, uppdragsinformation till chauff\u00f6ren och statuskvitteringar till kunden f\u00f6rmedlas elektroniskt. Risken f\u00f6r inmatningsfel minskar ocks\u00e5 tack vare att samma information matas in endast en g\u00e5ng och d\u00e4refter f\u00f6rmedlas elektroniskt mellan [&hellip;]<\/p>\n","protected":false},"author":4,"featured_media":5778,"parent":0,"menu_order":0,"comment_status":"closed","ping_status":"closed","template":"","meta":{"_exactmetrics_skip_tracking":false,"_exactmetrics_sitenote_active":false,"_exactmetrics_sitenote_note":"","_exactmetrics_sitenote_category":0,"footnotes":""},"class_list":["post-5763","page","type-page","status-publish","hentry"],"yoast_head":"<!-- This site is optimized with the Yoast SEO Premium plugin v25.7.1 (Yoast SEO v25.7) - https:\/\/yoast.com\/wordpress\/plugins\/seo\/ -->\n<title>Nyheter - LogiControl Integration -<\/title>\n<meta name=\"description\" content=\"Systemintegration mellan logistikkedjans olika parter kan v\u00e4sentligt effektivera informationsfl\u00f6det d\u00e5 bland annat transportbokningar fr\u00e5n kunden, uppdragsinformation till chauff\u00f6ren och statuskvitteringar till kunden f\u00f6rmedlas elektroniskt.\" \/>\n<meta name=\"robots\" content=\"index, follow, max-snippet:-1, max-image-preview:large, max-video-preview:-1\" \/>\n<link rel=\"canonical\" href=\"https:\/\/www-devel.nextlog.fi\/sv\/nyheter-logicontrol-integration\/\" \/>\n<meta property=\"og:locale\" content=\"sv_SE\" \/>\n<meta property=\"og:type\" content=\"article\" \/>\n<meta property=\"og:title\" content=\"Nyheter - LogiControl Integration\" \/>\n<meta property=\"og:description\" content=\"Systemintegration mellan logistikkedjans olika parter kan v\u00e4sentligt effektivera informationsfl\u00f6det d\u00e5 bland annat transportbokningar fr\u00e5n kunden, uppdragsinformation till chauff\u00f6ren och statuskvitteringar till kunden f\u00f6rmedlas elektroniskt.\" \/>\n<meta property=\"og:url\" content=\"https:\/\/www-devel.nextlog.fi\/sv\/nyheter-logicontrol-integration\/\" \/>\n<meta property=\"og:site_name\" content=\"NextLog\" \/>\n<meta property=\"article:modified_time\" content=\"2025-04-29T10:58:22+00:00\" \/>\n<meta property=\"og:image\" content=\"https:\/\/www-devel.nextlog.fi\/wp-content\/uploads\/LogiControl-integration_406x228.png\" \/>\n\t<meta property=\"og:image:width\" content=\"1024\" \/>\n\t<meta property=\"og:image:height\" content=\"575\" \/>\n\t<meta property=\"og:image:type\" content=\"image\/png\" \/>\n<meta name=\"twitter:card\" content=\"summary_large_image\" \/>\n<meta name=\"twitter:label1\" content=\"Ber\u00e4knad l\u00e4stid\" \/>\n\t<meta name=\"twitter:data1\" content=\"3 minuter\" \/>\n<script type=\"application\/ld+json\" class=\"yoast-schema-graph\">{\"@context\":\"https:\/\/schema.org\",\"@graph\":[{\"@type\":\"WebPage\",\"@id\":\"https:\/\/www-devel.nextlog.fi\/sv\/nyheter-logicontrol-integration\/\",\"url\":\"https:\/\/www-devel.nextlog.fi\/sv\/nyheter-logicontrol-integration\/\",\"name\":\"Nyheter - LogiControl Integration -\",\"isPartOf\":{\"@id\":\"https:\/\/www.nextlog.fi\/#website\"},\"primaryImageOfPage\":{\"@id\":\"https:\/\/www-devel.nextlog.fi\/sv\/nyheter-logicontrol-integration\/#primaryimage\"},\"image\":{\"@id\":\"https:\/\/www-devel.nextlog.fi\/sv\/nyheter-logicontrol-integration\/#primaryimage\"},\"thumbnailUrl\":\"https:\/\/www.nextlog.fi\/wp-content\/uploads\/LogiControl-integration_406x228.png\",\"datePublished\":\"2023-03-23T19:22:12+00:00\",\"dateModified\":\"2025-04-29T10:58:22+00:00\",\"description\":\"Systemintegration mellan logistikkedjans olika parter kan v\u00e4sentligt effektivera informationsfl\u00f6det d\u00e5 bland annat transportbokningar fr\u00e5n kunden, uppdragsinformation till chauff\u00f6ren och statuskvitteringar till kunden f\u00f6rmedlas elektroniskt.\",\"breadcrumb\":{\"@id\":\"https:\/\/www-devel.nextlog.fi\/sv\/nyheter-logicontrol-integration\/#breadcrumb\"},\"inLanguage\":\"sv-SE\",\"potentialAction\":[{\"@type\":\"ReadAction\",\"target\":[\"https:\/\/www-devel.nextlog.fi\/sv\/nyheter-logicontrol-integration\/\"]}]},{\"@type\":\"ImageObject\",\"inLanguage\":\"sv-SE\",\"@id\":\"https:\/\/www-devel.nextlog.fi\/sv\/nyheter-logicontrol-integration\/#primaryimage\",\"url\":\"https:\/\/www.nextlog.fi\/wp-content\/uploads\/LogiControl-integration_406x228.png\",\"contentUrl\":\"https:\/\/www.nextlog.fi\/wp-content\/uploads\/LogiControl-integration_406x228.png\",\"width\":1024,\"height\":575,\"caption\":\"LC-integraatio\"},{\"@type\":\"BreadcrumbList\",\"@id\":\"https:\/\/www-devel.nextlog.fi\/sv\/nyheter-logicontrol-integration\/#breadcrumb\",\"itemListElement\":[{\"@type\":\"ListItem\",\"position\":1,\"name\":\"Etusivu\",\"item\":\"https:\/\/www.nextlog.fi\/sv\/\"},{\"@type\":\"ListItem\",\"position\":2,\"name\":\"Nyheter &#8211; LogiControl Integration\"}]},{\"@type\":\"WebSite\",\"@id\":\"https:\/\/www.nextlog.fi\/#website\",\"url\":\"https:\/\/www.nextlog.fi\/\",\"name\":\"NextLog\",\"description\":\"Transport Management System (TMS) for Efficient Logistics\",\"potentialAction\":[{\"@type\":\"SearchAction\",\"target\":{\"@type\":\"EntryPoint\",\"urlTemplate\":\"https:\/\/www.nextlog.fi\/?s={search_term_string}\"},\"query-input\":{\"@type\":\"PropertyValueSpecification\",\"valueRequired\":true,\"valueName\":\"search_term_string\"}}],\"inLanguage\":\"sv-SE\"}]}<\/script>\n<!-- \/ Yoast SEO Premium plugin. -->","yoast_head_json":{"title":"Nyheter - LogiControl Integration -","description":"Systemintegration mellan logistikkedjans olika parter kan v\u00e4sentligt effektivera informationsfl\u00f6det d\u00e5 bland annat transportbokningar fr\u00e5n kunden, uppdragsinformation till chauff\u00f6ren och statuskvitteringar till kunden f\u00f6rmedlas elektroniskt.","robots":{"index":"index","follow":"follow","max-snippet":"max-snippet:-1","max-image-preview":"max-image-preview:large","max-video-preview":"max-video-preview:-1"},"canonical":"https:\/\/www-devel.nextlog.fi\/sv\/nyheter-logicontrol-integration\/","og_locale":"sv_SE","og_type":"article","og_title":"Nyheter - LogiControl Integration","og_description":"Systemintegration mellan logistikkedjans olika parter kan v\u00e4sentligt effektivera informationsfl\u00f6det d\u00e5 bland annat transportbokningar fr\u00e5n kunden, uppdragsinformation till chauff\u00f6ren och statuskvitteringar till kunden f\u00f6rmedlas elektroniskt.","og_url":"https:\/\/www-devel.nextlog.fi\/sv\/nyheter-logicontrol-integration\/","og_site_name":"NextLog","article_modified_time":"2025-04-29T10:58:22+00:00","og_image":[{"width":1024,"height":575,"url":"https:\/\/www-devel.nextlog.fi\/wp-content\/uploads\/LogiControl-integration_406x228.png","type":"image\/png"}],"twitter_card":"summary_large_image","twitter_misc":{"Ber\u00e4knad l\u00e4stid":"3 minuter"},"schema":{"@context":"https:\/\/schema.org","@graph":[{"@type":"WebPage","@id":"https:\/\/www-devel.nextlog.fi\/sv\/nyheter-logicontrol-integration\/","url":"https:\/\/www-devel.nextlog.fi\/sv\/nyheter-logicontrol-integration\/","name":"Nyheter - LogiControl Integration -","isPartOf":{"@id":"https:\/\/www.nextlog.fi\/#website"},"primaryImageOfPage":{"@id":"https:\/\/www-devel.nextlog.fi\/sv\/nyheter-logicontrol-integration\/#primaryimage"},"image":{"@id":"https:\/\/www-devel.nextlog.fi\/sv\/nyheter-logicontrol-integration\/#primaryimage"},"thumbnailUrl":"https:\/\/www.nextlog.fi\/wp-content\/uploads\/LogiControl-integration_406x228.png","datePublished":"2023-03-23T19:22:12+00:00","dateModified":"2025-04-29T10:58:22+00:00","description":"Systemintegration mellan logistikkedjans olika parter kan v\u00e4sentligt effektivera informationsfl\u00f6det d\u00e5 bland annat transportbokningar fr\u00e5n kunden, uppdragsinformation till chauff\u00f6ren och statuskvitteringar till kunden f\u00f6rmedlas elektroniskt.","breadcrumb":{"@id":"https:\/\/www-devel.nextlog.fi\/sv\/nyheter-logicontrol-integration\/#breadcrumb"},"inLanguage":"sv-SE","potentialAction":[{"@type":"ReadAction","target":["https:\/\/www-devel.nextlog.fi\/sv\/nyheter-logicontrol-integration\/"]}]},{"@type":"ImageObject","inLanguage":"sv-SE","@id":"https:\/\/www-devel.nextlog.fi\/sv\/nyheter-logicontrol-integration\/#primaryimage","url":"https:\/\/www.nextlog.fi\/wp-content\/uploads\/LogiControl-integration_406x228.png","contentUrl":"https:\/\/www.nextlog.fi\/wp-content\/uploads\/LogiControl-integration_406x228.png","width":1024,"height":575,"caption":"LC-integraatio"},{"@type":"BreadcrumbList","@id":"https:\/\/www-devel.nextlog.fi\/sv\/nyheter-logicontrol-integration\/#breadcrumb","itemListElement":[{"@type":"ListItem","position":1,"name":"Etusivu","item":"https:\/\/www.nextlog.fi\/sv\/"},{"@type":"ListItem","position":2,"name":"Nyheter &#8211; LogiControl Integration"}]},{"@type":"WebSite","@id":"https:\/\/www.nextlog.fi\/#website","url":"https:\/\/www.nextlog.fi\/","name":"NextLog","description":"Transport Management System (TMS) for Efficient Logistics","potentialAction":[{"@type":"SearchAction","target":{"@type":"EntryPoint","urlTemplate":"https:\/\/www.nextlog.fi\/?s={search_term_string}"},"query-input":{"@type":"PropertyValueSpecification","valueRequired":true,"valueName":"search_term_string"}}],"inLanguage":"sv-SE"}]}},"_links":{"self":[{"href":"https:\/\/www.nextlog.fi\/sv\/wp-json\/wp\/v2\/pages\/5763","targetHints":{"allow":["GET"]}}],"collection":[{"href":"https:\/\/www.nextlog.fi\/sv\/wp-json\/wp\/v2\/pages"}],"about":[{"href":"https:\/\/www.nextlog.fi\/sv\/wp-json\/wp\/v2\/types\/page"}],"author":[{"embeddable":true,"href":"https:\/\/www.nextlog.fi\/sv\/wp-json\/wp\/v2\/users\/4"}],"replies":[{"embeddable":true,"href":"https:\/\/www.nextlog.fi\/sv\/wp-json\/wp\/v2\/comments?post=5763"}],"version-history":[{"count":0,"href":"https:\/\/www.nextlog.fi\/sv\/wp-json\/wp\/v2\/pages\/5763\/revisions"}],"wp:featuredmedia":[{"embeddable":true,"href":"https:\/\/www.nextlog.fi\/sv\/wp-json\/wp\/v2\/media\/5778"}],"wp:attachment":[{"href":"https:\/\/www.nextlog.fi\/sv\/wp-json\/wp\/v2\/media?parent=5763"}],"curies":[{"name":"wp","href":"https:\/\/api.w.org\/{rel}","templated":true}]}}