{"id":6198,"date":"2023-10-10T13:41:59","date_gmt":"2023-10-10T10:41:59","guid":{"rendered":"https:\/\/www-devel.nextlog.fi\/?page_id=6198"},"modified":"2025-04-29T12:52:45","modified_gmt":"2025-04-29T09:52:45","slug":"kunskapsbank-molnbaserat-system","status":"publish","type":"page","link":"https:\/\/www.nextlog.fi\/sv\/kunskapsbank-molnbaserat-system\/","title":{"rendered":"Kunskapsbank &#8211; Molnbaserat system \u2013 vad \u00e4r det och vilka \u00e4r f\u00f6rdelarna?"},"content":{"rendered":"<div class=\"wpb-content-wrapper\"><p>[vc_row][vc_column width=&#8221;1\/6&#8243;][\/vc_column][vc_column width=&#8221;2\/3&#8243;][vc_column_text]<\/p>\n<p style=\"color: black; text-align: center;\"><a class=\"special-link-large-icon\" href=\"\/sv\/kunskapsbank\/\"><img loading=\"lazy\" decoding=\"async\" class=\"animate-link alignnone wp-image-4990\" role=\"img\" src=\"\/wp-content\/uploads\/blue-arrow-backward.svg\" alt=\"Back-knowledge\" width=\"60\" height=\"60\" \/><\/a><a href=\"\/sv\/kunskapsbank\/\"> Kunskapsbank<\/a><\/p>\n<p>[\/vc_column_text][vc_column_text]<\/p>\n<h1 style=\"color: black; text-align: center;\"><strong>Molnbaserat system \u2013 Vad \u00e4r det och vilka \u00e4r f\u00f6rdelarna?<\/strong><\/h1>\n<p style=\"text-align: center; color: grey;\">Publicerad 16\/10\/2023<\/p>\n<p><img loading=\"lazy\" decoding=\"async\" class=\"alignnone wp-image-6170 size-full\" style=\"border-radius: 25px;\" src=\"https:\/\/www.nextlog.fi\/wp-content\/uploads\/cloud.jpg\" alt=\"Molnbaserat-system-molnet-molntj\u00e4nster-transportbranschen-Vilka-\u00e4r-f\u00f6rdelarna\" width=\"2560\" height=\"1438\" \/>[\/vc_column_text][\/vc_column][vc_column width=&#8221;1\/6&#8243;][\/vc_column][\/vc_row][vc_row][vc_column width=&#8221;1\/6&#8243;][\/vc_column][vc_column width=&#8221;2\/3&#8243;][vc_column_text]<strong>Molnbaserade system forts\u00e4tter att \u00f6ka i popularitet och allt fler f\u00f6retag anv\u00e4nder molntj\u00e4nster. F\u00f6r m\u00e5nga \u00e4r \u201dmolnet\u201d dock fortfarande ett v\u00e4ldigt diffust begrepp. D\u00e4rf\u00f6r ska vi h\u00e4r reda ut vad molntj\u00e4nster \u00e4r.<\/strong><\/p>\n<p>&nbsp;<\/p>\n<h2 style=\"color: #82d2edff;\"><strong>Vad \u00e4r ett molnbaserat system?<\/strong><\/h2>\n<p>Kort f\u00f6rklarat omfattar termen molnbaserade system tj\u00e4nster som levereras \u00f6ver internet. Med andra ord f\u00f6rvaltas inte systemet p\u00e5 f\u00f6retagets egna servrar eller datorer, utan anv\u00e4ndaren arbetar mot externa servrar \u00f6ver internet d\u00e4r allt lagras. Systemleverant\u00f6ren sk\u00f6ter oftast driften av systemet och utf\u00f6r uppdateringar som sker s\u00f6ml\u00f6st, det vill s\u00e4ga att de inte orsakar n\u00e5gra st\u00f6rningar i systemet. Med en molntj\u00e4nst kan anv\u00e4ndarna logga in i systemet \u00f6ver internet oavsett var de befinner sig.<\/p>\n<p>&nbsp;<\/p>\n<h2 style=\"color: #82d2edff;\"><strong>SaaS<\/strong><\/h2>\n<p>SaaS st\u00e5r f\u00f6r Software as a Service och \u00e4r en typ av distributionsmodell f\u00f6r molnbaserade system som tillhandah\u00e5lls centralt \u00f6ver internet. Anv\u00e4ndaren f\u00e5r tillg\u00e5ng till systemet genom en webbsida eller en applikation som installeras p\u00e5 den egna datorn och programvaran \u00e4r normalt baserad p\u00e5 en prenumeration, f\u00f6r det mesta prissatt med en m\u00e5natlig avgift.<\/p>\n<p>&nbsp;<\/p>\n<h2 style=\"color: #82d2edff;\"><strong>F\u00f6rdelar med molntj\u00e4nster<\/strong><\/h2>\n<p><strong>Problemfri installation<\/strong>: Molnbaserade system kr\u00e4ver ingen egen server hos f\u00f6retaget, utan allt sparas p\u00e5 externa servrar \u00f6ver internet. I systemet finns oftast f\u00e4rdiga funktioner, men vid behov kan till\u00e4gg eller funktioner konfigureras. Om systemets inbyggda funktioner passar f\u00f6retagets behov kan ibruktagningen utf\u00f6ras snabbt.<\/p>\n<p><strong>\u00a0<\/strong><\/p>\n<p><strong>Geografisk frihet<\/strong>: En molnbaserad l\u00f6sning ger dig tillg\u00e5ng till systemet oavsett var du befinner dig i v\u00e4rlden, s\u00e5 l\u00e4nge din enhet har tillg\u00e5ng till internet. Detta inneb\u00e4r att arbete p\u00e5 distans, vid resor, kundbes\u00f6k och dylikt m\u00f6jligg\u00f6rs p\u00e5 ett helt annat s\u00e4tt \u00e4n med system som inte \u00e4r molnbaserade.<\/p>\n<p>&nbsp;<\/p>\n<p><strong>Automatiska uppdateringar<\/strong>: Leverant\u00f6ren av en SaaS-l\u00f6sning sk\u00f6ter i regel om alla systemuppdateringar. Detta inneb\u00e4r att anv\u00e4ndaren alltid arbetar i den senaste versionen av systemet utan att beh\u00f6va komma ih\u00e5g att uppdatera systemet sj\u00e4lv.<\/p>\n<p>&nbsp;<\/p>\n<p><strong>Skalbart<\/strong>: Med en molntj\u00e4nst k\u00f6per f\u00f6retaget enbart den kapacitet som beh\u00f6vs f\u00f6r tillf\u00e4llet. Det \u00e4r m\u00f6jligt att skala b\u00e5de upp- och ner moduler och anv\u00e4ndarlicenser i takt med att f\u00f6retagets behov \u00e4ndras.<\/p>\n<p>&nbsp;<\/p>\n<p><strong>Kostnadsbesparingar<\/strong>: Med en SaaS-l\u00f6sning betalar man inte f\u00f6r dyr h\u00e5rdvara eller installationer. I st\u00e4llet betalar man enbart f\u00f6r anv\u00e4nda funktioner genom en m\u00e5natlig avgift.<\/p>\n<p>&nbsp;<\/p>\n<p><strong>S\u00e4kert<\/strong>: F\u00f6retag som erbjuder molnbaserade system tar i regel s\u00e4kerhetsfr\u00e5gor p\u00e5 mycket stort allvar och ser till s\u00e5 att kundernas data \u00e4r v\u00e4l skyddat fr\u00e5n utomst\u00e5ende parter.<\/p>\n<p>&nbsp;<\/p>\n<h2 style=\"color: #82d2edff;\"><strong>LogiControl \u2013 ett helt\u00e4ckande molnbaserat aff\u00e4rssystem f\u00f6r transport och logistik<\/strong><\/h2>\n<p>LogiControl \u00e4r ett molnbaserat aff\u00e4rssystem utvecklat och anpassat specifikt f\u00f6r transportbranschen. Systemet t\u00e4cker m\u00e5nga olika delmoment i logistikkedjan, d\u00e4rmed har m\u00e5nga olika f\u00f6retag nytta av systemet och dess angr\u00e4nsande l\u00f6sningar. Vidare erbjuder systemet anv\u00e4ndarna flera olika anpassningsm\u00f6jligheter, vilket inneb\u00e4r att man kan v\u00e4lja de egenskaper som beh\u00f6vs f\u00f6r den egna verksamheten. <strong><a style=\"color: dodgerblue;\" href=\"\/sv\/kunskapsbank-fordelarna-med-logicontrol-ett-molnbaserat-erp-system-for-transport-och-logistik\/\">L\u00e4s mer om f\u00f6rdelarna med LogiControl h\u00e4r.<\/a><\/strong>[\/vc_column_text][\/vc_column][\/vc_row][vc_row][vc_column][vc_column_text]<\/p>\n<p>[\/vc_column_text][\/vc_column][\/vc_row][vc_row el_class=&#8221;wide-color wide-color-alternative3&#8243;][vc_column width=&#8221;1\/6&#8243;][\/vc_column][vc_column width=&#8221;2\/3&#8243;][vc_column_text]<\/p>\n<p>&nbsp;<\/p>\n<h2 style=\"color: black; text-align: left;\"><strong>Intresserad?<\/strong><\/h2>\n<p style=\"color: black; text-align: left;\">Kontakta oss f\u00f6r mer information om LogiControl.<\/p>\n<p style=\"text-align: left;\"><a class=\"special-link-large-icon\" href=\"\/sv\/kontakta-oss\/\"><img loading=\"lazy\" decoding=\"async\" class=\"animate-link alignnone wp-image-4889\" role=\"img\" src=\"\/wp-content\/uploads\/blue-arrow-forward.svg\" alt=\"Arrow-lue-lis\u00e4\u00e4-basic-artikkeli\" width=\"60\" height=\"60\" \/><\/a><a style=\"color: black;\" href=\"\/sv\/kontakta-oss\/\"> Kontakt<\/a><\/p>\n<p>&nbsp;<\/p>\n<p>[\/vc_column_text][\/vc_column][vc_column width=&#8221;1\/6&#8243;][\/vc_column][\/vc_row][vc_row][vc_column][vc_column_inner][vc_column_text]<\/p>\n<h3 style=\"color: black;\"><strong>Andra artiklar<\/strong><\/h3>\n<p>[\/vc_column_text][\/vc_column_inner][\/vc_column][\/vc_row][vc_row][vc_column width=&#8221;1\/3&#8243;][vc_column_text]<\/p>\n<h4 style=\"color: black;\"><a href=\"\/sv\/kunskapsbank-fordelarna-med-logicontrol-ett-molnbaserat-erp-system-for-transport-och-logistik\/\"><img loading=\"lazy\" decoding=\"async\" class=\"animate-link alignnone wp-image-5854 size-full\" style=\"border-radius: 25px;\" src=\"https:\/\/www.nextlog.fi\/wp-content\/uploads\/shutterstock_23125102-lastning-lossning-bw.jpg\" alt=\"F\u00f6rdelarna med LogiControl - Ett molnbaserat ERP-system f\u00f6r transport och logistik\" width=\"2560\" height=\"1438\" \/><\/a><\/h4>\n<h4 style=\"text-align: left;\"><a href=\"\/sv\/kunskapsbank-fordelarna-med-logicontrol-ett-molnbaserat-erp-system-for-transport-och-logistik\/\"><strong>F\u00f6rdelarna med LogiControl \u2013 Ett molnbaserat ERP-system f\u00f6r transport och logistik<\/strong><\/a><\/h4>\n<h4><\/h4>\n<p>[\/vc_column_text][\/vc_column][vc_column width=&#8221;1\/3&#8243;][vc_column_text]<\/p>\n<h4><a href=\"\/sv\/kunskapsbank-vad-ar-ett-erp-system-och-vilken-nytta-kan-jag-ha-av-det\/\"><img loading=\"lazy\" decoding=\"async\" class=\"animate-link alignnone wp-image-5305 size-full\" style=\"border-radius: 25px;\" src=\"https:\/\/www.nextlog.fi\/wp-content\/uploads\/Article-1-1-scaled.jpg\" alt=\"Vad \u00e4r ett ERP-system och vilken nytta kan jag ha av det?\" width=\"2560\" height=\"1438\" srcset=\"https:\/\/www.nextlog.fi\/wp-content\/uploads\/Article-1-1-scaled.jpg 2560w, https:\/\/www.nextlog.fi\/wp-content\/uploads\/Article-1-1-300x168.jpg 300w, https:\/\/www.nextlog.fi\/wp-content\/uploads\/Article-1-1-1024x575.jpg 1024w, https:\/\/www.nextlog.fi\/wp-content\/uploads\/Article-1-1-1536x863.jpg 1536w, https:\/\/www.nextlog.fi\/wp-content\/uploads\/Article-1-1-2048x1150.jpg 2048w\" sizes=\"auto, (max-width: 2560px) 100vw, 2560px\" \/><\/a><\/h4>\n<h4 style=\"color: black;\"><a href=\"\/sv\/kunskapsbank-vad-ar-ett-erp-system-och-vilken-nytta-kan-jag-ha-av-det\/\"><strong>Vad \u00e4r ett ERP-system och vilken nytta kan jag ha av det?<\/strong><\/a><\/h4>\n<p>[\/vc_column_text][\/vc_column][vc_column width=&#8221;1\/3&#8243;][vc_column_text]<\/p>\n<h4 style=\"color: black;\"><a href=\"\/sv\/kunskapsbank-sakerhet-on-the-move\/\"><img loading=\"lazy\" decoding=\"async\" class=\"animate-link alignnone wp-image-6739 size-full\" style=\"border-radius: 25px;\" src=\"https:\/\/www.nextlog.fi\/wp-content\/uploads\/IT.jpg\" alt=\"S\u00e4kerhet on the move - Enkla tips f\u00f6r att \u00f6ka IT-s\u00e4kerheten i transportf\u00f6retag\" width=\"2560\" height=\"1438\" \/><\/a><\/h4>\n<h4 style=\"color: black;\"><a href=\"\/sv\/kunskapsbank-sakerhet-on-the-move\/\"><strong>S\u00e4kerhet On the Move: Enkla tips f\u00f6r att \u00f6ka IT-s\u00e4kerheten i transportf\u00f6retag<\/strong><\/a><\/h4>\n<p>[\/vc_column_text][\/vc_column][\/vc_row][vc_row][vc_column][vc_column_text]<\/p>\n<p>[\/vc_column_text][\/vc_column][\/vc_row][vc_row][vc_column][vc_column_text]<\/p>\n<p>[\/vc_column_text][\/vc_column][\/vc_row][vc_row el_class=&#8221;wide-color&#8221;][vc_column width=&#8221;1\/4&#8243;][vc_column_text]<\/p>\n<p>&nbsp;<\/p>\n<p>[\/vc_column_text][vc_column_text]<\/p>\n<h4><strong>Bes\u00f6ksadress<br \/>\n<\/strong><\/h4>\n<table class=\"small\">\n<tbody>\n<tr>\n<th style=\"text-align: left;\">F\u00f6retagarv\u00e4gen 7<\/th>\n<th><\/th>\n<\/tr>\n<tr>\n<td>65610 KORSHOLM<br \/>\nFINLAND<br \/>\n<a href=\"tel:+35863226100\">+358 (0)6 322 6100<\/a><\/td>\n<td><\/td>\n<\/tr>\n<\/tbody>\n<\/table>\n<p>&nbsp;<\/p>\n<h4><strong>V\u00e5r kundsupport betj\u00e4nar<\/strong><\/h4>\n<table class=\"small\">\n<tbody>\n<tr>\n<th>Vardagar (kl 8.00 &#8211; 16.00)<\/th>\n<th><\/th>\n<\/tr>\n<tr>\n<td><a href=\"tel:+35863226100\">+358(0)6 322 6100<\/a><br \/>\n<a href=\"&#x6d;a&#x69;&#108;&#x74;&#111;:&#x73;&#117;&#x70;&#112;o&#x72;&#116;&#x40;&#108;o&#x67;i&#x63;&#111;&#x6e;&#x74;r&#x6f;&#108;&#x2e;&#102;i\">&#115;&#x75;p&#x70;&#x6f;&#114;&#x74;&#64;&#108;&#x6f;&#103;&#x69;c&#111;&#x6e;t&#x72;o&#108;&#x2e;f&#x69;<\/a><\/td>\n<td><\/td>\n<\/tr>\n<\/tbody>\n<\/table>\n<div class=\"credits\">Copyright \u00a9 Oy NextLog Ab<\/div>\n<p>[\/vc_column_text][\/vc_column][vc_column width=&#8221;1\/4&#8243;][vc_column_text]<\/p>\n<p>&nbsp;<\/p>\n<p>[\/vc_column_text][vc_column_text]<\/p>\n<h4><strong>LogiControl erbjuder anpassnings\u00adm\u00f6jligheter<\/strong><\/h4>\n<table class=\"small\">\n<tbody>\n<tr>\n<th style=\"text-align: left;\"><\/th>\n<th><\/th>\n<\/tr>\n<tr>\n<td style=\"text-align: left;\"><a class=\"large-icon\" href=\"\/sv\/logicontrol\/\"><img loading=\"lazy\" decoding=\"async\" class=\"animate-link alignleft wp-image-4889\" role=\"img\" src=\"\/wp-content\/uploads\/blue-arrow-forward.svg\" alt=\"Arrow-lue-lis\u00e4\u00e4-basic\" width=\"35\" height=\"35\" \/><\/a><a href=\"\/sv\/logicontrol\/\">V\u00e4lj de egenskaper<br \/>\nsom du beh\u00f6ver<\/a><\/td>\n<td><\/td>\n<\/tr>\n<\/tbody>\n<\/table>\n<p>[\/vc_column_text][\/vc_column][vc_column width=&#8221;1\/4&#8243;][vc_column_text]<\/p>\n<p>&nbsp;<\/p>\n<p>[\/vc_column_text][vc_column_text]<\/p>\n<h4><a href=\"\/sv\/\">Hem<\/a><\/h4>\n<table class=\"small\">\n<tbody>\n<tr>\n<th style=\"text-align: left;\"><\/th>\n<th><\/th>\n<\/tr>\n<tr>\n<td><a href=\"\/sv\/kontakta-oss\">Kontakta oss<\/a><br \/>\n<a href=\"\/sv\/referenser\/\">Referenser<\/a><br \/>\n<a href=\"\/sv\/nextlog\/\">NextLog<\/a><br \/>\n<a href=\"\/sv\/rekry\/\">Rekry<\/a><br \/>\n<a href=\"\/sv\/nyheter\">Nyheter<\/a><br \/>\n<a href=\"\/sv\/kunskapsbank\/\">Kunskapsbank<\/a><\/td>\n<td><\/td>\n<\/tr>\n<\/tbody>\n<\/table>\n<h4><\/h4>\n<p>[\/vc_column_text][\/vc_column][vc_column width=&#8221;1\/4&#8243;][vc_column_text]<\/p>\n<p>&nbsp;<\/p>\n<p>[\/vc_column_text][vc_column_text]<\/p>\n<h4><strong>F\u00f6lj oss<\/strong><\/h4>\n<h4><a href=\"https:\/\/www.linkedin.com\/company\/nextlog\" target=\"_blank\" rel=\"noopener noreferrer\"><img loading=\"lazy\" decoding=\"async\" class=\"alignnone wp-image-4002\" role=\"img\" src=\"https:\/\/www.nextlog.fi\/wp-content\/uploads\/Linkedin-fyrkant.svg\" alt=\"NextLog-LinkedIn-button\" width=\"66\" height=\"65\" \/><\/a> \u00a0<a href=\"https:\/\/www.instagram.com\/nextlog_fi\/\" target=\"_blank\" rel=\"noopener noreferrer\"><img loading=\"lazy\" decoding=\"async\" class=\"alignnone wp-image-3999\" role=\"img\" src=\"https:\/\/www.nextlog.fi\/wp-content\/uploads\/Instagram.svg\" alt=\"NextLog-Instagram-button\" width=\"66\" height=\"65\" \/><\/a><\/h4>\n<h4><a href=\"\/sv\/prenumeration\"><img loading=\"lazy\" decoding=\"async\" class=\"alignnone wp-image-4101\" role=\"img\" src=\"https:\/\/www.nextlog.fi\/wp-content\/uploads\/Prenumerera-pa-vart-nyhetsbrev.svg\" alt=\"Prenumerera-p\u00e5-v\u00e5rt-nyhetsbrev-knapp\" width=\"208\" height=\"65\" \/><\/a><\/h4>\n<h4><a href=\"\/sv\/dataskyddsbeskrivning\">Dataskyddsbeskrivning<\/a><\/h4>\n<p>[\/vc_column_text][vc_column_text]<\/p>\n<p>&nbsp;<\/p>\n<p>[\/vc_column_text][vc_column_text]<img loading=\"lazy\" decoding=\"async\" class=\"wp-image-7475 alignnone\" src=\"\/wp-content\/uploads\/AAA-logo-2024-SE-transparent.png\" alt=\"AAA\" width=\"270\" height=\"170\" srcset=\"https:\/\/www.nextlog.fi\/wp-content\/uploads\/AAA-logo-2024-SE-transparent.png 899w, https:\/\/www.nextlog.fi\/wp-content\/uploads\/AAA-logo-2024-SE-transparent-300x189.png 300w\" sizes=\"auto, (max-width: 270px) 100vw, 270px\" \/>[\/vc_column_text][\/vc_column][\/vc_row]<\/p>\n<\/div>","protected":false},"excerpt":{"rendered":"<p>[vc_row][vc_column width=&#8221;1\/6&#8243;][\/vc_column][vc_column width=&#8221;2\/3&#8243;][vc_column_text] Kunskapsbank [\/vc_column_text][vc_column_text] Molnbaserat system \u2013 Vad \u00e4r det och vilka \u00e4r f\u00f6rdelarna? Publicerad 16\/10\/2023 [\/vc_column_text][\/vc_column][vc_column width=&#8221;1\/6&#8243;][\/vc_column][\/vc_row][vc_row][vc_column width=&#8221;1\/6&#8243;][\/vc_column][vc_column width=&#8221;2\/3&#8243;][vc_column_text]Molnbaserade system forts\u00e4tter att \u00f6ka i popularitet och allt fler f\u00f6retag anv\u00e4nder molntj\u00e4nster. F\u00f6r m\u00e5nga \u00e4r \u201dmolnet\u201d dock fortfarande ett v\u00e4ldigt diffust begrepp. D\u00e4rf\u00f6r ska vi h\u00e4r reda ut vad molntj\u00e4nster \u00e4r. &nbsp; Vad \u00e4r [&hellip;]<\/p>\n","protected":false},"author":4,"featured_media":6168,"parent":0,"menu_order":0,"comment_status":"closed","ping_status":"closed","template":"","meta":{"_exactmetrics_skip_tracking":false,"_exactmetrics_sitenote_active":false,"_exactmetrics_sitenote_note":"","_exactmetrics_sitenote_category":0,"footnotes":""},"class_list":["post-6198","page","type-page","status-publish","hentry"],"yoast_head":"<!-- This site is optimized with the Yoast SEO Premium plugin v25.7.1 (Yoast SEO v25.7) - https:\/\/yoast.com\/wordpress\/plugins\/seo\/ -->\n<title>Molnbaserat system - Vad \u00e4r det och vilka \u00e4r f\u00f6rdelarna? -<\/title>\n<meta name=\"description\" content=\"Termerna molnbaserat system, molntj\u00e4nster och &quot;molnet&quot;, omfattar tj\u00e4nster som levereras \u00f6ver internet. Med andra ord f\u00f6rvaltas inte systemet p\u00e5 f\u00f6retagets egna servrar eller datorer, utan anv\u00e4ndaren arbetar mot externa servrar \u00f6ver internet d\u00e4r allt lagras. I transportbranschen...\" \/>\n<meta name=\"robots\" content=\"index, follow, max-snippet:-1, max-image-preview:large, max-video-preview:-1\" \/>\n<link rel=\"canonical\" href=\"https:\/\/www-devel.nextlog.fi\/sv\/kunskapsbank-molnbaserat-system\/\" \/>\n<meta property=\"og:locale\" content=\"sv_SE\" \/>\n<meta property=\"og:type\" content=\"article\" \/>\n<meta property=\"og:title\" content=\"Kunskapsbank - Molnbaserat system \u2013 vad \u00e4r det och vilka \u00e4r f\u00f6rdelarna?\" \/>\n<meta property=\"og:description\" content=\"Termerna molnbaserat system, molntj\u00e4nster och &quot;molnet&quot;, omfattar tj\u00e4nster som levereras \u00f6ver internet. Med andra ord f\u00f6rvaltas inte systemet p\u00e5 f\u00f6retagets egna servrar eller datorer, utan anv\u00e4ndaren arbetar mot externa servrar \u00f6ver internet d\u00e4r allt lagras. I transportbranschen...\" \/>\n<meta property=\"og:url\" content=\"https:\/\/www-devel.nextlog.fi\/sv\/kunskapsbank-molnbaserat-system\/\" \/>\n<meta property=\"og:site_name\" content=\"NextLog\" \/>\n<meta property=\"article:modified_time\" content=\"2025-04-29T09:52:45+00:00\" \/>\n<meta property=\"og:image\" content=\"https:\/\/www-devel.nextlog.fi\/wp-content\/uploads\/cloud-scaled.jpg\" \/>\n\t<meta property=\"og:image:width\" content=\"2560\" \/>\n\t<meta property=\"og:image:height\" content=\"1438\" \/>\n\t<meta property=\"og:image:type\" content=\"image\/jpeg\" \/>\n<meta name=\"twitter:card\" content=\"summary_large_image\" \/>\n<meta name=\"twitter:label1\" content=\"Ber\u00e4knad l\u00e4stid\" \/>\n\t<meta name=\"twitter:data1\" content=\"5 minuter\" \/>\n<script type=\"application\/ld+json\" class=\"yoast-schema-graph\">{\"@context\":\"https:\/\/schema.org\",\"@graph\":[{\"@type\":\"WebPage\",\"@id\":\"https:\/\/www-devel.nextlog.fi\/sv\/kunskapsbank-molnbaserat-system\/\",\"url\":\"https:\/\/www-devel.nextlog.fi\/sv\/kunskapsbank-molnbaserat-system\/\",\"name\":\"Molnbaserat system - Vad \u00e4r det och vilka \u00e4r f\u00f6rdelarna? -\",\"isPartOf\":{\"@id\":\"https:\/\/www.nextlog.fi\/#website\"},\"primaryImageOfPage\":{\"@id\":\"https:\/\/www-devel.nextlog.fi\/sv\/kunskapsbank-molnbaserat-system\/#primaryimage\"},\"image\":{\"@id\":\"https:\/\/www-devel.nextlog.fi\/sv\/kunskapsbank-molnbaserat-system\/#primaryimage\"},\"thumbnailUrl\":\"https:\/\/www.nextlog.fi\/wp-content\/uploads\/cloud-scaled.jpg\",\"datePublished\":\"2023-10-10T10:41:59+00:00\",\"dateModified\":\"2025-04-29T09:52:45+00:00\",\"description\":\"Termerna molnbaserat system, molntj\u00e4nster och \\\"molnet\\\", omfattar tj\u00e4nster som levereras \u00f6ver internet. Med andra ord f\u00f6rvaltas inte systemet p\u00e5 f\u00f6retagets egna servrar eller datorer, utan anv\u00e4ndaren arbetar mot externa servrar \u00f6ver internet d\u00e4r allt lagras. I transportbranschen...\",\"breadcrumb\":{\"@id\":\"https:\/\/www-devel.nextlog.fi\/sv\/kunskapsbank-molnbaserat-system\/#breadcrumb\"},\"inLanguage\":\"sv-SE\",\"potentialAction\":[{\"@type\":\"ReadAction\",\"target\":[\"https:\/\/www-devel.nextlog.fi\/sv\/kunskapsbank-molnbaserat-system\/\"]}]},{\"@type\":\"ImageObject\",\"inLanguage\":\"sv-SE\",\"@id\":\"https:\/\/www-devel.nextlog.fi\/sv\/kunskapsbank-molnbaserat-system\/#primaryimage\",\"url\":\"https:\/\/www.nextlog.fi\/wp-content\/uploads\/cloud-scaled.jpg\",\"contentUrl\":\"https:\/\/www.nextlog.fi\/wp-content\/uploads\/cloud-scaled.jpg\",\"width\":2560,\"height\":1438,\"caption\":\"Cloud based system\"},{\"@type\":\"BreadcrumbList\",\"@id\":\"https:\/\/www-devel.nextlog.fi\/sv\/kunskapsbank-molnbaserat-system\/#breadcrumb\",\"itemListElement\":[{\"@type\":\"ListItem\",\"position\":1,\"name\":\"Etusivu\",\"item\":\"https:\/\/www.nextlog.fi\/sv\/\"},{\"@type\":\"ListItem\",\"position\":2,\"name\":\"Kunskapsbank &#8211; Molnbaserat system \u2013 vad \u00e4r det och vilka \u00e4r f\u00f6rdelarna?\"}]},{\"@type\":\"WebSite\",\"@id\":\"https:\/\/www.nextlog.fi\/#website\",\"url\":\"https:\/\/www.nextlog.fi\/\",\"name\":\"NextLog\",\"description\":\"Transport Management System (TMS) for Efficient Logistics\",\"potentialAction\":[{\"@type\":\"SearchAction\",\"target\":{\"@type\":\"EntryPoint\",\"urlTemplate\":\"https:\/\/www.nextlog.fi\/?s={search_term_string}\"},\"query-input\":{\"@type\":\"PropertyValueSpecification\",\"valueRequired\":true,\"valueName\":\"search_term_string\"}}],\"inLanguage\":\"sv-SE\"}]}<\/script>\n<!-- \/ Yoast SEO Premium plugin. -->","yoast_head_json":{"title":"Molnbaserat system - Vad \u00e4r det och vilka \u00e4r f\u00f6rdelarna? -","description":"Termerna molnbaserat system, molntj\u00e4nster och \"molnet\", omfattar tj\u00e4nster som levereras \u00f6ver internet. Med andra ord f\u00f6rvaltas inte systemet p\u00e5 f\u00f6retagets egna servrar eller datorer, utan anv\u00e4ndaren arbetar mot externa servrar \u00f6ver internet d\u00e4r allt lagras. I transportbranschen...","robots":{"index":"index","follow":"follow","max-snippet":"max-snippet:-1","max-image-preview":"max-image-preview:large","max-video-preview":"max-video-preview:-1"},"canonical":"https:\/\/www-devel.nextlog.fi\/sv\/kunskapsbank-molnbaserat-system\/","og_locale":"sv_SE","og_type":"article","og_title":"Kunskapsbank - Molnbaserat system \u2013 vad \u00e4r det och vilka \u00e4r f\u00f6rdelarna?","og_description":"Termerna molnbaserat system, molntj\u00e4nster och \"molnet\", omfattar tj\u00e4nster som levereras \u00f6ver internet. Med andra ord f\u00f6rvaltas inte systemet p\u00e5 f\u00f6retagets egna servrar eller datorer, utan anv\u00e4ndaren arbetar mot externa servrar \u00f6ver internet d\u00e4r allt lagras. I transportbranschen...","og_url":"https:\/\/www-devel.nextlog.fi\/sv\/kunskapsbank-molnbaserat-system\/","og_site_name":"NextLog","article_modified_time":"2025-04-29T09:52:45+00:00","og_image":[{"width":2560,"height":1438,"url":"https:\/\/www-devel.nextlog.fi\/wp-content\/uploads\/cloud-scaled.jpg","type":"image\/jpeg"}],"twitter_card":"summary_large_image","twitter_misc":{"Ber\u00e4knad l\u00e4stid":"5 minuter"},"schema":{"@context":"https:\/\/schema.org","@graph":[{"@type":"WebPage","@id":"https:\/\/www-devel.nextlog.fi\/sv\/kunskapsbank-molnbaserat-system\/","url":"https:\/\/www-devel.nextlog.fi\/sv\/kunskapsbank-molnbaserat-system\/","name":"Molnbaserat system - Vad \u00e4r det och vilka \u00e4r f\u00f6rdelarna? -","isPartOf":{"@id":"https:\/\/www.nextlog.fi\/#website"},"primaryImageOfPage":{"@id":"https:\/\/www-devel.nextlog.fi\/sv\/kunskapsbank-molnbaserat-system\/#primaryimage"},"image":{"@id":"https:\/\/www-devel.nextlog.fi\/sv\/kunskapsbank-molnbaserat-system\/#primaryimage"},"thumbnailUrl":"https:\/\/www.nextlog.fi\/wp-content\/uploads\/cloud-scaled.jpg","datePublished":"2023-10-10T10:41:59+00:00","dateModified":"2025-04-29T09:52:45+00:00","description":"Termerna molnbaserat system, molntj\u00e4nster och \"molnet\", omfattar tj\u00e4nster som levereras \u00f6ver internet. Med andra ord f\u00f6rvaltas inte systemet p\u00e5 f\u00f6retagets egna servrar eller datorer, utan anv\u00e4ndaren arbetar mot externa servrar \u00f6ver internet d\u00e4r allt lagras. I transportbranschen...","breadcrumb":{"@id":"https:\/\/www-devel.nextlog.fi\/sv\/kunskapsbank-molnbaserat-system\/#breadcrumb"},"inLanguage":"sv-SE","potentialAction":[{"@type":"ReadAction","target":["https:\/\/www-devel.nextlog.fi\/sv\/kunskapsbank-molnbaserat-system\/"]}]},{"@type":"ImageObject","inLanguage":"sv-SE","@id":"https:\/\/www-devel.nextlog.fi\/sv\/kunskapsbank-molnbaserat-system\/#primaryimage","url":"https:\/\/www.nextlog.fi\/wp-content\/uploads\/cloud-scaled.jpg","contentUrl":"https:\/\/www.nextlog.fi\/wp-content\/uploads\/cloud-scaled.jpg","width":2560,"height":1438,"caption":"Cloud based system"},{"@type":"BreadcrumbList","@id":"https:\/\/www-devel.nextlog.fi\/sv\/kunskapsbank-molnbaserat-system\/#breadcrumb","itemListElement":[{"@type":"ListItem","position":1,"name":"Etusivu","item":"https:\/\/www.nextlog.fi\/sv\/"},{"@type":"ListItem","position":2,"name":"Kunskapsbank &#8211; Molnbaserat system \u2013 vad \u00e4r det och vilka \u00e4r f\u00f6rdelarna?"}]},{"@type":"WebSite","@id":"https:\/\/www.nextlog.fi\/#website","url":"https:\/\/www.nextlog.fi\/","name":"NextLog","description":"Transport Management System (TMS) for Efficient Logistics","potentialAction":[{"@type":"SearchAction","target":{"@type":"EntryPoint","urlTemplate":"https:\/\/www.nextlog.fi\/?s={search_term_string}"},"query-input":{"@type":"PropertyValueSpecification","valueRequired":true,"valueName":"search_term_string"}}],"inLanguage":"sv-SE"}]}},"_links":{"self":[{"href":"https:\/\/www.nextlog.fi\/sv\/wp-json\/wp\/v2\/pages\/6198","targetHints":{"allow":["GET"]}}],"collection":[{"href":"https:\/\/www.nextlog.fi\/sv\/wp-json\/wp\/v2\/pages"}],"about":[{"href":"https:\/\/www.nextlog.fi\/sv\/wp-json\/wp\/v2\/types\/page"}],"author":[{"embeddable":true,"href":"https:\/\/www.nextlog.fi\/sv\/wp-json\/wp\/v2\/users\/4"}],"replies":[{"embeddable":true,"href":"https:\/\/www.nextlog.fi\/sv\/wp-json\/wp\/v2\/comments?post=6198"}],"version-history":[{"count":0,"href":"https:\/\/www.nextlog.fi\/sv\/wp-json\/wp\/v2\/pages\/6198\/revisions"}],"wp:featuredmedia":[{"embeddable":true,"href":"https:\/\/www.nextlog.fi\/sv\/wp-json\/wp\/v2\/media\/6168"}],"wp:attachment":[{"href":"https:\/\/www.nextlog.fi\/sv\/wp-json\/wp\/v2\/media?parent=6198"}],"curies":[{"name":"wp","href":"https:\/\/api.w.org\/{rel}","templated":true}]}}