{"id":6798,"date":"2024-02-22T15:04:00","date_gmt":"2024-02-22T13:04:00","guid":{"rendered":"https:\/\/www-devel.nextlog.fi\/?page_id=6798"},"modified":"2025-04-29T13:10:56","modified_gmt":"2025-04-29T10:10:56","slug":"kunskapsbank-automatisera-hanteringen-av-fraktfakturor-med-logicontrol","status":"publish","type":"page","link":"https:\/\/www.nextlog.fi\/sv\/kunskapsbank-automatisera-hanteringen-av-fraktfakturor-med-logicontrol\/","title":{"rendered":"Kunskapsbank &#8211; Automatisera hanteringen av fraktfakturor med LogiControl"},"content":{"rendered":"<div class=\"wpb-content-wrapper\"><p>[vc_row][vc_column width=&#8221;1\/6&#8243;][\/vc_column][vc_column width=&#8221;2\/3&#8243;][vc_column_text]<\/p>\n<p style=\"color: black; text-align: center;\"><a class=\"special-link-large-icon\" href=\"\/sv\/kunskapsbank\/\"><img loading=\"lazy\" decoding=\"async\" class=\"animate-link alignnone wp-image-4990\" role=\"img\" src=\"\/wp-content\/uploads\/blue-arrow-backward.svg\" alt=\"Back-knowledge\" width=\"60\" height=\"60\" \/><\/a><a href=\"\/sv\/kunskapsbank\/\"> Kunskapsbank<\/a><\/p>\n<p>[\/vc_column_text][vc_column_text]<\/p>\n<h1 style=\"color: black; text-align: center;\"><strong>Automatisera hanteringen av fraktfakturor med LogiControl<\/strong><\/h1>\n<p style=\"text-align: center; color: grey;\">Publicerad 06\/05\/2024<\/p>\n<p><img loading=\"lazy\" decoding=\"async\" class=\"alignnone wp-image-6745 size-full\" style=\"border-radius: 25px;\" src=\"https:\/\/www.nextlog.fi\/wp-content\/uploads\/Article-8.jpg\" alt=\"Frakt-fakturering-transporter-transport-faktura\" width=\"2560\" height=\"1438\" \/>[\/vc_column_text][\/vc_column][vc_column width=&#8221;1\/6&#8243;][\/vc_column][\/vc_row][vc_row][vc_column width=&#8221;1\/6&#8243;][\/vc_column][vc_column width=&#8221;2\/3&#8243;][vc_column_text]<\/p>\n<h2 style=\"color: #82d2edff;\"><strong>Administration f\u00f6r transportf\u00f6retag<\/strong><\/h2>\n<p><strong>I samband med transport och frakt anv\u00e4nds fortfarande varje dag manuella metoder f\u00f6r orderhantering, k\u00f6rdirigering, fakturering och avr\u00e4kning. Transportplaneringen sker kanske manuellt, fraktdokument levereras fysiskt till och fr\u00e5n kontoret i samband med transporter och fakturering och avr\u00e4kning sk\u00f6ts i ett skilt ekonomisystem efter att transporterna \u00e4r utf\u00f6rda. Information flyttas med andra ord manuellt mellan de olika l\u00f6sningarna, vilket ofta medf\u00f6r extra arbete och kan leda till m\u00e4nskliga misstag.<\/strong><\/p>\n<p>&nbsp;<\/p>\n<p>Har man ett traditionellt orderfl\u00f6de likt det som beskrivits ovan kan det finnas ett stort merv\u00e4rde i att \u00f6verg\u00e5 till automatisk hantering av transporterna. Speciellt mycket nytta kan f\u00e5s utav kontakten mellan chauff\u00f6r och trafikledare via appen Mobile som i realtid sammankopplar kontoret med fordonen. Detta inneb\u00e4r i sin tur att information och dokument som uppdateras ute p\u00e5 v\u00e4garna kan anv\u00e4ndas av trafikledare, men ocks\u00e5 i realtid av administrationspersonal som s\u00f6ml\u00f6st kan priss\u00e4tta och gruppera fraktfakturor och avr\u00e4kningar samt fakturera och \u00f6verf\u00f6ra fakturor till LogiControls reskontra eller en extern f\u00f6rs\u00e4ljningsreskontra. All information som registreras och \u00e4ndras under transportens g\u00e5ng uppdateras i realtid i alla systemets vyer och kan d\u00e4rmed anv\u00e4ndas av hela f\u00f6retaget utan att information beh\u00f6ver flyttas till ett annat system.<\/p>\n<p>&nbsp;<\/p>\n<h2 style=\"color: #82d2edff;\"><strong>N\u00e5gra av LogiControls administrativa vyer i korthet:<\/strong><\/h2>\n<ul>\n<li>F\u00f6r-Faktureringsvyn kan\u00a0anv\u00e4ndas f\u00f6r\u00a0komplettering och automatisk priss\u00e4ttning av orders baserat p\u00e5 fraktavtal. Vidare kan man kombinera en given tidsperiods alla orders f\u00f6r en kund och \u00f6verf\u00f6ra dessa till en samfaktura i Faktureringsvyn.<\/li>\n<\/ul>\n<p>&nbsp;<\/p>\n<ul>\n<li>I Faktureringsvyn\u00a0kan orders som inte \u00e4r f\u00e4rdiga kompletteras och priss\u00e4ttas samt\u00a0samtaxeras. F\u00e4rdiga fakturor skickas som e-fakturor, e-post eller skrivs\u00a0ut.<\/li>\n<\/ul>\n<p>&nbsp;<\/p>\n<ul>\n<li>I Avr\u00e4kningsvyn samlas orders per trafikant och priss\u00e4tts automatiskt p\u00e5 basen av avtal. Avr\u00e4kningslistor kan vidare skickas till trafikanten direkt fr\u00e5n LogiControl.<\/li>\n<\/ul>\n<p>&nbsp;<\/p>\n<ul>\n<li>Med hj\u00e4lp av LogiControls F\u00f6rs\u00e4ljnings- och Ink\u00f6psreskontra kan man hantera betalningar f\u00f6r b\u00e5de f\u00f6rs\u00e4ljnings- och ink\u00f6psfakturor elektroniskt samt h\u00e4mta in leverant\u00f6rers e-fakturor utan manuell inmatning. Dessutom finns m\u00f6jlighet att ta ut likviditetsprognoser baserat p\u00e5 realtidsdata fr\u00e5n LogiControl. F\u00f6rs\u00e4ljningsreskontran\u00a0m\u00f6jligg\u00f6r\u00a0\u00e4ven inl\u00e4sning av referensbetalningar\u00a0samt\u00a0s\u00e4ndning av\u00a0betalningsuppmaningar och r\u00e4ntefakturor.\u00a0Det \u00e4r \u00e4ven m\u00f6jligt att f\u00e5 realtidsvarningar, i samband med inmatning av orders, om kundens saldo \u00f6verstigit kreditgr\u00e4nsen.<\/li>\n<\/ul>\n<p>&nbsp;<\/p>\n<p>L\u00e4s vidare om LogiControls egenskaper <strong><a href=\"\/sv\/logicontrol\/\"><u style=\"color: dodgerblue;\">h\u00e4r<\/u><\/a><\/strong>, eller vilka f\u00f6rdelar systemet medf\u00f6r f\u00f6r olika anv\u00e4ndare <a href=\"\/sv\/anvandare\/\"><strong><u style=\"color: dodgerblue;\">h\u00e4r<\/u><\/strong><\/a>.<\/p>\n<p>&nbsp;<\/p>\n<p>[\/vc_column_text][\/vc_column][\/vc_row][vc_row el_class=&#8221;wide-color wide-color-alternative3&#8243;][vc_column width=&#8221;1\/6&#8243;][\/vc_column][vc_column width=&#8221;2\/3&#8243;][vc_column_text]<\/p>\n<p>&nbsp;<\/p>\n<h2 style=\"color: black; text-align: left;\"><strong>Intresserad?<\/strong><\/h2>\n<p style=\"color: black; text-align: left;\">Kontakta oss f\u00f6r mer information om LogiControl.<\/p>\n<p style=\"text-align: left;\"><a class=\"special-link-large-icon\" href=\"\/sv\/kontakta-oss\/\"><img loading=\"lazy\" decoding=\"async\" class=\"animate-link alignnone wp-image-4889\" role=\"img\" src=\"\/wp-content\/uploads\/blue-arrow-forward.svg\" alt=\"Arrow-lue-lis\u00e4\u00e4-basic-artikkeli\" width=\"60\" height=\"60\" \/><\/a><a style=\"color: black;\" href=\"\/sv\/kontakta-oss\/\"> Kontakt<\/a><\/p>\n<p>&nbsp;<\/p>\n<p>[\/vc_column_text][\/vc_column][vc_column width=&#8221;1\/6&#8243;][\/vc_column][\/vc_row][vc_row][vc_column][vc_column_inner][vc_column_text]<\/p>\n<p>&nbsp;<\/p>\n<h3 style=\"color: black;\"><strong>Andra artiklar<\/strong><\/h3>\n<p>[\/vc_column_text][\/vc_column_inner][\/vc_column][\/vc_row][vc_row][vc_column width=&#8221;1\/3&#8243;][vc_column_text]<\/p>\n<h4 style=\"color: black;\"><a href=\"\/sv\/kunskapsbank-fordelarna-med-logicontrol-ett-molnbaserat-erp-system-for-transport-och-logistik\/\"><img loading=\"lazy\" decoding=\"async\" class=\"animate-link alignnone wp-image-5854 size-full\" style=\"border-radius: 25px;\" src=\"https:\/\/www.nextlog.fi\/wp-content\/uploads\/shutterstock_23125102-lastning-lossning-bw.jpg\" alt=\"LogiControl -loading\" width=\"2560\" height=\"1438\" \/><\/a><\/h4>\n<h4 style=\"text-align: left;\"><a href=\"\/sv\/kunskapsbank-fordelarna-med-logicontrol-ett-molnbaserat-erp-system-for-transport-och-logistik\/\"><strong>F\u00f6rdelarna med LogiControl \u2013 Ett molnbaserat ERP-system f\u00f6r transport och logistik<\/strong><\/a><\/h4>\n<h4><\/h4>\n<p>[\/vc_column_text][\/vc_column][vc_column width=&#8221;1\/3&#8243;][vc_column_text]<\/p>\n<h4 style=\"color: black;\"><a href=\"\/sv\/kunskapsbank-molnbaserat-system\/\"><img loading=\"lazy\" decoding=\"async\" class=\"alignnone animate-link wp-image-6168 size-full\" style=\"border-radius: 25px;\" src=\"\/wp-content\/uploads\/cloud-scaled.jpg\" alt=\"Cloud based system\" width=\"2560\" height=\"1438\" srcset=\"https:\/\/www.nextlog.fi\/wp-content\/uploads\/cloud-scaled.jpg 2560w, https:\/\/www.nextlog.fi\/wp-content\/uploads\/cloud-300x168.jpg 300w, https:\/\/www.nextlog.fi\/wp-content\/uploads\/cloud-1024x575.jpg 1024w, https:\/\/www.nextlog.fi\/wp-content\/uploads\/cloud-1536x863.jpg 1536w, https:\/\/www.nextlog.fi\/wp-content\/uploads\/cloud-2048x1150.jpg 2048w\" sizes=\"auto, (max-width: 2560px) 100vw, 2560px\" \/><\/a><\/h4>\n<h4 style=\"color: black; text-align: left;\"><a href=\"\/sv\/kunskapsbank-molnbaserat-system\/\">Molnbaserat system &#8211; Vad \u00e4r det och vilka \u00e4r f\u00f6rdelarna?<\/a><\/h4>\n<p>[\/vc_column_text][\/vc_column][vc_column width=&#8221;1\/3&#8243;][vc_column_text]<\/p>\n<h4 style=\"color: black;\"><\/h4>\n<p><a href=\"\/sv\/kunskapsbank-logistiksystem-effektiv-hantering-av-foretagets-information-och-uppgifter-pa-ett-och-samma-stalle\/\"><img loading=\"lazy\" decoding=\"async\" class=\"alignnone animate-link wp-image-6742 size-full\" style=\"border-radius: 25px;\" src=\"\/wp-content\/uploads\/logistics.jpg\" alt=\"\" width=\"2560\" height=\"1438\" \/><\/a><\/p>\n<p><a href=\"\/sv\/kunskapsbank-logistiksystem-effektiv-hantering-av-foretagets-information-och-uppgifter-pa-ett-och-samma-stalle\/\"><strong>Logistiksystem \u2013 Effektiv hantering av f\u00f6retagets information och uppgifter p\u00e5 ett och samma st\u00e4lle<\/strong><\/a>[\/vc_column_text][\/vc_column][\/vc_row][vc_row][vc_column][vc_column_text]<\/p>\n<p>[\/vc_column_text][\/vc_column][\/vc_row][vc_row][vc_column][vc_column_text]<\/p>\n<p>[\/vc_column_text][\/vc_column][\/vc_row][vc_row el_class=&#8221;wide-color&#8221;][vc_column width=&#8221;1\/4&#8243;][vc_column_text]<\/p>\n<p>&nbsp;<\/p>\n<p>[\/vc_column_text][vc_column_text]<\/p>\n<h4><strong>Bes\u00f6ksadress<br \/>\n<\/strong><\/h4>\n<table class=\"small\">\n<tbody>\n<tr>\n<th style=\"text-align: left;\">F\u00f6retagarv\u00e4gen 7<\/th>\n<th><\/th>\n<\/tr>\n<tr>\n<td>65610 KORSHOLM<br \/>\nFINLAND<br \/>\n<a href=\"tel:+35863226100\">+358 (0)6 322 6100<\/a><\/td>\n<td><\/td>\n<\/tr>\n<\/tbody>\n<\/table>\n<p>&nbsp;<\/p>\n<h4><strong>V\u00e5r kundsupport betj\u00e4nar<\/strong><\/h4>\n<table class=\"small\">\n<tbody>\n<tr>\n<th>Vardagar (kl 8.00 &#8211; 16.00)<\/th>\n<th><\/th>\n<\/tr>\n<tr>\n<td><a href=\"tel:+35863226100\">+358(0)6 322 6100<\/a><br \/>\n<a href=\"&#x6d;&#x61;&#105;l&#x74;&#x6f;&#58;su&#x70;&#x70;&#111;r&#x74;&#x40;&#108;&#111;g&#x69;&#x63;&#111;n&#x74;&#x72;&#111;&#108;&#46;&#x66;&#x69;\">&#x73;&#x75;&#x70;&#x70;&#x6f;&#x72;&#x74;&#x40;&#x6c;&#x6f;&#x67;&#105;&#99;&#111;&#110;&#116;&#114;&#111;l&#46;fi<\/a><\/td>\n<td><\/td>\n<\/tr>\n<\/tbody>\n<\/table>\n<div class=\"credits\">Copyright \u00a9 Oy NextLog Ab<\/div>\n<p>[\/vc_column_text][\/vc_column][vc_column width=&#8221;1\/4&#8243;][vc_column_text]<\/p>\n<p>&nbsp;<\/p>\n<p>[\/vc_column_text][vc_column_text]<\/p>\n<h4><strong>LogiControl erbjuder anpassnings\u00adm\u00f6jligheter<\/strong><\/h4>\n<table class=\"small\">\n<tbody>\n<tr>\n<th style=\"text-align: left;\"><\/th>\n<th><\/th>\n<\/tr>\n<tr>\n<td style=\"text-align: left;\"><a class=\"large-icon\" href=\"\/sv\/logicontrol\/\"><img loading=\"lazy\" decoding=\"async\" class=\"animate-link alignleft wp-image-4889\" role=\"img\" src=\"\/wp-content\/uploads\/blue-arrow-forward.svg\" alt=\"Arrow-lue-lis\u00e4\u00e4-basic\" width=\"35\" height=\"35\" \/><\/a><a href=\"\/sv\/logicontrol\/\">V\u00e4lj de egenskaper<br \/>\nsom du beh\u00f6ver<\/a><\/td>\n<td><\/td>\n<\/tr>\n<\/tbody>\n<\/table>\n<p>[\/vc_column_text][\/vc_column][vc_column width=&#8221;1\/4&#8243;][vc_column_text]<\/p>\n<p>&nbsp;<\/p>\n<p>[\/vc_column_text][vc_column_text]<\/p>\n<h4><a href=\"\/sv\/\">Hem<\/a><\/h4>\n<table class=\"small\">\n<tbody>\n<tr>\n<th style=\"text-align: left;\"><\/th>\n<th><\/th>\n<\/tr>\n<tr>\n<td><a href=\"\/sv\/kontakta-oss\">Kontakta oss<\/a><br \/>\n<a href=\"\/sv\/referenser\/\">Referenser<\/a><br \/>\n<a href=\"\/sv\/nextlog\/\">NextLog<\/a><br \/>\n<a href=\"\/sv\/rekry\/\">Rekry<\/a><br \/>\n<a href=\"\/sv\/nyheter\">Nyheter<\/a><br \/>\n<a href=\"\/sv\/kunskapsbank\/\">Kunskapsbank<\/a><\/td>\n<td><\/td>\n<\/tr>\n<\/tbody>\n<\/table>\n<h4><\/h4>\n<p>[\/vc_column_text][\/vc_column][vc_column width=&#8221;1\/4&#8243;][vc_column_text]<\/p>\n<p>&nbsp;<\/p>\n<p>[\/vc_column_text][vc_column_text]<\/p>\n<h4><strong>F\u00f6lj oss<\/strong><\/h4>\n<h4><a href=\"https:\/\/www.linkedin.com\/company\/nextlog\" target=\"_blank\" rel=\"noopener noreferrer\"><img loading=\"lazy\" decoding=\"async\" class=\"alignnone wp-image-4002\" role=\"img\" src=\"https:\/\/www.nextlog.fi\/wp-content\/uploads\/Linkedin-fyrkant.svg\" alt=\"NextLog-LinkedIn-button\" width=\"66\" height=\"65\" \/><\/a> \u00a0<a href=\"https:\/\/www.instagram.com\/nextlog_fi\/\" target=\"_blank\" rel=\"noopener noreferrer\"><img loading=\"lazy\" decoding=\"async\" class=\"alignnone wp-image-3999\" role=\"img\" src=\"https:\/\/www.nextlog.fi\/wp-content\/uploads\/Instagram.svg\" alt=\"NextLog-Instagram-button\" width=\"66\" height=\"65\" \/><\/a><\/h4>\n<h4><a href=\"\/sv\/prenumeration\"><img loading=\"lazy\" decoding=\"async\" class=\"alignnone wp-image-4101\" role=\"img\" src=\"https:\/\/www.nextlog.fi\/wp-content\/uploads\/Prenumerera-pa-vart-nyhetsbrev.svg\" alt=\"Prenumerera-p\u00e5-v\u00e5rt-nyhetsbrev-knapp\" width=\"208\" height=\"65\" \/><\/a><\/h4>\n<h4><a href=\"\/sv\/dataskyddsbeskrivning\">Dataskyddsbeskrivning<\/a><\/h4>\n<p>[\/vc_column_text][vc_column_text]<\/p>\n<p>&nbsp;<\/p>\n<p>[\/vc_column_text][vc_column_text]<img loading=\"lazy\" decoding=\"async\" class=\"wp-image-7475 alignnone\" src=\"\/wp-content\/uploads\/AAA-logo-2024-SE-transparent.png\" alt=\"AAA\" width=\"270\" height=\"170\" srcset=\"https:\/\/www.nextlog.fi\/wp-content\/uploads\/AAA-logo-2024-SE-transparent.png 899w, https:\/\/www.nextlog.fi\/wp-content\/uploads\/AAA-logo-2024-SE-transparent-300x189.png 300w\" sizes=\"auto, (max-width: 270px) 100vw, 270px\" \/>[\/vc_column_text][\/vc_column][\/vc_row]<\/p>\n<\/div>","protected":false},"excerpt":{"rendered":"<p>[vc_row][vc_column width=&#8221;1\/6&#8243;][\/vc_column][vc_column width=&#8221;2\/3&#8243;][vc_column_text] Kunskapsbank [\/vc_column_text][vc_column_text] Automatisera hanteringen av fraktfakturor med LogiControl Publicerad 06\/05\/2024 [\/vc_column_text][\/vc_column][vc_column width=&#8221;1\/6&#8243;][\/vc_column][\/vc_row][vc_row][vc_column width=&#8221;1\/6&#8243;][\/vc_column][vc_column width=&#8221;2\/3&#8243;][vc_column_text] Administration f\u00f6r transportf\u00f6retag I samband med transport och frakt anv\u00e4nds fortfarande varje dag manuella metoder f\u00f6r orderhantering, k\u00f6rdirigering, fakturering och avr\u00e4kning. Transportplaneringen sker kanske manuellt, fraktdokument levereras fysiskt till och fr\u00e5n kontoret i samband med transporter och fakturering [&hellip;]<\/p>\n","protected":false},"author":4,"featured_media":6745,"parent":0,"menu_order":0,"comment_status":"closed","ping_status":"closed","template":"","meta":{"_exactmetrics_skip_tracking":false,"_exactmetrics_sitenote_active":false,"_exactmetrics_sitenote_note":"","_exactmetrics_sitenote_category":0,"footnotes":""},"class_list":["post-6798","page","type-page","status-publish","hentry"],"yoast_head":"<!-- This site is optimized with the Yoast SEO Premium plugin v25.7.1 (Yoast SEO v25.7) - https:\/\/yoast.com\/wordpress\/plugins\/seo\/ -->\n<title>Automatisera hanteringen av fraktfakturor med LogiControl -<\/title>\n<meta name=\"description\" content=\"Administration f\u00f6r transportf\u00f6retag. Vid transporter och frakt anv\u00e4nds fortfarande varje dag manuella metoder f\u00f6r fakturering och avr\u00e4kning. Med LogiControl kan man priss\u00e4tta och gruppera fraktfakturor och avr\u00e4kningar samt fakturera och \u00f6verf\u00f6ra fakturor till LogiControls reskontra eller en extern f\u00f6rs\u00e4ljningsreskontra. Transport faktura.\" \/>\n<meta name=\"robots\" content=\"index, follow, max-snippet:-1, max-image-preview:large, max-video-preview:-1\" \/>\n<link rel=\"canonical\" href=\"https:\/\/www-devel.nextlog.fi\/sv\/kunskapsbank-automatisera-hanteringen-av-fraktfakturor-med-logicontrol\/\" \/>\n<meta property=\"og:locale\" content=\"sv_SE\" \/>\n<meta property=\"og:type\" content=\"article\" \/>\n<meta property=\"og:title\" content=\"Kunskapsbank - Automatisera hanteringen av fraktfakturor med LogiControl\" \/>\n<meta property=\"og:description\" content=\"Administration f\u00f6r transportf\u00f6retag. Vid transporter och frakt anv\u00e4nds fortfarande varje dag manuella metoder f\u00f6r fakturering och avr\u00e4kning. Med LogiControl kan man priss\u00e4tta och gruppera fraktfakturor och avr\u00e4kningar samt fakturera och \u00f6verf\u00f6ra fakturor till LogiControls reskontra eller en extern f\u00f6rs\u00e4ljningsreskontra. Transport faktura.\" \/>\n<meta property=\"og:url\" content=\"https:\/\/www-devel.nextlog.fi\/sv\/kunskapsbank-automatisera-hanteringen-av-fraktfakturor-med-logicontrol\/\" \/>\n<meta property=\"og:site_name\" content=\"NextLog\" \/>\n<meta property=\"article:modified_time\" content=\"2025-04-29T10:10:56+00:00\" \/>\n<meta property=\"og:image\" content=\"https:\/\/www-devel.nextlog.fi\/wp-content\/uploads\/Article-8.jpg\" \/>\n\t<meta property=\"og:image:width\" content=\"2560\" \/>\n\t<meta property=\"og:image:height\" content=\"1438\" \/>\n\t<meta property=\"og:image:type\" content=\"image\/jpeg\" \/>\n<meta name=\"twitter:card\" content=\"summary_large_image\" \/>\n<meta name=\"twitter:label1\" content=\"Ber\u00e4knad l\u00e4stid\" \/>\n\t<meta name=\"twitter:data1\" content=\"5 minuter\" \/>\n<script type=\"application\/ld+json\" class=\"yoast-schema-graph\">{\"@context\":\"https:\/\/schema.org\",\"@graph\":[{\"@type\":\"WebPage\",\"@id\":\"https:\/\/www-devel.nextlog.fi\/sv\/kunskapsbank-automatisera-hanteringen-av-fraktfakturor-med-logicontrol\/\",\"url\":\"https:\/\/www-devel.nextlog.fi\/sv\/kunskapsbank-automatisera-hanteringen-av-fraktfakturor-med-logicontrol\/\",\"name\":\"Automatisera hanteringen av fraktfakturor med LogiControl -\",\"isPartOf\":{\"@id\":\"https:\/\/www.nextlog.fi\/#website\"},\"primaryImageOfPage\":{\"@id\":\"https:\/\/www-devel.nextlog.fi\/sv\/kunskapsbank-automatisera-hanteringen-av-fraktfakturor-med-logicontrol\/#primaryimage\"},\"image\":{\"@id\":\"https:\/\/www-devel.nextlog.fi\/sv\/kunskapsbank-automatisera-hanteringen-av-fraktfakturor-med-logicontrol\/#primaryimage\"},\"thumbnailUrl\":\"https:\/\/www.nextlog.fi\/wp-content\/uploads\/Article-8.jpg\",\"datePublished\":\"2024-02-22T13:04:00+00:00\",\"dateModified\":\"2025-04-29T10:10:56+00:00\",\"description\":\"Administration f\u00f6r transportf\u00f6retag. Vid transporter och frakt anv\u00e4nds fortfarande varje dag manuella metoder f\u00f6r fakturering och avr\u00e4kning. Med LogiControl kan man priss\u00e4tta och gruppera fraktfakturor och avr\u00e4kningar samt fakturera och \u00f6verf\u00f6ra fakturor till LogiControls reskontra eller en extern f\u00f6rs\u00e4ljningsreskontra. Transport faktura.\",\"breadcrumb\":{\"@id\":\"https:\/\/www-devel.nextlog.fi\/sv\/kunskapsbank-automatisera-hanteringen-av-fraktfakturor-med-logicontrol\/#breadcrumb\"},\"inLanguage\":\"sv-SE\",\"potentialAction\":[{\"@type\":\"ReadAction\",\"target\":[\"https:\/\/www-devel.nextlog.fi\/sv\/kunskapsbank-automatisera-hanteringen-av-fraktfakturor-med-logicontrol\/\"]}]},{\"@type\":\"ImageObject\",\"inLanguage\":\"sv-SE\",\"@id\":\"https:\/\/www-devel.nextlog.fi\/sv\/kunskapsbank-automatisera-hanteringen-av-fraktfakturor-med-logicontrol\/#primaryimage\",\"url\":\"https:\/\/www.nextlog.fi\/wp-content\/uploads\/Article-8.jpg\",\"contentUrl\":\"https:\/\/www.nextlog.fi\/wp-content\/uploads\/Article-8.jpg\",\"width\":2560,\"height\":1438},{\"@type\":\"BreadcrumbList\",\"@id\":\"https:\/\/www-devel.nextlog.fi\/sv\/kunskapsbank-automatisera-hanteringen-av-fraktfakturor-med-logicontrol\/#breadcrumb\",\"itemListElement\":[{\"@type\":\"ListItem\",\"position\":1,\"name\":\"Etusivu\",\"item\":\"https:\/\/www.nextlog.fi\/sv\/\"},{\"@type\":\"ListItem\",\"position\":2,\"name\":\"Kunskapsbank &#8211; Automatisera hanteringen av fraktfakturor med LogiControl\"}]},{\"@type\":\"WebSite\",\"@id\":\"https:\/\/www.nextlog.fi\/#website\",\"url\":\"https:\/\/www.nextlog.fi\/\",\"name\":\"NextLog\",\"description\":\"Transport Management System (TMS) for Efficient Logistics\",\"potentialAction\":[{\"@type\":\"SearchAction\",\"target\":{\"@type\":\"EntryPoint\",\"urlTemplate\":\"https:\/\/www.nextlog.fi\/?s={search_term_string}\"},\"query-input\":{\"@type\":\"PropertyValueSpecification\",\"valueRequired\":true,\"valueName\":\"search_term_string\"}}],\"inLanguage\":\"sv-SE\"}]}<\/script>\n<!-- \/ Yoast SEO Premium plugin. -->","yoast_head_json":{"title":"Automatisera hanteringen av fraktfakturor med LogiControl -","description":"Administration f\u00f6r transportf\u00f6retag. Vid transporter och frakt anv\u00e4nds fortfarande varje dag manuella metoder f\u00f6r fakturering och avr\u00e4kning. Med LogiControl kan man priss\u00e4tta och gruppera fraktfakturor och avr\u00e4kningar samt fakturera och \u00f6verf\u00f6ra fakturor till LogiControls reskontra eller en extern f\u00f6rs\u00e4ljningsreskontra. Transport faktura.","robots":{"index":"index","follow":"follow","max-snippet":"max-snippet:-1","max-image-preview":"max-image-preview:large","max-video-preview":"max-video-preview:-1"},"canonical":"https:\/\/www-devel.nextlog.fi\/sv\/kunskapsbank-automatisera-hanteringen-av-fraktfakturor-med-logicontrol\/","og_locale":"sv_SE","og_type":"article","og_title":"Kunskapsbank - Automatisera hanteringen av fraktfakturor med LogiControl","og_description":"Administration f\u00f6r transportf\u00f6retag. Vid transporter och frakt anv\u00e4nds fortfarande varje dag manuella metoder f\u00f6r fakturering och avr\u00e4kning. Med LogiControl kan man priss\u00e4tta och gruppera fraktfakturor och avr\u00e4kningar samt fakturera och \u00f6verf\u00f6ra fakturor till LogiControls reskontra eller en extern f\u00f6rs\u00e4ljningsreskontra. Transport faktura.","og_url":"https:\/\/www-devel.nextlog.fi\/sv\/kunskapsbank-automatisera-hanteringen-av-fraktfakturor-med-logicontrol\/","og_site_name":"NextLog","article_modified_time":"2025-04-29T10:10:56+00:00","og_image":[{"width":2560,"height":1438,"url":"https:\/\/www-devel.nextlog.fi\/wp-content\/uploads\/Article-8.jpg","type":"image\/jpeg"}],"twitter_card":"summary_large_image","twitter_misc":{"Ber\u00e4knad l\u00e4stid":"5 minuter"},"schema":{"@context":"https:\/\/schema.org","@graph":[{"@type":"WebPage","@id":"https:\/\/www-devel.nextlog.fi\/sv\/kunskapsbank-automatisera-hanteringen-av-fraktfakturor-med-logicontrol\/","url":"https:\/\/www-devel.nextlog.fi\/sv\/kunskapsbank-automatisera-hanteringen-av-fraktfakturor-med-logicontrol\/","name":"Automatisera hanteringen av fraktfakturor med LogiControl -","isPartOf":{"@id":"https:\/\/www.nextlog.fi\/#website"},"primaryImageOfPage":{"@id":"https:\/\/www-devel.nextlog.fi\/sv\/kunskapsbank-automatisera-hanteringen-av-fraktfakturor-med-logicontrol\/#primaryimage"},"image":{"@id":"https:\/\/www-devel.nextlog.fi\/sv\/kunskapsbank-automatisera-hanteringen-av-fraktfakturor-med-logicontrol\/#primaryimage"},"thumbnailUrl":"https:\/\/www.nextlog.fi\/wp-content\/uploads\/Article-8.jpg","datePublished":"2024-02-22T13:04:00+00:00","dateModified":"2025-04-29T10:10:56+00:00","description":"Administration f\u00f6r transportf\u00f6retag. Vid transporter och frakt anv\u00e4nds fortfarande varje dag manuella metoder f\u00f6r fakturering och avr\u00e4kning. Med LogiControl kan man priss\u00e4tta och gruppera fraktfakturor och avr\u00e4kningar samt fakturera och \u00f6verf\u00f6ra fakturor till LogiControls reskontra eller en extern f\u00f6rs\u00e4ljningsreskontra. Transport faktura.","breadcrumb":{"@id":"https:\/\/www-devel.nextlog.fi\/sv\/kunskapsbank-automatisera-hanteringen-av-fraktfakturor-med-logicontrol\/#breadcrumb"},"inLanguage":"sv-SE","potentialAction":[{"@type":"ReadAction","target":["https:\/\/www-devel.nextlog.fi\/sv\/kunskapsbank-automatisera-hanteringen-av-fraktfakturor-med-logicontrol\/"]}]},{"@type":"ImageObject","inLanguage":"sv-SE","@id":"https:\/\/www-devel.nextlog.fi\/sv\/kunskapsbank-automatisera-hanteringen-av-fraktfakturor-med-logicontrol\/#primaryimage","url":"https:\/\/www.nextlog.fi\/wp-content\/uploads\/Article-8.jpg","contentUrl":"https:\/\/www.nextlog.fi\/wp-content\/uploads\/Article-8.jpg","width":2560,"height":1438},{"@type":"BreadcrumbList","@id":"https:\/\/www-devel.nextlog.fi\/sv\/kunskapsbank-automatisera-hanteringen-av-fraktfakturor-med-logicontrol\/#breadcrumb","itemListElement":[{"@type":"ListItem","position":1,"name":"Etusivu","item":"https:\/\/www.nextlog.fi\/sv\/"},{"@type":"ListItem","position":2,"name":"Kunskapsbank &#8211; Automatisera hanteringen av fraktfakturor med LogiControl"}]},{"@type":"WebSite","@id":"https:\/\/www.nextlog.fi\/#website","url":"https:\/\/www.nextlog.fi\/","name":"NextLog","description":"Transport Management System (TMS) for Efficient Logistics","potentialAction":[{"@type":"SearchAction","target":{"@type":"EntryPoint","urlTemplate":"https:\/\/www.nextlog.fi\/?s={search_term_string}"},"query-input":{"@type":"PropertyValueSpecification","valueRequired":true,"valueName":"search_term_string"}}],"inLanguage":"sv-SE"}]}},"_links":{"self":[{"href":"https:\/\/www.nextlog.fi\/sv\/wp-json\/wp\/v2\/pages\/6798","targetHints":{"allow":["GET"]}}],"collection":[{"href":"https:\/\/www.nextlog.fi\/sv\/wp-json\/wp\/v2\/pages"}],"about":[{"href":"https:\/\/www.nextlog.fi\/sv\/wp-json\/wp\/v2\/types\/page"}],"author":[{"embeddable":true,"href":"https:\/\/www.nextlog.fi\/sv\/wp-json\/wp\/v2\/users\/4"}],"replies":[{"embeddable":true,"href":"https:\/\/www.nextlog.fi\/sv\/wp-json\/wp\/v2\/comments?post=6798"}],"version-history":[{"count":0,"href":"https:\/\/www.nextlog.fi\/sv\/wp-json\/wp\/v2\/pages\/6798\/revisions"}],"wp:featuredmedia":[{"embeddable":true,"href":"https:\/\/www.nextlog.fi\/sv\/wp-json\/wp\/v2\/media\/6745"}],"wp:attachment":[{"href":"https:\/\/www.nextlog.fi\/sv\/wp-json\/wp\/v2\/media?parent=6798"}],"curies":[{"name":"wp","href":"https:\/\/api.w.org\/{rel}","templated":true}]}}